{"id":33368,"date":"2024-01-09T22:03:28","date_gmt":"2024-01-09T22:03:28","guid":{"rendered":"https:\/\/medandbeauty.com\/product\/camicetta-medica-da-donna-scrubs-basic-latte\/"},"modified":"2025-12-23T11:40:45","modified_gmt":"2025-12-23T10:40:45","slug":"camicetta-medica-da-donna-scrubs-basic-latte","status":"publish","type":"product","link":"https:\/\/medandbeauty.com\/it\/product\/camicetta-medica-da-donna-scrubs-basic-latte\/","title":{"rendered":"Camicetta medica da donna scrubs Basic LATTE"},"content":{"rendered":"<p style=\"font-weight: 400;\">Scoprite gli intramontabili e comodissimi <strong><a href=\"https:\/\/medandbeauty.com\/it\/shop\/per-lei\/collezione-basic-per-lei\/\" target=\"_blank\" rel=\"noopener\">camici Basic<\/a><\/strong> di cui migliaia di clienti si sono innamorati!<\/p>\n<p style=\"font-weight: 400;\">Quando si trascorrono molte ore al lavoro, \u00e8 necessario un<strong> abbigliamento medico <\/strong>che garantisca il massimo comfort. <strong>La camicetta medica da donna scrubs basic latte<\/strong> \u00e8 realizzata con materiali della migliore qualit\u00e0.<\/p>\n<p style=\"font-weight: 400;\">La combinazione di poliestere, viscosa e lycra rende il materiale molto resistente, morbido e piacevole al tatto, si adatta a ogni tipo di figura, non limita i movimenti e, cosa estremamente importante per gli <strong>indumenti medici<\/strong>, \u00e8 anche traspirante.<\/p>\n<p style=\"font-weight: 400;\">La camicetta <strong>medica Basic da donna in latte <\/strong>\u00e8 la base ideale per un guardaroba di <strong>abbigliamento medico<\/strong> classico perfetto.<\/p>\n<p style=\"font-weight: 400;\">\u00c8 dotato di due tasche anteriori, pratiche e capienti, per poter portare con s\u00e9 tutti i piccoli oggetti necessari durante il lavoro.<\/p>\n<p style=\"font-weight: 400;\">Il classico scollo a V allunga otticamente la silhouette, il punto vita affusolato mette in risalto i punti forti di qualsiasi corporatura e la lunghezza delle maniche (che arrivano quasi al gomito) protegge le spalle senza limitare i movimenti.<\/p>\n<p>Link  <strong style=\"font-weight: 400;\">camice da donna in camice medico basic color <\/strong><b>caffellatte<\/b> con <strong style=\"font-weight: 400;\"><a href=\"https:\/\/medandbeauty.com\/it\/product\/pantaloni-jogger-medico-donna-scrubs-basic-latte\/\" target=\"_blank\" rel=\"noopener\">joggers medici<\/a> <\/strong>o pantaloni classici <a href=\"https:\/\/medandbeauty.com\/it\/product\/pantaloni-medici-da-donna-proste-scrubs-basic-latte\/\" target=\"_blank\" rel=\"noopener\"><strong style=\"font-weight: 400;\">pantaloni medici dritti<\/strong> <\/a>dello stesso colore o scegli una tonalit\u00e0 diversa tra le tante disponibili nella collezione<a href=\"https:\/\/medandbeauty.com\/it\/shop\/per-lei\/collezione-basic-per-lei\/\" target=\"_blank\" rel=\"noopener\"><strong> collezione<\/strong> <strong style=\"font-weight: 400;\">Med &amp; Beauty Basic<\/strong><\/a>.<\/p>\n<p style=\"font-weight: 400;\">Assicuratevi il massimo comfort e un aspetto professionale sul lavoro con i<strong> camici medici<\/strong> <a href=\"https:\/\/medandbeauty.com\/it\/shop\/per-lei\/collezione-basic-per-lei\/\" target=\"_blank\" rel=\"noopener\"><br \/>\n  <strong>Med &amp; Beauty Basic<\/strong><br \/>\n<\/a>.<\/p>\n<p>Non dimenticare di vedere anche il nostro caldo pile  <a href=\"https:\/\/medandbeauty.com\/it\/shop\/per-lei\/collezione-basic-per-lei\/felpe-mediche-basic-per-lei\/\" target=\"_blank\" rel=\"noopener\">camicette mediche<\/a>  in materiale traspirante certificato!<\/p>\n<ul>\n<li style=\"font-weight: 400;\">Due tasche grandi, pratiche e spaziose<\/li>\n<li style=\"font-weight: 400;\"><span style=\"font-family: inherit;\">Vita sagomata<\/span><\/li>\n<li style=\"font-weight: 400;\"><span style=\"font-family: inherit;\">Scollo a V classico<\/span><\/li>\n<li style=\"font-weight: 400;\"><span style=\"font-family: inherit;\">Confortevole, a maniche corte<\/span><\/li>\n<\/ul>\n<p>&nbsp;<\/p>\n<p style=\"font-weight: 400;\">\nI<strong>nformazioni aggiuntive:<\/strong> Le modelle nelle foto indossano la taglia S e sono alte 170-174 cm.<\/p>\n<p style=\"font-weight: 400;\">Se vi state chiedendo quale taglia scegliere, date un&#8217;occhiata alla tabella delle taglie. In caso di dubbi, inviateci le vostre misure e noi le adatteremo per voi. <\/p>\n<p style=\"font-weight: 400;\">I colori dei capi della<a href=\"https:\/\/medandbeauty.com\/it\/shop\/per-lei\/collezione-basic-per-lei\/\" target=\"_blank\" rel=\"noopener\"> collezione Basic<\/a> non corrispondono a quelli della <a href=\"https:\/\/medandbeauty.com\/it\/shop\/per-lei\/collezione-premium-per-lei\/\" target=\"_blank\" rel=\"noopener\">collezione Premium<\/a>, poich\u00e9 sono realizzati con tessuti diversi.<\/p>\n<p style=\"font-weight: 400;\">Le tonalit\u00e0 dei singoli capi nelle immagini possono differire da quelle reali, a causa della variet\u00e0 di apparecchiature elettroniche disponibili e delle loro impostazioni individuali.<\/p>\n","protected":false},"excerpt":{"rendered":"<p>Scoprite gli intramontabili e comodissimi camici Basic di cui migliaia di clienti si sono innamorati! Quando si trascorrono molte ore al lavoro, \u00e8 necessario un abbigliamento medico che garantisca il massimo comfort. La camicetta medica da donna scrubs basic latte \u00e8 realizzata con materiali della migliore qualit\u00e0. La combinazione di poliestere, viscosa e lycra rende [&hellip;]<\/p>\n","protected":false},"featured_media":33389,"comment_status":"open","ping_status":"closed","template":"","meta":{"_acf_changed":false,"inline_featured_image":false},"kolor":[576],"rodzaj-ubrania":[557,556],"ubranie":[558],"product_brand":[],"product_cat":[800,554,574,552,804],"product_tag":[1594],"class_list":{"0":"post-33368","1":"product","2":"type-product","3":"status-publish","4":"has-post-thumbnail","6":"kolor-beiges","7":"rodzaj-ubrania-camicette-mediche","8":"rodzaj-ubrania-camici","9":"ubranie-camicetta-medica-da-donna-scrubs-basic","10":"product_cat-camicette-mediche-basic-per-lei","11":"product_cat-collezione-basic-per-lei","12":"product_cat-i-piu-venduti-per-lei","13":"product_cat-per-lei","14":"product_cat-scrubs-basic-per-lei","15":"product_tag-camicette-cosmetiche","17":"first","18":"instock","19":"taxable","20":"shipping-taxable","21":"purchasable","22":"product-type-variable"},"acf":[],"_links":{"self":[{"href":"https:\/\/medandbeauty.com\/it\/wp-json\/wp\/v2\/product\/33368","targetHints":{"allow":["GET"]}}],"collection":[{"href":"https:\/\/medandbeauty.com\/it\/wp-json\/wp\/v2\/product"}],"about":[{"href":"https:\/\/medandbeauty.com\/it\/wp-json\/wp\/v2\/types\/product"}],"replies":[{"embeddable":true,"href":"https:\/\/medandbeauty.com\/it\/wp-json\/wp\/v2\/comments?post=33368"}],"wp:featuredmedia":[{"embeddable":true,"href":"https:\/\/medandbeauty.com\/it\/wp-json\/wp\/v2\/media\/33389"}],"wp:attachment":[{"href":"https:\/\/medandbeauty.com\/it\/wp-json\/wp\/v2\/media?parent=33368"}],"wp:term":[{"taxonomy":"kolor","embeddable":true,"href":"https:\/\/medandbeauty.com\/it\/wp-json\/wp\/v2\/kolor?post=33368"},{"taxonomy":"rodzaj-ubrania","embeddable":true,"href":"https:\/\/medandbeauty.com\/it\/wp-json\/wp\/v2\/rodzaj-ubrania?post=33368"},{"taxonomy":"ubranie","embeddable":true,"href":"https:\/\/medandbeauty.com\/it\/wp-json\/wp\/v2\/ubranie?post=33368"},{"taxonomy":"product_brand","embeddable":true,"href":"https:\/\/medandbeauty.com\/it\/wp-json\/wp\/v2\/product_brand?post=33368"},{"taxonomy":"product_cat","embeddable":true,"href":"https:\/\/medandbeauty.com\/it\/wp-json\/wp\/v2\/product_cat?post=33368"},{"taxonomy":"product_tag","embeddable":true,"href":"https:\/\/medandbeauty.com\/it\/wp-json\/wp\/v2\/product_tag?post=33368"}],"curies":[{"name":"wp","href":"https:\/\/api.w.org\/{rel}","templated":true}]}}