{"id":356022,"date":"2025-02-12T21:17:39","date_gmt":"2025-02-12T20:17:39","guid":{"rendered":"https:\/\/medandbeauty.com\/product\/borsa-medica-beauty-expert\/"},"modified":"2025-11-18T11:39:41","modified_gmt":"2025-11-18T10:39:41","slug":"borsa-medica-beauty-expert","status":"publish","type":"product","link":"https:\/\/medandbeauty.com\/it\/product\/borsa-medica-beauty-expert\/","title":{"rendered":"Borsa medica Beauty Expert"},"content":{"rendered":"<p><strong>NOVIT\u00c0 della nostra gamma<\/strong> &#8211; capienti borse mediche in cotone con scritte che sottolineano la passione per la tua professione!<\/p>\n<p>Lavori nel settore della bellezza? Metti in evidenza la tua appartenenza alla cosmetologia<strong> con una borsa medica con la scritta: Esperto di bellezza!<\/strong> <\/p>\n<p><span style=\"font-weight: 400;\">Quando trascorri lunghe e intense ore al lavoro, non solo hai bisogno di un<strong> abbigliamento medico <\/strong>che ti garantisca il massimo comfort, ma anche di una<strong> borsa medica<\/strong> spaziosa per tutti gli accessori di cui hai bisogno al lavoro!<\/span><\/p>\n<p><b>Borsa medica con scritta: Beauty Expert <\/b>\u00e8 stata realizzata in cotone al 100%.<\/p>\n<p style=\"font-weight: 400;\"><strong>La borsa<\/strong> \u00e8 dotata di due coppie di manici, per cui puoi portarla in mano o a tracolla.<\/p>\n<p>All&#8217;interno  <strong>borse mediche<\/strong>  Abbiamo incluso una tasca aggiuntiva per gli oggetti pi\u00f9 piccoli. Inoltre, la borsa \u00e8 dotata di una chiusura per poterla chiudere in modo sicuro. <\/p>\n<p>Le scritte apposte sulle<strong> borse mediche<\/strong> sottolineeranno la tua professionalit\u00e0 e l&#8217;amore per la tua professione.<\/p>\n<p>Assicurati il massimo comfort al lavoro con<strong> una borsa medica con la scritta: Salvavita!<\/strong><\/p>\n<ul>\n<li>Lunghezza: 53.5 cm, Larghezza: 33 cm<\/li>\n<li>Orecchio corto: 27 cm, orecchio lungo: 59 cm<\/li>\n<li style=\"font-weight: 400;\">100% cotone<\/li>\n<li>Design unico<\/li>\n<li>Due lunghezze di orecchie<\/li>\n<li>Iscrizioni che evidenziano la professione<\/li>\n<\/ul>\n<p><strong>Informazioni aggiuntive:<\/strong><\/p>\n<p>La tonalit\u00e0 delle borse nelle foto pu\u00f2 variare rispetto a quella reale: ci\u00f2 \u00e8 dovuto alla variet\u00e0 di apparecchiature elettroniche disponibili e alle loro impostazioni individuali.<\/p>\n","protected":false},"excerpt":{"rendered":"<p>NOVIT\u00c0 della nostra gamma &#8211; capienti borse mediche in cotone con scritte che sottolineano la passione per la tua professione! Lavori nel settore della bellezza? Metti in evidenza la tua appartenenza alla cosmetologia con una borsa medica con la scritta: Esperto di bellezza! Quando trascorri lunghe e intense ore al lavoro, non solo hai bisogno [&hellip;]<\/p>\n","protected":false},"featured_media":330861,"comment_status":"open","ping_status":"closed","template":"","meta":{"_acf_changed":false,"inline_featured_image":false},"kolor":[576],"rodzaj-ubrania":[],"ubranie":[913],"product_brand":[],"product_cat":[905,555,552],"product_tag":[],"class_list":{"0":"post-356022","1":"product","2":"type-product","3":"status-publish","4":"has-post-thumbnail","6":"kolor-beiges","7":"ubranie-borsa-medica","8":"product_cat-accessori","9":"product_cat-notizie-per-lei","10":"product_cat-per-lei","12":"first","13":"instock","14":"taxable","15":"shipping-taxable","16":"purchasable","17":"product-type-simple"},"acf":[],"_links":{"self":[{"href":"https:\/\/medandbeauty.com\/it\/wp-json\/wp\/v2\/product\/356022","targetHints":{"allow":["GET"]}}],"collection":[{"href":"https:\/\/medandbeauty.com\/it\/wp-json\/wp\/v2\/product"}],"about":[{"href":"https:\/\/medandbeauty.com\/it\/wp-json\/wp\/v2\/types\/product"}],"replies":[{"embeddable":true,"href":"https:\/\/medandbeauty.com\/it\/wp-json\/wp\/v2\/comments?post=356022"}],"wp:featuredmedia":[{"embeddable":true,"href":"https:\/\/medandbeauty.com\/it\/wp-json\/wp\/v2\/media\/330861"}],"wp:attachment":[{"href":"https:\/\/medandbeauty.com\/it\/wp-json\/wp\/v2\/media?parent=356022"}],"wp:term":[{"taxonomy":"kolor","embeddable":true,"href":"https:\/\/medandbeauty.com\/it\/wp-json\/wp\/v2\/kolor?post=356022"},{"taxonomy":"rodzaj-ubrania","embeddable":true,"href":"https:\/\/medandbeauty.com\/it\/wp-json\/wp\/v2\/rodzaj-ubrania?post=356022"},{"taxonomy":"ubranie","embeddable":true,"href":"https:\/\/medandbeauty.com\/it\/wp-json\/wp\/v2\/ubranie?post=356022"},{"taxonomy":"product_brand","embeddable":true,"href":"https:\/\/medandbeauty.com\/it\/wp-json\/wp\/v2\/product_brand?post=356022"},{"taxonomy":"product_cat","embeddable":true,"href":"https:\/\/medandbeauty.com\/it\/wp-json\/wp\/v2\/product_cat?post=356022"},{"taxonomy":"product_tag","embeddable":true,"href":"https:\/\/medandbeauty.com\/it\/wp-json\/wp\/v2\/product_tag?post=356022"}],"curies":[{"name":"wp","href":"https:\/\/api.w.org\/{rel}","templated":true}]}}