{"id":431614,"date":"2025-07-28T15:54:13","date_gmt":"2025-07-28T13:54:13","guid":{"rendered":"https:\/\/medandbeauty.com\/?post_type=product&#038;p=431614"},"modified":"2025-11-18T11:37:40","modified_gmt":"2025-11-18T10:37:40","slug":"infradito-medicali-soolite-latte","status":"publish","type":"product","link":"https:\/\/medandbeauty.com\/it\/product\/infradito-medicali-soolite-latte\/","title":{"rendered":"Infradito medicale SooLite LATTE"},"content":{"rendered":"<div class=\"p-rich_text_section\">\n<div class=\"p-rich_text_section\">Ti presentiamo il nostro nuovo arrivato: <strong>le infradito mediche SooLite!<\/strong>&#8211; comfort, qualit\u00e0 e design moderno.<\/div>\n<div class=\"p-rich_text_section\">Le <strong>infradito mediche SooLite!<\/strong> combinano funzionalit\u00e0, comfort ed estetica.<\/div>\n<div class=\"p-rich_text_section\">Realizzate in schiuma EVA leggera e flessibile, offrono un comfort eccezionale e il loro design ergonomico favorisce l&#8217;allineamento naturale del piede.<\/div>\n<div><\/div>\n<div>Garantito che saranno le tue infradito preferite per il lavoro!<\/div>\n<div>Ultraleggeri, incredibilmente comodi, in splendidi colori che si abbinano ai tuoi camici preferiti!<\/div>\n<div><\/div>\n<div class=\"p-rich_text_section\"><strong>Le caratteristiche principali delle infradito mediche SooLite!<\/strong><\/div>\n<ul class=\"p-rich_text_list p-rich_text_list__bullet p-rich_text_list--nested\" data-stringify-type=\"unordered-list\" data-list-tree=\"true\" data-indent=\"0\" data-border=\"0\">\n<li data-stringify-indent=\"0\" data-stringify-border=\"0\">Struttura leggera e resistente &#8211; infradito mediche SooLite! realizzate in schiuma EVA di alta qualit\u00e0, resistenti ai danni e facili da pulire.<\/li>\n<li data-stringify-indent=\"0\" data-stringify-border=\"0\">Cinghie regolabili &#8211; Le cinghie con fibbie e un sottile logo M&amp;B permettono di personalizzare la calzata in base alla forma del piede e all&#8217;altezza del collo del piede.<\/li>\n<li data-stringify-indent=\"0\" data-stringify-border=\"0\">Ammortizzazione avanzata &#8211; La suola rialzata riduce efficacemente gli urti, aumentando il comfort della camminata.<\/li>\n<li data-stringify-indent=\"0\" data-stringify-border=\"0\">Soletta ergonomica &#8211; Anatomicamente sagomata, sostiene il piede e riduce al minimo l&#8217;affaticamento anche con un uso prolungato.<\/li>\n<li data-stringify-indent=\"0\" data-stringify-border=\"0\">Produzione polacca &#8211; Le infradito mediche SooLite! sono prodotte in Polonia, il che garantisce un&#8217;elevata qualit\u00e0 di lavorazione e attenzione ai dettagli.<\/li>\n<li data-stringify-indent=\"0\" data-stringify-border=\"0\">Design moderno &#8211; Il logo M&amp;B sulle cinghie e sulla linguetta posteriore conferisce al modello un&#8217;atmosfera unica e professionale.<\/li>\n<\/ul>\n<div class=\"p-rich_text_section\">Grazie alla combinazione di comfort, resistenza e design elegante, le infradito mediche SooLite! sono la scelta perfetta sia per l&#8217;uso quotidiano che per gli ambienti di lavoro pi\u00f9 impegnativi.<b data-stringify-type=\"bold\"><\/b><\/div>\n<div><\/div>\n<div>I colori mostrati nelle foto possono differire leggermente da quelli reali. Ci\u00f2 \u00e8 dovuto alla variet\u00e0 di apparecchiature elettroniche disponibili e alle loro impostazioni individuali. <\/div>\n<\/div>\n","protected":false},"excerpt":{"rendered":"<p>Ti presentiamo il nostro nuovo arrivato: le infradito mediche SooLite!&#8211; comfort, qualit\u00e0 e design moderno. Le infradito mediche SooLite! combinano funzionalit\u00e0, comfort ed estetica. Realizzate in schiuma EVA leggera e flessibile, offrono un comfort eccezionale e il loro design ergonomico favorisce l&#8217;allineamento naturale del piede. Garantito che saranno le tue infradito preferite per il lavoro! [&hellip;]<\/p>\n","protected":false},"featured_media":499429,"comment_status":"open","ping_status":"closed","template":"","meta":{"_acf_changed":false,"inline_featured_image":false},"kolor":[],"rodzaj-ubrania":[],"ubranie":[1535],"product_brand":[],"product_cat":[2073,552],"product_tag":[],"class_list":{"0":"post-431614","1":"product","2":"type-product","3":"status-publish","4":"has-post-thumbnail","6":"ubranie-le-infradito-mediche-soolite","7":"product_cat-calzature","8":"product_cat-per-lei","10":"first","11":"outofstock","12":"taxable","13":"shipping-taxable","14":"purchasable","15":"product-type-variable"},"acf":[],"_links":{"self":[{"href":"https:\/\/medandbeauty.com\/it\/wp-json\/wp\/v2\/product\/431614","targetHints":{"allow":["GET"]}}],"collection":[{"href":"https:\/\/medandbeauty.com\/it\/wp-json\/wp\/v2\/product"}],"about":[{"href":"https:\/\/medandbeauty.com\/it\/wp-json\/wp\/v2\/types\/product"}],"replies":[{"embeddable":true,"href":"https:\/\/medandbeauty.com\/it\/wp-json\/wp\/v2\/comments?post=431614"}],"wp:featuredmedia":[{"embeddable":true,"href":"https:\/\/medandbeauty.com\/it\/wp-json\/wp\/v2\/media\/499429"}],"wp:attachment":[{"href":"https:\/\/medandbeauty.com\/it\/wp-json\/wp\/v2\/media?parent=431614"}],"wp:term":[{"taxonomy":"kolor","embeddable":true,"href":"https:\/\/medandbeauty.com\/it\/wp-json\/wp\/v2\/kolor?post=431614"},{"taxonomy":"rodzaj-ubrania","embeddable":true,"href":"https:\/\/medandbeauty.com\/it\/wp-json\/wp\/v2\/rodzaj-ubrania?post=431614"},{"taxonomy":"ubranie","embeddable":true,"href":"https:\/\/medandbeauty.com\/it\/wp-json\/wp\/v2\/ubranie?post=431614"},{"taxonomy":"product_brand","embeddable":true,"href":"https:\/\/medandbeauty.com\/it\/wp-json\/wp\/v2\/product_brand?post=431614"},{"taxonomy":"product_cat","embeddable":true,"href":"https:\/\/medandbeauty.com\/it\/wp-json\/wp\/v2\/product_cat?post=431614"},{"taxonomy":"product_tag","embeddable":true,"href":"https:\/\/medandbeauty.com\/it\/wp-json\/wp\/v2\/product_tag?post=431614"}],"curies":[{"name":"wp","href":"https:\/\/api.w.org\/{rel}","templated":true}]}}