{"id":432972,"date":"2025-06-18T13:25:41","date_gmt":"2025-06-18T11:25:41","guid":{"rendered":"https:\/\/medandbeauty.com\/?post_type=product&#038;p=432972"},"modified":"2026-03-31T08:14:37","modified_gmt":"2026-03-31T06:14:37","slug":"abito-medico-a-busta-con-maniche-corte-basic-lawendowa","status":"publish","type":"product","link":"https:\/\/medandbeauty.com\/it\/product\/abito-medico-a-busta-con-maniche-corte-basic-lawendowa\/","title":{"rendered":"Abito medico a busta con maniche corte Basic LAWENDOWA"},"content":{"rendered":"<p>Stiamo rivoluzionando l&#8217;immagine dell&#8217;industria medica e della bellezza con i nostri <strong>abiti a busta<\/strong> pi\u00f9 venduti!<\/p>\n<p>Dimentica le classiche <strong>uniformi mediche<\/strong>: \u00e8 il momento di <strong>abiti<\/strong> eleganti ed estremamente comodi per <strong>buste mediche a maniche corte<\/strong>.<\/p>\n<p>Sapevate che i pazienti e i clienti prestano sempre pi\u00f9 attenzione a come siete vestiti quando fate il vostro lavoro?<\/p>\n<p>Indossando un <strong>abbigliamento medico<\/strong> ordinato e che sottolinei la vostra professionalit\u00e0, non solo migliorerete il vostro benessere, ma guadagnerete anche agli occhi di pazienti e clienti.<\/p>\n<p>Questo <strong>abito medico a maniche corte a busta color lavanda<\/strong> della collezione Basic \u00e8 stato confezionato in poliestere, viscosa e lycra. Questa combinazione di fibre nel tessuto lo rende traspirante, morbido, ben aderente alla figura e non si sgualcisce. <\/p>\n<p>Sullo scollo dell <strong>&#8216;abito medico a busta con maniche corte<\/strong> abbiamo inserito una chiusura nascosta che assicura il d\u00e9collet\u00e9, garantendo piena libert\u00e0 di movimento anche durante le ore di lavoro.<\/p>\n<p>Sappiamo bene quanto sia importante poter tenere a portata di mano i piccoli oggetti di lavoro, per questo l&#8217;<strong> abito a busta da medico a maniche corte color lavanda<\/strong> \u00e8 dotato di due ampie e pratiche tasche.<\/p>\n<p>Grazie alle eleganti pinces sul busto e alla cintura aggiunta in vita,<strong> l&#8217;abito medico a maniche corte color lavanda<\/strong> si adatta perfettamente a qualsiasi tipo di figura femminile.<\/p>\n<ul>\n<li>Due ampie tasche spaziose<\/li>\n<li><span style=\"font-family: inherit;\">Cintura in vita per una perfetta aderenza a qualsiasi silhouette<\/span><\/li>\n<li><span style=\"font-family: inherit;\">Lunghezza prima del ginocchio<\/span><\/li>\n<li><span style=\"font-family: inherit;\">Pratico bottone sulla scollatura per un comfort totale<\/span><\/li>\n<li><span style=\"font-family: inherit;\">Personalizzabile con ricamo<\/span><\/li>\n<\/ul>\n<p>I<strong>nformazioni aggiuntive:<\/strong> La modella nella foto indossa la taglia S ed \u00e8 alta 170 cm.<\/p>\n<p>Se vi state chiedendo quale taglia scegliere, date un&#8217;occhiata alla tabella delle taglie. In caso di dubbi, inviateci le vostre misure e noi le adatteremo per voi. <\/p>\n<p>I colori dei capi della <a href=\"https:\/\/medandbeauty.com\/it\/shop\/per-lei\/collezione-basic-per-lei\/\" target=\"_blank\" rel=\"noopener\">collezione Basic<\/a> non corrispondono a quelli della <a href=\"https:\/\/medandbeauty.com\/it\/shop\/per-lei\/collezione-premium-per-lei\/\" target=\"_blank\" rel=\"noopener\">collezione Premium<\/a>, poich\u00e9 sono realizzati con tessuti diversi.<\/p>\n<p>Le tonalit\u00e0 dei singoli capi nelle immagini possono differire da quelle reali, a causa della variet\u00e0 di apparecchiature elettroniche disponibili e delle loro impostazioni individuali.<\/p>\n","protected":false},"excerpt":{"rendered":"<p>Stiamo rivoluzionando l&#8217;immagine dell&#8217;industria medica e della bellezza con i nostri abiti a busta pi\u00f9 venduti! Dimentica le classiche uniformi mediche: \u00e8 il momento di abiti eleganti ed estremamente comodi per buste mediche a maniche corte. Sapevate che i pazienti e i clienti prestano sempre pi\u00f9 attenzione a come siete vestiti quando fate il vostro [&hellip;]<\/p>\n","protected":false},"featured_media":80971,"comment_status":"open","ping_status":"closed","template":"","meta":{"_acf_changed":false,"inline_featured_image":false},"kolor":[540],"rodzaj-ubrania":[593],"ubranie":[644],"product_brand":[],"product_cat":[806,554,552],"product_tag":[],"class_list":{"0":"post-432972","1":"product","2":"type-product","3":"status-publish","4":"has-post-thumbnail","6":"kolor-le-rose","7":"rodzaj-ubrania-abiti-da-medico","8":"ubranie-abito-medico-a-busta-con-maniche-corte-basic","9":"product_cat-abiti-medici-basic-per-lei","10":"product_cat-collezione-basic-per-lei","11":"product_cat-per-lei","13":"first","14":"instock","15":"taxable","16":"shipping-taxable","17":"purchasable","18":"product-type-variable"},"acf":[],"_links":{"self":[{"href":"https:\/\/medandbeauty.com\/it\/wp-json\/wp\/v2\/product\/432972","targetHints":{"allow":["GET"]}}],"collection":[{"href":"https:\/\/medandbeauty.com\/it\/wp-json\/wp\/v2\/product"}],"about":[{"href":"https:\/\/medandbeauty.com\/it\/wp-json\/wp\/v2\/types\/product"}],"replies":[{"embeddable":true,"href":"https:\/\/medandbeauty.com\/it\/wp-json\/wp\/v2\/comments?post=432972"}],"wp:featuredmedia":[{"embeddable":true,"href":"https:\/\/medandbeauty.com\/it\/wp-json\/wp\/v2\/media\/80971"}],"wp:attachment":[{"href":"https:\/\/medandbeauty.com\/it\/wp-json\/wp\/v2\/media?parent=432972"}],"wp:term":[{"taxonomy":"kolor","embeddable":true,"href":"https:\/\/medandbeauty.com\/it\/wp-json\/wp\/v2\/kolor?post=432972"},{"taxonomy":"rodzaj-ubrania","embeddable":true,"href":"https:\/\/medandbeauty.com\/it\/wp-json\/wp\/v2\/rodzaj-ubrania?post=432972"},{"taxonomy":"ubranie","embeddable":true,"href":"https:\/\/medandbeauty.com\/it\/wp-json\/wp\/v2\/ubranie?post=432972"},{"taxonomy":"product_brand","embeddable":true,"href":"https:\/\/medandbeauty.com\/it\/wp-json\/wp\/v2\/product_brand?post=432972"},{"taxonomy":"product_cat","embeddable":true,"href":"https:\/\/medandbeauty.com\/it\/wp-json\/wp\/v2\/product_cat?post=432972"},{"taxonomy":"product_tag","embeddable":true,"href":"https:\/\/medandbeauty.com\/it\/wp-json\/wp\/v2\/product_tag?post=432972"}],"curies":[{"name":"wp","href":"https:\/\/api.w.org\/{rel}","templated":true}]}}