{"id":734274,"date":"2026-03-24T17:51:50","date_gmt":"2026-03-24T16:51:50","guid":{"rendered":"https:\/\/medandbeauty.com\/product\/tunica-da-donna-a-manica-corta-per-la-frizione-medica-basic-royal-blue\/"},"modified":"2026-04-13T12:49:25","modified_gmt":"2026-04-13T10:49:25","slug":"tunica-da-donna-a-manica-corta-per-la-frizione-medica-basic-royal-blue","status":"publish","type":"product","link":"https:\/\/medandbeauty.com\/it\/product\/tunica-da-donna-a-manica-corta-per-la-frizione-medica-basic-royal-blue\/","title":{"rendered":"Tunica da donna a manica corta per la frizione medica Basic ROYAL BLUE"},"content":{"rendered":"<p>Novit\u00e0 della collezione Basic &#8211; <strong>Tuniche a busta con maniche corte!<\/strong><\/p>\n<p><strong>La tunica Basic a maniche corte con busta medica in Royal Blue <\/strong>\u00e8 la scelta perfetta per le giornate pi\u00f9 calde, ma non solo!<\/p>\n<p>Il taglio elegante con cintura in vita piacer\u00e0 sicuramente a tutte le donne che lavorano nel settore medico ed estetico e che amano la classicit\u00e0 e il minimalismo.<\/p>\n<p><strong>La casacca Basic a maniche corte in busta medica di colore blu reale<\/strong> \u00e8 stata realizzata con una miscela di poliestere, viscosa e lycra della migliore qualit\u00e0.<\/p>\n<p>Questa combinazione di fibre nel tessuto fa s\u00ec che <strong>le tuniche a maniche corte della collezione Med&amp;Beauty Basic<\/strong> si adattino perfettamente alla figura femminile e garantiscano il massimo comfort durante le lunghe ore di lavoro.<\/p>\n<p>Tutti i modelli di <strong>indumenti medicali<\/strong> top prodotti da <strong>Med &amp; Beauty<\/strong> sono dotati di tasche spaziose e pratiche, che consentono di riporre tutti gli oggetti che si desidera tenere a portata di mano.<\/p>\n<p>Un grande punto di forza della <strong>casacca Basic a maniche corte con busta medica in Royal Blue <\/strong>\u00e8 l&#8217;allacciatura alla scollatura. Per offrirvi il massimo comfort, l&#8217;abbiamo dotato di un bottone e di una chiusura a scomparsa.<\/p>\n<p>La scollatura a cuore \u00e8 al tempo stesso intramontabile e moderna, mentre la lunghezza della tunica \u00e8 stata scelta per adattarsi perfettamente a qualsiasi tipo di figura femminile.<\/p>\n<p>Alla <strong>Med &amp; Beauty<\/strong> non ci concentriamo solo sul comfort, ma anche su un aspetto estetico e professionale. La<strong> tunica a maniche corte Basic medical envelope in <\/strong><b>Royal Blue<\/b> \u00e8 stata accessoriata con una cintura in vita che accentua perfettamente tutti i punti forti della figura femminile. <\/p>\n<p><strong>La casacca Basic a maniche corte con busta medica in Royal Blue <\/strong>si abbina perfettamente<strong> ai pantaloni medici<\/strong>, realizzati nello stesso materiale.<\/p>\n<p>Abbinate i <strong>pantaloni da medico<\/strong> in un colore identico o in una qualsiasi tonalit\u00e0 tra le tante disponibili nel nostro assortimento.<\/p>\n<ul>\n<li>Due ampie tasche spaziose<\/li>\n<li><span style=\"font-family: inherit;\">Taglio in vita affusolato con cintura  <\/span><\/li>\n<li><span style=\"font-family: inherit;\">Nanna sulla scollatura per il massimo comfort<\/span><\/li>\n<li><span style=\"font-family: inherit;\">Manica corta<\/span><\/li>\n<li><span style=\"font-family: inherit;\">Personalizzabile con ricamo<\/span><\/li>\n<\/ul>\n<p>&nbsp;<\/p>\n<p>I<strong>nformazioni aggiuntive:<\/strong> Le modelle nelle foto indossano la taglia S e sono alte 170-174 cm.<\/p>\n<p>Se vi state chiedendo quale taglia scegliere, date un&#8217;occhiata alla tabella delle taglie. In caso di dubbi, inviateci le vostre misure e noi le adatteremo per voi. <\/p>\n<p>I colori dei capi della collezione Basic non corrispondono a quelli della<a href=\"https:\/\/medandbeauty.com\/it\/shop\/per-lei\/collezione-premium-per-lei\/\" target=\"_blank\" rel=\"noopener\"> collezione Premium<\/a>, poich\u00e9 sono realizzati con tessuti diversi.<\/p>\n","protected":false},"excerpt":{"rendered":"<p>Novit\u00e0 della collezione Basic &#8211; Tuniche a busta con maniche corte! La tunica Basic a maniche corte con busta medica in Royal Blue \u00e8 la scelta perfetta per le giornate pi\u00f9 calde, ma non solo! Il taglio elegante con cintura in vita piacer\u00e0 sicuramente a tutte le donne che lavorano nel settore medico ed estetico [&hellip;]<\/p>\n","protected":false},"featured_media":730502,"comment_status":"closed","ping_status":"closed","template":"","meta":{"_acf_changed":false,"inline_featured_image":false},"kolor":[567],"rodzaj-ubrania":[602],"ubranie":[2158],"product_brand":[],"product_cat":[554,552,807],"product_tag":[],"class_list":{"0":"post-734274","1":"product","2":"type-product","3":"status-publish","4":"has-post-thumbnail","6":"kolor-blu","7":"rodzaj-ubrania-tuniche-mediche","8":"ubranie-tunica-da-donna-a-maniche-corte-con-busta-medica-basic","9":"product_cat-collezione-basic-per-lei","10":"product_cat-per-lei","11":"product_cat-tuniche-mediche-basic-per-lei","13":"first","14":"instock","15":"taxable","16":"shipping-taxable","17":"product-type-variable"},"acf":[],"_links":{"self":[{"href":"https:\/\/medandbeauty.com\/it\/wp-json\/wp\/v2\/product\/734274","targetHints":{"allow":["GET"]}}],"collection":[{"href":"https:\/\/medandbeauty.com\/it\/wp-json\/wp\/v2\/product"}],"about":[{"href":"https:\/\/medandbeauty.com\/it\/wp-json\/wp\/v2\/types\/product"}],"replies":[{"embeddable":true,"href":"https:\/\/medandbeauty.com\/it\/wp-json\/wp\/v2\/comments?post=734274"}],"wp:featuredmedia":[{"embeddable":true,"href":"https:\/\/medandbeauty.com\/it\/wp-json\/wp\/v2\/media\/730502"}],"wp:attachment":[{"href":"https:\/\/medandbeauty.com\/it\/wp-json\/wp\/v2\/media?parent=734274"}],"wp:term":[{"taxonomy":"kolor","embeddable":true,"href":"https:\/\/medandbeauty.com\/it\/wp-json\/wp\/v2\/kolor?post=734274"},{"taxonomy":"rodzaj-ubrania","embeddable":true,"href":"https:\/\/medandbeauty.com\/it\/wp-json\/wp\/v2\/rodzaj-ubrania?post=734274"},{"taxonomy":"ubranie","embeddable":true,"href":"https:\/\/medandbeauty.com\/it\/wp-json\/wp\/v2\/ubranie?post=734274"},{"taxonomy":"product_brand","embeddable":true,"href":"https:\/\/medandbeauty.com\/it\/wp-json\/wp\/v2\/product_brand?post=734274"},{"taxonomy":"product_cat","embeddable":true,"href":"https:\/\/medandbeauty.com\/it\/wp-json\/wp\/v2\/product_cat?post=734274"},{"taxonomy":"product_tag","embeddable":true,"href":"https:\/\/medandbeauty.com\/it\/wp-json\/wp\/v2\/product_tag?post=734274"}],"curies":[{"name":"wp","href":"https:\/\/api.w.org\/{rel}","templated":true}]}}