{"id":79632,"date":"2024-04-24T07:46:39","date_gmt":"2024-04-24T05:46:39","guid":{"rendered":"https:\/\/medandbeauty.com\/?post_type=product&#038;p=79632"},"modified":"2025-12-23T11:40:49","modified_gmt":"2025-12-23T10:40:49","slug":"camicetta-medica-da-donna-basic-one-pocket-inglese-rosa-kopia-kopia","status":"publish","type":"product","link":"https:\/\/medandbeauty.com\/it\/product\/camicetta-medica-da-donna-basic-one-pocket-inglese-rosa-kopia-kopia\/","title":{"rendered":"Camicetta medica da donna Basic One Pocket LATTE"},"content":{"rendered":"<p style=\"font-weight: 400;\">Classici e affidabili <a href=\"https:\/\/medandbeauty.com\/it\/shop\/per-lei\/collezione-basic-per-lei\/?rodzaj-ubrania=bluzki-medyczne\" target=\"_blank\" rel=\"noopener\"><br \/>\n  <strong>camicette da medico della collezione Med &amp; Beauty Basic<\/strong><br \/>\n<\/a> ora disponibili in versione One Pocket!<\/p>\n<p>Trascorrendo lunghe e intense ore al lavoro, hai bisogno di<strong style=\"font-weight: 400;\">  abbigliamento medico,  <\/strong>Il che ti garantir\u00e0 il massimo comfort. <strong>La camicetta medica da donna scrubs Basic One Pocket in latte<span style=\"font-weight: 400;\"> \u00e8 stata<\/span><\/strong>realizzata con tessuti della migliore qualit\u00e0. <\/p>\n<p style=\"font-weight: 400;\">La combinazione di poliestere, viscosa e lycra rende il materiale molto resistente, morbido, piacevole al tatto, adattabile a qualsiasi tipo di figura femminile, non limita i movimenti e, cosa estremamente importante per gli <strong>indumenti medici<\/strong>, \u00e8 anche traspirante e traspirante.<\/p>\n<p style=\"font-weight: 400;\">La camicetta <strong>medica da donna Basic One Pocket latte <\/strong>\u00e8 la base perfetta per un guardaroba <strong>medico<\/strong> affidabile e senza tempo.<\/p>\n<p>Con una tasca sul petto, \u00e8 possibile infilare liberamente la T-shirt nei pantaloni da medico per creare un look sportivo e moderno.<\/p>\n<p style=\"font-weight: 400;\">Il classico scollo a V allunga otticamente la silhouette, il girovita affusolato sottolinea i punti forti della figura e la lunghezza delle maniche (che arrivano quasi al gomito) protegge le spalle senza limitare i movimenti.<\/p>\n<p><strong>La camicetta<\/strong><strong style=\"font-weight: 400;\"> medica scrubs Basic One Pocket latte <\/strong>sta benissimo con i nostri nuovi<a href=\"https:\/\/medandbeauty.com\/en\/product\/womens-medical-jogger-pants-scrubs-basic-latte\/\" target=\"_blank\" rel=\"noopener\"><br \/>\n  <strong> joggers medici<\/strong><br \/>\n<\/a> joggers medici con coulisse in vita, cos\u00ec come i classici <a href=\"https:\/\/medandbeauty.com\/en\/product\/womens-medical-pants-proste-scrubs-basic-latte\/\" target=\"_blank\" rel=\"noopener\"><strong>pantaloni medici dritti<\/strong> <\/a>dello stesso colore.<\/p>\n<p>Puoi anche abbinare <strong>la camicetta medica One Pocket latte<\/strong> con una qualsiasi delle altre tonalit\u00e0 disponibili nella collezione <a style=\"font-weight: 400;\" href=\"https:\/\/medandbeauty.com\/it\/shop\/per-lei\/collezione-basic-per-lei\/\" target=\"_blank\" rel=\"noopener\"><br \/>\n  <strong>Med &amp; Beauty Basic<\/strong><br \/>\n<\/a>.<\/p>\n<p style=\"font-weight: 400;\">Assicuratevi il massimo comfort e un aspetto professionale sul lavoro con i<strong> camici medici<\/strong> <a href=\"https:\/\/medandbeauty.com\/it\/shop\/per-lei\/collezione-basic-per-lei\/\" target=\"_blank\" rel=\"noopener\"><br \/>\n  <strong>Med &amp; Beauty Basic<\/strong><br \/>\n<\/a>.<\/p>\n<p>Non dimenticare di vedere anche il nostro caldo pile  <a href=\"https:\/\/medandbeauty.com\/it\/shop\/per-lei\/collezione-basic-per-lei\/felpe-mediche-basic-per-lei\/\" target=\"_blank\" rel=\"noopener\">camicette mediche<\/a>  in materiale traspirante certificato!<\/p>\n<ul>\n<li style=\"font-weight: 400;\">Una pratica tasca sul petto<\/li>\n<li style=\"font-weight: 400;\"><span style=\"font-family: inherit;\">Vita sagomata<\/span><\/li>\n<li style=\"font-weight: 400;\"><span style=\"font-family: inherit;\">Scollo a V classico<\/span><\/li>\n<li style=\"font-weight: 400;\"><span style=\"font-family: inherit;\">Confortevole, a maniche corte<\/span><\/li>\n<\/ul>\n<p>&nbsp;<\/p>\n<p style=\"font-weight: 400;\">\nI<strong>nformazioni aggiuntive:<\/strong> Le modelle nelle foto indossano la taglia S e sono alte 170-174 cm.<\/p>\n<p style=\"font-weight: 400;\">Se vi state chiedendo quale taglia scegliere, date un&#8217;occhiata alla tabella delle taglie. In caso di dubbi, inviateci le vostre misure e noi le adatteremo per voi. <\/p>\n<p style=\"font-weight: 400;\">I colori dei capi della <a href=\"https:\/\/medandbeauty.com\/it\/shop\/per-lei\/collezione-basic-per-lei\/\" target=\"_blank\" rel=\"noopener\">collezione Basic<\/a> non corrispondono a quelli della<a href=\"https:\/\/medandbeauty.com\/it\/shop\/per-lei\/collezione-premium-per-lei\/\" target=\"_blank\" rel=\"noopener\"> collezione Premium<\/a>, poich\u00e9 sono realizzati con tessuti diversi.<\/p>\n<p style=\"font-weight: 400;\">Le tonalit\u00e0 dei singoli capi nelle immagini possono differire da quelle reali, a causa della variet\u00e0 di apparecchiature elettroniche disponibili e delle loro impostazioni individuali.<\/p>\n","protected":false},"excerpt":{"rendered":"<p>Classici e affidabili camicette da medico della collezione Med &amp; Beauty Basic ora disponibili in versione One Pocket! Trascorrendo lunghe e intense ore al lavoro, hai bisogno di abbigliamento medico, Il che ti garantir\u00e0 il massimo comfort. La camicetta medica da donna scrubs Basic One Pocket in latte \u00e8 statarealizzata con tessuti della migliore qualit\u00e0. [&hellip;]<\/p>\n","protected":false},"featured_media":351934,"comment_status":"open","ping_status":"closed","template":"","meta":{"_acf_changed":false,"inline_featured_image":false},"kolor":[576],"rodzaj-ubrania":[557,556],"ubranie":[681],"product_brand":[],"product_cat":[800,554,555,552,804],"product_tag":[],"class_list":{"0":"post-79632","1":"product","2":"type-product","3":"status-publish","4":"has-post-thumbnail","6":"kolor-beiges","7":"rodzaj-ubrania-camicette-mediche","8":"rodzaj-ubrania-camici","9":"ubranie-camicetta-medica-da-donna-scrubs-basic-a-una-tasca","10":"product_cat-camicette-mediche-basic-per-lei","11":"product_cat-collezione-basic-per-lei","12":"product_cat-notizie-per-lei","13":"product_cat-per-lei","14":"product_cat-scrubs-basic-per-lei","16":"first","17":"instock","18":"taxable","19":"shipping-taxable","20":"purchasable","21":"product-type-variable"},"acf":[],"_links":{"self":[{"href":"https:\/\/medandbeauty.com\/it\/wp-json\/wp\/v2\/product\/79632","targetHints":{"allow":["GET"]}}],"collection":[{"href":"https:\/\/medandbeauty.com\/it\/wp-json\/wp\/v2\/product"}],"about":[{"href":"https:\/\/medandbeauty.com\/it\/wp-json\/wp\/v2\/types\/product"}],"replies":[{"embeddable":true,"href":"https:\/\/medandbeauty.com\/it\/wp-json\/wp\/v2\/comments?post=79632"}],"wp:featuredmedia":[{"embeddable":true,"href":"https:\/\/medandbeauty.com\/it\/wp-json\/wp\/v2\/media\/351934"}],"wp:attachment":[{"href":"https:\/\/medandbeauty.com\/it\/wp-json\/wp\/v2\/media?parent=79632"}],"wp:term":[{"taxonomy":"kolor","embeddable":true,"href":"https:\/\/medandbeauty.com\/it\/wp-json\/wp\/v2\/kolor?post=79632"},{"taxonomy":"rodzaj-ubrania","embeddable":true,"href":"https:\/\/medandbeauty.com\/it\/wp-json\/wp\/v2\/rodzaj-ubrania?post=79632"},{"taxonomy":"ubranie","embeddable":true,"href":"https:\/\/medandbeauty.com\/it\/wp-json\/wp\/v2\/ubranie?post=79632"},{"taxonomy":"product_brand","embeddable":true,"href":"https:\/\/medandbeauty.com\/it\/wp-json\/wp\/v2\/product_brand?post=79632"},{"taxonomy":"product_cat","embeddable":true,"href":"https:\/\/medandbeauty.com\/it\/wp-json\/wp\/v2\/product_cat?post=79632"},{"taxonomy":"product_tag","embeddable":true,"href":"https:\/\/medandbeauty.com\/it\/wp-json\/wp\/v2\/product_tag?post=79632"}],"curies":[{"name":"wp","href":"https:\/\/api.w.org\/{rel}","templated":true}]}}