{"id":356239,"date":"2024-11-21T14:11:45","date_gmt":"2024-11-21T13:11:45","guid":{"rendered":"https:\/\/medandbeauty.com\/zubne-oblecenie\/"},"modified":"2025-03-01T21:30:15","modified_gmt":"2025-03-01T20:30:15","slug":"zubne-oblecenie","status":"publish","type":"page","link":"https:\/\/medandbeauty.com\/sk\/zubne-oblecenie\/","title":{"rendered":"Zubn\u00e9 oble\u010denie"},"content":{"rendered":"\n<p>Zdravotn\u00edcke oble\u010denie pre zdravotn\u00e9 sestry je neoddelite\u013enou s\u00fa\u010das\u0165ou ich ka\u017edodennej pr\u00e1ce. Oble\u010denie pre zdravotn\u00e9 sestry mus\u00ed Oble\u010denie pre zubn\u00fdch lek\u00e1rov je nielen vizu\u00e1lnym prvkom, ale predov\u0161etk\u00fdm n\u00e1strojom, ktor\u00fd podporuje ka\u017edodenn\u00fa pr\u00e1cu zubn\u00fdch lek\u00e1rov, zubn\u00fdch asistentov a zdravotn\u00edckeho person\u00e1lu. Pohodlie pri nosen\u00ed, funk\u010dnos\u0165 a estetika s\u00fa k\u013e\u00fa\u010dov\u00e9 vlastnosti, ktor\u00e9 definuj\u00fa n\u00e1\u0161 sortiment zdravotn\u00edckeho stomatologick\u00e9ho oble\u010denia. <strong>V\u00fdberom spr\u00e1vneho stomatologick\u00e9ho oble\u010denia sa zubn\u00ed lek\u00e1ri a ich t\u00edmy m\u00f4\u017eu c\u00edti\u0165 pohodlne,<\/strong> \u010do m\u00e1 pozit\u00edvny vplyv na vz\u0165ahy s pacientmi a kvalitu vykon\u00e1van\u00fdch z\u00e1krokov.  <\/p>\n\n<h2 class=\"wp-block-heading\">Zub\u00e1rske z\u00e1stery &#8211; pohodlie a ochrana po\u010das pr\u00e1ce<\/h2>\n\n<p>Na\u0161e zub\u00e1rske z\u00e1stery s\u00fa nevyhnutnou s\u00fa\u010das\u0165ou ka\u017edej zub\u00e1rskej praxe. Zub\u00e1rske z\u00e1stery od spolo\u010dnosti Med&amp;Beauty sp\u00e1jaj\u00fa \u0161t\u00fdl s pohodl\u00edm a umo\u017e\u0148uj\u00fa v\u00e1m \u013eahko sa prisp\u00f4sobi\u0165 v\u00e1\u0161mu pracovn\u00e9mu prostrediu. S\u00fa vyroben\u00e9 z najkvalitnej\u0161\u00edch materi\u00e1lov a \u013eahko sa udr\u017eiavaj\u00fa v \u010distote. <strong>R\u00f4zne strihy v\u00e1m umo\u017e\u0148uj\u00fa vybra\u0165 si zub\u00e1rske z\u00e1stery, ktor\u00e9 najlep\u0161ie vyhovuj\u00fa va\u0161im individu\u00e1lnym potreb\u00e1m<\/strong> &#8211; od klasick\u00fdch strihov a\u017e po modern\u00e9 verzie. Ka\u017ed\u00e1 z\u00e1stera je navrhnut\u00e1 tak, aby poskytovala primeran\u00fa ochranu pred vonkaj\u0161\u00edmi vplyvmi a z\u00e1rove\u0148 neobmedzovala vo\u013enos\u0165 pohybu.   <\/p>\n\n<h2 class=\"wp-block-heading\">Zub\u00e1rske uniformy &#8211; elegancia a funk\u010dnos\u0165<\/h2>\n\n<p>Zub\u00e1rske uniformy s\u00fa z\u00e1kladom profesion\u00e1lneho vzh\u013eadu ka\u017ed\u00e9ho zub\u00e1ra a jeho asistenta. Na\u0161e <strong>oble\u010denie pre zub\u00e1rov je vyroben\u00e9 z priedu\u0161n\u00fdch tkan\u00edn, ktor\u00e9 zabezpe\u010duj\u00fa celodenn\u00e9 pohodlie.<\/strong> V\u010faka kombin\u00e1cii bavlny, nylonu a lycry (pr\u00e9miov\u00e1 l\u00ednia) a polyesteru, visk\u00f3zy a lycry (z\u00e1kladn\u00e1 l\u00ednia) s\u00fa odevy nielen pr\u00edjemn\u00e9 na dotyk, ale aj trvanliv\u00e9 a odoln\u00e9 vo\u010di opakovan\u00e9mu praniu. To je mimoriadne d\u00f4le\u017eit\u00e9 v zubnom priemysle, kde hygiena zohr\u00e1va k\u013e\u00fa\u010dov\u00fa \u00falohu.    <\/p>\n\n<h2 class=\"wp-block-heading\">Oble\u010denie pre zubn\u00fdch asistentov &#8211; pohodlie a profesionalita<\/h2>\n\n<p>Zubn\u00e1 asistentka zohr\u00e1va d\u00f4le\u017eit\u00fa \u00falohu v ka\u017edodennej pr\u00e1ci ordin\u00e1cie, preto<strong> by oble\u010denie zubnej asistentky malo sp\u00e1ja\u0165 pohodlie, funk\u010dnos\u0165 a eleganciu<\/strong>. Na\u0161a ponuka zah\u0155\u0148a \u0161irok\u00fd v\u00fdber kozmetick\u00fdch z\u00e1ster, \u0161atiek a \u0161iat, ktor\u00e9 v\u00e1m umo\u017enia c\u00edti\u0165 sa pohodlne a profesion\u00e1lne. Mnoh\u00e9 modely maj\u00fa funk\u010dn\u00e9 vreck\u00e1, ktor\u00e9 s\u00fa mimoriadne u\u017eito\u010dn\u00e9 na ulo\u017eenie nevyhnutn\u00fdch doplnkov, ako s\u00fa per\u00e1 alebo pozn\u00e1mkov\u00e9 bloky.  <\/p>\n\n<h3 class=\"wp-block-heading\">Lek\u00e1rske zub\u00e1rske bl\u00fazky &#8211; ka\u017edodenn\u00fd komfort<\/h3>\n\n<p>Lek\u00e1rske zub\u00e1rske bl\u00fazy s\u00fa ide\u00e1lnym rie\u0161en\u00edm pre t\u00fdch, ktor\u00ed si cenia pohodlie a funk\u010dnos\u0165. Na\u0161e bl\u00fazy s\u00fa vyroben\u00e9 z elastick\u00fdch tkan\u00edn, ktor\u00e9 zabezpe\u010duj\u00fa vo\u013enos\u0165 pohybu pri pr\u00e1ci s pacientmi. <strong>Pon\u00fakame r\u00f4zne strihy &#8211; od klasick\u00fdch rovn\u00fdch modelov a\u017e po vypasovanej\u0161ie strihy, <\/strong>ktor\u00e9 zv\u00fdraz\u0148uj\u00fa postavu. Lek\u00e1rske stomatologick\u00e9 bl\u00fazky s\u00fa k dispoz\u00edcii v \u0161irokej \u0161k\u00e1le farieb, \u010do v\u00e1m umo\u017en\u00ed prisp\u00f4sobi\u0165 oble\u010denie imid\u017eu va\u0161ej ordin\u00e1cie a preferenci\u00e1m va\u0161ich zamestnancov.    <\/p>\n\n<h3 class=\"wp-block-heading\">Lek\u00e1rske zub\u00e1rske nohavice &#8211; pohodlie a funk\u010dnos\u0165<\/h3>\n\n<p>V ka\u017edom zdravotn\u00edckom odvetv\u00ed, ale najm\u00e4 v zubnom lek\u00e1rstve, s\u00fa spr\u00e1vne prisp\u00f4soben\u00e9 nohavice k\u013e\u00fa\u010dov\u00e9 pre pohodlie a bezpe\u010dnos\u0165 pri pr\u00e1ci. Lek\u00e1rske zub\u00e1rske nohavice, ktor\u00e9 s\u00fa k dispoz\u00edcii v na\u0161om sortimente, sp\u00e1jaj\u00fa modern\u00fd dizajn s praktick\u00fdmi rie\u0161eniami.   <strong>S\u00fa vyroben\u00e9 z elastick\u00fdch, priedu\u0161n\u00fdch tkan\u00edn a zaru\u010duj\u00fa maxim\u00e1lne pohodlie aj po\u010das dlh\u00e9ho pracovn\u00e9ho \u010dasu.<\/strong>  K dispoz\u00edcii s\u00fa nohavice r\u00f4znych strihov vr\u00e1tane ob\u013e\u00faben\u00fdch d\u017eogersk\u00fdch nohav\u00edc a nohav\u00edc s rovn\u00fdmi a \u0161irok\u00fdmi nohavicami.  <\/p>\n\n<h2 class=\"wp-block-heading\">Lek\u00e1rske zub\u00e1rske oble\u010denie &#8211; kvalita a profesionalita<\/h2>\n\n<p><strong>Zdravotn\u00edcke odevy pre zub\u00e1rov, ktor\u00e9 s\u00fa k dispoz\u00edcii v na\u0161om obchode, kombinuj\u00fa najkvalitnej\u0161ie materi\u00e1ly <\/strong>s modern\u00fdm dizajnom. Personaliz\u00e1cia odevov &#8211; napr\u00edklad v\u00fd\u0161ivka mena alebo priezviska &#8211; v\u00e1m umo\u017en\u00ed e\u0161te viac zd\u00f4razni\u0165 va\u0161u profesionalitu a individu\u00e1lny pr\u00edstup k pacientovi. Pozrite si n\u00e1\u0161 sortiment zdravotn\u00edckych odevov pre zubn\u00fdch lek\u00e1rov, ktor\u00fd sp\u00e1ja pohodlie, kvalitu a profesion\u00e1lny vzh\u013ead, aby v\u00e1s podporil v ka\u017edodenn\u00fdch profesion\u00e1lnych v\u00fdzvach.  <\/p>\n\n<p>N\u00e1\u0161 <a href=\"\/\">obchod so zdravotn\u00edckym oble\u010den\u00edm<\/a> odpor\u00fa\u010da:<\/p>\n\n<ul class=\"wp-block-list\">\n<li><a href=\"https:\/\/medandbeauty.com\/sklep\/dla-niego\/\">Lek\u00e1rske oble\u010denie pre mu\u017eov<\/a><\/li>\n\n\n\n<li><a href=\"https:\/\/medandbeauty.com\/sklep\/dla-niej\/\">D\u00e1mske zdravotn\u00edcke oble\u010denie<\/a><\/li>\n\n\n\n<li><a href=\"https:\/\/medandbeauty.com\/rodzaj-ubrania\/bluzki-medyczne\/\">Lek\u00e1rske bl\u00fazky<\/a><\/li>\n\n\n\n<li><a href=\"https:\/\/medandbeauty.com\/rodzaj-ubrania\/spodnie-medyczne\/\">Lek\u00e1rske nohavice<\/a><\/li>\n\n\n\n<li><a href=\"https:\/\/medandbeauty.com\/rodzaj-ubrania\/scrubsy\/\">Lek\u00e1rske odevy<\/a><\/li>\n\n\n\n<li><a href=\"https:\/\/medandbeauty.com\/rodzaj-ubrania\/sukienki-medyczne\/\">Zdravotn\u00edcke \u0161aty<\/a><\/li>\n\n\n\n<li><a href=\"https:\/\/medandbeauty.com\/rodzaj-ubrania\/fartuchy-medyczne\/\">Lek\u00e1rske pl\u00e1\u0161te<\/a><\/li>\n\n\n\n<li><a href=\"https:\/\/medandbeauty.com\/rodzaj-ubrania\/tuniki-medyczne\/\">Lek\u00e1rske tuniky<\/a><\/li>\n\n\n\n<li><a href=\"https:\/\/medandbeauty.com\/rodzaj-ubrania\/marynarki-medyczne\/\">Zdravotn\u00edcke bundy<\/a><\/li>\n<\/ul>\n\n<p>Odpor\u00fa\u010dame v\u00e1m zad\u00e1va\u0165 objedn\u00e1vky.<\/p>\n","protected":false},"excerpt":{"rendered":"<p>Zdravotn\u00edcke oble\u010denie pre zdravotn\u00e9 sestry je neoddelite\u013enou s\u00fa\u010das\u0165ou ich ka\u017edodennej pr\u00e1ce. Oble\u010denie pre zdravotn\u00e9 sestry mus\u00ed Oble\u010denie pre zubn\u00fdch lek\u00e1rov je nielen vizu\u00e1lnym prvkom, ale predov\u0161etk\u00fdm n\u00e1strojom, ktor\u00fd podporuje ka\u017edodenn\u00fa pr\u00e1cu zubn\u00fdch lek\u00e1rov, zubn\u00fdch asistentov a zdravotn\u00edckeho person\u00e1lu. Pohodlie pri nosen\u00ed, funk\u010dnos\u0165 a estetika s\u00fa k\u013e\u00fa\u010dov\u00e9 vlastnosti, ktor\u00e9 definuj\u00fa n\u00e1\u0161 sortiment zdravotn\u00edckeho stomatologick\u00e9ho oble\u010denia. V\u00fdberom [&hellip;]<\/p>\n","protected":false},"author":28789,"featured_media":0,"parent":0,"menu_order":0,"comment_status":"closed","ping_status":"closed","template":"page.php","meta":{"_acf_changed":false,"inline_featured_image":false,"footnotes":""},"class_list":["post-356239","page","type-page","status-publish","hentry"],"acf":[],"_links":{"self":[{"href":"https:\/\/medandbeauty.com\/sk\/wp-json\/wp\/v2\/pages\/356239","targetHints":{"allow":["GET"]}}],"collection":[{"href":"https:\/\/medandbeauty.com\/sk\/wp-json\/wp\/v2\/pages"}],"about":[{"href":"https:\/\/medandbeauty.com\/sk\/wp-json\/wp\/v2\/types\/page"}],"author":[{"embeddable":true,"href":"https:\/\/medandbeauty.com\/sk\/wp-json\/wp\/v2\/users\/28789"}],"replies":[{"embeddable":true,"href":"https:\/\/medandbeauty.com\/sk\/wp-json\/wp\/v2\/comments?post=356239"}],"version-history":[{"count":1,"href":"https:\/\/medandbeauty.com\/sk\/wp-json\/wp\/v2\/pages\/356239\/revisions"}],"predecessor-version":[{"id":356242,"href":"https:\/\/medandbeauty.com\/sk\/wp-json\/wp\/v2\/pages\/356239\/revisions\/356242"}],"wp:attachment":[{"href":"https:\/\/medandbeauty.com\/sk\/wp-json\/wp\/v2\/media?parent=356239"}],"curies":[{"name":"wp","href":"https:\/\/api.w.org\/{rel}","templated":true}]}}