{"id":356297,"date":"2024-11-21T12:43:05","date_gmt":"2024-11-21T11:43:05","guid":{"rendered":"https:\/\/medandbeauty.com\/kozmeticke-uniformy\/"},"modified":"2025-03-01T22:57:17","modified_gmt":"2025-03-01T21:57:17","slug":"kozmeticke-uniformy","status":"publish","type":"page","link":"https:\/\/medandbeauty.com\/sk\/kozmeticke-uniformy\/","title":{"rendered":"Kozmetick\u00e9 uniformy"},"content":{"rendered":"\n<p>Kozmetick\u00e9 uniformy s\u00fa nielen odevom, ktor\u00fd chr\u00e1ni pred zne\u010disten\u00edm, ale predov\u0161etk\u00fdm prvkom, ktor\u00fd zd\u00f4raz\u0148uje profesionalitu a estetiku va\u0161ej pr\u00e1ce. \u010ci u\u017e ste<strong> kozmeti\u010dka, nechtov\u00e1 stylistka alebo \u0161pecialistka na estetick\u00fa medic\u00ednu, spr\u00e1vne kozmetick\u00e9 oble\u010denie ovplyv\u0148uje komfort<\/strong> a pohodlie po\u010das dlh\u00fdch hod\u00edn pr\u00e1ce. Na\u0161a kolekcia je kombin\u00e1ciou elegancie, modern\u00e9ho dizajnu a funk\u010dnosti, ktor\u00e1 zaru\u010duje spr\u00e1vny vzh\u013ead bez toho, aby sa zn\u00ed\u017eilo pohodlie.  <\/p>\n\n<h2 class=\"wp-block-heading\">Kozmetick\u00e9 z\u00e1stery &#8211; praktick\u00e9 a \u0161t\u00fdlov\u00e9<\/h2>\n\n<p>Kozmetick\u00e9 z\u00e1stery s\u00fa nepostr\u00e1date\u013enou s\u00fa\u010das\u0165ou \u0161atn\u00edka ka\u017ed\u00e9ho kozmetick\u00e9ho profesion\u00e1la. <strong>Ke\u010f si vyberiete na\u0161e lepen\u00e9 kozmetick\u00e9 z\u00e1stery, m\u00f4\u017eete sa spo\u013eahn\u00fa\u0165 na optim\u00e1lne prisp\u00f4sobenie<\/strong>, ktor\u00e9 je d\u00f4le\u017eit\u00e9 najm\u00e4 pri vykon\u00e1van\u00ed presn\u00fdch z\u00e1krokov. Na\u0161e kozmetick\u00e9 z\u00e1stery, dostupn\u00e9 v r\u00f4znych strihoch, od klasick\u00fdch modelov a\u017e po lek\u00e1rske kozmetick\u00e9 \u0161aty, s\u00fa navrhnut\u00e9 s oh\u013eadom na pohodlie a funk\u010dnos\u0165 &#8211; ide\u00e1lne pre t\u00fdch, ktor\u00ed si cenia pohodlie a profesion\u00e1lny vzh\u013ead. Kozmetick\u00e9 kimonov\u00e9 z\u00e1stery (kozmetick\u00e9 tuniky) dynamicky z\u00edskavaj\u00fa na popularite v\u010faka svojej univerz\u00e1lnosti a jednoduchosti obliekania.  <\/p>\n\n<h2 class=\"wp-block-heading\">Kozmetick\u00e9 uniformy &#8211; ka\u017edodenn\u00e1 elegancia<\/h2>\n\n<p>Kozmetick\u00e9 oble\u010denie od Med&amp;Beauty je ur\u010den\u00e9 <strong>pre t\u00fdch, ktor\u00ed chc\u00fa spoji\u0165 pohodlie s elegantn\u00fdm vzh\u013eadom.<\/strong> Ka\u017ed\u00e1 kozmetick\u00e1 uniforma je vyroben\u00e1 z najkvalitnej\u0161\u00edch materi\u00e1lov, ktor\u00e9 sa nema\u010dkaj\u00fa, s\u00fa priedu\u0161n\u00e9 a \u013eahko sa udr\u017eiavaj\u00fa v \u010distote. Na\u0161e oble\u010denie pre kozmeti\u010dky sp\u00e1ja m\u00f3dny dizajn s ergon\u00f3miou, aby bol ka\u017ed\u00fd pracovn\u00fd de\u0148 pr\u00edjemnej\u0161\u00ed. <\/p>\n\n<h2 class=\"wp-block-heading\">Kozmetick\u00e9 pr\u00edpravky &#8211; funk\u010dnos\u0165 v popred\u00ed<\/h2>\n\n<p><strong>Kozmetick\u00e9 nohavice s\u00fa ide\u00e1lnou vo\u013ebou pre t\u00fdch, ktor\u00ed klad\u00fa d\u00f4raz na maxim\u00e1lnu vo\u013enos\u0165 pohybu a funk\u010dnos\u0165<\/strong> (praktick\u00e9 vreck\u00e1). V\u010faka elastick\u00fdm materi\u00e1lom sa skruby dokonale prisp\u00f4sobia telu a poskytuj\u00fa pohodlie po\u010das intenz\u00edvnej pr\u00e1ce aj po\u010das zasl\u00fa\u017een\u00fdch prest\u00e1vok na k\u00e1vu. V\u010faka ich modern\u00e9mu strihu a dostupnosti v mnoh\u00fdch farb\u00e1ch sa daj\u00fa prisp\u00f4sobi\u0165 individu\u00e1lnym preferenci\u00e1m a estetick\u00fdm po\u017eiadavk\u00e1m sal\u00f3nu.  <\/p>\n\n<h2 class=\"wp-block-heading\">Rozmanitos\u0165 a personaliz\u00e1cia &#8211; \u010do pon\u00fakame?<\/h2>\n\n<p>V na\u0161ej ponuke n\u00e1jdete \u0161irok\u00fd v\u00fdber kozmetick\u00fdch uniforiem. <strong>V\u010faka mo\u017enosti personaliz\u00e1cie m\u00f4\u017ee by\u0165 ka\u017ed\u00e1 kozmetick\u00e1 uniforma ozdoben\u00e1 logom alebo n\u00e1zvom spolo\u010dnosti, \u010do <\/strong>e\u0161te viac zv\u00fdrazn\u00ed profesionalitu sal\u00f3nu. Na\u0161e odevy s\u00fa k dispoz\u00edcii v \u0161irokej \u0161k\u00e1le ve\u013ekost\u00ed, \u010do umo\u017e\u0148uje dokonal\u00e9 prisp\u00f4sobenie sa ka\u017edej postave a zaru\u010duje maxim\u00e1lne pohodlie pri celodennom nosen\u00ed. <\/p>\n\n<p>V\u0161etky na\u0161e kozmetick\u00e9 uniformy s\u00fa vyroben\u00e9 z materi\u00e1lov prvotriednej kvality, ktor\u00e9 zaru\u010duj\u00fa odolnos\u0165 a pohodlie pri nosen\u00ed. <strong>Bavlnen\u00e1 z\u00e1stera s nylonom a lycrou z pr\u00e9miov\u00e9ho radu<\/strong> zaru\u010duje, \u017ee odev nielen dobre vyzer\u00e1, ale je aj priedu\u0161n\u00fd a odoln\u00fd. Kozmetick\u00e9 z\u00e1stery zo z\u00e1kladnej l\u00ednie s\u00fa zasa ide\u00e1lnou kombin\u00e1ciou polyesteru, visk\u00f3zy a lycry, ktor\u00e9 zabezpe\u010duj\u00fa pohodlie a pru\u017enos\u0165. <\/p>\n\n<p>N\u00e1\u0161 <a href=\"https:\/\/medandbeauty.com\/sk\/\">obchod so zdravotn\u00edckym a kozmetick\u00fdm oble\u010den\u00edm<\/a> pon\u00faka:<\/p>\n\n<ul class=\"wp-block-list\">\n<li><a href=\"https:\/\/medandbeauty.com\/sklep\/dla-niego\/\">p\u00e1nske zdravotn\u00edcke oble\u010denie,<\/a><\/li>\n\n\n\n<li><a href=\"https:\/\/medandbeauty.com\/sklep\/dla-niej\/\">d\u00e1mske zdravotn\u00edcke oble\u010denie,<\/a><\/li>\n\n\n\n<li><a href=\"https:\/\/medandbeauty.com\/rodzaj-ubrania\/bluzki-medyczne\/\">lek\u00e1rske bl\u00fazky,<\/a><\/li>\n\n\n\n<li><a href=\"https:\/\/medandbeauty.com\/rodzaj-ubrania\/spodnie-medyczne\/\">lek\u00e1rske nohavice,<\/a><\/li>\n\n\n\n<li><a href=\"https:\/\/medandbeauty.com\/rodzaj-ubrania\/scrubsy\/\">lek\u00e1rske odevy,<\/a><\/li>\n\n\n\n<li><a href=\"https:\/\/medandbeauty.com\/rodzaj-ubrania\/sukienki-medyczne\/\">lek\u00e1rske \u0161aty,<\/a><\/li>\n\n\n\n<li><a href=\"https:\/\/medandbeauty.com\/rodzaj-ubrania\/fartuchy-medyczne\/\">lek\u00e1rske pl\u00e1\u0161te,<\/a><\/li>\n\n\n\n<li><a href=\"https:\/\/medandbeauty.com\/rodzaj-ubrania\/tuniki-medyczne\/\">lek\u00e1rske tuniky.<\/a><\/li>\n<\/ul>\n\n<p>Odpor\u00fa\u010dame v\u00e1m zad\u00e1va\u0165 objedn\u00e1vky.<\/p>\n","protected":false},"excerpt":{"rendered":"<p>Kozmetick\u00e9 uniformy s\u00fa nielen odevom, ktor\u00fd chr\u00e1ni pred zne\u010disten\u00edm, ale predov\u0161etk\u00fdm prvkom, ktor\u00fd zd\u00f4raz\u0148uje profesionalitu a estetiku va\u0161ej pr\u00e1ce. \u010ci u\u017e ste kozmeti\u010dka, nechtov\u00e1 stylistka alebo \u0161pecialistka na estetick\u00fa medic\u00ednu, spr\u00e1vne kozmetick\u00e9 oble\u010denie ovplyv\u0148uje komfort a pohodlie po\u010das dlh\u00fdch hod\u00edn pr\u00e1ce. Na\u0161a kolekcia je kombin\u00e1ciou elegancie, modern\u00e9ho dizajnu a funk\u010dnosti, ktor\u00e1 zaru\u010duje spr\u00e1vny vzh\u013ead bez [&hellip;]<\/p>\n","protected":false},"author":28789,"featured_media":0,"parent":0,"menu_order":0,"comment_status":"closed","ping_status":"closed","template":"page.php","meta":{"_acf_changed":false,"inline_featured_image":false,"footnotes":""},"class_list":["post-356297","page","type-page","status-publish","hentry"],"acf":[],"_links":{"self":[{"href":"https:\/\/medandbeauty.com\/sk\/wp-json\/wp\/v2\/pages\/356297","targetHints":{"allow":["GET"]}}],"collection":[{"href":"https:\/\/medandbeauty.com\/sk\/wp-json\/wp\/v2\/pages"}],"about":[{"href":"https:\/\/medandbeauty.com\/sk\/wp-json\/wp\/v2\/types\/page"}],"author":[{"embeddable":true,"href":"https:\/\/medandbeauty.com\/sk\/wp-json\/wp\/v2\/users\/28789"}],"replies":[{"embeddable":true,"href":"https:\/\/medandbeauty.com\/sk\/wp-json\/wp\/v2\/comments?post=356297"}],"version-history":[{"count":1,"href":"https:\/\/medandbeauty.com\/sk\/wp-json\/wp\/v2\/pages\/356297\/revisions"}],"predecessor-version":[{"id":356302,"href":"https:\/\/medandbeauty.com\/sk\/wp-json\/wp\/v2\/pages\/356297\/revisions\/356302"}],"wp:attachment":[{"href":"https:\/\/medandbeauty.com\/sk\/wp-json\/wp\/v2\/media?parent=356297"}],"curies":[{"name":"wp","href":"https:\/\/api.w.org\/{rel}","templated":true}]}}