{"id":356304,"date":"2024-11-21T12:50:54","date_gmt":"2024-11-21T11:50:54","guid":{"rendered":"https:\/\/medandbeauty.com\/oblecenie-pre-poskytovatela-zdravotnej-starostlivosti\/"},"modified":"2025-03-01T22:57:19","modified_gmt":"2025-03-01T21:57:19","slug":"oblecenie-pre-poskytovatela-zdravotnej-starostlivosti","status":"publish","type":"page","link":"https:\/\/medandbeauty.com\/sk\/oblecenie-pre-poskytovatela-zdravotnej-starostlivosti\/","title":{"rendered":"Oble\u010denie pre poskytovate\u013ea zdravotnej starostlivosti"},"content":{"rendered":"\n<p>Pr\u00e1ca zdravotn\u00edckeho opatrovate\u013ea si vy\u017eaduje nielen ve\u013ek\u00fa d\u00e1vku empatie a odhodlania, ale aj spr\u00e1vnu pr\u00edpravu z h\u013eadiska oble\u010denia.<strong> Oble\u010denie zdravotn\u00edckeho pracovn\u00edka je d\u00f4le\u017eit\u00fdm prvkom, ktor\u00fd m\u00e1 priamy vplyv na pohodlie a kvalitu<\/strong> vykon\u00e1van\u00fdch \u00faloh. Po\u010das cel\u00e9ho d\u0148a by sa mal o\u0161etrovate\u013e vo svojom oble\u010den\u00ed c\u00edti\u0165 pohodlne bez oh\u013eadu na intenzitu vykon\u00e1vanej pr\u00e1ce alebo d\u013a\u017eku pohotovostnej slu\u017eby. Preto n\u00e1\u0161 sortiment pon\u00faka nielen oble\u010denie pre zdravotn\u00edckeho pracovn\u00edka, ale aj n\u00e1stroj, ktor\u00fd v\u00e1m pom\u00f4\u017ee prekona\u0165 ka\u017edodenn\u00e9 v\u00fdzvy.  <\/p>\n\n<h2 class=\"wp-block-heading\">Oble\u010denie pre zdravotn\u00edckeho pracovn\u00edka &#8211; ak\u00e9 oble\u010denie si vybra\u0165?<\/h2>\n\n<p>Oble\u010denie zdravotn\u00edckeho pracovn\u00edka by malo sp\u00e1ja\u0165 nieko\u013eko k\u013e\u00fa\u010dov\u00fdch vlastnost\u00ed &#8211; pohodlie, funk\u010dnos\u0165 a estetiku. Pohodlie je absol\u00fatnou prioritou, a preto <strong>pon\u00fakame zdravotn\u00edcke oble\u010denie pre opatrovate\u013eov, ktor\u00e9 je vyroben\u00e9 z m\u00e4kk\u00fdch a priedu\u0161n\u00fdch tkan\u00edn. <\/strong>Pri pr\u00e1ci, pri ktorej mus\u00edte by\u0165 neust\u00e1le v pohybe, je ve\u013emi d\u00f4le\u017eit\u00e9, aby oble\u010denie neobmedzovalo v pohybe a umo\u017e\u0148ovalo \u00fapln\u00fa vo\u013enos\u0165 pohybu. Okrem toho s\u00fa na\u0161e modely navrhnut\u00e9 tak, aby poskytovali ergonomick\u00e9 strihy, ktor\u00e9 podporuj\u00fa telo pri jeho prirodzen\u00fdch pohyboch, \u010d\u00edm sa minimalizuje riziko \u00fanavy.  <\/p>\n\n<h2 class=\"wp-block-heading\">Oble\u010denie zdravotn\u00edckeho pracovn\u00edka &#8211; funk\u010dnos\u0165 a praktick\u00e9 detaily<\/h2>\n\n<p>Ka\u017ed\u00fd zdravotn\u00edcky pracovn\u00edk si je dobre vedom\u00fd d\u00f4le\u017eitosti praktick\u00fdch detailov v oble\u010den\u00ed. <strong>Na\u0161e odevy pre zdravotn\u00edckych pracovn\u00edkov maj\u00fa mno\u017estvo vreciek, do ktor\u00fdch si m\u00f4\u017eete bezpe\u010dne ulo\u017ei\u0165 nevyhnutn\u00e9 doplnky <\/strong>&#8211; per\u00e1 alebo drobn\u00e9 n\u00e1stroje potrebn\u00e9 pri ka\u017edodennej pr\u00e1ci. S\u00fa to detaily, ktor\u00e9 maj\u00fa ve\u013ek\u00fd v\u00fdznam, najm\u00e4 ke\u010f sa pri pr\u00e1ci po\u010d\u00edta ka\u017ed\u00e1 sekunda.   <\/p>\n\n<h2 class=\"wp-block-heading\">Pohodln\u00e9 oble\u010denie pre opatrovate\u013ea &#8211; materi\u00e1ly najvy\u0161\u0161ej kvality<\/h2>\n\n<p>Pohodln\u00e9 odevy pre opatrovate\u013eky musia by\u0165 vyroben\u00e9 z tkan\u00edn, ktor\u00e9 kombinuj\u00fa priedu\u0161nos\u0165, pru\u017enos\u0165 a odolnos\u0165. Preto n\u00e1jdete odevy vyroben\u00e9 zo zmesi bavlny, nylonu a lycry (verzia Premium) a polyesteru, visk\u00f3zy a lycry (verzia Basic) &#8211; bavlna poskytuje pohodlie a prirodzen\u00fd odvod vlhkosti, polyester zabezpe\u010duje odolnos\u0165, nylon trv\u00e1cnos\u0165 a lycra a visk\u00f3za dod\u00e1vaj\u00fa odevu pru\u017enos\u0165, ktor\u00e1 je po\u010das dlh\u00e9ho pracovn\u00e9ho d\u0148a neocenite\u013en\u00e1. V\u010faka tejto kombin\u00e1cii <strong>zdravotn\u00edcke odevy pre o\u0161etrovate\u013eov Med&amp;Beauty nielen dobre vyzeraj\u00fa, ale aj dlhodobo perfektne funguj\u00fa<\/strong>.  <\/p>\n\n<h2 class=\"wp-block-heading\">\u0160t\u00fdlov\u00fd vzh\u013ead a profesionalita<\/h2>\n\n<p>Oble\u010denie opatrovate\u013ea by tie\u017e malo odr\u00e1\u017ea\u0165 profesionalitu osoby, ktor\u00e1 ho nos\u00ed. <strong>Na\u0161e odevy kombinuj\u00fa klasick\u00e9 strihy s modern\u00fdmi prvkami, tak\u017ee ka\u017ed\u00fd o\u0161etrovate\u013e sa m\u00f4\u017ee c\u00edti\u0165 sebaisto<\/strong> s vedom\u00edm, \u017ee jeho oble\u010denie podporuje pozit\u00edvny imid\u017e medzi pacientmi a kolegami. V na\u0161ej ponuke n\u00e1jdete klasick\u00e9 strihy aj modernej\u0161ie modely, v\u010faka \u010domu si m\u00f4\u017eete vybra\u0165 oble\u010denie, ktor\u00e9 dokonale vyhovuje va\u0161im osobn\u00fdm preferenci\u00e1m a pracovn\u00e9mu \u0161t\u00fdlu. <\/p>\n\n<h2 class=\"wp-block-heading\">Prisp\u00f4sobenie individu\u00e1lnym potreb\u00e1m<\/h2>\n\n<p>Oble\u010denie pre opatrovate\u013eky je k dispoz\u00edcii v \u0161irokej \u0161k\u00e1le ve\u013ekost\u00ed, v\u010faka \u010domu sa oble\u010denie dokonale prisp\u00f4sob\u00ed va\u0161ej postave. Pon\u00fakame aj <strong>mo\u017enos\u0165 personaliz\u00e1cie odevov, od v\u00fdberu farieb a\u017e po pridanie v\u00fd\u0161ivky s n\u00e1zvom alebo logom zariadenia.<\/strong> T\u00e1to mo\u017enos\u0165 umo\u017e\u0148uje e\u0161te viac prisp\u00f4sobi\u0165 odevy potreb\u00e1m t\u00edmu a vytv\u00e1ra jednotn\u00fd imid\u017e, \u010do je d\u00f4le\u017eit\u00e9 najm\u00e4 pri kontakte s pacientmi. <\/p>\n\n<h2 class=\"wp-block-heading\">Pre\u010do si vybra\u0165 na\u0161e odevy pre zdravotn\u00edckych pracovn\u00edkov?<\/h2>\n\n<p>Na\u0161e <strong>oble\u010denie pre zdravotn\u00edckych pracovn\u00edkov je v\u00fdsledkom dlhoro\u010dn\u00fdch sk\u00fasenost\u00ed a spolupr\u00e1ce s lek\u00e1rskymi odborn\u00edkmi<\/strong>. Zameriavame sa na kvalitu, pohodlie a funk\u010dnos\u0165. Na\u0161e v\u00fdrobky s\u00fa vyroben\u00e9 z odoln\u00fdch materi\u00e1lov, ktor\u00e9 s\u00fa odoln\u00e9 vo\u010di opakovan\u00e9mu praniu, nema\u010dkaj\u00fa sa a \u013eahko sa udr\u017eiavaj\u00fa v \u010distote, \u010do je v n\u00e1ro\u010dnom pracovnom prostred\u00ed ve\u013emi d\u00f4le\u017eit\u00e9. Odevy, ktor\u00e9 pon\u00fakame, s\u00fa dokonalou kombin\u00e1ciou modern\u00e9ho dizajnu, ergon\u00f3mie a \u0161pi\u010dkovej kvality, v\u010faka \u010domu je ka\u017ed\u00fd pracovn\u00fd de\u0148 jednoduch\u0161\u00ed a pr\u00edjemnej\u0161\u00ed.   <\/p>\n\n<p>N\u00e1\u0161 <a href=\"https:\/\/medandbeauty.com\/sk\/\">obchod so zdravotn\u00edckym oble\u010den\u00edm<\/a> odpor\u00fa\u010da:<\/p>\n\n<ul class=\"wp-block-list\">\n<li><a href=\"https:\/\/medandbeauty.com\/sklep\/dla-niej\/\">d\u00e1mske zdravotn\u00edcke oble\u010denie<\/a>,<\/li>\n\n\n\n<li><a href=\"https:\/\/medandbeauty.com\/sklep\/dla-niego\/\">p\u00e1nske zdravotn\u00edcke oble\u010denie<\/a>,<\/li>\n\n\n\n<li><a href=\"https:\/\/medandbeauty.com\/rodzaj-ubrania\/bluzki-medyczne\/\">lek\u00e1rske bl\u00fazky<\/a>,<\/li>\n\n\n\n<li><a href=\"https:\/\/medandbeauty.com\/rodzaj-ubrania\/spodnie-medyczne\/\">lek\u00e1rske nohavice<\/a>,<\/li>\n\n\n\n<li><a href=\"https:\/\/medandbeauty.com\/rodzaj-ubrania\/scrubsy\/\">lek\u00e1rske odevy.<\/a><\/li>\n<\/ul>\n\n<p>Odpor\u00fa\u010dame v\u00e1m zad\u00e1va\u0165 objedn\u00e1vky.<\/p>\n","protected":false},"excerpt":{"rendered":"<p>Pr\u00e1ca zdravotn\u00edckeho opatrovate\u013ea si vy\u017eaduje nielen ve\u013ek\u00fa d\u00e1vku empatie a odhodlania, ale aj spr\u00e1vnu pr\u00edpravu z h\u013eadiska oble\u010denia. Oble\u010denie zdravotn\u00edckeho pracovn\u00edka je d\u00f4le\u017eit\u00fdm prvkom, ktor\u00fd m\u00e1 priamy vplyv na pohodlie a kvalitu vykon\u00e1van\u00fdch \u00faloh. Po\u010das cel\u00e9ho d\u0148a by sa mal o\u0161etrovate\u013e vo svojom oble\u010den\u00ed c\u00edti\u0165 pohodlne bez oh\u013eadu na intenzitu vykon\u00e1vanej pr\u00e1ce alebo d\u013a\u017eku pohotovostnej [&hellip;]<\/p>\n","protected":false},"author":28789,"featured_media":0,"parent":0,"menu_order":0,"comment_status":"closed","ping_status":"closed","template":"page.php","meta":{"_acf_changed":false,"inline_featured_image":false,"footnotes":""},"class_list":["post-356304","page","type-page","status-publish","hentry"],"acf":[],"_links":{"self":[{"href":"https:\/\/medandbeauty.com\/sk\/wp-json\/wp\/v2\/pages\/356304","targetHints":{"allow":["GET"]}}],"collection":[{"href":"https:\/\/medandbeauty.com\/sk\/wp-json\/wp\/v2\/pages"}],"about":[{"href":"https:\/\/medandbeauty.com\/sk\/wp-json\/wp\/v2\/types\/page"}],"author":[{"embeddable":true,"href":"https:\/\/medandbeauty.com\/sk\/wp-json\/wp\/v2\/users\/28789"}],"replies":[{"embeddable":true,"href":"https:\/\/medandbeauty.com\/sk\/wp-json\/wp\/v2\/comments?post=356304"}],"version-history":[{"count":1,"href":"https:\/\/medandbeauty.com\/sk\/wp-json\/wp\/v2\/pages\/356304\/revisions"}],"predecessor-version":[{"id":356307,"href":"https:\/\/medandbeauty.com\/sk\/wp-json\/wp\/v2\/pages\/356304\/revisions\/356307"}],"wp:attachment":[{"href":"https:\/\/medandbeauty.com\/sk\/wp-json\/wp\/v2\/media?parent=356304"}],"curies":[{"name":"wp","href":"https:\/\/api.w.org\/{rel}","templated":true}]}}