{"id":356368,"date":"2024-03-12T14:06:56","date_gmt":"2024-03-12T13:06:56","guid":{"rendered":"https:\/\/medandbeauty.com\/ziskajte-10-zlavu-na-prvu-objednavku\/"},"modified":"2025-06-27T11:19:25","modified_gmt":"2025-06-27T09:19:25","slug":"ziskajte-10-zlavu-na-prvu-objednavku","status":"publish","type":"page","link":"https:\/\/medandbeauty.com\/sk\/ziskajte-10-zlavu-na-prvu-objednavku\/","title":{"rendered":"Z\u00edskajte 10% z\u013eavu na prv\u00fa objedn\u00e1vku!"},"content":{"rendered":"","protected":false},"excerpt":{"rendered":"","protected":false},"author":1,"featured_media":0,"parent":0,"menu_order":0,"comment_status":"closed","ping_status":"closed","template":"template-pages\/page-newsletter.php","meta":{"_acf_changed":false,"inline_featured_image":false,"footnotes":""},"class_list":["post-356368","page","type-page","status-publish","hentry"],"acf":[],"_links":{"self":[{"href":"https:\/\/medandbeauty.com\/sk\/wp-json\/wp\/v2\/pages\/356368","targetHints":{"allow":["GET"]}}],"collection":[{"href":"https:\/\/medandbeauty.com\/sk\/wp-json\/wp\/v2\/pages"}],"about":[{"href":"https:\/\/medandbeauty.com\/sk\/wp-json\/wp\/v2\/types\/page"}],"author":[{"embeddable":true,"href":"https:\/\/medandbeauty.com\/sk\/wp-json\/wp\/v2\/users\/1"}],"replies":[{"embeddable":true,"href":"https:\/\/medandbeauty.com\/sk\/wp-json\/wp\/v2\/comments?post=356368"}],"version-history":[{"count":1,"href":"https:\/\/medandbeauty.com\/sk\/wp-json\/wp\/v2\/pages\/356368\/revisions"}],"predecessor-version":[{"id":431091,"href":"https:\/\/medandbeauty.com\/sk\/wp-json\/wp\/v2\/pages\/356368\/revisions\/431091"}],"wp:attachment":[{"href":"https:\/\/medandbeauty.com\/sk\/wp-json\/wp\/v2\/media?parent=356368"}],"curies":[{"name":"wp","href":"https:\/\/api.w.org\/{rel}","templated":true}]}}