{"id":356853,"date":"2023-09-06T12:27:12","date_gmt":"2023-09-06T10:27:12","guid":{"rendered":"https:\/\/medandbeauty.com\/zasady-vratenia-tovaru\/"},"modified":"2025-03-02T07:26:55","modified_gmt":"2025-03-02T06:26:55","slug":"zasady-vratenia-tovaru","status":"publish","type":"page","link":"https:\/\/medandbeauty.com\/sk\/zasady-vratenia-tovaru\/","title":{"rendered":"Z\u00e1sady vr\u00e1tenia tovaru"},"content":{"rendered":"\n<p><b>Toto je uk\u00e1\u017eka str\u00e1nky.<\/b><\/p>\n\n<h3>Overview<\/h3>\n\n<p>Na\u0161a politika vr\u00e1tenia pe\u0148az\u00ed a vr\u00e1tenia tovaru trv\u00e1 30 dn\u00ed. Ak od n\u00e1kupu uplynulo 30 dn\u00ed, nem\u00f4\u017eeme v\u00e1m pon\u00faknu\u0165 vr\u00e1tenie pe\u0148az\u00ed alebo v\u00fdmenu v plnej v\u00fd\u0161ke. <\/p>\n\n<p>Aby ste mohli vr\u00e1ti\u0165 tovar, mus\u00ed by\u0165 nepou\u017eit\u00fd a v rovnakom stave, v akom ste ho dostali. Mus\u00ed by\u0165 tie\u017e v p\u00f4vodnom obale. <\/p>\n\n<p>Niektor\u00e9 druhy tovaru s\u00fa osloboden\u00e9 od vr\u00e1tenia. Tovar podliehaj\u00faci r\u00fdchlej skaze, ako s\u00fa potraviny, kvety, noviny alebo \u010dasopisy, nie je mo\u017en\u00e9 vr\u00e1ti\u0165. Neprij\u00edmame ani v\u00fdrobky, ktor\u00e9 s\u00fa int\u00edmnym alebo hygienick\u00fdm tovarom, nebezpe\u010dn\u00e9 materi\u00e1ly alebo hor\u013eav\u00e9 kvapaliny \u010di plyny.  <\/p>\n\n<p>\u010eal\u0161ie nevratn\u00e9 polo\u017eky:<\/p>\n\n<ul class=\"wp-block-list\">\n<li>Dar\u010dekov\u00e9 karty<\/li>\n<li>Softv\u00e9rov\u00e9 produkty na stiahnutie<\/li>\n<li>Niektor\u00e9 polo\u017eky zdravotnej a osobnej starostlivosti<\/li>\n<\/ul>\n\n<p>Na dokon\u010denie vr\u00e1tenia tovaru potrebujeme \u00fa\u010dtenku alebo doklad o k\u00fape.<\/p>\n\n<p>Pros\u00edm, neposielajte svoj n\u00e1kup sp\u00e4\u0165 v\u00fdrobcovi.<\/p>\n\n<p>V niektor\u00fdch situ\u00e1ci\u00e1ch sa poskytuj\u00fa len \u010diasto\u010dn\u00e9 n\u00e1hrady:<\/p>\n\n<ul class=\"wp-block-list\">\n<li>Kniha so zjavn\u00fdmi zn\u00e1mkami pou\u017e\u00edvania<\/li>\n<li>CD, DVD, VHS kazety, softv\u00e9r, videohry, kazety alebo vinylov\u00e9 platne, ktor\u00e9 boli otvoren\u00e9.<\/li>\n<li>Ak\u00fdko\u013evek tovar, ktor\u00fd nie je v p\u00f4vodnom stave, je po\u0161koden\u00fd alebo mu ch\u00fdbaj\u00fa \u010dasti z d\u00f4vodov, ktor\u00e9 neboli sp\u00f4soben\u00e9 na\u0161ou chybou.<\/li>\n<li>Ak\u00fdko\u013evek tovar vr\u00e1ten\u00fd po viac ako 30 d\u0148och od doru\u010denia<\/li>\n<\/ul>\n\n<h2>N\u00e1hrady<\/h2>\n\n<p>Po prijat\u00ed a kontrole vr\u00e1ten\u00e9ho tovaru v\u00e1m za\u0161leme e-mail s ozn\u00e1men\u00edm, \u017ee sme vr\u00e1ten\u00fd tovar prijali. Z\u00e1rove\u0148 v\u00e1s budeme informova\u0165 o schv\u00e1len\u00ed alebo zamietnut\u00ed vr\u00e1tenia pe\u0148az\u00ed. <\/p>\n\n<p>Ak v\u00e1m bude refund\u00e1cia schv\u00e1len\u00e1, do ur\u010dit\u00e9ho po\u010dtu dn\u00ed bude spracovan\u00e1 a na va\u0161u kreditn\u00fa kartu alebo p\u00f4vodn\u00fd sp\u00f4sob platby bude automaticky prip\u00edsan\u00fd kredit.<\/p>\n\n<b>Late or missing refunds<\/b>\n\n<p>Ak ste e\u0161te nedostali vr\u00e1ten\u00e9 peniaze, najprv si znovu skontrolujte svoj bankov\u00fd \u00fa\u010det.<\/p>\n\n<p>Potom sa obr\u00e1\u0165te na spolo\u010dnos\u0165 vyd\u00e1vaj\u00facu kreditn\u00e9 karty, m\u00f4\u017ee trva\u0165 ur\u010dit\u00fd \u010das, k\u00fdm bude refund\u00e1cia ofici\u00e1lne za\u00fa\u010dtovan\u00e1.<\/p>\n\n<p>Potom kontaktujte svoju banku. \u010casto trv\u00e1 ur\u010dit\u00fd \u010das, k\u00fdm sa vr\u00e1tenie pe\u0148az\u00ed za\u00fa\u010dtuje. <\/p>\n\n<p>Ak ste toto v\u0161etko urobili a e\u0161te st\u00e1le ste nedostali peniaze sp\u00e4\u0165, kontaktujte n\u00e1s na {emailov\u00e1 adresa}.<\/p>\n\n<b>Sale items<\/b>\n\n<p>Vr\u00e1ti\u0165 mo\u017eno len tovar za be\u017en\u00fa cenu. V\u00fdpredajov\u00e9 polo\u017eky nie je mo\u017en\u00e9 vr\u00e1ti\u0165. <\/p>\n\n<h2>V\u00fdmena<\/h2>\n\n<p>Polo\u017eky vymie\u0148ame len v pr\u00edpade, \u017ee s\u00fa chybn\u00e9 alebo po\u0161koden\u00e9. Ak ho potrebujete vymeni\u0165 za rovnak\u00fd tovar, po\u0161lite n\u00e1m e-mail na adresu {emailov\u00e1 adresa} a svoj tovar po\u0161lite na adresu: {Fyzick\u00e1 adresa}. <\/p>\n\n<h2>Dar\u010deky<\/h2>\n\n<p>Ak bol tovar pri zak\u00fapen\u00ed a odoslan\u00ed priamo v\u00e1m ozna\u010den\u00fd ako dar\u010dek, dostanete dobropis na hodnotu vr\u00e1ten\u00e9ho tovaru. Po prijat\u00ed vr\u00e1ten\u00e9ho tovaru v\u00e1m bude zaslan\u00fd dar\u010dekov\u00fd certifik\u00e1t. <\/p>\n\n<p>Ak polo\u017eka nebola pri n\u00e1kupe ozna\u010den\u00e1 ako dar\u010dek alebo si darca nechal objedn\u00e1vku posla\u0165 s\u00e1m, aby v\u00e1m ju nesk\u00f4r odovzdal, po\u0161leme darcovi peniaze sp\u00e4\u0165 a on sa dozvie o va\u0161om vr\u00e1ten\u00ed.<\/p>\n\n<h2>Vr\u00e1tenie z\u00e1sielky<\/h2>\n\n<p>Ak chcete vr\u00e1ti\u0165 v\u00fdrobok, po\u0161lite ho na adresu: Vr\u00e1tenie tovaru: {fyzick\u00e1 adresa}.<\/p>\n\n<p>N\u00e1klady na vr\u00e1tenie tovaru si hrad\u00edte sami. N\u00e1klady na dopravu sa nevracaj\u00fa. Ak v\u00e1m bud\u00fa vr\u00e1ten\u00e9 peniaze, n\u00e1klady na sp\u00e4tn\u00fa dopravu sa odpo\u010d\u00edtaj\u00fa od vr\u00e1ten\u00fdch pe\u0148az\u00ed.  <\/p>\n\n<p>V z\u00e1vislosti od miesta, kde \u017eijete, sa m\u00f4\u017ee l\u00ed\u0161i\u0165 \u010das, za ktor\u00fd sa k v\u00e1m vymie\u0148an\u00fd v\u00fdrobok dostane.<\/p>\n\n<p>Ak vraciate drah\u0161ie polo\u017eky, m\u00f4\u017eete zv\u00e1\u017ei\u0165 pou\u017eitie sledovate\u013enej prepravnej slu\u017eby alebo zak\u00fapenie poistenia prepravy. Nezaru\u010dujeme, \u017ee vr\u00e1ten\u00fd tovar dostaneme. <\/p>\n\n<h2>Potrebujete pomoc?<\/h2>\n\n<p>V pr\u00edpade ot\u00e1zok t\u00fdkaj\u00facich sa vr\u00e1tenia pe\u0148az\u00ed a vr\u00e1tenia tovaru n\u00e1s kontaktujte na adrese {email}.<\/p>\n","protected":false},"excerpt":{"rendered":"<p>Toto je uk\u00e1\u017eka str\u00e1nky. Overview Na\u0161a politika vr\u00e1tenia pe\u0148az\u00ed a vr\u00e1tenia tovaru trv\u00e1 30 dn\u00ed. Ak od n\u00e1kupu uplynulo 30 dn\u00ed, nem\u00f4\u017eeme v\u00e1m pon\u00faknu\u0165 vr\u00e1tenie pe\u0148az\u00ed alebo v\u00fdmenu v plnej v\u00fd\u0161ke. Aby ste mohli vr\u00e1ti\u0165 tovar, mus\u00ed by\u0165 nepou\u017eit\u00fd a v rovnakom stave, v akom ste ho dostali. Mus\u00ed by\u0165 tie\u017e v p\u00f4vodnom obale. Niektor\u00e9 [&hellip;]<\/p>\n","protected":false},"author":1,"featured_media":0,"parent":0,"menu_order":0,"comment_status":"closed","ping_status":"closed","template":"","meta":{"_acf_changed":false,"inline_featured_image":false,"footnotes":""},"class_list":["post-356853","page","type-page","status-publish","hentry"],"acf":[],"_links":{"self":[{"href":"https:\/\/medandbeauty.com\/sk\/wp-json\/wp\/v2\/pages\/356853","targetHints":{"allow":["GET"]}}],"collection":[{"href":"https:\/\/medandbeauty.com\/sk\/wp-json\/wp\/v2\/pages"}],"about":[{"href":"https:\/\/medandbeauty.com\/sk\/wp-json\/wp\/v2\/types\/page"}],"author":[{"embeddable":true,"href":"https:\/\/medandbeauty.com\/sk\/wp-json\/wp\/v2\/users\/1"}],"replies":[{"embeddable":true,"href":"https:\/\/medandbeauty.com\/sk\/wp-json\/wp\/v2\/comments?post=356853"}],"version-history":[{"count":1,"href":"https:\/\/medandbeauty.com\/sk\/wp-json\/wp\/v2\/pages\/356853\/revisions"}],"predecessor-version":[{"id":356856,"href":"https:\/\/medandbeauty.com\/sk\/wp-json\/wp\/v2\/pages\/356853\/revisions\/356856"}],"wp:attachment":[{"href":"https:\/\/medandbeauty.com\/sk\/wp-json\/wp\/v2\/media?parent=356853"}],"curies":[{"name":"wp","href":"https:\/\/api.w.org\/{rel}","templated":true}]}}