{"id":382819,"date":"2025-03-25T14:12:29","date_gmt":"2025-03-25T13:12:29","guid":{"rendered":"https:\/\/medandbeauty.com\/registracia-zaujemcov-o-ucast-na-stretnuti\/"},"modified":"2025-03-25T14:46:42","modified_gmt":"2025-03-25T13:46:42","slug":"registracia-zaujemcov-o-ucast-na-stretnuti","status":"publish","type":"page","link":"https:\/\/medandbeauty.com\/sk\/registracia-zaujemcov-o-ucast-na-stretnuti\/","title":{"rendered":"Registr\u00e1cia z\u00e1ujemcov o \u00fa\u010das\u0165 na stretnut\u00ed"},"content":{"rendered":"\n\n<div class=\"wpcf7 no-js\" id=\"wpcf7-f382685-o1\" lang=\"sk-SK\" dir=\"ltr\" data-wpcf7-id=\"382685\">\n<div class=\"screen-reader-response\"><p role=\"status\" aria-live=\"polite\" aria-atomic=\"true\"><\/p> <ul><\/ul><\/div>\n<form action=\"\/sk\/wp-json\/wp\/v2\/pages\/382819#wpcf7-f382685-o1\" method=\"post\" class=\"wpcf7-form init\" aria-label=\"Kontaktn\u00fd formul\u00e1r\" novalidate=\"novalidate\" data-status=\"init\">\n<fieldset class=\"hidden-fields-container\"><input type=\"hidden\" name=\"_wpcf7\" value=\"382685\" \/><input type=\"hidden\" name=\"_wpcf7_version\" value=\"6.1.5\" \/><input type=\"hidden\" name=\"_wpcf7_locale\" value=\"sk_SK\" \/><input type=\"hidden\" name=\"_wpcf7_unit_tag\" value=\"wpcf7-f382685-o1\" \/><input type=\"hidden\" name=\"_wpcf7_container_post\" value=\"0\" \/><input type=\"hidden\" name=\"_wpcf7_posted_data_hash\" value=\"\" \/><input type=\"hidden\" name=\"_wpcf7_recaptcha_response\" value=\"\" \/>\n<\/fieldset>\n<div class=\"form-section wpc_form_registration\">\n\t<div class=\"form-row\">\n\t\t<p>N\u00e1zov <label> <span class=\"requied\">*<\/span><\/label><br \/>\n<span class=\"wpcf7-form-control-wrap\" data-name=\"full_name\"><input size=\"40\" maxlength=\"400\" minlength=\"2\" class=\"wpcf7-form-control wpcf7-text wpcf7-validates-as-required full_name\" aria-required=\"true\" aria-invalid=\"false\" placeholder=\"N\u00e1zov\" value=\"\" type=\"text\" name=\"full_name\" \/><\/span>\n\t\t<\/p>\n\t<\/div>\n\t<div class=\"form-row\">\n\t\t<p><label> Ste n\u00e1\u0161 z\u00e1kazn\u00edk? <span class=\"requied\">*<\/span><\/label><br \/>\n<span class=\"wpcf7-form-control-wrap\" data-name=\"client\"><span class=\"wpcf7-form-control wpcf7-radio client\"><span class=\"wpcf7-list-item first\"><label><input type=\"radio\" name=\"client\" value=\"\u00c1no\" \/><span class=\"wpcf7-list-item-label\">\u00c1no<\/span><\/label><\/span><span class=\"wpcf7-list-item last\"><label><input type=\"radio\" name=\"client\" value=\"Nie\" \/><span class=\"wpcf7-list-item-label\">Nie<\/span><\/label><\/span><\/span><\/span>\n\t\t<\/p>\n\t<\/div>\n\t<div class=\"form-row\">\n\t\t<p><label> \u010comu sa venujete profesion\u00e1lne? <span class=\"requied\">*<\/span><\/label><br \/>\n<span class=\"wpcf7-form-control-wrap\" data-name=\"work\"><input size=\"40\" maxlength=\"400\" minlength=\"2\" class=\"wpcf7-form-control wpcf7-text wpcf7-validates-as-required work\" aria-required=\"true\" aria-invalid=\"false\" placeholder=\"\u010co rob\u00edte profesion\u00e1lne?\" value=\"\" type=\"text\" name=\"work\" \/><\/span>\n\t\t<\/p>\n\t<\/div>\n\t<div class=\"form-row\">\n\t\t<p><label> Kontaktn\u00fd e-mail <span class=\"requied\">*<\/span><\/label><br \/>\n<span class=\"wpcf7-form-control-wrap\" data-name=\"mail\"><input size=\"40\" maxlength=\"400\" minlength=\"2\" class=\"wpcf7-form-control wpcf7-email wpcf7-validates-as-required wpcf7-text wpcf7-validates-as-email mail\" aria-required=\"true\" aria-invalid=\"false\" placeholder=\"Kontaktn\u00fd e-mail\" value=\"\" type=\"email\" name=\"mail\" \/><\/span>\n\t\t<\/p>\n\t<\/div>\n\t<div class=\"form-row\">\n\t\t<p><label> Telef\u00f3nne \u010d\u00edslo <span class=\"requied\">*<\/span><\/label><br \/>\n<span class=\"wpcf7-form-control-wrap\" data-name=\"phone_nubmer\"><input size=\"40\" maxlength=\"400\" minlength=\"9\" class=\"wpcf7-form-control wpcf7-tel wpcf7-validates-as-required wpcf7-text wpcf7-validates-as-tel phone_nubmer\" aria-required=\"true\" aria-invalid=\"false\" placeholder=\"500600700\" value=\"\" type=\"tel\" name=\"phone_nubmer\" \/><\/span>\n\t\t<\/p>\n\t<\/div>\n\t<div class=\"form-row\">\n\t\t<p><span class=\"wpcf7-form-control-wrap\" data-name=\"acceptance-1\"><span class=\"wpcf7-form-control wpcf7-acceptance\"><span class=\"wpcf7-list-item\"><label><input type=\"checkbox\" name=\"acceptance-1\" value=\"1\" class=\"acceptance-1\" aria-invalid=\"false\" \/><span class=\"wpcf7-list-item-label\">S\u00fahlas\u00edte so zdie\u013ean\u00edm va\u0161ej podobizne na na\u0161ich soci\u00e1lnych sie\u0165ach?- spr\u00e1va zo stretnutia<\/span><\/label><\/span><\/span><\/span>\n\t\t<\/p>\n\t<\/div>\n\t<div class=\"form-row\">\n\t\t<p><label> Pre\u010do sa chcete z\u00fa\u010dastni\u0165 na stretnut\u00ed? <span class=\"requied\">*<\/span><\/label><br \/>\n<span class=\"wpcf7-form-control-wrap\" data-name=\"why\"><input size=\"40\" maxlength=\"400\" minlength=\"2\" class=\"wpcf7-form-control wpcf7-text wpcf7-validates-as-required why\" autocomplete=\"name\" aria-required=\"true\" aria-invalid=\"false\" placeholder=\"Pre\u010do sa chcete z\u00fa\u010dastni\u0165?\" value=\"\" type=\"text\" name=\"why\" \/><\/span>\n\t\t<\/p>\n\t<\/div>\n\t<div class=\"form-row\">\n\t\t<p><span class=\"wpcf7-form-control-wrap\" data-name=\"acceptance-2\"><span class=\"wpcf7-form-control wpcf7-acceptance\"><span class=\"wpcf7-list-item\"><label><input type=\"checkbox\" name=\"acceptance-2\" value=\"1\" class=\"acceptance-2\" aria-invalid=\"false\" \/><span class=\"wpcf7-list-item-label\">S\u00fahlas\u00edm so spracovan\u00edm mojich osobn\u00fdch \u00fadajov vr\u00e1tane mena, e-mailovej adresy, telef\u00f3nneho \u010d\u00edsla spolo\u010dnos\u0165ou MED&BEAUTY - GROCHOLEWSKI ; ul.27 Grudnia 15A, 64-330 Opalenica, Po\u013esko na \u00fa\u010dely zasielania reklamn\u00fdch inform\u00e1ci\u00ed. <span class=\"acceptance_more_info_btn\">Viac<\/span> <span class=\"acceptance_more_info acceptance_more_info_hidden\">Okrem toho vyhlasujem, \u017ee som bol informovan\u00fd o tom, \u017ee svoj s\u00fahlas m\u00f4\u017eem kedyko\u013evek odvola\u0165 a \u017ee jeho odvolanie nem\u00e1 vplyv na z\u00e1konnos\u0165 spracovania, ktor\u00e9 sa vykon\u00e1valo na z\u00e1klade s\u00fahlasu pred jeho odvolan\u00edm.<\/span><\/span><\/label><\/span><\/span><\/span>\n\t\t<\/p>\n\t<\/div>\n\t<p><input class=\"wpcf7-form-control wpcf7-submit has-spinner send-btn btn\" id=\"send-btn\" type=\"submit\" value=\"Odosla\u0165\" \/>\n\t<\/p>\n<\/div><div class=\"wpcf7-response-output\" aria-hidden=\"true\"><\/div>\n<\/form>\n<\/div>\n\n<p>\n<script>$(document).ready(function() {console.log('test123')\n    if ($('.wpc_form_registration').length) {<\/p>\n<p>        if ($('.acceptance_more_info_btn').length &amp;&amp; $('.acceptance_more_info_hidden').length) {\n            $('.acceptance_more_info_btn').on('click', function() {\n                $('.acceptance_more_info').removeClass('acceptance_more_info_hidden');\n            });\n        }\n    }\n});<\/scirpt><\/script><\/p>\n","protected":false},"excerpt":{"rendered":"","protected":false},"author":1,"featured_media":0,"parent":0,"menu_order":0,"comment_status":"closed","ping_status":"closed","template":"template-pages\/page_form_register.php","meta":{"_acf_changed":false,"inline_featured_image":false,"footnotes":""},"class_list":["post-382819","page","type-page","status-publish","hentry"],"acf":[],"_links":{"self":[{"href":"https:\/\/medandbeauty.com\/sk\/wp-json\/wp\/v2\/pages\/382819","targetHints":{"allow":["GET"]}}],"collection":[{"href":"https:\/\/medandbeauty.com\/sk\/wp-json\/wp\/v2\/pages"}],"about":[{"href":"https:\/\/medandbeauty.com\/sk\/wp-json\/wp\/v2\/types\/page"}],"author":[{"embeddable":true,"href":"https:\/\/medandbeauty.com\/sk\/wp-json\/wp\/v2\/users\/1"}],"replies":[{"embeddable":true,"href":"https:\/\/medandbeauty.com\/sk\/wp-json\/wp\/v2\/comments?post=382819"}],"version-history":[{"count":1,"href":"https:\/\/medandbeauty.com\/sk\/wp-json\/wp\/v2\/pages\/382819\/revisions"}],"predecessor-version":[{"id":382820,"href":"https:\/\/medandbeauty.com\/sk\/wp-json\/wp\/v2\/pages\/382819\/revisions\/382820"}],"wp:attachment":[{"href":"https:\/\/medandbeauty.com\/sk\/wp-json\/wp\/v2\/media?parent=382819"}],"curies":[{"name":"wp","href":"https:\/\/api.w.org\/{rel}","templated":true}]}}