{"id":358476,"date":"2025-02-12T21:17:39","date_gmt":"2025-02-12T20:17:39","guid":{"rendered":"https:\/\/medandbeauty.com\/product\/lekarska-taska-beauty-expert\/"},"modified":"2025-11-18T11:43:02","modified_gmt":"2025-11-18T10:43:02","slug":"lekarska-taska-beauty-expert","status":"publish","type":"product","link":"https:\/\/medandbeauty.com\/sk\/product\/lekarska-taska-beauty-expert\/","title":{"rendered":"Lek\u00e1rska ta\u0161ka Beauty Expert"},"content":{"rendered":"<p><strong>NOVINKA v na\u0161ej ponuke<\/strong> &#8211; objemn\u00e9 bavlnen\u00e9 lek\u00e1rske ta\u0161ky s n\u00e1pismi, ktor\u00e9 zd\u00f4raznia v\u00e1\u0161e\u0148 pre va\u0161u profesiu!<\/p>\n<p>Pracujete v kozmetickom priemysle? Zv\u00fdraznite svoju pr\u00edslu\u0161nos\u0165 ku kozmetike<strong> lek\u00e1rskou ta\u0161kou s n\u00e1pisom: S kozmetickou ta\u0161kou s n\u00e1pisom: Expert na kr\u00e1su!<\/strong> <\/p>\n<p><span style=\"font-weight: 400;\">Ke\u010f tr\u00e1vite v pr\u00e1ci dlh\u00e9 a intenz\u00edvne hodiny, potrebujete nielen<strong> lek\u00e1rske oble\u010denie, <\/strong>ktor\u00e9 v\u00e1m poskytne maxim\u00e1lne pohodlie, ale aj priestrann\u00fa<strong> lek\u00e1rsku ta\u0161ku na<\/strong> v\u0161etky doplnky, ktor\u00e9 v pr\u00e1ci potrebujete!<\/span><\/p>\n<p><b>Lek\u00e1rska ta\u0161ka s n\u00e1pisom: <\/b>Vrecko s n\u00e1pisom <b>Beauty Expert <\/b>bolo vyroben\u00e9 zo 100% bavlny.<\/p>\n<p style=\"font-weight: 400;\"><strong>Ta\u0161ka<\/strong> je vybaven\u00e1 dvoma p\u00e1rmi dr\u017eadiel, tak\u017ee ju m\u00f4\u017eete nosi\u0165 v ruke alebo prehoden\u00fa cez rameno.<\/p>\n<p>Vn\u00fatri  <strong>lek\u00e1rske ta\u0161ky<\/strong>  Zahrnuli sme \u010fal\u0161ie vrecko na men\u0161ie predmety. Okrem toho je ta\u0161ka vybaven\u00e1 zap\u00ednan\u00edm, aby ste ju mohli bezpe\u010dne uzavrie\u0165. <\/p>\n<p>N\u00e1pisy umiestnen\u00e9 na<strong> lek\u00e1rskych ta\u0161k\u00e1ch<\/strong> zd\u00f4raznia va\u0161u profesionalitu a l\u00e1sku k v\u00fdkonu povolania.<\/p>\n<p>Zabezpe\u010dte si maxim\u00e1lne pohodlie pri pr\u00e1ci so<strong> zdravotnou ta\u0161kou s n\u00e1pisom: Z\u00e1chranca \u017eivota!<\/strong><\/p>\n<ul>\n<li>D\u013a\u017eka: 53,5 cm, \u0161\u00edrka: 33 cm<\/li>\n<li>Kr\u00e1tke ucho: 27 cm, dlh\u00e9 ucho: 59 cm.<\/li>\n<li style=\"font-weight: 400;\">100 % bavlna<\/li>\n<li>Jedine\u010dn\u00fd dizajn<\/li>\n<li>Dve d\u013a\u017eky u\u0161\u00ed<\/li>\n<li>N\u00e1pisy zd\u00f4raz\u0148uj\u00face profesiu<\/li>\n<\/ul>\n<p><strong>\u010eal\u0161ie inform\u00e1cie:<\/strong><\/p>\n<p>Odtie\u0148 vakov na fotografi\u00e1ch sa m\u00f4\u017ee l\u00ed\u0161i\u0165 od skuto\u010dn\u00e9ho &#8211; je to sp\u00f4soben\u00e9 r\u00f4znorodos\u0165ou dostupn\u00fdch elektronick\u00fdch zariaden\u00ed a ich individu\u00e1lnym nastaven\u00edm.<\/p>\n","protected":false},"excerpt":{"rendered":"<p>NOVINKA v na\u0161ej ponuke &#8211; objemn\u00e9 bavlnen\u00e9 lek\u00e1rske ta\u0161ky s n\u00e1pismi, ktor\u00e9 zd\u00f4raznia v\u00e1\u0161e\u0148 pre va\u0161u profesiu! Pracujete v kozmetickom priemysle? Zv\u00fdraznite svoju pr\u00edslu\u0161nos\u0165 ku kozmetike lek\u00e1rskou ta\u0161kou s n\u00e1pisom: S kozmetickou ta\u0161kou s n\u00e1pisom: Expert na kr\u00e1su! Ke\u010f tr\u00e1vite v pr\u00e1ci dlh\u00e9 a intenz\u00edvne hodiny, potrebujete nielen lek\u00e1rske oble\u010denie, ktor\u00e9 v\u00e1m poskytne maxim\u00e1lne pohodlie, [&hellip;]<\/p>\n","protected":false},"featured_media":358484,"comment_status":"open","ping_status":"closed","template":"","meta":{"_acf_changed":false,"inline_featured_image":false},"kolor":[1057],"rodzaj-ubrania":[],"ubranie":[1061],"product_brand":[],"product_cat":[1059,1058,1060],"product_tag":[],"class_list":{"0":"post-358476","1":"product","2":"type-product","3":"status-publish","4":"has-post-thumbnail","6":"kolor-beiges-sk","7":"ubranie-lekarska-taska","8":"product_cat-novinky","9":"product_cat-pre-nu","10":"product_cat-prislusenstvo","12":"first","13":"instock","14":"taxable","15":"shipping-taxable","16":"purchasable","17":"product-type-simple"},"acf":[],"_links":{"self":[{"href":"https:\/\/medandbeauty.com\/sk\/wp-json\/wp\/v2\/product\/358476","targetHints":{"allow":["GET"]}}],"collection":[{"href":"https:\/\/medandbeauty.com\/sk\/wp-json\/wp\/v2\/product"}],"about":[{"href":"https:\/\/medandbeauty.com\/sk\/wp-json\/wp\/v2\/types\/product"}],"replies":[{"embeddable":true,"href":"https:\/\/medandbeauty.com\/sk\/wp-json\/wp\/v2\/comments?post=358476"}],"wp:featuredmedia":[{"embeddable":true,"href":"https:\/\/medandbeauty.com\/sk\/wp-json\/wp\/v2\/media\/358484"}],"wp:attachment":[{"href":"https:\/\/medandbeauty.com\/sk\/wp-json\/wp\/v2\/media?parent=358476"}],"wp:term":[{"taxonomy":"kolor","embeddable":true,"href":"https:\/\/medandbeauty.com\/sk\/wp-json\/wp\/v2\/kolor?post=358476"},{"taxonomy":"rodzaj-ubrania","embeddable":true,"href":"https:\/\/medandbeauty.com\/sk\/wp-json\/wp\/v2\/rodzaj-ubrania?post=358476"},{"taxonomy":"ubranie","embeddable":true,"href":"https:\/\/medandbeauty.com\/sk\/wp-json\/wp\/v2\/ubranie?post=358476"},{"taxonomy":"product_brand","embeddable":true,"href":"https:\/\/medandbeauty.com\/sk\/wp-json\/wp\/v2\/product_brand?post=358476"},{"taxonomy":"product_cat","embeddable":true,"href":"https:\/\/medandbeauty.com\/sk\/wp-json\/wp\/v2\/product_cat?post=358476"},{"taxonomy":"product_tag","embeddable":true,"href":"https:\/\/medandbeauty.com\/sk\/wp-json\/wp\/v2\/product_tag?post=358476"}],"curies":[{"name":"wp","href":"https:\/\/api.w.org\/{rel}","templated":true}]}}