{"id":358614,"date":"2025-02-24T08:03:36","date_gmt":"2025-02-24T07:03:36","guid":{"rendered":"https:\/\/medandbeauty.com\/product\/zdravotnicke-nohavice-panske-joggers-scrubs-basic-cappuccino\/"},"modified":"2026-03-24T17:04:46","modified_gmt":"2026-03-24T16:04:46","slug":"zdravotnicke-nohavice-panske-joggers-scrubs-basic-cappuccino","status":"publish","type":"product","link":"https:\/\/medandbeauty.com\/sk\/product\/zdravotnicke-nohavice-panske-joggers-scrubs-basic-cappuccino\/","title":{"rendered":"Zdravotn\u00edcke nohavice p\u00e1nske joggers scrubs Basic CAPPUCCINO"},"content":{"rendered":"<p>H\u013ead\u00e1te dokonal\u00e9<strong> lek\u00e1rske be\u017eeck\u00e9 nohavice na<\/strong> ka\u017edodenn\u00fa pr\u00e1cu?<\/p>\n<p>Na\u0161a str\u00e1nka<a href=\"https:\/\/medandbeauty.com\/sk\/shop\/pre-neho\/zakladna-kolekcia-sk\/\" target=\"_blank\" rel=\"noopener\"> <strong>z\u00e1kladn\u00e9 odevy<\/strong><\/a> splnia v\u0161etky va\u0161e o\u010dak\u00e1vania!<\/p>\n<p>Ak oce\u0148ujete <strong>zdravotn\u00edcke oble\u010denie<\/strong> z najkvalitnej\u0161\u00edch materi\u00e1lov, ktor\u00e9 poskytuje maxim\u00e1lne pohodlie &#8211; <strong>p\u00e1nske zdravotn\u00e9 tepl\u00e1ky Med &amp; Beauty Basic<\/strong> <strong>vo farbe cappuccino<\/strong> mus\u00edte ma\u0165 vo svojom \u0161atn\u00edku.<\/p>\n<p><strong>P\u00e1nske lek\u00e1rske nohavice Scrubs Basic cappuccino<\/strong> s\u00fa vyroben\u00e9 z tkaniny pr\u00edjemnej na dotyk a pr\u00edjemnej na nosenie, tak\u017ee zaru\u010duj\u00fa \u00fapln\u00fd komfort pri nosen\u00ed a neobmedzuj\u00fa v pohybe. Kombin\u00e1cia polyesteru, visk\u00f3zy a lycry znamen\u00e1, \u017ee tkanina sa dokonale prisp\u00f4sob\u00ed p\u00e1nskej siluete a z\u00e1rove\u0148 je mimoriadne odoln\u00e1 a vysoko priedu\u0161n\u00e1. <\/p>\n<p>Stopercentn\u00e9 pohodlie v\u00e1m zaru\u010d\u00ed mierne zv\u00fd\u0161en\u00fd vrchn\u00fd diel a \u0161irok\u00fd a elastick\u00fd p\u00e1s obohaten\u00fd \u0161n\u00farkou na jednoduch\u00e9 nastavenie ve\u013ekosti. <strong>P\u00e1nske zdravotn\u00e9 be\u017eeck\u00e9 nohavice z <a href=\"https:\/\/medandbeauty.com\/sk\/shop\/pre-neho\/zakladna-kolekcia-sk\/\" target=\"_blank\" rel=\"noopener\">kolekcie Med &amp; Beauty Basic<\/a><\/strong> neobmedzuj\u00fa v pohybe ani pri dlhodobom nosen\u00ed.<\/p>\n<p><strong>Zdravotn\u00edcke be\u017eeck\u00e9 nohavice vo farbe cappuccina<\/strong> s\u00fa vybaven\u00e9 \u0161iestimi priestrann\u00fdmi a funk\u010dn\u00fdmi vreckami, ktor\u00e9 v\u00e1m umo\u017enia ma\u0165 po ruke v\u0161etky pracovn\u00e9 potreby a n\u00e1stroje.<\/p>\n<p>Bavlnen\u00e9 \u0161n\u00farky v spodnej \u010dasti nohav\u00edc zabra\u0148uj\u00fa vy\u0165ahovaniu nohav\u00edc po\u010das intenz\u00edvnej pr\u00e1ce a dokonca aj pri prudk\u00fdch pohyboch.<\/p>\n<p>Vytvorte si dokonal\u00fa <strong>s\u00fapravu lek\u00e1rskeho oble\u010denia<\/strong> zladen\u00edm <strong>p\u00e1nskych lek\u00e1rskych be\u017eeck\u00fdch nohav\u00edc vo farbe cappuccino s lek\u00e1rskou bl\u00fazkou<\/strong> z rovnak\u00e9ho materi\u00e1lu.<\/p>\n<ul>\n<li>\u0160es\u0165 funk\u010dn\u00fdch, priestrann\u00fdch vreciek<\/li>\n<li><span style=\"font-family: inherit;\">Elastick\u00fd p\u00e1s so s\u0165ahovacou \u0161n\u00farkou na nastavenie ve\u013ekosti<\/span><\/li>\n<li><span style=\"font-family: inherit;\">Bavlnen\u00e9 rebr\u00e1 na noh\u00e1ch<\/span><\/li>\n<li><span style=\"font-family: inherit;\">Klasick\u00fd, \u0161portov\u00fd strih<\/span><\/li>\n<\/ul>\n<p>&nbsp;<\/p>\n<p><strong>\u010eal\u0161ie inform\u00e1cie:<\/strong><\/p>\n<p>Modelka na fotografi\u00e1ch m\u00e1 na sebe ve\u013ekos\u0165 L a je vysok\u00e1 186 cm.<\/p>\n<p>Ak si neviete vybra\u0165 ve\u013ekos\u0165, pozrite si tabu\u013eku ve\u013ekost\u00ed. Ak m\u00e1te \u010fal\u0161ie pochybnosti &#8211; po\u0161lite n\u00e1m svoje miery a my v\u00e1m ju prisp\u00f4sob\u00edme. <\/p>\n<p>Farby odevov v <a href=\"https:\/\/medandbeauty.com\/sk\/shop\/pre-neho\/zakladna-kolekcia-sk\/\" target=\"_blank\" rel=\"noopener\">kolekcii Basic<\/a> sa nezhoduj\u00fa s farbami odevov v <a href=\"https:\/\/medandbeauty.com\/sk\/shop\/pre-neho\/kolekcia-premium-sk\/\" target=\"_blank\" rel=\"noopener\">kolekcii Premium<\/a> &#8211; s\u00fa vyroben\u00e9 z r\u00f4znych materi\u00e1lov.<\/p>\n<p>Odtiene jednotliv\u00fdch odevov na obr\u00e1zkoch sa m\u00f4\u017eu l\u00ed\u0161i\u0165 od skuto\u010dn\u00fdch &#8211; je to sp\u00f4soben\u00e9 r\u00f4znorodos\u0165ou dostupn\u00fdch elektronick\u00fdch zariaden\u00ed a ich individu\u00e1lnym nastaven\u00edm.<\/p>\n","protected":false},"excerpt":{"rendered":"<p>H\u013ead\u00e1te dokonal\u00e9 lek\u00e1rske be\u017eeck\u00e9 nohavice na ka\u017edodenn\u00fa pr\u00e1cu? Na\u0161a str\u00e1nka z\u00e1kladn\u00e9 odevy splnia v\u0161etky va\u0161e o\u010dak\u00e1vania! Ak oce\u0148ujete zdravotn\u00edcke oble\u010denie z najkvalitnej\u0161\u00edch materi\u00e1lov, ktor\u00e9 poskytuje maxim\u00e1lne pohodlie &#8211; p\u00e1nske zdravotn\u00e9 tepl\u00e1ky Med &amp; Beauty Basic vo farbe cappuccino mus\u00edte ma\u0165 vo svojom \u0161atn\u00edku. P\u00e1nske lek\u00e1rske nohavice Scrubs Basic cappuccino s\u00fa vyroben\u00e9 z tkaniny pr\u00edjemnej na [&hellip;]<\/p>\n","protected":false},"featured_media":358634,"comment_status":"open","ping_status":"closed","template":"","meta":{"_acf_changed":false,"inline_featured_image":false},"kolor":[1057],"rodzaj-ubrania":[1082,1095],"ubranie":[1115],"product_brand":[],"product_cat":[1102,1114,1100,1098,1099],"product_tag":[1337,1363],"class_list":{"0":"post-358614","1":"product","2":"type-product","3":"status-publish","4":"has-post-thumbnail","6":"kolor-beiges-sk","7":"rodzaj-ubrania-kroviny","8":"rodzaj-ubrania-lekarske-nohavice","9":"ubranie-panske-lekarske-nohavice-joggers-scrubs-basic","10":"product_cat-kroviny-sk","11":"product_cat-lekarske-nohavice-sk","12":"product_cat-novinky-sk","13":"product_cat-pre-neho","14":"product_cat-zakladna-kolekcia-sk","15":"product_tag-panske-zdravotne-bezecke-nohavice","16":"product_tag-zdravotnicke-oblecenie-pre-studentov","18":"first","19":"instock","20":"taxable","21":"shipping-taxable","22":"purchasable","23":"product-type-variable"},"acf":[],"_links":{"self":[{"href":"https:\/\/medandbeauty.com\/sk\/wp-json\/wp\/v2\/product\/358614","targetHints":{"allow":["GET"]}}],"collection":[{"href":"https:\/\/medandbeauty.com\/sk\/wp-json\/wp\/v2\/product"}],"about":[{"href":"https:\/\/medandbeauty.com\/sk\/wp-json\/wp\/v2\/types\/product"}],"replies":[{"embeddable":true,"href":"https:\/\/medandbeauty.com\/sk\/wp-json\/wp\/v2\/comments?post=358614"}],"wp:featuredmedia":[{"embeddable":true,"href":"https:\/\/medandbeauty.com\/sk\/wp-json\/wp\/v2\/media\/358634"}],"wp:attachment":[{"href":"https:\/\/medandbeauty.com\/sk\/wp-json\/wp\/v2\/media?parent=358614"}],"wp:term":[{"taxonomy":"kolor","embeddable":true,"href":"https:\/\/medandbeauty.com\/sk\/wp-json\/wp\/v2\/kolor?post=358614"},{"taxonomy":"rodzaj-ubrania","embeddable":true,"href":"https:\/\/medandbeauty.com\/sk\/wp-json\/wp\/v2\/rodzaj-ubrania?post=358614"},{"taxonomy":"ubranie","embeddable":true,"href":"https:\/\/medandbeauty.com\/sk\/wp-json\/wp\/v2\/ubranie?post=358614"},{"taxonomy":"product_brand","embeddable":true,"href":"https:\/\/medandbeauty.com\/sk\/wp-json\/wp\/v2\/product_brand?post=358614"},{"taxonomy":"product_cat","embeddable":true,"href":"https:\/\/medandbeauty.com\/sk\/wp-json\/wp\/v2\/product_cat?post=358614"},{"taxonomy":"product_tag","embeddable":true,"href":"https:\/\/medandbeauty.com\/sk\/wp-json\/wp\/v2\/product_tag?post=358614"}],"curies":[{"name":"wp","href":"https:\/\/api.w.org\/{rel}","templated":true}]}}