{"id":360945,"date":"2025-02-25T16:51:09","date_gmt":"2025-02-25T15:51:09","guid":{"rendered":"https:\/\/medandbeauty.com\/product\/damske-lekarske-nohavice-proste-scrubs-basic-cold-nude\/"},"modified":"2025-12-23T12:09:18","modified_gmt":"2025-12-23T11:09:18","slug":"damske-lekarske-nohavice-proste-scrubs-basic-cold-nude","status":"publish","type":"product","link":"https:\/\/medandbeauty.com\/sk\/product\/damske-lekarske-nohavice-proste-scrubs-basic-cold-nude\/","title":{"rendered":"D\u00e1mske lek\u00e1rske nohavice PROSTE scrubs basic COLD NUDE"},"content":{"rendered":"<p style=\"font-weight: 400;\">Tento klasick\u00fd a pohodln\u00fd model bud\u00fa zbo\u017e\u0148ova\u0165 v\u0161etci milovn\u00edci nad\u010dasovej elegancie!<\/p>\n<p style=\"font-weight: 400;\">Chcete si pri pr\u00e1ci zachova\u0165 dokonal\u00fd vzh\u013ead a c\u00edti\u0165 sa senza\u010dne?<\/p>\n<p><strong style=\"font-weight: 400;\">Lek\u00e1rske rovn\u00e9 nohavice z <a href=\"https:\/\/medandbeauty.com\/sk\/shop\/pre-nu\/zakladna-kolekcia\/\" target=\"_blank\" rel=\"noopener\">kolekcie Med &amp; Beauty Basic<\/a> v studenej <\/strong><b>nahej<\/b> farbe s\u00fa ide\u00e1lnou vo\u013ebou pre v\u0161etky \u017eeny, ktor\u00e9 si cenia profesionalitu a pohodlie po\u010das dlh\u00fdch pracovn\u00fdch hod\u00edn.<\/p>\n<p><strong style=\"font-weight: 400;\">D\u00e1mske rovn\u00e9 lek\u00e1rske nohavice Scrubs Basic v<\/strong><b>studenej nahej<\/b> farbe s\u00fa u\u0161it\u00e9 z m\u00e4kk\u00e9ho materi\u00e1lu pr\u00edjemn\u00e9ho na dotyk, tak\u017ee poskytuj\u00fa vysok\u00fd komfort pri nosen\u00ed a \u00fapln\u00fa vo\u013enos\u0165 pohybu.<\/p>\n<p style=\"font-weight: 400;\">V\u010faka kombin\u00e1cii polyesteru, visk\u00f3zy a lycry sa tkanina dokonale prisp\u00f4sob\u00ed ka\u017ed\u00e9mu typu \u017eenskej postavy a z\u00e1rove\u0148 je mimoriadne odoln\u00e1 a priedu\u0161n\u00e1.<\/p>\n<p style=\"font-weight: 400;\"><strong>D\u00e1mske jednoduch\u00e9 lek\u00e1rske nohavice Scrubs z <a href=\"https:\/\/medandbeauty.com\/sk\/shop\/pre-nu\/zakladna-kolekcia\/\" target=\"_blank\" rel=\"noopener\">kolekcie Basic<\/a><\/strong> s\u00fa vybaven\u00e9 \u0161tyrmi funk\u010dn\u00fdmi vreckami (dve vzadu a dve vpredu), do ktor\u00fdch si m\u00f4\u017eete da\u0165 v\u0161etky doplnky a drobnosti, ktor\u00e9 potrebujete v pr\u00e1ci.<\/p>\n<p style=\"font-weight: 400;\">Mierne z\u00fa\u017een\u00fd strih a vysok\u00fd p\u00e1s nohav\u00edc zv\u00fdraznia prednosti ka\u017edej postavy, zatia\u013e \u010do elastick\u00fd p\u00e1s zaru\u010duje pln\u00e9 pohodlie a vo\u013enos\u0165 pohybu.<\/p>\n<p style=\"font-weight: 400;\"><strong>Zdravotn\u00edcke proste nohavice Basic cold nude<\/strong> skombinujte <strong>so<\/strong> <strong>zdravotn\u00edckou bl\u00fazkou v<\/strong> rovnakej farbe alebo ich skombinujte s in\u00fdm odtie\u0148om z na\u0161ej kolekcie <a href=\"https:\/\/medandbeauty.com\/sk\/shop\/pre-nu\/zakladna-kolekcia\/\" target=\"_blank\" rel=\"noopener\"><strong>kolekcie<\/strong><\/a> a vytvorte si jedine\u010dn\u00fa s\u00fapravu!<\/p>\n<ul>\n<li style=\"font-weight: 400;\">Elastick\u00fd p\u00e1s<\/li>\n<li style=\"font-weight: 400;\"><span style=\"font-family: inherit;\">4 praktick\u00e9 a priestrann\u00e9 vreck\u00e1<\/span><\/li>\n<li style=\"font-weight: 400;\"><span style=\"font-family: inherit;\">Mierne z\u00fa\u017een\u00e1 spodn\u00e1 \u010das\u0165<\/span><\/li>\n<li style=\"font-weight: 400;\"><span style=\"font-family: inherit;\">Obop\u00ednaj\u00faci vzostup<\/span><strong style=\"font-family: inherit;\"> <\/strong><\/li>\n<\/ul>\n<p>&nbsp;<\/p>\n<p style=\"font-weight: 400;\"><strong>\u010eal\u0161ie inform\u00e1cie:<\/strong><br \/>\nModelky na fotografi\u00e1ch maj\u00fa na sebe ve\u013ekos\u0165 S a s\u00fa vysok\u00e9 170-174 cm.<\/p>\n<p style=\"font-weight: 400;\">Ak si neviete vybra\u0165 ve\u013ekos\u0165, pozrite si tabu\u013eku ve\u013ekost\u00ed. Ak m\u00e1te \u010fal\u0161ie pochybnosti &#8211; po\u0161lite n\u00e1m svoje miery a my v\u00e1m ju prisp\u00f4sob\u00edme. <\/p>\n<p style=\"font-weight: 400;\">Farby odevov v kolekcii Basic sa nezhoduj\u00fa s farbami odevov v <a href=\"https:\/\/medandbeauty.com\/sk\/shop\/pre-nu\/kolekcia-premium\/\" target=\"_blank\" rel=\"noopener\">kolekcii Premium<\/a> &#8211; s\u00fa vyroben\u00e9 z r\u00f4znych materi\u00e1lov.<\/p>\n<p style=\"font-weight: 400;\">Odtiene jednotliv\u00fdch odevov na obr\u00e1zkoch sa m\u00f4\u017eu l\u00ed\u0161i\u0165 od skuto\u010dn\u00fdch &#8211; je to sp\u00f4soben\u00e9 r\u00f4znorodos\u0165ou dostupn\u00fdch elektronick\u00fdch zariaden\u00ed a ich individu\u00e1lnym nastaven\u00edm.<\/p>\n","protected":false},"excerpt":{"rendered":"<p>Tento klasick\u00fd a pohodln\u00fd model bud\u00fa zbo\u017e\u0148ova\u0165 v\u0161etci milovn\u00edci nad\u010dasovej elegancie! Chcete si pri pr\u00e1ci zachova\u0165 dokonal\u00fd vzh\u013ead a c\u00edti\u0165 sa senza\u010dne? Lek\u00e1rske rovn\u00e9 nohavice z kolekcie Med &amp; Beauty Basic v studenej nahej farbe s\u00fa ide\u00e1lnou vo\u013ebou pre v\u0161etky \u017eeny, ktor\u00e9 si cenia profesionalitu a pohodlie po\u010das dlh\u00fdch pracovn\u00fdch hod\u00edn. D\u00e1mske rovn\u00e9 lek\u00e1rske nohavice [&hellip;]<\/p>\n","protected":false},"featured_media":360971,"comment_status":"open","ping_status":"closed","template":"","meta":{"_acf_changed":false,"inline_featured_image":false},"kolor":[1057],"rodzaj-ubrania":[1082,1095],"ubranie":[1127],"product_brand":[],"product_cat":[1081,1094,1059,1058,1079],"product_tag":[1400,1368],"class_list":{"0":"post-360945","1":"product","2":"type-product","3":"status-publish","4":"has-post-thumbnail","6":"kolor-beiges-sk","7":"rodzaj-ubrania-kroviny","8":"rodzaj-ubrania-lekarske-nohavice","9":"ubranie-damske-lekarske-nohavice-rovne-scrubs-basic","10":"product_cat-kroviny","11":"product_cat-lekarske-nohavice","12":"product_cat-novinky","13":"product_cat-pre-nu","14":"product_cat-zakladna-kolekcia","15":"product_tag-damske-lekarske-nohavice-s-rovnymi-nohavicami","16":"product_tag-kozmeticke-nohavice","18":"first","19":"instock","20":"taxable","21":"shipping-taxable","22":"purchasable","23":"product-type-variable"},"acf":[],"_links":{"self":[{"href":"https:\/\/medandbeauty.com\/sk\/wp-json\/wp\/v2\/product\/360945","targetHints":{"allow":["GET"]}}],"collection":[{"href":"https:\/\/medandbeauty.com\/sk\/wp-json\/wp\/v2\/product"}],"about":[{"href":"https:\/\/medandbeauty.com\/sk\/wp-json\/wp\/v2\/types\/product"}],"replies":[{"embeddable":true,"href":"https:\/\/medandbeauty.com\/sk\/wp-json\/wp\/v2\/comments?post=360945"}],"wp:featuredmedia":[{"embeddable":true,"href":"https:\/\/medandbeauty.com\/sk\/wp-json\/wp\/v2\/media\/360971"}],"wp:attachment":[{"href":"https:\/\/medandbeauty.com\/sk\/wp-json\/wp\/v2\/media?parent=360945"}],"wp:term":[{"taxonomy":"kolor","embeddable":true,"href":"https:\/\/medandbeauty.com\/sk\/wp-json\/wp\/v2\/kolor?post=360945"},{"taxonomy":"rodzaj-ubrania","embeddable":true,"href":"https:\/\/medandbeauty.com\/sk\/wp-json\/wp\/v2\/rodzaj-ubrania?post=360945"},{"taxonomy":"ubranie","embeddable":true,"href":"https:\/\/medandbeauty.com\/sk\/wp-json\/wp\/v2\/ubranie?post=360945"},{"taxonomy":"product_brand","embeddable":true,"href":"https:\/\/medandbeauty.com\/sk\/wp-json\/wp\/v2\/product_brand?post=360945"},{"taxonomy":"product_cat","embeddable":true,"href":"https:\/\/medandbeauty.com\/sk\/wp-json\/wp\/v2\/product_cat?post=360945"},{"taxonomy":"product_tag","embeddable":true,"href":"https:\/\/medandbeauty.com\/sk\/wp-json\/wp\/v2\/product_tag?post=360945"}],"curies":[{"name":"wp","href":"https:\/\/api.w.org\/{rel}","templated":true}]}}