{"id":369449,"date":"2025-01-21T15:02:05","date_gmt":"2025-01-21T14:02:05","guid":{"rendered":"https:\/\/medandbeauty.com\/product\/damske-lekarske-nohavice-scrubs-basic-cappuccino\/"},"modified":"2025-12-23T11:59:35","modified_gmt":"2025-12-23T10:59:35","slug":"damske-lekarske-nohavice-scrubs-basic-cappuccino","status":"publish","type":"product","link":"https:\/\/medandbeauty.com\/sk\/product\/damske-lekarske-nohavice-scrubs-basic-cappuccino\/","title":{"rendered":"D\u00e1mske lek\u00e1rske nohavice SCRUBS Basic CAPPUCCINO"},"content":{"rendered":"<p>Teraz s\u00fa k dispoz\u00edcii na\u0161e najpred\u00e1vanej\u0161ie <strong>lek\u00e1rske nohavice<\/strong> v \u0161irokej verzii!<\/p>\n<p><span style=\"color: #000000;\">Ak h\u013ead\u00e1te zdravotn\u00edcke oble\u010denie vyroben\u00e9 z najkvalitnej\u0161\u00edch materi\u00e1lov pre maxim\u00e1lne pohodlie &#8211; na\u0161a<strong> \u0161irok\u00e1<\/strong> <\/span><strong><span style=\"color: #000000;\">\u0161irok\u00e9 lek\u00e1rske nohavice Basic vo farbe cappuccino<\/span><\/strong><span style=\"color: #000000;\"> s\u00fa povinnou v\u00fdbavou v\u00e1\u0161ho \u0161atn\u00edka.<\/span><\/p>\n<p><strong><span style=\"color: #000000;\">D\u00e1mske lek\u00e1rske \u0161irok\u00e9 nohavice scrubs basic <span style=\"caret-color: #000000;\">cappuccino<\/span> <\/span><\/strong><span style=\"color: #000000;\">boli u\u0161it\u00e9 z na dotyk jemnej a na nosenie mimoriadne pr\u00edjemnej tkaniny, ktor\u00e1 zaru\u010duje maxim\u00e1lne pohodlie pri nosen\u00ed a zachovan\u00ed pln\u00e9ho rozsahu pohybu.<\/span><\/p>\n<p style=\"color: #000000;\">Kombin\u00e1cia polyesteru, visk\u00f3zy a lycry znamen\u00e1, \u017ee tkanina sa dokonale prisp\u00f4sob\u00ed \u017eenskej siluete, je mimoriadne odoln\u00e1 a ve\u013emi priedu\u0161n\u00e1.<\/p>\n<p style=\"color: #000000;\">Stopercentn\u00e9 pohodlie zaru\u010duje mierne zv\u00fd\u0161en\u00fd vrchn\u00fd diel a \u0161irok\u00fd a elastick\u00fd p\u00e1s so \u0161n\u00farkou na jednoduch\u00e9 nastavenie ve\u013ekosti.<strong>. Med &amp; Beauty \u0161irok\u00e9 lek\u00e1rske nohavice<\/strong>  neobmedzuj\u00fa pohyb ani pri dlhom nosen\u00ed.<\/p>\n<p style=\"color: #000000;\"><strong>\u0160irok\u00e9 lek\u00e1rske nohavice vo farbe cappuccino <\/strong>sa hodia ku ka\u017ed\u00e9mu oble\u010deniu a \u0161es\u0165 priestrann\u00fdch a praktick\u00fdch vreciek v\u00e1m umo\u017en\u00ed ma\u0165 v\u0161etky pracovn\u00e9 potreby a n\u00e1radie po ruke.<\/p>\n<p><span style=\"color: #000000;\">Zostavte si sadu snov <\/span><strong style=\"color: #000000;\">zdravotn\u00edckeho oble\u010denia<\/strong><span style=\"color: #000000;\">zladen\u00edm<\/span><strong><span style=\"color: #000000;\"> d\u00e1mske \u0161irok\u00e9 lek\u00e1rske nohavice <span style=\"caret-color: #000000;\">cappuccino<\/span><\/span> <a href=\"https:\/\/medandbeauty.com\/cs\/product\/damske-lekarske-halenky-basic-cappuccino\/\" target=\"_blank\" rel=\"noopener\">lek\u00e1rska bl\u00fazka s dvoma vreckami<\/a><span style=\"color: #000000;\"> alebo <\/span><a href=\"https:\/\/medandbeauty.com\/sk\/product\/damska-lekarska-bluzka-scrubs-basic-one-pocket-cappuccino\/\" target=\"_blank\" rel=\"noopener\">lek\u00e1rska bl\u00fazka s jedn\u00fdm vreckom<\/a><\/strong><span style=\"color: #000000;\"> z rovnak\u00e9ho materi\u00e1lu.<\/span><\/p>\n<p>Nezabudnite si pozrie\u0165 aj na\u0161e tepl\u00e9 fleecov\u00e9 <a href=\"https:\/\/medandbeauty.com\/sk\/shop\/pre-nu\/zakladna-kolekcia\/lekarske-bluzky-sk-2\/\" target=\"_blank\" rel=\"noopener\">lek\u00e1rske mikiny<\/a> z certifikovan\u00e9ho a priedu\u0161n\u00e9ho materi\u00e1lu!<\/p>\n<p style=\"color: #000000;\">Vo\u013ene kombinujte farby a vytv\u00e1rajte jedine\u010dn\u00e9 vzh\u013eady alebo sa rozhodnite pre klasick\u00fd a nad\u010dasov\u00fd jednofarebn\u00fd vzh\u013ead.<\/p>\n<ul style=\"color: #000000;\">\n<li>Elastick\u00fd p\u00e1s so \u0161n\u00farkou na stiahnutie<\/li>\n<li><span style=\"font-family: inherit;\">6 praktick\u00fdch a priestrann\u00fdch vreciek<\/span><\/li>\n<li><span style=\"font-family: inherit;\">\u0160irok\u00e9 nohy<\/span><\/li>\n<li><span style=\"font-family: inherit;\">Obop\u00ednaj\u00faci vzostup<\/span><\/li>\n<\/ul>\n<p style=\"color: #000000;\"><strong> <\/strong><\/p>\n<p style=\"color: #000000;\"><strong>\u010eal\u0161ie inform\u00e1cie:<\/strong><br \/>\nModelky na fotografi\u00e1ch maj\u00fa na sebe ve\u013ekos\u0165 S a s\u00fa vysok\u00e9 170-174 cm.<\/p>\n<p style=\"color: #000000;\">Ak si neviete vybra\u0165 ve\u013ekos\u0165, pozrite si tabu\u013eku ve\u013ekost\u00ed. Ak m\u00e1te \u010fal\u0161ie pochybnosti &#8211; po\u0161lite n\u00e1m svoje miery a my v\u00e1m ju prisp\u00f4sob\u00edme. <\/p>\n<p style=\"color: #000000;\">Farby odevov v<a href=\"https:\/\/medandbeauty.com\/sk\/shop\/pre-nu\/zakladna-kolekcia\/\" target=\"_blank\" rel=\"noopener\"> kolekcii Basic<\/a> sa nezhoduj\u00fa s farbami odevov v <a href=\"https:\/\/medandbeauty.com\/sk\/shop\/pre-nu\/kolekcia-premium\/\" target=\"_blank\" rel=\"noopener\">kolekcii Premium<\/a> &#8211; s\u00fa vyroben\u00e9 z r\u00f4znych materi\u00e1lov.<\/p>\n<p style=\"color: #000000;\">Odtiene jednotliv\u00fdch odevov na obr\u00e1zkoch sa m\u00f4\u017eu l\u00ed\u0161i\u0165 od skuto\u010dn\u00fdch &#8211; je to sp\u00f4soben\u00e9 r\u00f4znorodos\u0165ou dostupn\u00fdch elektronick\u00fdch zariaden\u00ed a ich individu\u00e1lnym nastaven\u00edm.<\/p>\n","protected":false},"excerpt":{"rendered":"<p>Teraz s\u00fa k dispoz\u00edcii na\u0161e najpred\u00e1vanej\u0161ie lek\u00e1rske nohavice v \u0161irokej verzii! Ak h\u013ead\u00e1te zdravotn\u00edcke oble\u010denie vyroben\u00e9 z najkvalitnej\u0161\u00edch materi\u00e1lov pre maxim\u00e1lne pohodlie &#8211; na\u0161a \u0161irok\u00e1 \u0161irok\u00e9 lek\u00e1rske nohavice Basic vo farbe cappuccino s\u00fa povinnou v\u00fdbavou v\u00e1\u0161ho \u0161atn\u00edka. D\u00e1mske lek\u00e1rske \u0161irok\u00e9 nohavice scrubs basic cappuccino boli u\u0161it\u00e9 z na dotyk jemnej a na nosenie mimoriadne pr\u00edjemnej [&hellip;]<\/p>\n","protected":false},"featured_media":369450,"comment_status":"open","ping_status":"closed","template":"","meta":{"_acf_changed":false,"inline_featured_image":false},"kolor":[1057],"rodzaj-ubrania":[1082,1095],"ubranie":[1096],"product_brand":[],"product_cat":[1081,1094,1059,1058,1079],"product_tag":[1359],"class_list":{"0":"post-369449","1":"product","2":"type-product","3":"status-publish","4":"has-post-thumbnail","6":"kolor-beiges-sk","7":"rodzaj-ubrania-kroviny","8":"rodzaj-ubrania-lekarske-nohavice","9":"ubranie-damske-lekarske-nohavice-siroke-scrubs-basic","10":"product_cat-kroviny","11":"product_cat-lekarske-nohavice","12":"product_cat-novinky","13":"product_cat-pre-nu","14":"product_cat-zakladna-kolekcia","15":"product_tag-damske-lekarske-nohavice-so-sirokymi-nohavicami","17":"first","18":"instock","19":"taxable","20":"shipping-taxable","21":"purchasable","22":"product-type-variable"},"acf":[],"_links":{"self":[{"href":"https:\/\/medandbeauty.com\/sk\/wp-json\/wp\/v2\/product\/369449","targetHints":{"allow":["GET"]}}],"collection":[{"href":"https:\/\/medandbeauty.com\/sk\/wp-json\/wp\/v2\/product"}],"about":[{"href":"https:\/\/medandbeauty.com\/sk\/wp-json\/wp\/v2\/types\/product"}],"replies":[{"embeddable":true,"href":"https:\/\/medandbeauty.com\/sk\/wp-json\/wp\/v2\/comments?post=369449"}],"wp:featuredmedia":[{"embeddable":true,"href":"https:\/\/medandbeauty.com\/sk\/wp-json\/wp\/v2\/media\/369450"}],"wp:attachment":[{"href":"https:\/\/medandbeauty.com\/sk\/wp-json\/wp\/v2\/media?parent=369449"}],"wp:term":[{"taxonomy":"kolor","embeddable":true,"href":"https:\/\/medandbeauty.com\/sk\/wp-json\/wp\/v2\/kolor?post=369449"},{"taxonomy":"rodzaj-ubrania","embeddable":true,"href":"https:\/\/medandbeauty.com\/sk\/wp-json\/wp\/v2\/rodzaj-ubrania?post=369449"},{"taxonomy":"ubranie","embeddable":true,"href":"https:\/\/medandbeauty.com\/sk\/wp-json\/wp\/v2\/ubranie?post=369449"},{"taxonomy":"product_brand","embeddable":true,"href":"https:\/\/medandbeauty.com\/sk\/wp-json\/wp\/v2\/product_brand?post=369449"},{"taxonomy":"product_cat","embeddable":true,"href":"https:\/\/medandbeauty.com\/sk\/wp-json\/wp\/v2\/product_cat?post=369449"},{"taxonomy":"product_tag","embeddable":true,"href":"https:\/\/medandbeauty.com\/sk\/wp-json\/wp\/v2\/product_tag?post=369449"}],"curies":[{"name":"wp","href":"https:\/\/api.w.org\/{rel}","templated":true}]}}