{"id":369571,"date":"2025-02-05T12:18:23","date_gmt":"2025-02-05T11:18:23","guid":{"rendered":"https:\/\/medandbeauty.com\/product\/med-student-life-zdravotne-ponozky\/"},"modified":"2025-11-18T11:41:20","modified_gmt":"2025-11-18T10:41:20","slug":"med-student-life-zdravotne-ponozky","status":"publish","type":"product","link":"https:\/\/medandbeauty.com\/sk\/product\/med-student-life-zdravotne-ponozky\/","title":{"rendered":"MED STUDENT LIFE zdravotn\u00e9 pono\u017eky"},"content":{"rendered":"<p><strong>NOVINKA v na\u0161om sortimente<\/strong> &#8211; mimoriadne pohodln\u00e9 <strong>lek\u00e1rske pono\u017eky, ktor\u00e9<\/strong> zd\u00f4raznia v\u00e1\u0161e\u0148 pre va\u0161u profesiu!<\/p>\n<p>Ste \u0161tudentom medic\u00edny? Dopl\u0148te svoj \u0161atn\u00edk <strong>lek\u00e1rskymi pono\u017ekami s: Med Student Life!<\/strong> <\/p>\n<p><span style=\"font-weight: 400;\">Pri dlh\u00fdch a intenz\u00edvnych hodin\u00e1ch str\u00e1ven\u00fdch v pr\u00e1ci potrebujete nielen<strong> lek\u00e1rske oble\u010denie, <\/strong>ktor\u00e9 poskytuje maxim\u00e1lne pohodlie, ale aj pohodln\u00e9 a priedu\u0161n\u00e9 <strong>lek\u00e1rske pono\u017eky<\/strong>!<\/span><\/p>\n<p><b>Ru\u017eov\u00e9 zdravotn\u00e9 pono\u017eky Med Student Life <\/b>s\u00fa vyroben\u00e9 z 80 % z najkvalitnej\u0161ej bavlny v kombin\u00e1cii so 17 % polyamidu a 3 % elastanu.<\/p>\n<p style=\"font-weight: 400;\">V\u010faka tejto zmesi vl\u00e1kien v tkanine je materi\u00e1l ve\u013emi odoln\u00fd, m\u00e4kk\u00fd, pr\u00edjemn\u00fd na dotyk, prisp\u00f4sob\u00ed sa chodidlu, neobmedzuje pohyb a, \u010do je pre <strong>zdravotn\u00e9 pono\u017eky<\/strong> mimoriadne d\u00f4le\u017eit\u00e9, je tie\u017e priedu\u0161n\u00fd a priedu\u0161n\u00fd.<\/p>\n<p>\u0160vy na\u0161ich zdravotn\u00fdch pono\u017eiek s\u00fa elastick\u00e9, tak\u017ee po\u010das pou\u017e\u00edvania netla\u010dia na \u010dlenok.<\/p>\n<p>N\u00e1pisy umiestnen\u00e9 na lek\u00e1rskych pono\u017ek\u00e1ch zd\u00f4raznia va\u0161u profesionalitu a l\u00e1sku k v\u00e1\u0161mu povolaniu.<\/p>\n<p>Zabezpe\u010dte si maxim\u00e1lny komfort a pohodlie pri pr\u00e1ci<strong> so zdravotn\u00edckymi pono\u017ekami Med Student Life!<\/strong><\/p>\n<ul>\n<li style=\"font-weight: 400;\">Vzdu\u0161n\u00fd, priedu\u0161n\u00fd a pru\u017en\u00fd materi\u00e1l<\/li>\n<li>Jedine\u010dn\u00fd dizajn<\/li>\n<li>Elastick\u00e9 \u0161vy<\/li>\n<li>N\u00e1pisy zd\u00f4raz\u0148uj\u00face profesiu<\/li>\n<\/ul>\n<p><strong>\u010eal\u0161ie inform\u00e1cie:<\/strong><\/p>\n<p>Odtie\u0148 pono\u017eiek na obr\u00e1zkoch sa m\u00f4\u017ee l\u00ed\u0161i\u0165 od skuto\u010dn\u00e9ho odtie\u0148a &#8211; je to sp\u00f4soben\u00e9 r\u00f4znymi dostupn\u00fdmi elektronick\u00fdmi zariadeniami a ich individu\u00e1lnymi nastaveniami.<\/p>\n","protected":false},"excerpt":{"rendered":"<p>NOVINKA v na\u0161om sortimente &#8211; mimoriadne pohodln\u00e9 lek\u00e1rske pono\u017eky, ktor\u00e9 zd\u00f4raznia v\u00e1\u0161e\u0148 pre va\u0161u profesiu! Ste \u0161tudentom medic\u00edny? Dopl\u0148te svoj \u0161atn\u00edk lek\u00e1rskymi pono\u017ekami s: Med Student Life! Pri dlh\u00fdch a intenz\u00edvnych hodin\u00e1ch str\u00e1ven\u00fdch v pr\u00e1ci potrebujete nielen lek\u00e1rske oble\u010denie, ktor\u00e9 poskytuje maxim\u00e1lne pohodlie, ale aj pohodln\u00e9 a priedu\u0161n\u00e9 lek\u00e1rske pono\u017eky! Ru\u017eov\u00e9 zdravotn\u00e9 pono\u017eky Med Student [&hellip;]<\/p>\n","protected":false},"featured_media":369605,"comment_status":"open","ping_status":"closed","template":"","meta":{"_acf_changed":false,"inline_featured_image":false},"kolor":[1062],"rodzaj-ubrania":[],"ubranie":[1064],"product_brand":[],"product_cat":[1058,1060],"product_tag":[],"class_list":{"0":"post-369571","1":"product","2":"type-product","3":"status-publish","4":"has-post-thumbnail","6":"kolor-ruze-sk","7":"ubranie-zdravotnicke-ponozky","8":"product_cat-pre-nu","9":"product_cat-prislusenstvo","11":"first","12":"instock","13":"taxable","14":"shipping-taxable","15":"purchasable","16":"product-type-variable"},"acf":[],"_links":{"self":[{"href":"https:\/\/medandbeauty.com\/sk\/wp-json\/wp\/v2\/product\/369571","targetHints":{"allow":["GET"]}}],"collection":[{"href":"https:\/\/medandbeauty.com\/sk\/wp-json\/wp\/v2\/product"}],"about":[{"href":"https:\/\/medandbeauty.com\/sk\/wp-json\/wp\/v2\/types\/product"}],"replies":[{"embeddable":true,"href":"https:\/\/medandbeauty.com\/sk\/wp-json\/wp\/v2\/comments?post=369571"}],"wp:featuredmedia":[{"embeddable":true,"href":"https:\/\/medandbeauty.com\/sk\/wp-json\/wp\/v2\/media\/369605"}],"wp:attachment":[{"href":"https:\/\/medandbeauty.com\/sk\/wp-json\/wp\/v2\/media?parent=369571"}],"wp:term":[{"taxonomy":"kolor","embeddable":true,"href":"https:\/\/medandbeauty.com\/sk\/wp-json\/wp\/v2\/kolor?post=369571"},{"taxonomy":"rodzaj-ubrania","embeddable":true,"href":"https:\/\/medandbeauty.com\/sk\/wp-json\/wp\/v2\/rodzaj-ubrania?post=369571"},{"taxonomy":"ubranie","embeddable":true,"href":"https:\/\/medandbeauty.com\/sk\/wp-json\/wp\/v2\/ubranie?post=369571"},{"taxonomy":"product_brand","embeddable":true,"href":"https:\/\/medandbeauty.com\/sk\/wp-json\/wp\/v2\/product_brand?post=369571"},{"taxonomy":"product_cat","embeddable":true,"href":"https:\/\/medandbeauty.com\/sk\/wp-json\/wp\/v2\/product_cat?post=369571"},{"taxonomy":"product_tag","embeddable":true,"href":"https:\/\/medandbeauty.com\/sk\/wp-json\/wp\/v2\/product_tag?post=369571"}],"curies":[{"name":"wp","href":"https:\/\/api.w.org\/{rel}","templated":true}]}}