{"id":375105,"date":"2024-01-10T22:16:55","date_gmt":"2024-01-10T22:16:55","guid":{"rendered":"https:\/\/medandbeauty.com\/product\/damske-lekarske-nohavice-proste-scrubs-basic-dark-pistacy\/"},"modified":"2026-01-24T15:07:36","modified_gmt":"2026-01-24T14:07:36","slug":"damske-lekarske-nohavice-proste-scrubs-basic-dark-pistacy","status":"publish","type":"product","link":"https:\/\/medandbeauty.com\/sk\/product\/damske-lekarske-nohavice-proste-scrubs-basic-dark-pistacy\/","title":{"rendered":"D\u00e1mske lek\u00e1rske nohavice PROSTE SCRUBS Basic DARK PISTACY"},"content":{"rendered":"<p style=\"font-weight: 400;\">Tento klasick\u00fd a pohodln\u00fd model bud\u00fa zbo\u017e\u0148ova\u0165 v\u0161etci milovn\u00edci nad\u010dasovej elegancie!<\/p>\n<p style=\"font-weight: 400;\">Chcete si pri pr\u00e1ci zachova\u0165 dokonal\u00fd vzh\u013ead a c\u00edti\u0165 sa senza\u010dne v lek\u00e1rskom oble\u010den\u00ed, ktor\u00e9 nos\u00edte?<\/p>\n<p style=\"font-weight: 400;\"><strong>Lek\u00e1rske rovn\u00e9 nohavice z <a href=\"https:\/\/medandbeauty.com\/sk\/shop\/pre-nu\/zakladna-kolekcia\/\" target=\"_blank\" rel=\"noopener\">kolekcie Med &amp; Beauty Basic<\/a> v matnej pist\u00e1ciovej farbe<\/strong> s\u00fa ide\u00e1lnou vo\u013ebou pre v\u0161etky \u017eeny, ktor\u00e9 si cenia profesionalitu a pohodlie po\u010das dlh\u00fdch hod\u00edn v pr\u00e1ci.<\/p>\n<p style=\"font-weight: 400;\"><strong>D\u00e1mske lek\u00e1rske rovn\u00e9 nohavice Scrubs Basic v mrazivej pist\u00e1ciovej farbe<\/strong> s\u00fa u\u0161it\u00e9 z m\u00e4kkej tkaniny pr\u00edjemnej na dotyk, tak\u017ee poskytuj\u00fa vysok\u00fd komfort pri nosen\u00ed a \u00fapln\u00fa vo\u013enos\u0165 pohybu.<\/p>\n<p style=\"font-weight: 400;\">V\u010faka kombin\u00e1cii polyesteru, visk\u00f3zy a lycry sa tkanina dokonale prisp\u00f4sob\u00ed ka\u017ed\u00e9mu typu \u017eenskej postavy a z\u00e1rove\u0148 je mimoriadne odoln\u00e1 a priedu\u0161n\u00e1.<\/p>\n<p style=\"font-weight: 400;\"><strong>D\u00e1mske rovn\u00e9 lek\u00e1rske nohavice Scrubs z <a href=\"https:\/\/medandbeauty.com\/sk\/shop\/pre-nu\/zakladna-kolekcia\/\" target=\"_blank\" rel=\"noopener\">kolekcie Basic<\/a><\/strong> s\u00fa vybaven\u00e9 \u0161tyrmi funk\u010dn\u00fdmi vreckami (dve vzadu a dve vpredu), do ktor\u00fdch si m\u00f4\u017eete vlo\u017ei\u0165 v\u0161etky doplnky, ktor\u00e9 v pr\u00e1ci potrebujete.<\/p>\n<p style=\"font-weight: 400;\">Mierne z\u00fa\u017een\u00fd strih a vysok\u00fd p\u00e1s nohav\u00edc zv\u00fdraznia ka\u017ed\u00fa postavu, zatia\u013e \u010do elastick\u00fd p\u00e1s poskytuje pln\u00e9 pohodlie a vo\u013enos\u0165 pohybu.<\/p>\n<p style=\"font-weight: 400;\">Kombinujte <strong>jednoduch\u00e9 lek\u00e1rske nohavice Basic frosted pist\u00e1cie s<\/strong> <a href=\"https:\/\/medandbeauty.com\/produkt\/bluzka-medyczna-damska-scrubs-basic-mrozna-pistacja\/\" target=\"_blank\" rel=\"noopener\"><strong>lek\u00e1rskou bl\u00fazkou<\/strong><\/a> v rovnakej farbe alebo ich zla\u010fte s in\u00fdm odtie\u0148om z na\u0161ej kolekcie<a href=\"https:\/\/medandbeauty.com\/sk\/shop\/pre-nu\/zakladna-kolekcia\/\" target=\"_blank\" rel=\"noopener\"> <strong>kolekcie<\/strong><\/a> a vytvorte si jedine\u010dn\u00fa s\u00fapravu!<\/p>\n<p>Nezabudnite si pozrie\u0165 aj n\u00e1\u0161 tepl\u00fd fleece  <a href=\"https:\/\/medandbeauty.com\/sk\/shop\/pre-nu\/zakladna-kolekcia\/lekarske-bluzky-sk-2\/\" target=\"_blank\" rel=\"noopener\">lek\u00e1rske bl\u00fazky<\/a>  z certifikovan\u00e9ho priedu\u0161n\u00e9ho materi\u00e1lu!<\/p>\n<ul>\n<li style=\"font-weight: 400;\">Elastick\u00fd p\u00e1s<\/li>\n<li style=\"font-weight: 400;\"><span style=\"font-family: inherit;\">4 praktick\u00e9 a priestrann\u00e9 vreck\u00e1<\/span><\/li>\n<li style=\"font-weight: 400;\"><span style=\"font-family: inherit;\">Mierne z\u00fa\u017een\u00e1 spodn\u00e1 \u010das\u0165<\/span><\/li>\n<li style=\"font-weight: 400;\"><span style=\"font-family: inherit;\">Obop\u00ednaj\u00faci vzostup<\/span><strong style=\"font-family: inherit;\"> <\/strong><\/li>\n<\/ul>\n<p>&nbsp;<\/p>\n<p style=\"font-weight: 400;\"><strong>\u010eal\u0161ie inform\u00e1cie:<\/strong><br \/>\nModelky na fotografi\u00e1ch maj\u00fa na sebe ve\u013ekos\u0165 S a s\u00fa vysok\u00e9 170-174 cm.<\/p>\n<p style=\"font-weight: 400;\">Ak si neviete vybra\u0165 ve\u013ekos\u0165, pozrite si tabu\u013eku ve\u013ekost\u00ed. Ak m\u00e1te \u010fal\u0161ie pochybnosti &#8211; po\u0161lite n\u00e1m svoje miery a my v\u00e1m ju prisp\u00f4sob\u00edme. <\/p>\n<p style=\"font-weight: 400;\">Farby odevov v kolekcii Basic sa nezhoduj\u00fa s farbami odevov v <a href=\"https:\/\/medandbeauty.com\/sk\/shop\/pre-nu\/kolekcia-premium\/\" target=\"_blank\" rel=\"noopener\">kolekcii Premium<\/a> &#8211; s\u00fa vyroben\u00e9 z r\u00f4znych materi\u00e1lov.<\/p>\n<p style=\"font-weight: 400;\">Odtiene jednotliv\u00fdch odevov na obr\u00e1zkoch sa m\u00f4\u017eu l\u00ed\u0161i\u0165 od skuto\u010dn\u00fdch &#8211; je to sp\u00f4soben\u00e9 r\u00f4znorodos\u0165ou dostupn\u00fdch elektronick\u00fdch zariaden\u00ed a ich individu\u00e1lnym nastaven\u00edm.<\/p>\n","protected":false},"excerpt":{"rendered":"<p>Tento klasick\u00fd a pohodln\u00fd model bud\u00fa zbo\u017e\u0148ova\u0165 v\u0161etci milovn\u00edci nad\u010dasovej elegancie! Chcete si pri pr\u00e1ci zachova\u0165 dokonal\u00fd vzh\u013ead a c\u00edti\u0165 sa senza\u010dne v lek\u00e1rskom oble\u010den\u00ed, ktor\u00e9 nos\u00edte? Lek\u00e1rske rovn\u00e9 nohavice z kolekcie Med &amp; Beauty Basic v matnej pist\u00e1ciovej farbe s\u00fa ide\u00e1lnou vo\u013ebou pre v\u0161etky \u017eeny, ktor\u00e9 si cenia profesionalitu a pohodlie po\u010das dlh\u00fdch hod\u00edn [&hellip;]<\/p>\n","protected":false},"featured_media":375107,"comment_status":"open","ping_status":"closed","template":"","meta":{"_acf_changed":false,"inline_featured_image":false},"kolor":[1123],"rodzaj-ubrania":[1082,1095],"ubranie":[1127],"product_brand":[],"product_cat":[1081,1094,1059,1058,1079],"product_tag":[1396],"class_list":{"0":"post-375105","1":"product","2":"type-product","3":"status-publish","4":"has-post-thumbnail","6":"kolor-zeleni","7":"rodzaj-ubrania-kroviny","8":"rodzaj-ubrania-lekarske-nohavice","9":"ubranie-damske-lekarske-nohavice-rovne-scrubs-basic","10":"product_cat-kroviny","11":"product_cat-lekarske-nohavice","12":"product_cat-novinky","13":"product_cat-pre-nu","14":"product_cat-zakladna-kolekcia","15":"product_tag-oblecenie-pre-porodne-asistentky","17":"first","18":"instock","19":"taxable","20":"shipping-taxable","21":"purchasable","22":"product-type-variable"},"acf":[],"_links":{"self":[{"href":"https:\/\/medandbeauty.com\/sk\/wp-json\/wp\/v2\/product\/375105","targetHints":{"allow":["GET"]}}],"collection":[{"href":"https:\/\/medandbeauty.com\/sk\/wp-json\/wp\/v2\/product"}],"about":[{"href":"https:\/\/medandbeauty.com\/sk\/wp-json\/wp\/v2\/types\/product"}],"replies":[{"embeddable":true,"href":"https:\/\/medandbeauty.com\/sk\/wp-json\/wp\/v2\/comments?post=375105"}],"wp:featuredmedia":[{"embeddable":true,"href":"https:\/\/medandbeauty.com\/sk\/wp-json\/wp\/v2\/media\/375107"}],"wp:attachment":[{"href":"https:\/\/medandbeauty.com\/sk\/wp-json\/wp\/v2\/media?parent=375105"}],"wp:term":[{"taxonomy":"kolor","embeddable":true,"href":"https:\/\/medandbeauty.com\/sk\/wp-json\/wp\/v2\/kolor?post=375105"},{"taxonomy":"rodzaj-ubrania","embeddable":true,"href":"https:\/\/medandbeauty.com\/sk\/wp-json\/wp\/v2\/rodzaj-ubrania?post=375105"},{"taxonomy":"ubranie","embeddable":true,"href":"https:\/\/medandbeauty.com\/sk\/wp-json\/wp\/v2\/ubranie?post=375105"},{"taxonomy":"product_brand","embeddable":true,"href":"https:\/\/medandbeauty.com\/sk\/wp-json\/wp\/v2\/product_brand?post=375105"},{"taxonomy":"product_cat","embeddable":true,"href":"https:\/\/medandbeauty.com\/sk\/wp-json\/wp\/v2\/product_cat?post=375105"},{"taxonomy":"product_tag","embeddable":true,"href":"https:\/\/medandbeauty.com\/sk\/wp-json\/wp\/v2\/product_tag?post=375105"}],"curies":[{"name":"wp","href":"https:\/\/api.w.org\/{rel}","templated":true}]}}