{"id":375500,"date":"2024-02-04T22:53:21","date_gmt":"2024-02-04T22:53:21","guid":{"rendered":"https:\/\/medandbeauty.com\/product\/damske-lekarske-nohavice-joggers-scrubs-basic-dolce-rosa\/"},"modified":"2025-12-23T12:04:06","modified_gmt":"2025-12-23T11:04:06","slug":"damske-lekarske-nohavice-joggers-scrubs-basic-dolce-rosa","status":"publish","type":"product","link":"https:\/\/medandbeauty.com\/sk\/product\/damske-lekarske-nohavice-joggers-scrubs-basic-dolce-rosa\/","title":{"rendered":"D\u00e1mske lek\u00e1rske nohavice joggers Scrubs Basic DOLCE ROSA"},"content":{"rendered":"<p style=\"caret-color: #000000; color: #000000;\">H\u013ead\u00e1te mimoriadne pohodln\u00e9 <strong>lek\u00e1rske be\u017eeck\u00e9 nohavice na<\/strong> ka\u017edodenn\u00e9 nosenie?<\/p>\n<p style=\"caret-color: #000000; color: #000000;\">Na\u0161e <strong>z\u00e1kladn\u00e9 oble\u010denie<\/strong> spln\u00ed v\u0161etky va\u0161e o\u010dak\u00e1vania!<\/p>\n<p style=\"caret-color: #000000; color: #000000;\">Ak chcete ma\u0165 zdravotn\u00edcke oble\u010denie z najkvalitnej\u0161\u00edch materi\u00e1lov pre maxim\u00e1lne pohodlie &#8211; na\u0161e <strong>z\u00e1kladn\u00e9 zdravotn\u00edcke be\u017eeck\u00e9 nohavice Basic vo farbe dolce rosa<\/strong> mus\u00edte ma\u0165 vo svojom \u0161atn\u00edku.<\/p>\n<p style=\"caret-color: #000000; color: #000000;\"><strong>D\u00e1mske lek\u00e1rske nohavice typu jogger scrubs basic dolce rosa<\/strong> s\u00fa u\u0161it\u00e9 z na dotyk jemnej a na nosenie mimoriadne pr\u00edjemnej tkaniny, ktor\u00e1 zaru\u010duje maxim\u00e1lne pohodlie pri nosen\u00ed a zachovanie pln\u00e9ho rozsahu pohybu. Kombin\u00e1cia polyesteru, visk\u00f3zy a lycry znamen\u00e1, \u017ee tkanina sa dokonale prisp\u00f4sob\u00ed \u017eenskej siluete a z\u00e1rove\u0148 je mimoriadne odoln\u00e1 a priedu\u0161n\u00e1. <\/p>\n<p style=\"caret-color: #000000; color: #000000;\">Stopercentn\u00e9 pohodlie zaru\u010duje mierne zv\u00fd\u0161en\u00fd vrchn\u00fd diel a \u0161irok\u00fd a elastick\u00fd p\u00e1s so \u0161n\u00farkou na jednoduch\u00e9 nastavenie ve\u013ekosti.<strong>. Zdravotn\u00edcke be\u017eeck\u00e9 nohavice Med &amp; Beauty<\/strong>  neobmedzuj\u00fa pohyb ani pri dlhom nosen\u00ed.<\/p>\n<p style=\"caret-color: #000000; color: #000000;\"><strong>Zdravotn\u00edcke be\u017eeck\u00e9 nohavice vo farbe dolce rosa <\/strong>sa bud\u00fa hodi\u0165 ku ka\u017ed\u00e9mu oble\u010deniu a v\u010faka \u0161iestim priestrann\u00fdm, praktick\u00fdm a spo\u013eahliv\u00fdm vreck\u00e1m budete ma\u0165 v\u0161etky pracovn\u00e9 potreby a n\u00e1stroje v\u017edy po ruke.<\/p>\n<p style=\"caret-color: #000000; color: #000000;\"><strong>D\u00e1mske zdravotn\u00e9 nohavice Basic<\/strong> sme vybavili bavlnen\u00fdm rebrovan\u00edm v spodnej \u010dasti nohav\u00edc, aby sa nohavice po\u010das intenz\u00edvnej pr\u00e1ce nevyhr\u0148ovali.<\/p>\n<p style=\"caret-color: #000000; color: #000000;\">Zostavte si vysn\u00edvan\u00fa s\u00fapravu <strong>lek\u00e1rskeho oble<\/strong>\u010denia tak, \u017ee skombinujete<strong> d\u00e1mske lek\u00e1rske be\u017eeck\u00e9 nohavice Dolce Rosa<\/strong> s<strong> lek\u00e1rskou bl\u00fazkou<\/strong> z rovnak\u00e9ho materi\u00e1lu.<\/p>\n<p style=\"caret-color: #000000; color: #000000;\">Vo\u013ene kombinujte farby a vytv\u00e1rajte jedine\u010dn\u00e9 vzh\u013eady alebo sa rozhodnite pre nad\u010dasov\u00fd a klasick\u00fd jednofarebn\u00fd vzh\u013ead.<\/p>\n<p>Nezabudnite si pozrie\u0165 aj n\u00e1\u0161 tepl\u00fd fleece  <a href=\"https:\/\/medandbeauty.com\/sk\/shop\/pre-nu\/zakladna-kolekcia\/lekarske-bluzky-sk-2\/\" target=\"_blank\" rel=\"noopener\">lek\u00e1rske bl\u00fazky<\/a>  z certifikovan\u00e9ho priedu\u0161n\u00e9ho materi\u00e1lu!<\/p>\n<ul style=\"caret-color: #000000; color: #000000;\">\n<li>Elastick\u00fd p\u00e1s so \u0161n\u00farkou na stiahnutie<\/li>\n<li><span style=\"font-family: inherit;\">6 praktick\u00fdch a priestrann\u00fdch vreciek<\/span><\/li>\n<li><span style=\"font-family: inherit;\">Bavlnen\u00e9 rebr\u00e1 na noh\u00e1ch<\/span><\/li>\n<li><span style=\"font-family: inherit;\">Obop\u00ednaj\u00faci vzostup<\/span><\/li>\n<\/ul>\n<p style=\"caret-color: #000000; color: #000000;\"><strong> <\/strong><\/p>\n<p style=\"caret-color: #000000; color: #000000;\"><strong>\u010eal\u0161ie inform\u00e1cie:<\/strong><br \/>\nModelky na fotografi\u00e1ch maj\u00fa na sebe ve\u013ekos\u0165 S a s\u00fa vysok\u00e9 170-174 cm.<\/p>\n<p style=\"caret-color: #000000; color: #000000;\">Ak si neviete vybra\u0165 ve\u013ekos\u0165, pozrite si tabu\u013eku ve\u013ekost\u00ed. Ak m\u00e1te \u010fal\u0161ie pochybnosti &#8211; po\u0161lite n\u00e1m svoje miery a my v\u00e1m ju prisp\u00f4sob\u00edme. <\/p>\n<p style=\"caret-color: #000000; color: #000000;\">Farby odevov v kolekcii Basic sa nezhoduj\u00fa s farbami odevov v kolekcii Premium &#8211; s\u00fa vyroben\u00e9 z r\u00f4znych materi\u00e1lov.<\/p>\n<p style=\"caret-color: #000000; color: #000000;\">Odtiene jednotliv\u00fdch odevov na obr\u00e1zkoch sa m\u00f4\u017eu l\u00ed\u0161i\u0165 od skuto\u010dn\u00fdch &#8211; je to sp\u00f4soben\u00e9 r\u00f4znorodos\u0165ou dostupn\u00fdch elektronick\u00fdch zariaden\u00ed a ich individu\u00e1lnym nastaven\u00edm.<\/p>\n","protected":false},"excerpt":{"rendered":"<p>H\u013ead\u00e1te mimoriadne pohodln\u00e9 lek\u00e1rske be\u017eeck\u00e9 nohavice na ka\u017edodenn\u00e9 nosenie? Na\u0161e z\u00e1kladn\u00e9 oble\u010denie spln\u00ed v\u0161etky va\u0161e o\u010dak\u00e1vania! Ak chcete ma\u0165 zdravotn\u00edcke oble\u010denie z najkvalitnej\u0161\u00edch materi\u00e1lov pre maxim\u00e1lne pohodlie &#8211; na\u0161e z\u00e1kladn\u00e9 zdravotn\u00edcke be\u017eeck\u00e9 nohavice Basic vo farbe dolce rosa mus\u00edte ma\u0165 vo svojom \u0161atn\u00edku. D\u00e1mske lek\u00e1rske nohavice typu jogger scrubs basic dolce rosa s\u00fa u\u0161it\u00e9 z [&hellip;]<\/p>\n","protected":false},"featured_media":375514,"comment_status":"open","ping_status":"closed","template":"","meta":{"_acf_changed":false,"inline_featured_image":false},"kolor":[1062],"rodzaj-ubrania":[1082,1095],"ubranie":[1111],"product_brand":[],"product_cat":[1081,1094,1058,1079],"product_tag":[1398],"class_list":{"0":"post-375500","1":"product","2":"type-product","3":"status-publish","4":"has-post-thumbnail","6":"kolor-ruze-sk","7":"rodzaj-ubrania-kroviny","8":"rodzaj-ubrania-lekarske-nohavice","9":"ubranie-damske-lekarske-nohavice-jogger-scrubs-basic","10":"product_cat-kroviny","11":"product_cat-lekarske-nohavice","12":"product_cat-pre-nu","13":"product_cat-zakladna-kolekcia","14":"product_tag-damske-zdravotne-bezecke-nohavice","16":"first","17":"instock","18":"taxable","19":"shipping-taxable","20":"purchasable","21":"product-type-variable"},"acf":[],"_links":{"self":[{"href":"https:\/\/medandbeauty.com\/sk\/wp-json\/wp\/v2\/product\/375500","targetHints":{"allow":["GET"]}}],"collection":[{"href":"https:\/\/medandbeauty.com\/sk\/wp-json\/wp\/v2\/product"}],"about":[{"href":"https:\/\/medandbeauty.com\/sk\/wp-json\/wp\/v2\/types\/product"}],"replies":[{"embeddable":true,"href":"https:\/\/medandbeauty.com\/sk\/wp-json\/wp\/v2\/comments?post=375500"}],"wp:featuredmedia":[{"embeddable":true,"href":"https:\/\/medandbeauty.com\/sk\/wp-json\/wp\/v2\/media\/375514"}],"wp:attachment":[{"href":"https:\/\/medandbeauty.com\/sk\/wp-json\/wp\/v2\/media?parent=375500"}],"wp:term":[{"taxonomy":"kolor","embeddable":true,"href":"https:\/\/medandbeauty.com\/sk\/wp-json\/wp\/v2\/kolor?post=375500"},{"taxonomy":"rodzaj-ubrania","embeddable":true,"href":"https:\/\/medandbeauty.com\/sk\/wp-json\/wp\/v2\/rodzaj-ubrania?post=375500"},{"taxonomy":"ubranie","embeddable":true,"href":"https:\/\/medandbeauty.com\/sk\/wp-json\/wp\/v2\/ubranie?post=375500"},{"taxonomy":"product_brand","embeddable":true,"href":"https:\/\/medandbeauty.com\/sk\/wp-json\/wp\/v2\/product_brand?post=375500"},{"taxonomy":"product_cat","embeddable":true,"href":"https:\/\/medandbeauty.com\/sk\/wp-json\/wp\/v2\/product_cat?post=375500"},{"taxonomy":"product_tag","embeddable":true,"href":"https:\/\/medandbeauty.com\/sk\/wp-json\/wp\/v2\/product_tag?post=375500"}],"curies":[{"name":"wp","href":"https:\/\/api.w.org\/{rel}","templated":true}]}}