{"id":375549,"date":"2024-02-04T22:45:58","date_gmt":"2024-02-04T22:45:58","guid":{"rendered":"https:\/\/medandbeauty.com\/product\/lekarske-nohavice-damske-joggingove-nohavice-basic-crystal-blue\/"},"modified":"2025-12-23T12:15:33","modified_gmt":"2025-12-23T11:15:33","slug":"lekarske-nohavice-damske-joggingove-nohavice-basic-crystal-blue","status":"publish","type":"product","link":"https:\/\/medandbeauty.com\/sk\/product\/lekarske-nohavice-damske-joggingove-nohavice-basic-crystal-blue\/","title":{"rendered":"Lek\u00e1rske nohavice d\u00e1mske joggingov\u00e9 nohavice Basic CRYSTAL BLUE"},"content":{"rendered":"<p style=\"color: #000000;\">H\u013ead\u00e1te mimoriadne pohodln\u00e9 <strong>lek\u00e1rske be\u017eeck\u00e9 nohavice na<\/strong> ka\u017edodenn\u00e9 nosenie?<\/p>\n<p style=\"color: #000000;\">Na\u0161e <strong>z\u00e1kladn\u00e9 odevy<\/strong> ur\u010dite splnia v\u0161etky va\u0161e o\u010dak\u00e1vania!<\/p>\n<p><span style=\"color: #000000;\">Ak chcete zdravotn\u00edcke oble\u010denie z najkvalitnej\u0161\u00edch materi\u00e1lov pre maxim\u00e1lne pohodlie &#8211; na\u0161e <\/span><strong><span style=\"color: #000000;\">Z\u00e1kladn\u00e9 lek\u00e1rske be\u017eeck\u00e9 nohavice v kri\u0161t\u00e1\u013eovo modrej farbe<\/span><\/strong><span style=\"color: #000000;\"> s\u00fa povinnou v\u00fdbavou v\u00e1\u0161ho \u0161atn\u00edka.<\/span><\/p>\n<p><strong><span style=\"color: #000000;\">D\u00e1mske lek\u00e1rske nohavice jogger basic crystal blue<\/span><\/strong><span style=\"color: #000000;\">  s\u00fa vyroben\u00e9 z na dotyk jemnej a na nosenie mimoriadne pr\u00edjemnej tkaniny, ktor\u00e1 poskytuje maxim\u00e1lne pohodlie pri nosen\u00ed a zachovan\u00ed pln\u00e9ho rozsahu pohybu. V\u010faka kombin\u00e1cii polyesteru, visk\u00f3zy a lycry sa tkanina dokonale prisp\u00f4sob\u00ed ak\u00e9muko\u013evek typu \u017eenskej postavy a z\u00e1rove\u0148 je mimoriadne odoln\u00e1 a priedu\u0161n\u00e1. <\/span><\/p>\n<p style=\"color: #000000;\">Stopercentn\u00e9 pohodlie zaru\u010duje mierne zv\u00fd\u0161en\u00fd vrchn\u00fd diel a \u0161irok\u00fd a elastick\u00fd p\u00e1s so \u0161n\u00farkou na jednoduch\u00e9 nastavenie ve\u013ekosti.<strong>. Zdravotn\u00edcke be\u017eeck\u00e9 nohavice Med &amp; Beauty<\/strong>  neobmedzuj\u00fa pohyb ani pri dlhom nosen\u00ed.<\/p>\n<p><strong><span style=\"color: #000000;\">Lek\u00e1rske be\u017eeck\u00e9 nohavice crystal blue <\/span><\/strong><span style=\"color: #000000;\">sa hodia ku ka\u017ed\u00e9mu oble\u010deniu a v\u010faka \u0161iestim priestrann\u00fdm, praktick\u00fdm a spo\u013eahliv\u00fdm vreck\u00e1m budete ma\u0165 v\u0161etky pracovn\u00e9 potreby a n\u00e1stroje v\u017edy po ruke.<\/span><\/p>\n<p style=\"color: #000000;\"><strong>D\u00e1mske zdravotn\u00e9 nohavice Basic<\/strong> sme vybavili bavlnen\u00fdm rebrovan\u00edm v spodnej \u010dasti nohav\u00edc, aby sa nohavice po\u010das intenz\u00edvnej pr\u00e1ce nevyhr\u0148ovali.<\/p>\n<p><span style=\"color: #000000;\">Zostavte si sadu snov <\/span><strong style=\"color: #000000;\">zdravotn\u00edckeho oble\u010denia<\/strong><span style=\"color: #000000;\">zladen\u00edm<\/span><strong><span style=\"color: #000000;\"> d\u00e1mske lek\u00e1rske be\u017eeck\u00e9 nohavice crystal blue lek\u00e1rska bl\u00fazka<\/span><\/strong><span style=\"color: #000000;\"> z rovnak\u00e9ho materi\u00e1lu.<\/span><\/p>\n<p style=\"color: #000000;\">Vo\u013ene kombinujte farby a vytvorte si jedine\u010dn\u00fd vzh\u013ead alebo si vyberte jednofarebn\u00fd klasick\u00fd vzh\u013ead.<\/p>\n<p>Nezabudnite si pozrie\u0165 aj n\u00e1\u0161 tepl\u00fd fleece  <a href=\"https:\/\/medandbeauty.com\/sk\/shop\/pre-nu\/zakladna-kolekcia\/lekarske-bluzky-sk-2\/\" target=\"_blank\" rel=\"noopener\">lek\u00e1rske bl\u00fazky<\/a>  z certifikovan\u00e9ho priedu\u0161n\u00e9ho materi\u00e1lu!<\/p>\n<ul style=\"color: #000000;\">\n<li>Elastick\u00fd p\u00e1s so \u0161n\u00farkou na stiahnutie<\/li>\n<li><span style=\"font-family: inherit;\">6 praktick\u00fdch a priestrann\u00fdch vreciek<\/span><\/li>\n<li><span style=\"font-family: inherit;\">Bavlnen\u00e9 rebr\u00e1 na noh\u00e1ch<\/span><\/li>\n<li><span style=\"font-family: inherit;\">Obop\u00ednaj\u00faci vzostup<\/span><\/li>\n<\/ul>\n<p style=\"color: #000000;\"><strong> <\/strong><\/p>\n<p style=\"color: #000000;\"><strong>\u010eal\u0161ie inform\u00e1cie:<\/strong><br \/>\nModelky na fotografi\u00e1ch maj\u00fa na sebe ve\u013ekos\u0165 S a s\u00fa vysok\u00e9 170-174 cm.<\/p>\n<p style=\"color: #000000;\">Ak si neviete vybra\u0165 ve\u013ekos\u0165, pozrite si tabu\u013eku ve\u013ekost\u00ed. Ak m\u00e1te \u010fal\u0161ie pochybnosti &#8211; po\u0161lite n\u00e1m svoje miery a my v\u00e1m ju prisp\u00f4sob\u00edme. <\/p>\n<p style=\"color: #000000;\">Farby odevov v kolekcii Basic sa nezhoduj\u00fa s farbami odevov v kolekcii Premium &#8211; s\u00fa vyroben\u00e9 z r\u00f4znych materi\u00e1lov.<\/p>\n<p style=\"color: #000000;\">Odtiene jednotliv\u00fdch odevov na obr\u00e1zkoch sa m\u00f4\u017eu l\u00ed\u0161i\u0165 od skuto\u010dn\u00fdch &#8211; je to sp\u00f4soben\u00e9 r\u00f4znorodos\u0165ou dostupn\u00fdch elektronick\u00fdch zariaden\u00ed a ich individu\u00e1lnym nastaven\u00edm.<\/p>\n","protected":false},"excerpt":{"rendered":"<p>H\u013ead\u00e1te mimoriadne pohodln\u00e9 lek\u00e1rske be\u017eeck\u00e9 nohavice na ka\u017edodenn\u00e9 nosenie? Na\u0161e z\u00e1kladn\u00e9 odevy ur\u010dite splnia v\u0161etky va\u0161e o\u010dak\u00e1vania! Ak chcete zdravotn\u00edcke oble\u010denie z najkvalitnej\u0161\u00edch materi\u00e1lov pre maxim\u00e1lne pohodlie &#8211; na\u0161e Z\u00e1kladn\u00e9 lek\u00e1rske be\u017eeck\u00e9 nohavice v kri\u0161t\u00e1\u013eovo modrej farbe s\u00fa povinnou v\u00fdbavou v\u00e1\u0161ho \u0161atn\u00edka. D\u00e1mske lek\u00e1rske nohavice jogger basic crystal blue s\u00fa vyroben\u00e9 z na dotyk jemnej [&hellip;]<\/p>\n","protected":false},"featured_media":375552,"comment_status":"open","ping_status":"closed","template":"","meta":{"_acf_changed":false,"inline_featured_image":false},"kolor":[1136],"rodzaj-ubrania":[1082,1095],"ubranie":[1111],"product_brand":[],"product_cat":[1081,1094,1058,1079],"product_tag":[],"class_list":{"0":"post-375549","1":"product","2":"type-product","3":"status-publish","4":"has-post-thumbnail","6":"kolor-modra","7":"rodzaj-ubrania-kroviny","8":"rodzaj-ubrania-lekarske-nohavice","9":"ubranie-damske-lekarske-nohavice-jogger-scrubs-basic","10":"product_cat-kroviny","11":"product_cat-lekarske-nohavice","12":"product_cat-pre-nu","13":"product_cat-zakladna-kolekcia","15":"first","16":"instock","17":"taxable","18":"shipping-taxable","19":"purchasable","20":"product-type-variable"},"acf":[],"_links":{"self":[{"href":"https:\/\/medandbeauty.com\/sk\/wp-json\/wp\/v2\/product\/375549","targetHints":{"allow":["GET"]}}],"collection":[{"href":"https:\/\/medandbeauty.com\/sk\/wp-json\/wp\/v2\/product"}],"about":[{"href":"https:\/\/medandbeauty.com\/sk\/wp-json\/wp\/v2\/types\/product"}],"replies":[{"embeddable":true,"href":"https:\/\/medandbeauty.com\/sk\/wp-json\/wp\/v2\/comments?post=375549"}],"wp:featuredmedia":[{"embeddable":true,"href":"https:\/\/medandbeauty.com\/sk\/wp-json\/wp\/v2\/media\/375552"}],"wp:attachment":[{"href":"https:\/\/medandbeauty.com\/sk\/wp-json\/wp\/v2\/media?parent=375549"}],"wp:term":[{"taxonomy":"kolor","embeddable":true,"href":"https:\/\/medandbeauty.com\/sk\/wp-json\/wp\/v2\/kolor?post=375549"},{"taxonomy":"rodzaj-ubrania","embeddable":true,"href":"https:\/\/medandbeauty.com\/sk\/wp-json\/wp\/v2\/rodzaj-ubrania?post=375549"},{"taxonomy":"ubranie","embeddable":true,"href":"https:\/\/medandbeauty.com\/sk\/wp-json\/wp\/v2\/ubranie?post=375549"},{"taxonomy":"product_brand","embeddable":true,"href":"https:\/\/medandbeauty.com\/sk\/wp-json\/wp\/v2\/product_brand?post=375549"},{"taxonomy":"product_cat","embeddable":true,"href":"https:\/\/medandbeauty.com\/sk\/wp-json\/wp\/v2\/product_cat?post=375549"},{"taxonomy":"product_tag","embeddable":true,"href":"https:\/\/medandbeauty.com\/sk\/wp-json\/wp\/v2\/product_tag?post=375549"}],"curies":[{"name":"wp","href":"https:\/\/api.w.org\/{rel}","templated":true}]}}