{"id":375954,"date":"2024-02-04T23:43:13","date_gmt":"2024-02-04T23:43:13","guid":{"rendered":"https:\/\/medandbeauty.com\/product\/darcekova-karta\/"},"modified":"2025-08-13T12:37:32","modified_gmt":"2025-08-13T10:37:32","slug":"darcekova-karta","status":"publish","type":"product","link":"https:\/\/medandbeauty.com\/sk\/product\/darcekova-karta\/","title":{"rendered":"Dar\u010dekov\u00e1 karta"},"content":{"rendered":"<p>Po n\u00e1kupe dostanete dar\u010dekov\u00fa kartu v hodnote pod\u013ea vlastn\u00e9ho v\u00fdberu.<\/p>\n<p>Dar\u010dekov\u00e1 karta je platn\u00e1 po\u010das cel\u00e9ho roka a m\u00f4\u017eete ju pou\u017ei\u0165 na n\u00e1kup ak\u00fdchko\u013evek produktov dostupn\u00fdch v internetovom obchode a v kamenn\u00fdch predajniach.<\/p>\n<p><strong>Upozor\u0148ujeme, \u017ee dar\u010dekov\u00fa kartu nemo\u017eno kombinova\u0165 s in\u00fdmi dar\u010dekov\u00fdmi kartami alebo z\u013eavov\u00fdmi k\u00f3dmi. Dar\u010dekov\u00e9 karty nie je mo\u017en\u00e9 vymeni\u0165 ani vr\u00e1ti\u0165. <\/strong><\/p>\n<p>&nbsp;<\/p>\n","protected":false},"excerpt":{"rendered":"<p>Chceli by ste darova\u0165 bl\u00edzkej osobe pracuj\u00facej v lek\u00e1rskom alebo kozmetickom priemysle \u0161peci\u00e1lny dar\u010dek?<\/p>\n<p>Na\u0161a dar\u010dekov\u00e1 karta je ide\u00e1lnym n\u00e1padom na dar\u010dek na ak\u00fako\u013evek pr\u00edle\u017eitos\u0165!<\/p>\n","protected":false},"featured_media":375900,"comment_status":"closed","ping_status":"closed","template":"","meta":{"_acf_changed":false,"inline_featured_image":false},"kolor":[],"rodzaj-ubrania":[],"ubranie":[],"product_brand":[],"product_cat":[1301],"product_tag":[],"class_list":{"0":"post-375954","1":"product","2":"type-product","3":"status-publish","4":"has-post-thumbnail","6":"product_cat-darcekove-karty","8":"first","9":"instock","10":"taxable","11":"shipping-taxable","12":"purchasable","13":"product-type-variable"},"acf":[],"_links":{"self":[{"href":"https:\/\/medandbeauty.com\/sk\/wp-json\/wp\/v2\/product\/375954","targetHints":{"allow":["GET"]}}],"collection":[{"href":"https:\/\/medandbeauty.com\/sk\/wp-json\/wp\/v2\/product"}],"about":[{"href":"https:\/\/medandbeauty.com\/sk\/wp-json\/wp\/v2\/types\/product"}],"replies":[{"embeddable":true,"href":"https:\/\/medandbeauty.com\/sk\/wp-json\/wp\/v2\/comments?post=375954"}],"wp:featuredmedia":[{"embeddable":true,"href":"https:\/\/medandbeauty.com\/sk\/wp-json\/wp\/v2\/media\/375900"}],"wp:attachment":[{"href":"https:\/\/medandbeauty.com\/sk\/wp-json\/wp\/v2\/media?parent=375954"}],"wp:term":[{"taxonomy":"kolor","embeddable":true,"href":"https:\/\/medandbeauty.com\/sk\/wp-json\/wp\/v2\/kolor?post=375954"},{"taxonomy":"rodzaj-ubrania","embeddable":true,"href":"https:\/\/medandbeauty.com\/sk\/wp-json\/wp\/v2\/rodzaj-ubrania?post=375954"},{"taxonomy":"ubranie","embeddable":true,"href":"https:\/\/medandbeauty.com\/sk\/wp-json\/wp\/v2\/ubranie?post=375954"},{"taxonomy":"product_brand","embeddable":true,"href":"https:\/\/medandbeauty.com\/sk\/wp-json\/wp\/v2\/product_brand?post=375954"},{"taxonomy":"product_cat","embeddable":true,"href":"https:\/\/medandbeauty.com\/sk\/wp-json\/wp\/v2\/product_cat?post=375954"},{"taxonomy":"product_tag","embeddable":true,"href":"https:\/\/medandbeauty.com\/sk\/wp-json\/wp\/v2\/product_tag?post=375954"}],"curies":[{"name":"wp","href":"https:\/\/api.w.org\/{rel}","templated":true}]}}