{"id":383987,"date":"2024-01-10T23:46:49","date_gmt":"2024-01-10T23:46:49","guid":{"rendered":"https:\/\/medandbeauty.com\/product\/panske-lekarske-nohavice-proste-scrubs-basic-black\/"},"modified":"2026-03-24T17:03:00","modified_gmt":"2026-03-24T16:03:00","slug":"panske-lekarske-nohavice-proste-scrubs-basic-black","status":"publish","type":"product","link":"https:\/\/medandbeauty.com\/sk\/product\/panske-lekarske-nohavice-proste-scrubs-basic-black\/","title":{"rendered":"P\u00e1nske lek\u00e1rske nohavice PROSTE scrubs basic BLACK"},"content":{"rendered":"<p style=\"font-weight: 400;\">Chcete sa pri pr\u00e1ci c\u00edti\u0165 pohodlne a dobre vyzera\u0165?<\/p>\n<p style=\"font-weight: 400;\">Na\u0161e <strong>\u010dierne<\/strong> <strong>rovn\u00e9 lek\u00e1rske nohavice z <a href=\"https:\/\/medandbeauty.com\/sk\/shop\/pre-neho\/zakladna-kolekcia-sk\/\" target=\"_blank\" rel=\"noopener\">kolekcie Basic<\/a><\/strong> splnia v\u0161etky va\u0161e o\u010dak\u00e1vania!<\/p>\n<p style=\"font-weight: 400;\">Ak oce\u0148ujete <strong>zdravotn\u00edcke oble\u010denie<\/strong> z najkvalitnej\u0161\u00edch materi\u00e1lov, ktor\u00e9 poskytuje maxim\u00e1lne pohodlie &#8211; <strong>p\u00e1nske rovn\u00e9 zdravotn\u00edcke nohavice <a href=\"https:\/\/medandbeauty.com\/sk\/shop\/pre-neho\/zakladna-kolekcia-sk\/\" target=\"_blank\" rel=\"noopener\">Med &amp; Beauty Basic<\/a><\/strong> <strong>v \u010diernej far<\/strong> be nesm\u00fa ch\u00fdba\u0165 vo va\u0161om \u0161atn\u00edku.<\/p>\n<p style=\"font-weight: 400;\"><strong>\u010cierne rovn\u00e9 p\u00e1nske lek\u00e1rske nohavice Scrubs Basic<\/strong> s\u00fa vyroben\u00e9 z tkaniny pr\u00edjemnej na dotyk a pr\u00edjemnej na nosenie, tak\u017ee sa \u00faplne pohodlne nosia a neobmedzuj\u00fa v pohybe. V\u010faka kombin\u00e1cii polyesteru, visk\u00f3zy a lycry je tkanina dokonale prisp\u00f4soben\u00e1 mu\u017eskej postave a z\u00e1rove\u0148 je mimoriadne odoln\u00e1 a ve\u013emi priedu\u0161n\u00e1. <\/p>\n<p style=\"font-weight: 400;\">Stopercentn\u00e9 pohodlie v\u00e1m zaru\u010d\u00ed mierne zv\u00fd\u0161en\u00fd p\u00e1s a \u0161irok\u00fd a elastick\u00fd p\u00e1s. <strong>P\u00e1nske rovn\u00e9 lek\u00e1rske nohavice Med &amp; Beauty v \u010diernej far <\/strong>be neobmedzuj\u00fa v pohybe ani pri dlhom nosen\u00ed.<\/p>\n<p style=\"font-weight: 400;\"><strong>P\u00e1nske rovn\u00e9 lek\u00e1rske nohavice v \u010diernej far <\/strong>be s\u00fa vybaven\u00e9 \u0161iestimi priestrann\u00fdmi a funk\u010dn\u00fdmi vreckami, ktor\u00e9 v\u00e1m umo\u017enia ma\u0165 po ruke v\u0161etky najpotrebnej\u0161ie pracovn\u00e9 pom\u00f4cky a n\u00e1stroje.<\/p>\n<p style=\"font-weight: 400;\">Vytvorte si dokonal\u00fa <strong>s\u00fapravu lek\u00e1rskeho oble\u010denia<\/strong> zladen\u00edm <strong>p\u00e1nskych lek\u00e1rskych be\u017eeck\u00fdch nohav\u00edc v \u010diernej farbe<\/strong> s <strong><a href=\"https:\/\/medandbeauty.com\/sk\/product\/panska-lekarska-bluzka-scrubs-basic-black\/\" target=\"_blank\" rel=\"noopener\"> lek\u00e1rskou bl\u00fazkou<\/a><\/strong> z rovnak\u00e9ho materi\u00e1lu.<\/p>\n<ul>\n<li style=\"font-weight: 400;\">\u0160es\u0165 funk\u010dn\u00fdch, priestrann\u00fdch vreciek<\/li>\n<li style=\"font-weight: 400;\"><span style=\"font-family: inherit;\">Elastick\u00fd p\u00e1s<\/span><\/li>\n<li style=\"font-weight: 400;\"><span style=\"font-family: inherit;\">Rovn\u00e9, elegantn\u00e9 nohy<\/span><\/li>\n<li style=\"font-weight: 400;\"><span style=\"font-family: inherit;\">Klasick\u00fd, \u0161portov\u00fd strih<\/span><\/li>\n<\/ul>\n<p>&nbsp;<\/p>\n<p style=\"font-weight: 400;\"><strong>\u010eal\u0161ie inform\u00e1cie:<\/strong><\/p>\n<p style=\"font-weight: 400;\">Modelka na fotografi\u00e1ch m\u00e1 na sebe ve\u013ekos\u0165 L a je vysok\u00e1 186 cm.<\/p>\n<p style=\"font-weight: 400;\">Ak si neviete vybra\u0165 ve\u013ekos\u0165, pozrite si tabu\u013eku ve\u013ekost\u00ed. Ak m\u00e1te \u010fal\u0161ie pochybnosti &#8211; po\u0161lite n\u00e1m svoje miery a my v\u00e1m ju prisp\u00f4sob\u00edme. <\/p>\n<p style=\"font-weight: 400;\">Farby odevov v <a href=\"https:\/\/medandbeauty.com\/sk\/shop\/pre-neho\/zakladna-kolekcia-sk\/\" target=\"_blank\" rel=\"noopener\">kolekcii Basic<\/a> sa nezhoduj\u00fa s farbami odevov v <a href=\"https:\/\/medandbeauty.com\/sk\/shop\/pre-neho\/kolekcia-premium-sk\/\" target=\"_blank\" rel=\"noopener\">kolekcii Premium<\/a> &#8211; s\u00fa vyroben\u00e9 z r\u00f4znych materi\u00e1lov.<\/p>\n<p style=\"font-weight: 400;\">Odtiene jednotliv\u00fdch odevov na obr\u00e1zkoch sa m\u00f4\u017eu l\u00ed\u0161i\u0165 od skuto\u010dn\u00fdch &#8211; je to sp\u00f4soben\u00e9 r\u00f4znorodos\u0165ou dostupn\u00fdch elektronick\u00fdch zariaden\u00ed a ich individu\u00e1lnym nastaven\u00edm.<\/p>\n","protected":false},"excerpt":{"rendered":"<p>Chcete sa pri pr\u00e1ci c\u00edti\u0165 pohodlne a dobre vyzera\u0165? Na\u0161e \u010dierne rovn\u00e9 lek\u00e1rske nohavice z kolekcie Basic splnia v\u0161etky va\u0161e o\u010dak\u00e1vania! Ak oce\u0148ujete zdravotn\u00edcke oble\u010denie z najkvalitnej\u0161\u00edch materi\u00e1lov, ktor\u00e9 poskytuje maxim\u00e1lne pohodlie &#8211; p\u00e1nske rovn\u00e9 zdravotn\u00edcke nohavice Med &amp; Beauty Basic v \u010diernej far be nesm\u00fa ch\u00fdba\u0165 vo va\u0161om \u0161atn\u00edku. \u010cierne rovn\u00e9 p\u00e1nske lek\u00e1rske nohavice [&hellip;]<\/p>\n","protected":false},"featured_media":383989,"comment_status":"open","ping_status":"closed","template":"","meta":{"_acf_changed":false,"inline_featured_image":false},"kolor":[1168],"rodzaj-ubrania":[1082,1095],"ubranie":[1126],"product_brand":[],"product_cat":[1102,1114,1098,1099],"product_tag":[1334],"class_list":{"0":"post-383987","1":"product","2":"type-product","3":"status-publish","4":"has-post-thumbnail","6":"kolor-czernie-sk","7":"rodzaj-ubrania-kroviny","8":"rodzaj-ubrania-lekarske-nohavice","9":"ubranie-panske-lekarske-nohavice-rovne-scrubs-basic","10":"product_cat-kroviny-sk","11":"product_cat-lekarske-nohavice-sk","12":"product_cat-pre-neho","13":"product_cat-zakladna-kolekcia-sk","14":"product_tag-panske-lekarske-nohavice-s-rovnymi-nohavicami","16":"first","17":"instock","18":"taxable","19":"shipping-taxable","20":"purchasable","21":"product-type-variable"},"acf":[],"_links":{"self":[{"href":"https:\/\/medandbeauty.com\/sk\/wp-json\/wp\/v2\/product\/383987","targetHints":{"allow":["GET"]}}],"collection":[{"href":"https:\/\/medandbeauty.com\/sk\/wp-json\/wp\/v2\/product"}],"about":[{"href":"https:\/\/medandbeauty.com\/sk\/wp-json\/wp\/v2\/types\/product"}],"replies":[{"embeddable":true,"href":"https:\/\/medandbeauty.com\/sk\/wp-json\/wp\/v2\/comments?post=383987"}],"wp:featuredmedia":[{"embeddable":true,"href":"https:\/\/medandbeauty.com\/sk\/wp-json\/wp\/v2\/media\/383989"}],"wp:attachment":[{"href":"https:\/\/medandbeauty.com\/sk\/wp-json\/wp\/v2\/media?parent=383987"}],"wp:term":[{"taxonomy":"kolor","embeddable":true,"href":"https:\/\/medandbeauty.com\/sk\/wp-json\/wp\/v2\/kolor?post=383987"},{"taxonomy":"rodzaj-ubrania","embeddable":true,"href":"https:\/\/medandbeauty.com\/sk\/wp-json\/wp\/v2\/rodzaj-ubrania?post=383987"},{"taxonomy":"ubranie","embeddable":true,"href":"https:\/\/medandbeauty.com\/sk\/wp-json\/wp\/v2\/ubranie?post=383987"},{"taxonomy":"product_brand","embeddable":true,"href":"https:\/\/medandbeauty.com\/sk\/wp-json\/wp\/v2\/product_brand?post=383987"},{"taxonomy":"product_cat","embeddable":true,"href":"https:\/\/medandbeauty.com\/sk\/wp-json\/wp\/v2\/product_cat?post=383987"},{"taxonomy":"product_tag","embeddable":true,"href":"https:\/\/medandbeauty.com\/sk\/wp-json\/wp\/v2\/product_tag?post=383987"}],"curies":[{"name":"wp","href":"https:\/\/api.w.org\/{rel}","templated":true}]}}