{"id":386994,"date":"2024-01-05T23:52:08","date_gmt":"2024-01-05T23:52:08","guid":{"rendered":"https:\/\/medandbeauty.com\/product\/lekarske-viacvrstvove-saty-premium-black\/"},"modified":"2026-04-28T15:23:55","modified_gmt":"2026-04-28T13:23:55","slug":"lekarske-viacvrstvove-saty-premium-black","status":"publish","type":"product","link":"https:\/\/medandbeauty.com\/sk\/product\/lekarske-viacvrstvove-saty-premium-black\/","title":{"rendered":"Lek\u00e1rske viacvrstvov\u00e9 \u0161aty Premium BLACK"},"content":{"rendered":"<p>&nbsp;<\/p>\n<h2>\u010cierne lek\u00e1rske \u0161aty od Med&amp;Beauty<\/h2>\n<p><strong>Viazan\u00e9 lek\u00e1rske \u010dierne \u0161aty z l\u00ednie Premium<\/strong> s\u00fa najklasickej\u0161\u00edm modelom spomedzi v\u0161etk\u00fdch <strong>lek\u00e1rskych \u0161iat <a href=\"https:\/\/medandbeauty.com\/sk\/shop\/pre-nu\/kolekcia-premium\/\" target=\"_blank\" rel=\"noopener\">Med &amp; Beauty Premium<\/a>.<\/strong><\/p>\n<p>Zabudnite na nepohodln\u00e9 a neforemn\u00e9 lek\u00e1rske uniformy &#8211; nastal \u010das na elegantn\u00e9 \u010dierne lek\u00e1rske \u0161aty, ktor\u00e9 zv\u00fdraz\u0148uj\u00fa \u017eensk\u00fa postavu a poskytuj\u00fa maxim\u00e1lne pohodlie.<\/p>\n<p>Vedeli ste, \u017ee pacienti a klienti \u010doraz viac dbaj\u00fa na to, ako ste pri svojej pr\u00e1ci oble\u010den\u00ed?<\/p>\n<p>\u00dah\u013eadn\u00fdm a elegantn\u00fdm <strong>lek\u00e1rskym oble\u010den\u00edm s \u010diernou kravatou<\/strong> nielen zlep\u0161\u00edte svoju pohodu, ale aj zd\u00f4razn\u00edte svoju profesionalitu a z\u00edskate si tak priaze\u0148 v o\u010diach pacientov a klientov.<\/p>\n<h2>\u010cierne lek\u00e1rske \u0161aty &#8211; materi\u00e1ly<\/h2>\n<p>\u010cierne viazan\u00e9 lek\u00e1rske \u0161aty z<strong> <a href=\"https:\/\/medandbeauty.com\/sk\/shop\/pre-nu\/kolekcia-premium\/\" target=\"_blank\" rel=\"noopener\">Kolekcia Premium<\/a><\/strong> boli u\u0161it\u00e9 z 80 % z vysokokvalitnej bavlny v kombin\u00e1cii s nylonom a lycrou. V\u010faka tejto kombin\u00e1cii vl\u00e1kien je tkanina m\u00e4kk\u00e1 a priedu\u0161n\u00e1 a, <strong>\u010do je<\/strong> ve\u013emi <strong>d\u00f4le\u017eit\u00e9 pre lek\u00e1rske \u0161aty, nema\u010dk\u00e1 sa!<\/strong><\/p>\n<p>P\u00e1s a modeluj\u00face z\u00e1\u0161evky dokonale tvaruj\u00fa postavu a zd\u00f4raz\u0148uj\u00fa v\u0161etky jej prednosti, zatia\u013e \u010do klasick\u00fd v\u00fdstrih s elegantn\u00fdm golierom pod\u010diarkuje nad\u010dasovos\u0165 tohto modelu.<\/p>\n<p><strong>Pr\u00e9miov\u00e9 lek\u00e1rske \u010dierne \u0161aty<\/strong> siahaj\u00fa mierne pod kolen\u00e1, tak\u017ee maj\u00fa ide\u00e1lnu d\u013a\u017eku pre maxim\u00e1lne pohodlie pri pr\u00e1ci. Ruk\u00e1vy s d\u013a\u017ekou 7\/8 chr\u00e1nia ramen\u00e1 a neobmedzuj\u00fa pohyb. <\/p>\n<p>Ak si cen\u00edte pohodlie, minimalizmus a profesion\u00e1lny imid\u017e v pr\u00e1ci, vyberte si <strong>pr\u00e9miov\u00e9 \u010dierne viazan\u00e9 lek\u00e1rske \u0161aty<\/strong>. Ak\u00e9 vlastnosti maj\u00fa na\u0161e lek\u00e1rske \u010dierne \u0161aty? <\/p>\n<ul>\n<li>origin\u00e1lny v\u00fdstrih s elegantn\u00fdm golierom,<\/li>\n<li>rovn\u00e9 7\/8 ruk\u00e1vy,<\/li>\n<li>Klasick\u00fd strih s d\u013a\u017ekou po kolen\u00e1,<\/li>\n<li>Vrchn\u00e9 pre\u0161itie a p\u00e1s zv\u00fdraz\u0148uj\u00faci siluetu,<\/li>\n<li>je mo\u017en\u00e1 personaliz\u00e1cia vo forme v\u00fd\u0161ivky.<\/li>\n<\/ul>\n<p><strong>\u010eal\u0161ie inform\u00e1cie:<\/strong> Modelky na fotografi\u00e1ch maj\u00fa na sebe \u010dierne lek\u00e1rske \u0161aty ve\u013ekosti S a s\u00fa vysok\u00e9 170-174 cm.<\/p>\n<p>Ak si neviete vybra\u0165 ve\u013ekos\u0165, pozrite si tabu\u013eku ve\u013ekost\u00ed. Ak m\u00e1te \u010fal\u0161ie pochybnosti &#8211; po\u0161lite n\u00e1m svoje miery a my v\u00e1m ju prisp\u00f4sob\u00edme. <\/p>\n<p>Farby odevov v <a href=\"https:\/\/medandbeauty.com\/sk\/shop\/pre-nu\/kolekcia-premium\/\" target=\"_blank\" rel=\"noopener\">kolekcii Premium<\/a> sa nezhoduj\u00fa s farbami odevov v <a href=\"https:\/\/medandbeauty.com\/sk\/shop\/pre-nu\/zakladna-kolekcia\/\" target=\"_blank\" rel=\"noopener\">kolekcii Basic<\/a> &#8211; s\u00fa vyroben\u00e9 z in\u00fdch materi\u00e1lov.<\/p>\n<p>N\u00e1\u0161 <a href=\"https:\/\/medandbeauty.com\/sk\/\">obchod so zdravotn\u00edckym oble\u010den\u00edm<\/a> pon\u00faka:<\/p>\n<ul>\n<li><a href=\"https:\/\/medandbeauty.com\/sk\/shop\/pre-nu\/\" target=\"_new\" rel=\"noopener\">d\u00e1mske zdravotn\u00edcke oble\u010denie<\/a>,<\/li>\n<li><a href=\"https:\/\/medandbeauty.com\/sk\/rodzaj-ubrania\/zdravotnicke-saty-sk\/\" target=\"_new\" rel=\"noopener\">lek\u00e1rske \u0161aty<\/a>,<\/li>\n<li><a href=\"https:\/\/medandbeauty.com\/sk\/product\/lekarske-saty-so-zipsom-premium-black\/\" target=\"_new\" rel=\"noopener\">lek\u00e1rske \u0161aty na zips \u010diernej farby<\/a>,<\/li>\n<li><a href=\"https:\/\/medandbeauty.com\/sk\/product\/lekarske-obalkove-saty-s-kratkymi-rukavmi-premium-black\/\" target=\"_new\" rel=\"noopener\">lek\u00e1rske ob\u00e1lkov\u00e9 \u0161aty \u010diernej farby.<\/a><\/li>\n<\/ul>\n<p>Odtiene jednotliv\u00fdch odevov na obr\u00e1zkoch sa m\u00f4\u017eu l\u00ed\u0161i\u0165 od skuto\u010dn\u00fdch &#8211; je to sp\u00f4soben\u00e9 r\u00f4znorodos\u0165ou dostupn\u00fdch elektronick\u00fdch zariaden\u00ed a ich individu\u00e1lnym nastaven\u00edm.<\/p>\n<p>Odpor\u00fa\u010dame v\u00e1m zad\u00e1va\u0165 objedn\u00e1vky.<\/p>\n","protected":false},"excerpt":{"rendered":"<p>&nbsp; \u010cierne lek\u00e1rske \u0161aty od Med&amp;Beauty Viazan\u00e9 lek\u00e1rske \u010dierne \u0161aty z l\u00ednie Premium s\u00fa najklasickej\u0161\u00edm modelom spomedzi v\u0161etk\u00fdch lek\u00e1rskych \u0161iat Med &amp; Beauty Premium. Zabudnite na nepohodln\u00e9 a neforemn\u00e9 lek\u00e1rske uniformy &#8211; nastal \u010das na elegantn\u00e9 \u010dierne lek\u00e1rske \u0161aty, ktor\u00e9 zv\u00fdraz\u0148uj\u00fa \u017eensk\u00fa postavu a poskytuj\u00fa maxim\u00e1lne pohodlie. Vedeli ste, \u017ee pacienti a klienti \u010doraz viac [&hellip;]<\/p>\n","protected":false},"featured_media":386995,"comment_status":"open","ping_status":"closed","template":"","meta":{"_acf_changed":false,"inline_featured_image":false},"kolor":[1168],"rodzaj-ubrania":[1177],"ubranie":[1356],"product_brand":[],"product_cat":[1175,1058,1176],"product_tag":[1355],"class_list":{"0":"post-386994","1":"product","2":"type-product","3":"status-publish","4":"has-post-thumbnail","6":"kolor-czernie-sk","7":"rodzaj-ubrania-zdravotnicke-saty-sk","8":"ubranie-premiove-viazane-lekarske-saty","9":"product_cat-kolekcia-premium","10":"product_cat-pre-nu","11":"product_cat-zdravotnicke-saty-sk","12":"product_tag-kozmeticke-saty","14":"first","15":"instock","16":"taxable","17":"shipping-taxable","18":"purchasable","19":"product-type-variable"},"acf":[],"_links":{"self":[{"href":"https:\/\/medandbeauty.com\/sk\/wp-json\/wp\/v2\/product\/386994","targetHints":{"allow":["GET"]}}],"collection":[{"href":"https:\/\/medandbeauty.com\/sk\/wp-json\/wp\/v2\/product"}],"about":[{"href":"https:\/\/medandbeauty.com\/sk\/wp-json\/wp\/v2\/types\/product"}],"replies":[{"embeddable":true,"href":"https:\/\/medandbeauty.com\/sk\/wp-json\/wp\/v2\/comments?post=386994"}],"wp:featuredmedia":[{"embeddable":true,"href":"https:\/\/medandbeauty.com\/sk\/wp-json\/wp\/v2\/media\/386995"}],"wp:attachment":[{"href":"https:\/\/medandbeauty.com\/sk\/wp-json\/wp\/v2\/media?parent=386994"}],"wp:term":[{"taxonomy":"kolor","embeddable":true,"href":"https:\/\/medandbeauty.com\/sk\/wp-json\/wp\/v2\/kolor?post=386994"},{"taxonomy":"rodzaj-ubrania","embeddable":true,"href":"https:\/\/medandbeauty.com\/sk\/wp-json\/wp\/v2\/rodzaj-ubrania?post=386994"},{"taxonomy":"ubranie","embeddable":true,"href":"https:\/\/medandbeauty.com\/sk\/wp-json\/wp\/v2\/ubranie?post=386994"},{"taxonomy":"product_brand","embeddable":true,"href":"https:\/\/medandbeauty.com\/sk\/wp-json\/wp\/v2\/product_brand?post=386994"},{"taxonomy":"product_cat","embeddable":true,"href":"https:\/\/medandbeauty.com\/sk\/wp-json\/wp\/v2\/product_cat?post=386994"},{"taxonomy":"product_tag","embeddable":true,"href":"https:\/\/medandbeauty.com\/sk\/wp-json\/wp\/v2\/product_tag?post=386994"}],"curies":[{"name":"wp","href":"https:\/\/api.w.org\/{rel}","templated":true}]}}