{"id":389191,"date":"2024-01-05T19:34:00","date_gmt":"2024-01-05T19:34:00","guid":{"rendered":"https:\/\/medandbeauty.com\/product\/damske-lekarske-nohavice-proste-scrubs-premium-black\/"},"modified":"2025-12-23T12:06:32","modified_gmt":"2025-12-23T11:06:32","slug":"damske-lekarske-nohavice-proste-scrubs-premium-black","status":"publish","type":"product","link":"https:\/\/medandbeauty.com\/sk\/product\/damske-lekarske-nohavice-proste-scrubs-premium-black\/","title":{"rendered":"D\u00e1mske lek\u00e1rske nohavice PROSTE scrubs premium BLACK"},"content":{"rendered":"<p style=\"font-weight: 400;\">Tento pohodln\u00fd a nad\u010dasov\u00fd model ur\u010dite ocenia v\u0161etci milovn\u00edci klasick\u00fdch a elegantn\u00fdch strihov!<\/p>\n<p style=\"font-weight: 400;\">Chcete pri pr\u00e1ci vyzera\u0165 a c\u00edti\u0165 sa senza\u010dne?<\/p>\n<p style=\"font-weight: 400;\"><strong>\u010cierne rovn\u00e9 lek\u00e1rske nohavice z <a href=\"https:\/\/medandbeauty.com\/sk\/shop\/pre-nu\/kolekcia-premium\/\" target=\"_blank\" rel=\"noopener\">kolekcie Med &amp; Beauty Premium<\/a><\/strong> s\u00fa ide\u00e1lnou vo\u013ebou pre \u017eeny, ktor\u00e9 si cenia profesionalitu a pohodlie po\u010das dlh\u00fdch hod\u00edn v pr\u00e1ci.<\/p>\n<p style=\"font-weight: 400;\"><strong>D\u00e1mske rovn\u00e9 lek\u00e1rske nohavice Scrubs Premium v \u010diernej far<\/strong> be s\u00fa u\u0161it\u00e9 z pr\u00edjemn\u00e9ho, m\u00e4kk\u00e9ho materi\u00e1lu, ktor\u00fd umo\u017e\u0148uje \u00fapln\u00fa vo\u013enos\u0165 pohybu a maxim\u00e1lne pohodlie pri nosen\u00ed.<\/p>\n<p style=\"font-weight: 400;\">V\u010faka kombin\u00e1cii 80 % vysokokvalitnej bavlny s nylonom a lycrou tkanina perfektne sed\u00ed, je odoln\u00e1 a priedu\u0161n\u00e1.<\/p>\n<p style=\"font-weight: 400;\"><strong>D\u00e1mske rovn\u00e9 lek\u00e1rske nohavice z <a href=\"https:\/\/medandbeauty.com\/sk\/shop\/pre-nu\/kolekcia-premium\/\" target=\"_blank\" rel=\"noopener\">kolekcie Premium<\/a><\/strong> s\u00fa vybaven\u00e9 \u0161tyrmi praktick\u00fdmi vreckami (dve predn\u00e9 a dve zadn\u00e9), do ktor\u00fdch sa zmestia v\u0161etky ka\u017edodenn\u00e9 potreby.<\/p>\n<p style=\"font-weight: 400;\">Mierne z\u00fa\u017een\u00fd tvar a vysok\u00fd strih nohav\u00edc zv\u00fdraznia prednosti ka\u017edej postavy, zatia\u013e \u010do elastick\u00fd p\u00e1s zaru\u010duje pln\u00e9 pohodlie a vo\u013enos\u0165 pohybu.<\/p>\n<p style=\"font-weight: 400;\"><strong>\u010cierne rovn\u00e9 lek\u00e1rske nohavice Premium Scrubs<\/strong> sp\u00e1rujte s <a href=\"https:\/\/medandbeauty.com\/produkt\/bluzka-medyczna-damska-scrubs-premium-czarna\/\" target=\"_blank\" rel=\"noopener\"><strong>lek\u00e1rskou bl\u00fazkou<\/strong><\/a> v rovnakej farbe alebo ich skombinujte s in\u00fdm odtie\u0148om z na\u0161ej kolekcie <strong>Scrubs Premium<\/strong> a vytvorte jedine\u010dn\u00fd set!<\/p>\n<ul>\n<li style=\"font-weight: 400;\">Celkovo 4 priestrann\u00e9 vreck\u00e1 &#8211; dve predn\u00e9 a dve zadn\u00e9<\/li>\n<li style=\"font-weight: 400;\"><span style=\"font-family: inherit;\">Rovn\u00e9, mierne z\u00fa\u017een\u00e9 nohy<\/span><\/li>\n<li style=\"font-weight: 400;\"><span style=\"font-family: inherit;\">Vysok\u00fd n\u00e1rast so \u0161irok\u00fdm elastick\u00fdm p\u00e1som<\/span><\/li>\n<li style=\"font-weight: 400;\"><span style=\"font-family: inherit;\">Elegantn\u00e9 a jemn\u00e9 rozparky na noh\u00e1ch<\/span><\/li>\n<\/ul>\n<p>&nbsp;<\/p>\n<p style=\"font-weight: 400;\"><strong>\u010eal\u0161ie inform\u00e1cie:<\/strong><br \/>\nModelky na fotografi\u00e1ch maj\u00fa na sebe ve\u013ekos\u0165 S a s\u00fa vysok\u00e9 170-174 cm.<\/p>\n<p style=\"font-weight: 400;\">Ak si neviete vybra\u0165 ve\u013ekos\u0165, pozrite si tabu\u013eku ve\u013ekost\u00ed. Ak m\u00e1te \u010fal\u0161ie pochybnosti &#8211; po\u0161lite n\u00e1m svoje miery a my v\u00e1m ju prisp\u00f4sob\u00edme. <\/p>\n<p style=\"font-weight: 400;\">Farby odevov v <a href=\"https:\/\/medandbeauty.com\/sk\/shop\/pre-nu\/kolekcia-premium\/\" target=\"_blank\" rel=\"noopener\">kolekcii Premium<\/a> sa nezhoduj\u00fa s farbami odevov v <a href=\"https:\/\/medandbeauty.com\/sk\/shop\/pre-nu\/zakladna-kolekcia\/\" target=\"_blank\" rel=\"noopener\">kolekcii Basic<\/a> &#8211; s\u00fa vyroben\u00e9 z in\u00fdch materi\u00e1lov.<\/p>\n<p style=\"font-weight: 400;\">Odtiene jednotliv\u00fdch odevov na obr\u00e1zkoch sa m\u00f4\u017eu l\u00ed\u0161i\u0165 od skuto\u010dn\u00fdch &#8211; je to sp\u00f4soben\u00e9 r\u00f4znorodos\u0165ou dostupn\u00fdch elektronick\u00fdch zariaden\u00ed a ich individu\u00e1lnym nastaven\u00edm.<\/p>\n","protected":false},"excerpt":{"rendered":"<p>Tento pohodln\u00fd a nad\u010dasov\u00fd model ur\u010dite ocenia v\u0161etci milovn\u00edci klasick\u00fdch a elegantn\u00fdch strihov! Chcete pri pr\u00e1ci vyzera\u0165 a c\u00edti\u0165 sa senza\u010dne? \u010cierne rovn\u00e9 lek\u00e1rske nohavice z kolekcie Med &amp; Beauty Premium s\u00fa ide\u00e1lnou vo\u013ebou pre \u017eeny, ktor\u00e9 si cenia profesionalitu a pohodlie po\u010das dlh\u00fdch hod\u00edn v pr\u00e1ci. D\u00e1mske rovn\u00e9 lek\u00e1rske nohavice Scrubs Premium v \u010diernej [&hellip;]<\/p>\n","protected":false},"featured_media":389192,"comment_status":"open","ping_status":"closed","template":"","meta":{"_acf_changed":false,"inline_featured_image":false},"kolor":[1168],"rodzaj-ubrania":[1082,1095],"ubranie":[1372],"product_brand":[],"product_cat":[1175,1371,1242,1058],"product_tag":[1368],"class_list":{"0":"post-389191","1":"product","2":"type-product","3":"status-publish","4":"has-post-thumbnail","6":"kolor-czernie-sk","7":"rodzaj-ubrania-kroviny","8":"rodzaj-ubrania-lekarske-nohavice","9":"ubranie-damske-lekarske-rovne-nohavice-scrubs-premium","10":"product_cat-kolekcia-premium","11":"product_cat-kroviny-sk-2","12":"product_cat-lekarske-nohavice-sk-2","13":"product_cat-pre-nu","14":"product_tag-kozmeticke-nohavice","16":"first","17":"instock","18":"taxable","19":"shipping-taxable","20":"purchasable","21":"product-type-variable"},"acf":[],"_links":{"self":[{"href":"https:\/\/medandbeauty.com\/sk\/wp-json\/wp\/v2\/product\/389191","targetHints":{"allow":["GET"]}}],"collection":[{"href":"https:\/\/medandbeauty.com\/sk\/wp-json\/wp\/v2\/product"}],"about":[{"href":"https:\/\/medandbeauty.com\/sk\/wp-json\/wp\/v2\/types\/product"}],"replies":[{"embeddable":true,"href":"https:\/\/medandbeauty.com\/sk\/wp-json\/wp\/v2\/comments?post=389191"}],"wp:featuredmedia":[{"embeddable":true,"href":"https:\/\/medandbeauty.com\/sk\/wp-json\/wp\/v2\/media\/389192"}],"wp:attachment":[{"href":"https:\/\/medandbeauty.com\/sk\/wp-json\/wp\/v2\/media?parent=389191"}],"wp:term":[{"taxonomy":"kolor","embeddable":true,"href":"https:\/\/medandbeauty.com\/sk\/wp-json\/wp\/v2\/kolor?post=389191"},{"taxonomy":"rodzaj-ubrania","embeddable":true,"href":"https:\/\/medandbeauty.com\/sk\/wp-json\/wp\/v2\/rodzaj-ubrania?post=389191"},{"taxonomy":"ubranie","embeddable":true,"href":"https:\/\/medandbeauty.com\/sk\/wp-json\/wp\/v2\/ubranie?post=389191"},{"taxonomy":"product_brand","embeddable":true,"href":"https:\/\/medandbeauty.com\/sk\/wp-json\/wp\/v2\/product_brand?post=389191"},{"taxonomy":"product_cat","embeddable":true,"href":"https:\/\/medandbeauty.com\/sk\/wp-json\/wp\/v2\/product_cat?post=389191"},{"taxonomy":"product_tag","embeddable":true,"href":"https:\/\/medandbeauty.com\/sk\/wp-json\/wp\/v2\/product_tag?post=389191"}],"curies":[{"name":"wp","href":"https:\/\/api.w.org\/{rel}","templated":true}]}}