{"id":389399,"date":"2024-01-06T01:38:19","date_gmt":"2024-01-06T01:38:19","guid":{"rendered":"https:\/\/medandbeauty.com\/product\/damska-lekarska-obalkova-tunika-premium-black\/"},"modified":"2026-03-18T09:25:52","modified_gmt":"2026-03-18T08:25:52","slug":"damska-lekarska-obalkova-tunika-premium-black","status":"publish","type":"product","link":"https:\/\/medandbeauty.com\/sk\/product\/damska-lekarska-obalkova-tunika-premium-black\/","title":{"rendered":"D\u00e1mska lek\u00e1rska ob\u00e1lkov\u00e1 tunika Premium BLACK"},"content":{"rendered":"<p style=\"font-weight: 400;\"><strong>\u010cierna lek\u00e1rska ob\u00e1lkov\u00e1 tunika Premium<\/strong> je dokonal\u00fdm modelom pre v\u0161etky \u017eeny pracuj\u00face v lek\u00e1rskom a kozmetickom priemysle, ktor\u00e9 ocenia minimalistick\u00e9 strihy a profesion\u00e1lny vzh\u013ead v pr\u00e1ci.<\/p>\n<p style=\"font-weight: 400;\"><strong>\u010cierna lek\u00e1rska ob\u00e1lkov\u00e1 tunika z <a href=\"https:\/\/medandbeauty.com\/sk\/shop\/pre-nu\/kolekcia-premium\/\" target=\"_blank\" rel=\"noopener\">pr\u00e9miovej kolekcie bola<\/a><\/strong> vyroben\u00e1 zo zmesi najkvalitnej\u0161ej bavlny, nylonu a lycry. V\u010faka takejto kombin\u00e1cii vl\u00e1kien v tkanine s\u00fa <strong>ob\u00e1lkov\u00e9 tuniky Med&amp;Beauty priedu\u0161n\u00e9<\/strong>, dokonale sa prisp\u00f4sobia \u017eenskej postave a zabezpe\u010dia pln\u00e9 pohodlie po\u010das dlh\u00fdch hod\u00edn v pr\u00e1ci.<\/p>\n<p style=\"font-weight: 400;\">V\u0161etky modely vrchn\u00fdch <strong>zdravotn\u00edckych odevov<\/strong> od spolo\u010dnosti <strong>Med &amp; Beauty<\/strong> s\u00fa vybaven\u00e9 praktick\u00fdmi a priestrann\u00fdmi vreckami, ktor\u00e9 v\u00e1m umo\u017enia ma\u0165 v nich v\u0161etky veci, ktor\u00e9 chcete ma\u0165 po ruke.<\/p>\n<p style=\"font-weight: 400;\">Ve\u013ekou prednos\u0165ou <strong>pr\u00e9miovej \u010diernej lek\u00e1rskej ob\u00e1lkovej tuniky <\/strong>je jej zap\u00ednanie vo v\u00fdstrihu. Aby sme v\u00e1m poskytli maxim\u00e1lne pohodlie, vybavili sme ho skryt\u00fdm gomb\u00edkom a zap\u00ednan\u00edm. <\/p>\n<p style=\"font-weight: 400;\">Srdie\u010dkov\u00fd v\u00fdstrih je nad\u010dasov\u00fd a z\u00e1rove\u0148 modern\u00fd a d\u013a\u017eka tuniky bola zvolen\u00e1 tak, aby kr\u00e1sne sedela na ka\u017edej postave.<\/p>\n<p style=\"font-weight: 400;\">V spolo\u010dnosti <strong>Med &amp; Beauty<\/strong> sa zameriavame nielen na pohodlie pri nosen\u00ed, ale aj na estetick\u00fd a profesion\u00e1lny vzh\u013ead.<strong> Pr\u00e9miov\u00e1 \u010dierna lek\u00e1rska ob\u00e1lkov\u00e1 tunika<\/strong> bola doplnen\u00e1 p\u00e1som v p\u00e1se, ktor\u00fd dokonale zv\u00fdraz\u0148uje v\u0161etky prednosti \u017eenskej postavy. <\/p>\n<p style=\"font-weight: 400;\"><strong>Pr\u00e9miov\u00e1 \u010dierna lek\u00e1rska ob\u00e1lkov\u00e1 tunika <\/strong>vyzer\u00e1 skvele s <a href=\"https:\/\/medandbeauty.com\/sk\/product\/damske-lekarske-nohavice-priliehave-premium-black\/\" target=\"_blank\" rel=\"noopener\"><strong>lek\u00e1rske nohavice<\/strong><\/a>ktor\u00e9 s\u00fa vyroben\u00e9 z rovnak\u00e9ho materi\u00e1lu.<\/p>\n<p style=\"font-weight: 400;\">Zla\u010fte <strong>lek\u00e1rske nohavice<\/strong> s \u010diernou farbou alebo s \u013eubovo\u013en\u00fdm odtie\u0148om z mnoh\u00fdch dostupn\u00fdch v na\u0161ej ponuke.<\/p>\n<ul>\n<li style=\"font-weight: 400;\">Dve ve\u013ek\u00e9, priestrann\u00e9 vreck\u00e1<\/li>\n<li style=\"font-weight: 400;\"><span style=\"font-family: inherit;\">Nap Nap vo v\u00fdstrihu pre maxim\u00e1lne pohodlie<\/span><\/li>\n<li style=\"font-weight: 400;\"><span style=\"font-family: inherit;\">Z\u00fa\u017een\u00fd p\u00e1s s opaskom<\/span><\/li>\n<li style=\"font-weight: 400;\"><span style=\"font-family: inherit;\">Ruk\u00e1v 3\/4<\/span><\/li>\n<li style=\"font-weight: 400;\"><span style=\"font-family: inherit;\">Mo\u017eno personalizova\u0165 v\u00fd\u0161ivkou<\/span><\/li>\n<\/ul>\n<p>&nbsp;<\/p>\n<p style=\"font-weight: 400;\"><strong>\u010eal\u0161ie inform\u00e1cie:<\/strong><br \/>\nModelky na fotografi\u00e1ch maj\u00fa na sebe ve\u013ekos\u0165 S a s\u00fa vysok\u00e9 170-174 cm.<\/p>\n<p style=\"font-weight: 400;\">Ak si neviete vybra\u0165 ve\u013ekos\u0165, pozrite si tabu\u013eku ve\u013ekost\u00ed. Ak m\u00e1te \u010fal\u0161ie pochybnosti &#8211; po\u0161lite n\u00e1m svoje miery a my v\u00e1m ju prisp\u00f4sob\u00edme. <\/p>\n<p style=\"font-weight: 400;\">Farby odevov v <a href=\"https:\/\/medandbeauty.com\/sk\/shop\/pre-nu\/kolekcia-premium\/\" target=\"_blank\" rel=\"noopener\">kolekcii Premium<\/a> sa nezhoduj\u00fa s farbami odevov v <a href=\"https:\/\/medandbeauty.com\/sk\/shop\/pre-nu\/zakladna-kolekcia\/\" target=\"_blank\" rel=\"noopener\">kolekcii Basic<\/a> &#8211; s\u00fa vyroben\u00e9 z in\u00fdch materi\u00e1lov.<\/p>\n<p style=\"font-weight: 400;\">Odtiene jednotliv\u00fdch odevov na obr\u00e1zkoch sa m\u00f4\u017eu l\u00ed\u0161i\u0165 od skuto\u010dn\u00fdch &#8211; je to sp\u00f4soben\u00e9 r\u00f4znorodos\u0165ou dostupn\u00fdch elektronick\u00fdch zariaden\u00ed a ich individu\u00e1lnym nastaven\u00edm.<\/p>\n","protected":false},"excerpt":{"rendered":"<p>\u010cierna lek\u00e1rska ob\u00e1lkov\u00e1 tunika Premium je dokonal\u00fdm modelom pre v\u0161etky \u017eeny pracuj\u00face v lek\u00e1rskom a kozmetickom priemysle, ktor\u00e9 ocenia minimalistick\u00e9 strihy a profesion\u00e1lny vzh\u013ead v pr\u00e1ci. \u010cierna lek\u00e1rska ob\u00e1lkov\u00e1 tunika z pr\u00e9miovej kolekcie bola vyroben\u00e1 zo zmesi najkvalitnej\u0161ej bavlny, nylonu a lycry. V\u010faka takejto kombin\u00e1cii vl\u00e1kien v tkanine s\u00fa ob\u00e1lkov\u00e9 tuniky Med&amp;Beauty priedu\u0161n\u00e9, dokonale sa [&hellip;]<\/p>\n","protected":false},"featured_media":389400,"comment_status":"open","ping_status":"closed","template":"","meta":{"_acf_changed":false,"inline_featured_image":false},"kolor":[1168],"rodzaj-ubrania":[1234],"ubranie":[1240],"product_brand":[],"product_cat":[1175,1233,1058],"product_tag":[1375],"class_list":{"0":"post-389399","1":"product","2":"type-product","3":"status-publish","4":"has-post-thumbnail","6":"kolor-czernie-sk","7":"rodzaj-ubrania-lekarske-tuniky","8":"ubranie-premiova-damska-lekarska-obalkova-tunika","9":"product_cat-kolekcia-premium","10":"product_cat-lekarske-tuniky","11":"product_cat-pre-nu","12":"product_tag-kozmeticke-tuniky","14":"first","15":"instock","16":"taxable","17":"shipping-taxable","18":"purchasable","19":"product-type-variable"},"acf":[],"_links":{"self":[{"href":"https:\/\/medandbeauty.com\/sk\/wp-json\/wp\/v2\/product\/389399","targetHints":{"allow":["GET"]}}],"collection":[{"href":"https:\/\/medandbeauty.com\/sk\/wp-json\/wp\/v2\/product"}],"about":[{"href":"https:\/\/medandbeauty.com\/sk\/wp-json\/wp\/v2\/types\/product"}],"replies":[{"embeddable":true,"href":"https:\/\/medandbeauty.com\/sk\/wp-json\/wp\/v2\/comments?post=389399"}],"wp:featuredmedia":[{"embeddable":true,"href":"https:\/\/medandbeauty.com\/sk\/wp-json\/wp\/v2\/media\/389400"}],"wp:attachment":[{"href":"https:\/\/medandbeauty.com\/sk\/wp-json\/wp\/v2\/media?parent=389399"}],"wp:term":[{"taxonomy":"kolor","embeddable":true,"href":"https:\/\/medandbeauty.com\/sk\/wp-json\/wp\/v2\/kolor?post=389399"},{"taxonomy":"rodzaj-ubrania","embeddable":true,"href":"https:\/\/medandbeauty.com\/sk\/wp-json\/wp\/v2\/rodzaj-ubrania?post=389399"},{"taxonomy":"ubranie","embeddable":true,"href":"https:\/\/medandbeauty.com\/sk\/wp-json\/wp\/v2\/ubranie?post=389399"},{"taxonomy":"product_brand","embeddable":true,"href":"https:\/\/medandbeauty.com\/sk\/wp-json\/wp\/v2\/product_brand?post=389399"},{"taxonomy":"product_cat","embeddable":true,"href":"https:\/\/medandbeauty.com\/sk\/wp-json\/wp\/v2\/product_cat?post=389399"},{"taxonomy":"product_tag","embeddable":true,"href":"https:\/\/medandbeauty.com\/sk\/wp-json\/wp\/v2\/product_tag?post=389399"}],"curies":[{"name":"wp","href":"https:\/\/api.w.org\/{rel}","templated":true}]}}