{"id":389493,"date":"2024-01-06T01:44:56","date_gmt":"2024-01-06T01:44:56","guid":{"rendered":"https:\/\/medandbeauty.com\/product\/damska-lekarska-obalkova-tunika-premium-light-beige\/"},"modified":"2025-12-23T11:40:39","modified_gmt":"2025-12-23T10:40:39","slug":"damska-lekarska-obalkova-tunika-premium-light-beige","status":"publish","type":"product","link":"https:\/\/medandbeauty.com\/sk\/product\/damska-lekarska-obalkova-tunika-premium-light-beige\/","title":{"rendered":"D\u00e1mska lek\u00e1rska ob\u00e1lkov\u00e1 tunika Premium light beige"},"content":{"rendered":"<p style=\"font-weight: 400;\"><strong>Svetlo b\u00e9\u017eov\u00e1 lek\u00e1rska ob\u00e1lkov\u00e1 tunika z <a href=\"https:\/\/medandbeauty.com\/sk\/shop\/pre-nu\/kolekcia-premium\/\" target=\"_blank\" rel=\"noopener\">kolekcie Premium<\/a><\/strong> je ide\u00e1lnym modelom pre v\u0161etky \u017eeny pracuj\u00face v lek\u00e1rskom a kozmetickom priemysle, ktor\u00e9 oce\u0148uj\u00fa minimalizmus, eleganciu a jednoduch\u00e9 strihy.<\/p>\n<p style=\"font-weight: 400;\"><strong>Pr\u00e9miov\u00e1 lek\u00e1rska ob\u00e1lkov\u00e1<\/strong> tunika <strong>svetlej b\u00e9\u017eovej farby<\/strong> bola vyroben\u00e1 zo zmesi najkvalitnej\u0161ej bavlny, nylonu a lycry. V\u010faka takejto kombin\u00e1cii vl\u00e1kien v tkanine s\u00fa <strong>ob\u00e1lkov\u00e9<\/strong> tuniky <strong>Med&amp;Beauty<\/strong> priedu\u0161n\u00e9, dokonale sa prisp\u00f4sobia ka\u017ed\u00e9mu typu postavy a zabezpe\u010dia pln\u00fd komfort pou\u017e\u00edvania po\u010das dlh\u00fdch hod\u00edn v pr\u00e1ci. <\/p>\n<p style=\"font-weight: 400;\">V\u0161etky modely vrchn\u00fdch <strong>zdravotn\u00edckych odevov<\/strong> od spolo\u010dnosti <strong>Med &amp; Beauty<\/strong> s\u00fa vybaven\u00e9 praktick\u00fdmi a priestrann\u00fdmi vreckami, ktor\u00e9 v\u00e1m umo\u017enia ma\u0165 v nich v\u0161etky veci, ktor\u00e9 chcete ma\u0165 po ruke.<\/p>\n<p style=\"font-weight: 400;\">Ve\u013ekou prednos\u0165ou <strong>svetlej b\u00e9\u017eovej lek\u00e1rskej tuniky Premium <\/strong>je jej zap\u00ednanie vo v\u00fdstrihu. Aby sme v\u00e1m poskytli maxim\u00e1lne pohodlie, vybavili sme ho skryt\u00fdm gomb\u00edkom a zap\u00ednan\u00edm. <\/p>\n<p style=\"font-weight: 400;\">Srdie\u010dkov\u00fd v\u00fdstrih je nad\u010dasov\u00fd a z\u00e1rove\u0148 modern\u00fd a d\u013a\u017eka tuniky bola zvolen\u00e1 tak, aby kr\u00e1sne sedela na ka\u017edej postave.<\/p>\n<p style=\"font-weight: 400;\">V spolo\u010dnosti <strong>Med &amp; Beauty<\/strong> sa zameriavame nielen na pohodlie pri nosen\u00ed, ale aj na estetick\u00fd a profesion\u00e1lny vzh\u013ead.<strong> Svetlo b\u00e9\u017eov\u00e1 pr\u00e9miov\u00e1 lek\u00e1rska ob\u00e1lkov\u00e1 tunika<\/strong> bola doplnen\u00e1 opaskom v p\u00e1se, ktor\u00fd dokonale zv\u00fdraz\u0148uje v\u0161etky prednosti \u017eenskej postavy. <\/p>\n<p style=\"font-weight: 400;\"><strong>Pr\u00e9miov\u00e1 lek\u00e1rska tunika ob\u00e1lka svetlo b\u00e9\u017eov\u00e1 <\/strong>vyzer\u00e1 skvele s <a href=\"https:\/\/medandbeauty.com\/sk\/product\/damske-lekarske-nohavice-premium-fit-pale-beig\/\" target=\"_blank\" rel=\"noopener\"><strong>priliehav\u00fdmi lek\u00e1rskymi nohavicami<\/strong><\/a>ktor\u00e9 s\u00fa vyroben\u00e9 z rovnak\u00e9ho materi\u00e1lu.<\/p>\n<p style=\"font-weight: 400;\">Pridajte si <strong>lek\u00e1rske nohavice<\/strong> v rovnakej svetlej b\u00e9\u017eovej farbe alebo si zvo\u013ete \u013eubovo\u013en\u00fd odtie\u0148 z mnoh\u00fdch dostupn\u00fdch v na\u0161ej ponuke.<strong><br \/>\n<\/strong><\/p>\n<ul>\n<li style=\"font-weight: 400;\">Dve ve\u013ek\u00e9, priestrann\u00e9 vreck\u00e1<\/li>\n<li style=\"font-weight: 400;\"><span style=\"font-family: inherit;\">Nap Nap vo v\u00fdstrihu pre maxim\u00e1lne pohodlie<\/span><\/li>\n<li style=\"font-weight: 400;\"><span style=\"font-family: inherit;\">Z\u00fa\u017een\u00fd p\u00e1s s opaskom<\/span><\/li>\n<li style=\"font-weight: 400;\"><span style=\"font-family: inherit;\">Ruk\u00e1v 3\/4<\/span><\/li>\n<li style=\"font-weight: 400;\"><span style=\"font-family: inherit;\">Mo\u017eno personalizova\u0165 v\u00fd\u0161ivkou<\/span><\/li>\n<\/ul>\n<p>&nbsp;<\/p>\n<p style=\"font-weight: 400;\"><strong>\u010eal\u0161ie inform\u00e1cie:<\/strong><br \/>\nModelky na fotografi\u00e1ch maj\u00fa na sebe ve\u013ekos\u0165 S a s\u00fa vysok\u00e9 170-174 cm.<\/p>\n<p style=\"font-weight: 400;\">Ak si neviete vybra\u0165 ve\u013ekos\u0165, pozrite si tabu\u013eku ve\u013ekost\u00ed. Ak m\u00e1te \u010fal\u0161ie pochybnosti &#8211; po\u0161lite n\u00e1m svoje miery a my v\u00e1m ju prisp\u00f4sob\u00edme. <\/p>\n<p style=\"font-weight: 400;\">Farby odevov v <a href=\"https:\/\/medandbeauty.com\/sk\/shop\/pre-nu\/kolekcia-premium\/\" target=\"_blank\" rel=\"noopener\">kolekcii Premium<\/a> sa nezhoduj\u00fa s farbami odevov v<a href=\"https:\/\/medandbeauty.com\/sk\/shop\/pre-nu\/zakladna-kolekcia\/\" target=\"_blank\" rel=\"noopener\"> kolekcii Basic<\/a> &#8211; s\u00fa vyroben\u00e9 z in\u00fdch materi\u00e1lov.<\/p>\n<p style=\"font-weight: 400;\">Odtiene jednotliv\u00fdch odevov na obr\u00e1zkoch sa m\u00f4\u017eu l\u00ed\u0161i\u0165 od skuto\u010dn\u00fdch &#8211; je to sp\u00f4soben\u00e9 r\u00f4znorodos\u0165ou dostupn\u00fdch elektronick\u00fdch zariaden\u00ed a ich individu\u00e1lnym nastaven\u00edm.<\/p>\n","protected":false},"excerpt":{"rendered":"<p>Svetlo b\u00e9\u017eov\u00e1 lek\u00e1rska ob\u00e1lkov\u00e1 tunika z kolekcie Premium je ide\u00e1lnym modelom pre v\u0161etky \u017eeny pracuj\u00face v lek\u00e1rskom a kozmetickom priemysle, ktor\u00e9 oce\u0148uj\u00fa minimalizmus, eleganciu a jednoduch\u00e9 strihy. Pr\u00e9miov\u00e1 lek\u00e1rska ob\u00e1lkov\u00e1 tunika svetlej b\u00e9\u017eovej farby bola vyroben\u00e1 zo zmesi najkvalitnej\u0161ej bavlny, nylonu a lycry. V\u010faka takejto kombin\u00e1cii vl\u00e1kien v tkanine s\u00fa ob\u00e1lkov\u00e9 tuniky Med&amp;Beauty priedu\u0161n\u00e9, dokonale [&hellip;]<\/p>\n","protected":false},"featured_media":389494,"comment_status":"open","ping_status":"closed","template":"","meta":{"_acf_changed":false,"inline_featured_image":false},"kolor":[1057],"rodzaj-ubrania":[1234],"ubranie":[1240],"product_brand":[],"product_cat":[1218,1175,1233,1058],"product_tag":[1375],"class_list":{"0":"post-389493","1":"product","2":"type-product","3":"status-publish","4":"has-post-thumbnail","6":"kolor-beiges-sk","7":"rodzaj-ubrania-lekarske-tuniky","8":"ubranie-premiova-damska-lekarska-obalkova-tunika","9":"product_cat-bestsellery","10":"product_cat-kolekcia-premium","11":"product_cat-lekarske-tuniky","12":"product_cat-pre-nu","13":"product_tag-kozmeticke-tuniky","15":"first","16":"instock","17":"taxable","18":"shipping-taxable","19":"purchasable","20":"product-type-variable"},"acf":[],"_links":{"self":[{"href":"https:\/\/medandbeauty.com\/sk\/wp-json\/wp\/v2\/product\/389493","targetHints":{"allow":["GET"]}}],"collection":[{"href":"https:\/\/medandbeauty.com\/sk\/wp-json\/wp\/v2\/product"}],"about":[{"href":"https:\/\/medandbeauty.com\/sk\/wp-json\/wp\/v2\/types\/product"}],"replies":[{"embeddable":true,"href":"https:\/\/medandbeauty.com\/sk\/wp-json\/wp\/v2\/comments?post=389493"}],"wp:featuredmedia":[{"embeddable":true,"href":"https:\/\/medandbeauty.com\/sk\/wp-json\/wp\/v2\/media\/389494"}],"wp:attachment":[{"href":"https:\/\/medandbeauty.com\/sk\/wp-json\/wp\/v2\/media?parent=389493"}],"wp:term":[{"taxonomy":"kolor","embeddable":true,"href":"https:\/\/medandbeauty.com\/sk\/wp-json\/wp\/v2\/kolor?post=389493"},{"taxonomy":"rodzaj-ubrania","embeddable":true,"href":"https:\/\/medandbeauty.com\/sk\/wp-json\/wp\/v2\/rodzaj-ubrania?post=389493"},{"taxonomy":"ubranie","embeddable":true,"href":"https:\/\/medandbeauty.com\/sk\/wp-json\/wp\/v2\/ubranie?post=389493"},{"taxonomy":"product_brand","embeddable":true,"href":"https:\/\/medandbeauty.com\/sk\/wp-json\/wp\/v2\/product_brand?post=389493"},{"taxonomy":"product_cat","embeddable":true,"href":"https:\/\/medandbeauty.com\/sk\/wp-json\/wp\/v2\/product_cat?post=389493"},{"taxonomy":"product_tag","embeddable":true,"href":"https:\/\/medandbeauty.com\/sk\/wp-json\/wp\/v2\/product_tag?post=389493"}],"curies":[{"name":"wp","href":"https:\/\/api.w.org\/{rel}","templated":true}]}}