{"id":389584,"date":"2024-01-05T21:52:20","date_gmt":"2024-01-05T21:52:20","guid":{"rendered":"https:\/\/medandbeauty.com\/product\/damsky-lekarsky-plast-s-premiovym-golierom-light-beig\/"},"modified":"2025-12-23T12:08:56","modified_gmt":"2025-12-23T11:08:56","slug":"damsky-lekarsky-plast-s-premiovym-golierom-light-beig","status":"publish","type":"product","link":"https:\/\/medandbeauty.com\/sk\/product\/damsky-lekarsky-plast-s-premiovym-golierom-light-beig\/","title":{"rendered":"D\u00e1msky lek\u00e1rsky pl\u00e1\u0161\u0165 s pr\u00e9miov\u00fdm golierom LIGHT BEIG"},"content":{"rendered":"<p style=\"font-weight: 400;\">Objavte jeden z najklasickej\u0161\u00edch modelov v na\u0161ej<a href=\"https:\/\/medandbeauty.com\/sk\/shop\/pre-nu\/kolekcia-premium\/\" target=\"_blank\" rel=\"noopener\"><strong> Med &amp; Beauty kolekcia Premium<\/strong><\/a>.<\/p>\n<p style=\"font-weight: 400;\">Ak si cen\u00edte profesion\u00e1lny vzh\u013ead v pr\u00e1ci, ale nechcete sa vzda\u0165 pohodlia a \u00faplnej vo\u013enosti pohybu, tento strih je pre v\u00e1s ako stvoren\u00fd.<\/p>\n<p style=\"font-weight: 400;\"><strong>Lek\u00e1rska z\u00e1stera s golierom v svetlo b\u00e9\u017eovej farbe <\/strong>bola vyroben\u00e1 z najkvalitnej\u0161ej bavlny so zmesou lycry a nylonu. V\u010faka tejto kombin\u00e1cii vl\u00e1kien v materi\u00e1li sa z\u00e1stera nema\u010dk\u00e1, je mimoriadne pohodln\u00e1 na nosenie a priedu\u0161n\u00e1 a vzdu\u0161n\u00e1. <\/p>\n<p style=\"font-weight: 400;\">V\u0161etky zdravotn\u00edcke odevy dostupn\u00e9 v sortimente <strong>Med &amp; Beauty<\/strong> s\u00fa u\u0161it\u00e9 s d\u00f4razom na najmen\u0161ie detaily. Elegantn\u00e9 z\u00e1\u0161evky na prsiach pou\u017eit\u00e9 v <strong>b\u00e9\u017eovej lek\u00e1rskej z\u00e1stere s golierom<\/strong> zaru\u010duj\u00fa dokonal\u00e9 prisp\u00f4sobenie sa ka\u017ed\u00e9mu typu \u017eenskej postavy. <\/p>\n<p style=\"font-weight: 400;\"><strong>Svetlo b\u00e9\u017eov\u00e1 lek\u00e1rska z\u00e1stera s golierom so<\/strong> z\u00fa\u017een\u00fdm p\u00e1som zv\u00fdraz\u0148uje v\u0161etky typy post\u00e1v a zabudovan\u00fd klasick\u00fd v\u00fdstrih opticky predl\u017euje postavu.<\/p>\n<p style=\"font-weight: 400;\">Vysok\u00fd golier dod\u00e1 ka\u017ed\u00e9mu oble\u010deniu elegantn\u00fd n\u00e1dych a \u010do je ve\u013emi d\u00f4le\u017eit\u00e9, je tvarovan\u00fd tak, aby v\u00e1m neprek\u00e1\u017eal v pohybe.<\/p>\n<p style=\"font-weight: 400;\">V\u010faka dvom skryt\u00fdm, priestrann\u00fdm vreck\u00e1m si so sebou budete m\u00f4c\u0165 vzia\u0165 v\u0161etko pr\u00edslu\u0161enstvo, ktor\u00e9 potrebujete pri pr\u00e1ci, zatia\u013e \u010do \u00be ruk\u00e1vy zabezpe\u010dia ochranu va\u0161ich ramien a z\u00e1rove\u0148 v\u00e1m umo\u017enia pln\u00fa mobilitu.<\/p>\n<p style=\"font-weight: 400;\"><strong>Svetlo b\u00e9\u017eov\u00fa lek\u00e1rsku z\u00e1steru s golierom m\u00f4\u017eete kombinova\u0165 so <a href=\"https:\/\/medandbeauty.com\/sk\/shop\/pre-nu\/kolekcia-premium\/?rodzaj-ubrania=spodnie-medyczne\" target=\"_blank\" rel=\"noopener\">zdravotn\u00edckymi nohavicami<\/a><\/strong> rovnakej farby alebo \u013eubovo\u013ene kombinova\u0165 r\u00f4zne odtiene a vytv\u00e1ra\u0165 tak jedine\u010dn\u00e9 s\u00fapravy.<\/p>\n<ul>\n<li style=\"font-weight: 400;\">Dve funk\u010dn\u00e9, skryt\u00e9 bo\u010dn\u00e9 vreck\u00e1<\/li>\n<li style=\"font-weight: 400;\"><span style=\"font-family: inherit;\">Hlbok\u00fd v\u00fdstrih s elegantn\u00fdm tvarovan\u00fdm golierom<\/span><\/li>\n<li style=\"font-weight: 400;\"><span style=\"font-family: inherit;\">Opasok na zv\u00fdraznenie postavy<\/span><\/li>\n<li style=\"font-weight: 400;\"><span style=\"font-family: inherit;\">3\/4 ruk\u00e1vy<\/span><\/li>\n<li style=\"font-weight: 400;\"><span style=\"font-family: inherit;\">Mo\u017eno personalizova\u0165 v\u00fd\u0161ivkou<\/span><\/li>\n<\/ul>\n<p>&nbsp;<\/p>\n<p style=\"font-weight: 400;\"><strong>\u010eal\u0161ie inform\u00e1cie:<\/strong><br \/>\nModelky na fotografi\u00e1ch maj\u00fa na sebe ve\u013ekos\u0165 S a s\u00fa vysok\u00e9 170-174 cm.<\/p>\n<p style=\"font-weight: 400;\">Ak si neviete vybra\u0165 ve\u013ekos\u0165, pozrite si tabu\u013eku ve\u013ekost\u00ed. Ak m\u00e1te \u010fal\u0161ie pochybnosti &#8211; po\u0161lite n\u00e1m svoje miery a my v\u00e1m ju prisp\u00f4sob\u00edme. <\/p>\n<p style=\"font-weight: 400;\">Farby odevov v <a href=\"https:\/\/medandbeauty.com\/sk\/shop\/pre-nu\/kolekcia-premium\/\" target=\"_blank\" rel=\"noopener\">kolekcii Premium<\/a> sa nezhoduj\u00fa s farbami odevov v <a href=\"https:\/\/medandbeauty.com\/sk\/shop\/pre-nu\/zakladna-kolekcia\/\" target=\"_blank\" rel=\"noopener\">kolekcii Basic<\/a> &#8211; s\u00fa vyroben\u00e9 z in\u00fdch materi\u00e1lov.<\/p>\n<p style=\"font-weight: 400;\">Odtiene jednotliv\u00fdch odevov na obr\u00e1zkoch sa m\u00f4\u017eu l\u00ed\u0161i\u0165 od skuto\u010dn\u00fdch &#8211; je to sp\u00f4soben\u00e9 r\u00f4znorodos\u0165ou dostupn\u00fdch elektronick\u00fdch zariaden\u00ed a ich individu\u00e1lnym nastaven\u00edm.<\/p>\n","protected":false},"excerpt":{"rendered":"<p>Objavte jeden z najklasickej\u0161\u00edch modelov v na\u0161ej Med &amp; Beauty kolekcia Premium. Ak si cen\u00edte profesion\u00e1lny vzh\u013ead v pr\u00e1ci, ale nechcete sa vzda\u0165 pohodlia a \u00faplnej vo\u013enosti pohybu, tento strih je pre v\u00e1s ako stvoren\u00fd. Lek\u00e1rska z\u00e1stera s golierom v svetlo b\u00e9\u017eovej farbe bola vyroben\u00e1 z najkvalitnej\u0161ej bavlny so zmesou lycry a nylonu. V\u010faka tejto [&hellip;]<\/p>\n","protected":false},"featured_media":389585,"comment_status":"open","ping_status":"closed","template":"","meta":{"_acf_changed":false,"inline_featured_image":false},"kolor":[1057],"rodzaj-ubrania":[1315],"ubranie":[1316],"product_brand":[],"product_cat":[1175,1314,1058],"product_tag":[1390],"class_list":{"0":"post-389584","1":"product","2":"type-product","3":"status-publish","4":"has-post-thumbnail","6":"kolor-beiges-sk","7":"rodzaj-ubrania-lekarske-plaste","8":"ubranie-damsky-lekarsky-plast-s-premiovym-golierom","9":"product_cat-kolekcia-premium","10":"product_cat-lekarske-plaste","11":"product_cat-pre-nu","12":"product_tag-kozmeticke-zastery","14":"first","15":"instock","16":"taxable","17":"shipping-taxable","18":"purchasable","19":"product-type-variable"},"acf":[],"_links":{"self":[{"href":"https:\/\/medandbeauty.com\/sk\/wp-json\/wp\/v2\/product\/389584","targetHints":{"allow":["GET"]}}],"collection":[{"href":"https:\/\/medandbeauty.com\/sk\/wp-json\/wp\/v2\/product"}],"about":[{"href":"https:\/\/medandbeauty.com\/sk\/wp-json\/wp\/v2\/types\/product"}],"replies":[{"embeddable":true,"href":"https:\/\/medandbeauty.com\/sk\/wp-json\/wp\/v2\/comments?post=389584"}],"wp:featuredmedia":[{"embeddable":true,"href":"https:\/\/medandbeauty.com\/sk\/wp-json\/wp\/v2\/media\/389585"}],"wp:attachment":[{"href":"https:\/\/medandbeauty.com\/sk\/wp-json\/wp\/v2\/media?parent=389584"}],"wp:term":[{"taxonomy":"kolor","embeddable":true,"href":"https:\/\/medandbeauty.com\/sk\/wp-json\/wp\/v2\/kolor?post=389584"},{"taxonomy":"rodzaj-ubrania","embeddable":true,"href":"https:\/\/medandbeauty.com\/sk\/wp-json\/wp\/v2\/rodzaj-ubrania?post=389584"},{"taxonomy":"ubranie","embeddable":true,"href":"https:\/\/medandbeauty.com\/sk\/wp-json\/wp\/v2\/ubranie?post=389584"},{"taxonomy":"product_brand","embeddable":true,"href":"https:\/\/medandbeauty.com\/sk\/wp-json\/wp\/v2\/product_brand?post=389584"},{"taxonomy":"product_cat","embeddable":true,"href":"https:\/\/medandbeauty.com\/sk\/wp-json\/wp\/v2\/product_cat?post=389584"},{"taxonomy":"product_tag","embeddable":true,"href":"https:\/\/medandbeauty.com\/sk\/wp-json\/wp\/v2\/product_tag?post=389584"}],"curies":[{"name":"wp","href":"https:\/\/api.w.org\/{rel}","templated":true}]}}