{"id":389780,"date":"2024-01-05T23:08:08","date_gmt":"2024-01-05T23:08:08","guid":{"rendered":"https:\/\/medandbeauty.com\/product\/damske-lekarske-nohavice-premium-slavia\/"},"modified":"2025-12-23T11:45:40","modified_gmt":"2025-12-23T10:45:40","slug":"damske-lekarske-nohavice-premium-slavia","status":"publish","type":"product","link":"https:\/\/medandbeauty.com\/sk\/product\/damske-lekarske-nohavice-premium-slavia\/","title":{"rendered":"D\u00e1mske lek\u00e1rske nohavice Premium SLAVIA"},"content":{"rendered":"<p style=\"font-weight: 400;\">NS H\u013ead\u00e1te dokonal\u00e9, <strong>priliehav\u00e9 lek\u00e1rske nohavice,<\/strong> ktor\u00e9 v\u00e1s bud\u00fa sprev\u00e1dza\u0165 po\u010das dlh\u00fdch pracovn\u00fdch hod\u00edn?<\/p>\n<p style=\"font-weight: 400;\">D\u00e1mske priliehav\u00e9 lek\u00e1rske nohavice z <a href=\"https:\/\/medandbeauty.com\/sk\/shop\/pre-nu\/kolekcia-premium\/\" target=\"_blank\" rel=\"noopener\">kolekcie Premium<\/a> urobia svoju pr\u00e1cu!<\/p>\n<p style=\"font-weight: 400;\">Ak pri zdravotn\u00edckom oble\u010den\u00ed h\u013ead\u00e1te pohodlie pri nosen\u00ed a pr\u00e9miov\u00fa kvalitu materi\u00e1lov, na\u0161e <strong>zdravotn\u00edcke nohavice Sage Premium<\/strong> v\u00e1s ur\u010dite oslovia!<\/p>\n<p style=\"font-weight: 400;\"><strong>D\u00e1mske zdravotn\u00edcke nohavice Sage Premium Adjacent <\/strong>s\u00fa u\u0161it\u00e9 z m\u00e4kkej a priedu\u0161nej tkaniny, tak\u017ee neobmedzuj\u00fa pohyb a poskytuj\u00fa \u00fapln\u00e9 pohodlie pri nosen\u00ed. V\u010faka 80 % vysokokvalitnej bavlny so zmesou lycry a nylonu sa tkanina dokonale prisp\u00f4sob\u00ed ka\u017ed\u00e9mu typu \u017eenskej postavy a z\u00e1rove\u0148 je odoln\u00e1 a priedu\u0161n\u00e1. <\/p>\n<p style=\"font-weight: 400;\">Mierne zv\u00fd\u0161en\u00fd p\u00e1s so \u0161irok\u00fdm elastick\u00fdm p\u00e1som znamen\u00e1, \u017ee skr\u00e1ten\u00e9 nohavice neobmedzuj\u00fa pohyb, a preto s\u00fa ve\u013emi pohodln\u00e9 aj pri dlhom nosen\u00ed.<\/p>\n<p style=\"font-weight: 400;\">Klasick\u00e1 a nad\u010dasov\u00e1 farba <strong>priliehav\u00fdch lek\u00e1rskych nohav\u00edc<\/strong> sa hod\u00ed ku ka\u017ed\u00e9mu oble\u010deniu a v\u010faka absencii vreciek sa budete c\u00edti\u0165 ako v t\u00fdch najpohodlnej\u0161\u00edch leg\u00ednach!<\/p>\n<p style=\"font-weight: 400;\"><strong>D\u00e1mske lek\u00e1rske priliehav\u00e9 nohavice Premium Sage <\/strong>maj\u00fa v p\u00e1se \u0161n\u00farku na stiahnutie, ktor\u00e1 perfektne padne.<\/p>\n<p style=\"font-weight: 400;\">Vytvorte si vysn\u00edvan\u00fa sadu <strong>lek\u00e1rskeho oble\u010denia<\/strong> zladen\u00edm <strong>priliehav\u00fdch lek\u00e1rskych nohav\u00edc so \u0161alviov\u00fdmi nohavicami<\/strong> <strong><a href=\"https:\/\/medandbeauty.com\/sk\/product\/damska-lekarska-obalkova-tunika-premium-slavia\/\" target=\"_blank\" rel=\"noopener\">lek\u00e1rskou tunikou<\/a> <\/strong>z rovnak\u00e9ho materi\u00e1lu.<\/p>\n<p style=\"font-weight: 400;\">Vo\u013ene kombinujte odtiene a vytv\u00e1rajte jedine\u010dn\u00e9 vzh\u013eady alebo sa rozhodnite pre jednofarebn\u00fd vzh\u013ead.<strong><br \/>\n<\/strong><\/p>\n<ul>\n<li style=\"font-weight: 400;\">\u017diadne vreck\u00e1<\/li>\n<li style=\"font-weight: 400;\"><span style=\"font-family: inherit;\">\u0160irok\u00fd, pohodln\u00fd elastick\u00fd p\u00e1s<\/span><\/li>\n<li style=\"font-weight: 400;\"><span style=\"font-family: inherit;\">\u0160t\u00edhly strih &#8211; z\u00fa\u017een\u00e9 nohy<\/span><\/li>\n<li style=\"font-weight: 400;\"><span style=\"font-family: inherit;\">Pru\u017en\u00e1, elastick\u00e1 tkanina<\/span><\/li>\n<\/ul>\n<p>&nbsp;<\/p>\n<p style=\"font-weight: 400;\"><strong>\u010eal\u0161ie inform\u00e1cie:<\/strong><br \/>\nModelky na fotografi\u00e1ch maj\u00fa na sebe ve\u013ekos\u0165 S a s\u00fa vysok\u00e9 170-174 cm.<\/p>\n<p style=\"font-weight: 400;\">Ak si neviete vybra\u0165 ve\u013ekos\u0165, pozrite si tabu\u013eku ve\u013ekost\u00ed. Ak m\u00e1te \u010fal\u0161ie pochybnosti &#8211; po\u0161lite n\u00e1m svoje miery a my v\u00e1m ju prisp\u00f4sob\u00edme. <\/p>\n<p style=\"font-weight: 400;\">Farby odevov v <a href=\"https:\/\/medandbeauty.com\/sk\/shop\/pre-nu\/kolekcia-premium\/\" target=\"_blank\" rel=\"noopener\">kolekcii Premium<\/a> sa nezhoduj\u00fa s farbami odevov v <a href=\"https:\/\/medandbeauty.com\/sk\/shop\/pre-nu\/zakladna-kolekcia\/\" target=\"_blank\" rel=\"noopener\">kolekcii Basic<\/a> &#8211; s\u00fa vyroben\u00e9 z in\u00fdch materi\u00e1lov.<\/p>\n<p style=\"font-weight: 400;\">Odtiene jednotliv\u00fdch odevov na obr\u00e1zkoch sa m\u00f4\u017eu l\u00ed\u0161i\u0165 od skuto\u010dn\u00fdch &#8211; je to sp\u00f4soben\u00e9 r\u00f4znorodos\u0165ou dostupn\u00fdch elektronick\u00fdch zariaden\u00ed a ich individu\u00e1lnym nastaven\u00edm.<\/p>\n","protected":false},"excerpt":{"rendered":"<p>NS H\u013ead\u00e1te dokonal\u00e9, priliehav\u00e9 lek\u00e1rske nohavice, ktor\u00e9 v\u00e1s bud\u00fa sprev\u00e1dza\u0165 po\u010das dlh\u00fdch pracovn\u00fdch hod\u00edn? D\u00e1mske priliehav\u00e9 lek\u00e1rske nohavice z kolekcie Premium urobia svoju pr\u00e1cu! Ak pri zdravotn\u00edckom oble\u010den\u00ed h\u013ead\u00e1te pohodlie pri nosen\u00ed a pr\u00e9miov\u00fa kvalitu materi\u00e1lov, na\u0161e zdravotn\u00edcke nohavice Sage Premium v\u00e1s ur\u010dite oslovia! D\u00e1mske zdravotn\u00edcke nohavice Sage Premium Adjacent s\u00fa u\u0161it\u00e9 z m\u00e4kkej a [&hellip;]<\/p>\n","protected":false},"featured_media":389781,"comment_status":"open","ping_status":"closed","template":"","meta":{"_acf_changed":false,"inline_featured_image":false},"kolor":[1123],"rodzaj-ubrania":[1095],"ubranie":[1243],"product_brand":[],"product_cat":[1175,1242,1058],"product_tag":[1400],"class_list":{"0":"post-389780","1":"product","2":"type-product","3":"status-publish","4":"has-post-thumbnail","6":"kolor-zeleni","7":"rodzaj-ubrania-lekarske-nohavice","8":"ubranie-premiove-lekarske-nohavice-pre-zeny","9":"product_cat-kolekcia-premium","10":"product_cat-lekarske-nohavice-sk-2","11":"product_cat-pre-nu","12":"product_tag-damske-lekarske-nohavice-s-rovnymi-nohavicami","14":"first","15":"instock","16":"taxable","17":"shipping-taxable","18":"purchasable","19":"product-type-variable"},"acf":[],"_links":{"self":[{"href":"https:\/\/medandbeauty.com\/sk\/wp-json\/wp\/v2\/product\/389780","targetHints":{"allow":["GET"]}}],"collection":[{"href":"https:\/\/medandbeauty.com\/sk\/wp-json\/wp\/v2\/product"}],"about":[{"href":"https:\/\/medandbeauty.com\/sk\/wp-json\/wp\/v2\/types\/product"}],"replies":[{"embeddable":true,"href":"https:\/\/medandbeauty.com\/sk\/wp-json\/wp\/v2\/comments?post=389780"}],"wp:featuredmedia":[{"embeddable":true,"href":"https:\/\/medandbeauty.com\/sk\/wp-json\/wp\/v2\/media\/389781"}],"wp:attachment":[{"href":"https:\/\/medandbeauty.com\/sk\/wp-json\/wp\/v2\/media?parent=389780"}],"wp:term":[{"taxonomy":"kolor","embeddable":true,"href":"https:\/\/medandbeauty.com\/sk\/wp-json\/wp\/v2\/kolor?post=389780"},{"taxonomy":"rodzaj-ubrania","embeddable":true,"href":"https:\/\/medandbeauty.com\/sk\/wp-json\/wp\/v2\/rodzaj-ubrania?post=389780"},{"taxonomy":"ubranie","embeddable":true,"href":"https:\/\/medandbeauty.com\/sk\/wp-json\/wp\/v2\/ubranie?post=389780"},{"taxonomy":"product_brand","embeddable":true,"href":"https:\/\/medandbeauty.com\/sk\/wp-json\/wp\/v2\/product_brand?post=389780"},{"taxonomy":"product_cat","embeddable":true,"href":"https:\/\/medandbeauty.com\/sk\/wp-json\/wp\/v2\/product_cat?post=389780"},{"taxonomy":"product_tag","embeddable":true,"href":"https:\/\/medandbeauty.com\/sk\/wp-json\/wp\/v2\/product_tag?post=389780"}],"curies":[{"name":"wp","href":"https:\/\/api.w.org\/{rel}","templated":true}]}}