{"id":389968,"date":"2024-01-06T20:46:29","date_gmt":"2024-01-06T20:46:29","guid":{"rendered":"https:\/\/medandbeauty.com\/product\/damske-lekarske-nohavice-premium-priliehave-flasa-zelena\/"},"modified":"2026-03-18T09:25:54","modified_gmt":"2026-03-18T08:25:54","slug":"damske-lekarske-nohavice-premium-priliehave-flasa-zelena","status":"publish","type":"product","link":"https:\/\/medandbeauty.com\/sk\/product\/damske-lekarske-nohavice-premium-priliehave-flasa-zelena\/","title":{"rendered":"D\u00e1mske lek\u00e1rske nohavice Premium priliehav\u00e9 F\u013ea\u0161a zelen\u00e1"},"content":{"rendered":"<p>Potrebujete pohodln\u00e9 lek\u00e1rske nohavice, ktor\u00e9 v\u00e1m zabezpe\u010dia \u010do najv\u00e4\u010d\u0161ie pohodlie po\u010das dlh\u00fdch hod\u00edn v pr\u00e1ci?<\/p>\n<p>Vyberte si zdravotn\u00e9 zelen\u00e9<strong> priliehav\u00e9 <\/strong> nohavice z<a href=\"https:\/\/medandbeauty.com\/sk\/shop\/pre-nu\/kolekcia-premium\/\" target=\"_blank\" rel=\"noopener\">kolekcie Premium<\/a> &#8211; ur\u010dite sa bud\u00fa perfektne hodi\u0165!<\/p>\n<p>Ak si pri v\u00fdbere zdravotn\u00edckeho oble\u010denia cen\u00edte pohodlie pri nosen\u00ed a pr\u00e9miov\u00fa kvalitu materi\u00e1lov &#8211;<strong> d\u00e1mske zdravotn\u00edcke nohavice s priliehav\u00fdm strihom v pr\u00e9miovej zelenej far<\/strong>be ur\u010dite splnia v\u0161etky va\u0161e o\u010dak\u00e1vania!<\/p>\n<p><strong>D\u00e1mske zdravotn\u00e9 nohavice Premium Cling v zelenej farbe <\/strong>s\u00fa u\u0161it\u00e9 z m\u00e4kkej a priedu\u0161nej tkaniny, tak\u017ee neobmedzuj\u00fa pohyb a poskytuj\u00fa \u00fapln\u00fa vo\u013enos\u0165. V\u010faka kombin\u00e1cii 80 % vysokokvalitnej bavlny so zmesou lycry a nylonu tkanina dokonale padne ka\u017edej postave a z\u00e1rove\u0148 je odoln\u00e1 a priedu\u0161n\u00e1. <\/p>\n<p>Zdravotn\u00edcke zelen\u00e9 nohavice maj\u00fa mierne zv\u00fd\u0161en\u00fd p\u00e1s so \u0161irok\u00fdm elastick\u00fdm p\u00e1som, tak\u017ee priliehav\u00e9 nohavice neobmedzuj\u00fa, a preto s\u00fa ve\u013emi pohodln\u00e9 aj pri dlhom nosen\u00ed.<\/p>\n<p>Kr\u00e1sna f\u013ea\u0161kovo zelen\u00e1 farba <strong>priliehav\u00fdch lek\u00e1rskych nohav\u00edc<\/strong> sa hod\u00ed k elegantn\u00fdm aj le\u017e\u00e9rnym outfitom a v\u010faka absencii vreciek sa budete c\u00edti\u0165 ako v t\u00fdch najpohodlnej\u0161\u00edch leg\u00ednach!<\/p>\n<p><strong>Pr\u00e9miov\u00e9 lek\u00e1rske priliehav\u00e9 nohavice vo f\u013ea\u0161kovo zelenej farbe <\/strong>maj\u00fa v p\u00e1se \u0161n\u00farku na stiahnutie, aby perfektne sedeli.<\/p>\n<p>Vytvorte si sadu <strong>lek\u00e1rskeho oble\u010denia<\/strong> snov a skombinujte<strong> lek\u00e1rske nohavice vo f\u013ea\u0161kovo zelenej farbe s priliehav\u00fdm <\/strong><a href=\"https:\/\/medandbeauty.com\/sk\/product\/damska-lekarska-obalkova-tunika-s-kratkymi-rukavmi-premium-bottle-green\/\" target=\"_blank\" rel=\"noopener\"><strong>lek\u00e1rskou tunikou<\/strong><\/a> z rovnak\u00e9ho materi\u00e1lu.<\/p>\n<p>Vo\u013ene kombinujte odtiene a vytv\u00e1rajte jedine\u010dn\u00e9 \u0161t\u00fdly alebo sa rozhodnite pre jednofarebn\u00fd vzh\u013ead. Na\u0161e nohavice v lek\u00e1rskej zelenej farbe vynikn\u00fa: <\/p>\n<ul>\n<li>nedostatok vreciek,<\/li>\n<li>\u0161irok\u00fd, pohodln\u00fd elastick\u00fd p\u00e1s,<\/li>\n<li>\u0161t\u00edhly strih &#8211; z\u00fa\u017een\u00e9 nohy,<\/li>\n<li>pru\u017en\u00e1, elastick\u00e1 tkanina.<\/li>\n<\/ul>\n<p><strong>\u010eal\u0161ie inform\u00e1cie:<\/strong> Modelky na fotografi\u00e1ch maj\u00fa oble\u010den\u00e9 d\u00e1mske nohavice zdravotnej zelenej farby vo ve\u013ekosti S a s\u00fa vysok\u00e9 170-174 cm.<\/p>\n<p>Ak si neviete vybra\u0165 ve\u013ekos\u0165, pozrite si tabu\u013eku ve\u013ekost\u00ed. Ak m\u00e1te \u010fal\u0161ie pochybnosti &#8211; po\u0161lite n\u00e1m svoje miery a my v\u00e1m ju prisp\u00f4sob\u00edme. <\/p>\n<p>Farby odevov v <a href=\"https:\/\/medandbeauty.com\/sk\/shop\/pre-nu\/kolekcia-premium\/\" target=\"_blank\" rel=\"noopener\">kolekcii Premium<\/a> sa nezhoduj\u00fa s farbami odevov v<a href=\"https:\/\/medandbeauty.com\/sk\/shop\/pre-nu\/zakladna-kolekcia\/\" target=\"_blank\" rel=\"noopener\"> kolekcii Basic<\/a> &#8211; s\u00fa vyroben\u00e9 z in\u00fdch materi\u00e1lov. Odtiene jednotliv\u00fdch odevov na obr\u00e1zkoch sa m\u00f4\u017eu l\u00ed\u0161i\u0165 od skuto\u010dn\u00fdch &#8211; je to sp\u00f4soben\u00e9 r\u00f4znorodos\u0165ou dostupn\u00fdch elektronick\u00fdch zariaden\u00ed a ich individu\u00e1lnym nastaven\u00edm.<\/p>\n<p>N\u00e1\u0161 <a href=\"https:\/\/medandbeauty.com\/sk\/\">obchod so zdravotn\u00edckym oble\u010den\u00edm odpor\u00fa\u010da<\/a> \u0161irok\u00fa \u0161k\u00e1lu produktov, napr\u00edklad <a href=\"https:\/\/medandbeauty.com\/sk\/shop\/pre-nu\/\" target=\"_new\" rel=\"noopener\">d\u00e1mske zdravotn\u00edcke oble\u010denie.<\/a> Vr\u00e1tane pohodln\u00fdch a funk\u010dn\u00fdch <a href=\"https:\/\/medandbeauty.com\/sk\/rodzaj-ubrania\/lekarske-nohavice\/\" target=\"_new\" rel=\"noopener\">lek\u00e1rskych nohav\u00edc.<\/a> Pon\u00fakame aj \u0161peci\u00e1lne navrhnut\u00e9 <a href=\"https:\/\/medandbeauty.com\/sk\/shop\/pre-nu\/zakladna-kolekcia\/lekarske-nohavice\/\" target=\"_new\" rel=\"noopener\">d\u00e1mske lek\u00e1rske nohavice, ktor\u00e9 sp\u00e1jaj\u00fa<\/a> pohodlie s eleganciou, a pre t\u00fdch, ktor\u00ed oce\u0148uj\u00fa pr\u00edrodn\u00e9 materi\u00e1ly, sme pripravili d\u00e1mske lek\u00e1rske <a href=\"https:\/\/medandbeauty.com\/sk\/shop\/pre-nu\/kolekcia-premium\/lekarske-nohavice-sk-2\/\" target=\"_new\" rel=\"noopener\">bavlnen\u00e9 nohavice pre maxim\u00e1lne pohodlie.<\/a><\/p>\n<p>Odpor\u00fa\u010dame v\u00e1m zad\u00e1va\u0165 objedn\u00e1vky.<\/p>\n","protected":false},"excerpt":{"rendered":"<p>Potrebujete pohodln\u00e9 lek\u00e1rske nohavice, ktor\u00e9 v\u00e1m zabezpe\u010dia \u010do najv\u00e4\u010d\u0161ie pohodlie po\u010das dlh\u00fdch hod\u00edn v pr\u00e1ci? Vyberte si zdravotn\u00e9 zelen\u00e9 priliehav\u00e9 nohavice zkolekcie Premium &#8211; ur\u010dite sa bud\u00fa perfektne hodi\u0165! Ak si pri v\u00fdbere zdravotn\u00edckeho oble\u010denia cen\u00edte pohodlie pri nosen\u00ed a pr\u00e9miov\u00fa kvalitu materi\u00e1lov &#8211; d\u00e1mske zdravotn\u00edcke nohavice s priliehav\u00fdm strihom v pr\u00e9miovej zelenej farbe ur\u010dite [&hellip;]<\/p>\n","protected":false},"featured_media":389971,"comment_status":"open","ping_status":"closed","template":"","meta":{"_acf_changed":false,"inline_featured_image":false},"kolor":[1123],"rodzaj-ubrania":[1095],"ubranie":[1243],"product_brand":[],"product_cat":[1175,1242,1058],"product_tag":[1400],"class_list":{"0":"post-389968","1":"product","2":"type-product","3":"status-publish","4":"has-post-thumbnail","6":"kolor-zeleni","7":"rodzaj-ubrania-lekarske-nohavice","8":"ubranie-premiove-lekarske-nohavice-pre-zeny","9":"product_cat-kolekcia-premium","10":"product_cat-lekarske-nohavice-sk-2","11":"product_cat-pre-nu","12":"product_tag-damske-lekarske-nohavice-s-rovnymi-nohavicami","14":"first","15":"instock","16":"taxable","17":"shipping-taxable","18":"purchasable","19":"product-type-variable"},"acf":[],"_links":{"self":[{"href":"https:\/\/medandbeauty.com\/sk\/wp-json\/wp\/v2\/product\/389968","targetHints":{"allow":["GET"]}}],"collection":[{"href":"https:\/\/medandbeauty.com\/sk\/wp-json\/wp\/v2\/product"}],"about":[{"href":"https:\/\/medandbeauty.com\/sk\/wp-json\/wp\/v2\/types\/product"}],"replies":[{"embeddable":true,"href":"https:\/\/medandbeauty.com\/sk\/wp-json\/wp\/v2\/comments?post=389968"}],"wp:featuredmedia":[{"embeddable":true,"href":"https:\/\/medandbeauty.com\/sk\/wp-json\/wp\/v2\/media\/389971"}],"wp:attachment":[{"href":"https:\/\/medandbeauty.com\/sk\/wp-json\/wp\/v2\/media?parent=389968"}],"wp:term":[{"taxonomy":"kolor","embeddable":true,"href":"https:\/\/medandbeauty.com\/sk\/wp-json\/wp\/v2\/kolor?post=389968"},{"taxonomy":"rodzaj-ubrania","embeddable":true,"href":"https:\/\/medandbeauty.com\/sk\/wp-json\/wp\/v2\/rodzaj-ubrania?post=389968"},{"taxonomy":"ubranie","embeddable":true,"href":"https:\/\/medandbeauty.com\/sk\/wp-json\/wp\/v2\/ubranie?post=389968"},{"taxonomy":"product_brand","embeddable":true,"href":"https:\/\/medandbeauty.com\/sk\/wp-json\/wp\/v2\/product_brand?post=389968"},{"taxonomy":"product_cat","embeddable":true,"href":"https:\/\/medandbeauty.com\/sk\/wp-json\/wp\/v2\/product_cat?post=389968"},{"taxonomy":"product_tag","embeddable":true,"href":"https:\/\/medandbeauty.com\/sk\/wp-json\/wp\/v2\/product_tag?post=389968"}],"curies":[{"name":"wp","href":"https:\/\/api.w.org\/{rel}","templated":true}]}}