{"id":395564,"date":"2024-01-10T21:41:32","date_gmt":"2024-01-10T21:41:32","guid":{"rendered":"https:\/\/medandbeauty.com\/product\/damske-lekarske-nohavice-proste-scrubs-basic-butter-green\/"},"modified":"2025-12-23T12:14:08","modified_gmt":"2025-12-23T11:14:08","slug":"damske-lekarske-nohavice-proste-scrubs-basic-butter-green","status":"publish","type":"product","link":"https:\/\/medandbeauty.com\/sk\/product\/damske-lekarske-nohavice-proste-scrubs-basic-butter-green\/","title":{"rendered":"D\u00e1mske lek\u00e1rske nohavice PROSTE scrubs basic BUTTER GREEN"},"content":{"rendered":"<p style=\"font-weight: 400;\">Tento najpred\u00e1vanej\u0161\u00ed a najpohodlnej\u0161\u00ed model si zamiluj\u00fa v\u0161etci milovn\u00edci nad\u010dasovej elegancie!<\/p>\n<p style=\"font-weight: 400;\">Chcete sa pri pr\u00e1ci c\u00edti\u0165 senza\u010dne a zachova\u0165 si profesion\u00e1lny vzh\u013ead?<\/p>\n<p style=\"font-weight: 400;\"><strong>Lek\u00e1rske rovn\u00e9 nohavice z <a href=\"https:\/\/medandbeauty.com\/sk\/shop\/pre-nu\/zakladna-kolekcia\/\" target=\"_blank\" rel=\"noopener\">kolekcie Med &amp; Beauty Basic<\/a> vo f\u013ea\u0161kovo zelenej farbe <\/strong>s\u00fa ide\u00e1lnou vo\u013ebou pre \u017eeny, pre ktor\u00e9 je d\u00f4le\u017eit\u00e1 profesionalita a pohodlie po\u010das dlh\u00fdch hod\u00edn v pr\u00e1ci.<\/p>\n<p style=\"font-weight: 400;\"><strong>D\u00e1mske rovn\u00e9 lek\u00e1rske nohavice Scrubs Basic vo f\u013ea\u0161kovo zelenej farbe <\/strong>s\u00fa u\u0161it\u00e9 z m\u00e4kkej a predov\u0161etk\u00fdm na dotyk pr\u00edjemnej tkaniny, tak\u017ee poskytuj\u00fa vysok\u00fa \u00farove\u0148 pohodlia pri nosen\u00ed a \u00fapln\u00fa vo\u013enos\u0165 pohybu.<\/p>\n<p style=\"font-weight: 400;\">V\u010faka kombin\u00e1cii visk\u00f3zy, polyesteru a lycry sa tkanina prisp\u00f4sob\u00ed ka\u017ed\u00e9mu typu \u017eenskej postavy a je mimoriadne priedu\u0161n\u00e1 a odoln\u00e1.<\/p>\n<p style=\"font-weight: 400;\"><strong>D\u00e1mske jednoduch\u00e9 lek\u00e1rske nohavice Scrubs z <a href=\"https:\/\/medandbeauty.com\/sk\/shop\/pre-nu\/zakladna-kolekcia\/\" target=\"_blank\" rel=\"noopener\">kolekcie Basic<\/a><\/strong> maj\u00fa \u0161tyri funk\u010dn\u00e9 vreck\u00e1 (dve vzadu a dve vpredu), do ktor\u00fdch si m\u00f4\u017eete da\u0165 v\u0161etky doplnky a n\u00e1stroje, ktor\u00e9 potrebujete v pr\u00e1ci.<\/p>\n<p style=\"font-weight: 400;\">Nohavice s vysok\u00fdm p\u00e1som a mierne z\u00fa\u017een\u00fdm strihom zv\u00fdraz\u0148uj\u00fa prednosti ka\u017edej \u017eenskej postavy, zatia\u013e \u010do elastick\u00fd p\u00e1s umiestnen\u00fd v p\u00e1se zaru\u010duje pln\u00e9 pohodlie a vo\u013enos\u0165 pohybu.<\/p>\n<p>Odkaz  <strong>rovn\u00e9 lek\u00e1rske nohavice scrubs basic bottle green<\/strong>  z  <a href=\"https:\/\/medandbeauty.com\/sk\/product\/damska-lekarska-bluzka-scrubs-basic-bottle-green\/\" target=\"_blank\" rel=\"noopener\"><strong>lek\u00e1rska bl\u00fazka<\/strong><\/a>  v rovnakej farbe alebo ho zla\u010fte s in\u00fdm odtie\u0148om z na\u0161ej kolekcie  <a href=\"https:\/\/medandbeauty.com\/sk\/shop\/pre-nu\/zakladna-kolekcia\/\" target=\"_blank\" rel=\"noopener\"><strong>\u0161atstvo Basic<\/strong><\/a>  a vytvorte si sadu snov!<strong><br \/>\n<\/strong><\/p>\n<p>Nezabudnite si pozrie\u0165 aj na\u0161e tepl\u00e9 fleecov\u00e9 <a href=\"https:\/\/medandbeauty.com\/sk\/shop\/pre-nu\/zakladna-kolekcia\/lekarske-bluzky-sk-2\/\" target=\"_blank\" rel=\"noopener\">lek\u00e1rske mikiny<\/a> z certifikovan\u00e9ho a priedu\u0161n\u00e9ho materi\u00e1lu!<\/p>\n<ul>\n<li>Elastick\u00fd p\u00e1s<\/li>\n<li><span style=\"font-family: inherit;\">4 praktick\u00e9 a priestrann\u00e9 vreck\u00e1<\/span><\/li>\n<li><span style=\"font-family: inherit;\">Mierne z\u00fa\u017een\u00e1 spodn\u00e1 \u010das\u0165<\/span><\/li>\n<li><span style=\"font-family: inherit;\">Obop\u00ednaj\u00faci vzostup<\/span><\/li>\n<\/ul>\n<p>&nbsp;<\/p>\n<p style=\"font-weight: 400;\"><strong>\u010eal\u0161ie inform\u00e1cie:<\/strong><br \/>\nModelky na fotografi\u00e1ch maj\u00fa na sebe ve\u013ekos\u0165 S a s\u00fa vysok\u00e9 170-174 cm.<\/p>\n<p style=\"font-weight: 400;\">Ak si neviete vybra\u0165 ve\u013ekos\u0165, pozrite si tabu\u013eku ve\u013ekost\u00ed. Ak m\u00e1te \u010fal\u0161ie pochybnosti &#8211; po\u0161lite n\u00e1m svoje miery a my v\u00e1m ju prisp\u00f4sob\u00edme. <\/p>\n<p style=\"font-weight: 400;\">Farby odevov v <a href=\"https:\/\/medandbeauty.com\/sk\/shop\/pre-nu\/zakladna-kolekcia\/\" target=\"_blank\" rel=\"noopener\">kolekcii Basic<\/a> sa nezhoduj\u00fa s farbami odevov v <a href=\"https:\/\/medandbeauty.com\/sk\/shop\/pre-nu\/kolekcia-premium\/\" target=\"_blank\" rel=\"noopener\">kolekcii Premium<\/a> &#8211; s\u00fa vyroben\u00e9 z r\u00f4znych materi\u00e1lov.<\/p>\n<p style=\"font-weight: 400;\">Odtiene jednotliv\u00fdch odevov na obr\u00e1zkoch sa m\u00f4\u017eu l\u00ed\u0161i\u0165 od skuto\u010dn\u00fdch &#8211; je to sp\u00f4soben\u00e9 r\u00f4znorodos\u0165ou dostupn\u00fdch elektronick\u00fdch zariaden\u00ed a ich individu\u00e1lnym nastaven\u00edm.<\/p>\n","protected":false},"excerpt":{"rendered":"<p>Tento najpred\u00e1vanej\u0161\u00ed a najpohodlnej\u0161\u00ed model si zamiluj\u00fa v\u0161etci milovn\u00edci nad\u010dasovej elegancie! Chcete sa pri pr\u00e1ci c\u00edti\u0165 senza\u010dne a zachova\u0165 si profesion\u00e1lny vzh\u013ead? Lek\u00e1rske rovn\u00e9 nohavice z kolekcie Med &amp; Beauty Basic vo f\u013ea\u0161kovo zelenej farbe s\u00fa ide\u00e1lnou vo\u013ebou pre \u017eeny, pre ktor\u00e9 je d\u00f4le\u017eit\u00e1 profesionalita a pohodlie po\u010das dlh\u00fdch hod\u00edn v pr\u00e1ci. D\u00e1mske rovn\u00e9 lek\u00e1rske [&hellip;]<\/p>\n","protected":false},"featured_media":395620,"comment_status":"open","ping_status":"closed","template":"","meta":{"_acf_changed":false,"inline_featured_image":false},"kolor":[1123],"rodzaj-ubrania":[1082,1095],"ubranie":[1127],"product_brand":[],"product_cat":[1081,1094,1058,1079],"product_tag":[],"class_list":{"0":"post-395564","1":"product","2":"type-product","3":"status-publish","4":"has-post-thumbnail","6":"kolor-zeleni","7":"rodzaj-ubrania-kroviny","8":"rodzaj-ubrania-lekarske-nohavice","9":"ubranie-damske-lekarske-nohavice-rovne-scrubs-basic","10":"product_cat-kroviny","11":"product_cat-lekarske-nohavice","12":"product_cat-pre-nu","13":"product_cat-zakladna-kolekcia","15":"first","16":"instock","17":"taxable","18":"shipping-taxable","19":"purchasable","20":"product-type-variable"},"acf":[],"_links":{"self":[{"href":"https:\/\/medandbeauty.com\/sk\/wp-json\/wp\/v2\/product\/395564","targetHints":{"allow":["GET"]}}],"collection":[{"href":"https:\/\/medandbeauty.com\/sk\/wp-json\/wp\/v2\/product"}],"about":[{"href":"https:\/\/medandbeauty.com\/sk\/wp-json\/wp\/v2\/types\/product"}],"replies":[{"embeddable":true,"href":"https:\/\/medandbeauty.com\/sk\/wp-json\/wp\/v2\/comments?post=395564"}],"wp:featuredmedia":[{"embeddable":true,"href":"https:\/\/medandbeauty.com\/sk\/wp-json\/wp\/v2\/media\/395620"}],"wp:attachment":[{"href":"https:\/\/medandbeauty.com\/sk\/wp-json\/wp\/v2\/media?parent=395564"}],"wp:term":[{"taxonomy":"kolor","embeddable":true,"href":"https:\/\/medandbeauty.com\/sk\/wp-json\/wp\/v2\/kolor?post=395564"},{"taxonomy":"rodzaj-ubrania","embeddable":true,"href":"https:\/\/medandbeauty.com\/sk\/wp-json\/wp\/v2\/rodzaj-ubrania?post=395564"},{"taxonomy":"ubranie","embeddable":true,"href":"https:\/\/medandbeauty.com\/sk\/wp-json\/wp\/v2\/ubranie?post=395564"},{"taxonomy":"product_brand","embeddable":true,"href":"https:\/\/medandbeauty.com\/sk\/wp-json\/wp\/v2\/product_brand?post=395564"},{"taxonomy":"product_cat","embeddable":true,"href":"https:\/\/medandbeauty.com\/sk\/wp-json\/wp\/v2\/product_cat?post=395564"},{"taxonomy":"product_tag","embeddable":true,"href":"https:\/\/medandbeauty.com\/sk\/wp-json\/wp\/v2\/product_tag?post=395564"}],"curies":[{"name":"wp","href":"https:\/\/api.w.org\/{rel}","templated":true}]}}