{"id":395684,"date":"2024-01-09T20:53:41","date_gmt":"2024-01-09T20:53:41","guid":{"rendered":"https:\/\/medandbeauty.com\/product\/damske-lekarske-bluzky-basic-chocolate\/"},"modified":"2026-04-06T23:36:47","modified_gmt":"2026-04-06T21:36:47","slug":"damske-lekarske-bluzky-basic-chocolate","status":"publish","type":"product","link":"https:\/\/medandbeauty.com\/sk\/product\/damske-lekarske-bluzky-basic-chocolate\/","title":{"rendered":"D\u00e1mske lek\u00e1rske bl\u00fazky Basic CHOCOLATE"},"content":{"rendered":"<p style=\"font-weight: 400;\">Objavte <strong><a href=\"https:\/\/medandbeauty.com\/sk\/shop\/pre-nu\/zakladna-kolekcia\/\" target=\"_blank\" rel=\"noopener\">klasick\u00fd scrub Basic,<\/a><\/strong> ktor\u00fd si zamilovali tis\u00edce na\u0161ich z\u00e1kazn\u00edkov!<\/p>\n<p style=\"font-weight: 400;\">Pri dlh\u00fdch hodin\u00e1ch str\u00e1ven\u00fdch v pr\u00e1ci potrebujete<strong> zdravotn\u00edcky odev, <\/strong>ktor\u00fd poskytuje maxim\u00e1lne pohodlie. <strong>D\u00e1mska lek\u00e1rska bl\u00fazka Scrubs Basic chocolate<\/strong> bola vyroben\u00e1 z najkvalitnej\u0161\u00edch materi\u00e1lov.<\/p>\n<p style=\"font-weight: 400;\">V\u010faka kombin\u00e1cii polyesteru, visk\u00f3zy a lycry je materi\u00e1l ve\u013emi odoln\u00fd, m\u00e4kk\u00fd, pr\u00edjemn\u00fd na dotyk, prisp\u00f4sobiv\u00fd v\u0161etk\u00fdm typom postavy, neobmedzuje pohyb a, \u010do je pre <strong>zdravotn\u00edcke odevy<\/strong> mimoriadne d\u00f4le\u017eit\u00e9, je tie\u017e priedu\u0161n\u00fd a priedu\u0161n\u00fd.<\/p>\n<p style=\"font-weight: 400;\"><strong>Z\u00e1kladn\u00e1 d\u00e1mska lek\u00e1rska bl\u00fazka Scrubs v \u010dokol\u00e1dovej <\/strong>farbe je ide\u00e1lnym z\u00e1kladom pre praktick\u00fd a nad\u010dasov\u00fd <strong>lek\u00e1rsky odev<\/strong>.<\/p>\n<p style=\"font-weight: 400;\">Je vybaven\u00e1 dvoma priestrann\u00fdmi a praktick\u00fdmi vreckami na ulo\u017eenie v\u0161etk\u00fdch n\u00e1strojov a pr\u00edslu\u0161enstva potrebn\u00e9ho na pr\u00e1cu.<\/p>\n<p style=\"font-weight: 400;\">Klasick\u00fd v\u00e9\u010dkov\u00fd v\u00fdstrih opticky predl\u017euje postavu, z\u00fa\u017een\u00fd p\u00e1s zv\u00fdraz\u0148uje v\u0161etky prednosti \u017eenskej postavy a d\u013a\u017eka ruk\u00e1vov (siahaj\u00faca takmer po lake\u0165) poskytuje ochranu ramien a z\u00e1rove\u0148 neobmedzuje rozsah pohybu.<\/p>\n<p style=\"font-weight: 400;\"><strong>D\u00e1mske pracovn\u00e9 odevy Basic medical bl\u00fazka v \u010dokol\u00e1dovej farbe<\/strong> <a href=\"https:\/\/medandbeauty.com\/sk\/product\/zdravotnicke-nohavice-damske-bezecke-nohavice-basic-chocolate\/\" target=\"_blank\" rel=\"noopener\"><strong>lek\u00e1rskymi be\u017eeck\u00fdmi nohavicami <\/strong><\/a>alebo klasickou <a href=\"https:\/\/medandbeauty.com\/sk\/product\/damske-lekarske-nohavice-proste-scrubs-basic-chocolate\/\" target=\"_blank\" rel=\"noopener\"><strong>rovn\u00fdmi lek\u00e1rskymi nohavicami<\/strong> <\/a>v rovnakej farbe alebo si vyberte in\u00fd odtie\u0148 z mnoh\u00fdch dostupn\u00fdch v ponuke <a href=\"https:\/\/medandbeauty.com\/sk\/shop\/pre-nu\/zakladna-kolekcia\/\" target=\"_blank\" rel=\"noopener\"><strong>kolekcie Med &amp; Beauty Basic<\/strong><\/a>.<\/p>\n<p style=\"font-weight: 400;\">Zabezpe\u010dte si maxim\u00e1lne pohodlie a profesion\u00e1lny vzh\u013ead pri pr\u00e1ci so<strong> zdravotn\u00edckymi \u0161atkami<\/strong> <a href=\"https:\/\/medandbeauty.com\/sk\/shop\/pre-nu\/zakladna-kolekcia\/\" target=\"_blank\" rel=\"noopener\"><strong>Med &amp; Beauty Basic<\/strong><\/a>.<\/p>\n<p>Nezabudnite si pozrie\u0165 aj n\u00e1\u0161 tepl\u00fd fleece  <a href=\"https:\/\/medandbeauty.com\/sk\/shop\/pre-nu\/zakladna-kolekcia\/lekarske-bluzky-sk-2\/\" target=\"_blank\" rel=\"noopener\">lek\u00e1rske bl\u00fazky<\/a>  z certifikovan\u00e9ho priedu\u0161n\u00e9ho materi\u00e1lu!<\/p>\n<ul>\n<li style=\"font-weight: 400;\">Dve ve\u013ek\u00e9, praktick\u00e9 a priestrann\u00e9 vreck\u00e1<\/li>\n<li style=\"font-weight: 400;\"><span style=\"font-family: inherit;\">Profilovan\u00fd p\u00e1s<\/span><\/li>\n<li style=\"font-weight: 400;\"><span style=\"font-family: inherit;\">Klasick\u00fd v\u00fdstrih do V<\/span><\/li>\n<li style=\"font-weight: 400;\"><span style=\"font-family: inherit;\">Pohodln\u00fd, kr\u00e1tky ruk\u00e1v<\/span><\/li>\n<\/ul>\n<p>&nbsp;<\/p>\n<p style=\"font-weight: 400;\"><strong>\u010eal\u0161ie inform\u00e1cie:<\/strong><br \/>\nModelky na fotografi\u00e1ch maj\u00fa na sebe ve\u013ekos\u0165 S a s\u00fa vysok\u00e9 170-174 cm.<\/p>\n<p style=\"font-weight: 400;\">Ak si neviete vybra\u0165 ve\u013ekos\u0165, pozrite si tabu\u013eku ve\u013ekost\u00ed. Ak m\u00e1te \u010fal\u0161ie pochybnosti &#8211; po\u0161lite n\u00e1m svoje miery a my v\u00e1m ju prisp\u00f4sob\u00edme. <\/p>\n<p style=\"font-weight: 400;\">Farby odevov v <a href=\"https:\/\/medandbeauty.com\/sk\/shop\/pre-nu\/zakladna-kolekcia\/\" target=\"_blank\" rel=\"noopener\">kolekcii Basic<\/a> sa nezhoduj\u00fa s farbami odevov v <a href=\"https:\/\/medandbeauty.com\/sk\/shop\/pre-nu\/kolekcia-premium\/\" target=\"_blank\" rel=\"noopener\">kolekcii Premium<\/a> &#8211; s\u00fa vyroben\u00e9 z r\u00f4znych materi\u00e1lov.<\/p>\n<p style=\"font-weight: 400;\">Odtiene jednotliv\u00fdch odevov na obr\u00e1zkoch sa m\u00f4\u017eu l\u00ed\u0161i\u0165 od skuto\u010dn\u00fdch &#8211; je to sp\u00f4soben\u00e9 r\u00f4znorodos\u0165ou dostupn\u00fdch elektronick\u00fdch zariaden\u00ed a ich individu\u00e1lnym nastaven\u00edm.<\/p>\n<p><strong>16.04.2025 &#8211; nov\u00e1 dod\u00e1vka materi\u00e1lu. Farba v\u00fdrobkov z objedn\u00e1vok zadan\u00fdch pred t\u00fdmto d\u00e1tumom sa m\u00f4\u017ee mierne l\u00ed\u0161i\u0165 od aktu\u00e1lneho odtie\u0148a. <\/strong><\/p>\n","protected":false},"excerpt":{"rendered":"<p>Objavte klasick\u00fd scrub Basic, ktor\u00fd si zamilovali tis\u00edce na\u0161ich z\u00e1kazn\u00edkov! Pri dlh\u00fdch hodin\u00e1ch str\u00e1ven\u00fdch v pr\u00e1ci potrebujete zdravotn\u00edcky odev, ktor\u00fd poskytuje maxim\u00e1lne pohodlie. D\u00e1mska lek\u00e1rska bl\u00fazka Scrubs Basic chocolate bola vyroben\u00e1 z najkvalitnej\u0161\u00edch materi\u00e1lov. V\u010faka kombin\u00e1cii polyesteru, visk\u00f3zy a lycry je materi\u00e1l ve\u013emi odoln\u00fd, m\u00e4kk\u00fd, pr\u00edjemn\u00fd na dotyk, prisp\u00f4sobiv\u00fd v\u0161etk\u00fdm typom postavy, neobmedzuje pohyb a, [&hellip;]<\/p>\n","protected":false},"featured_media":402028,"comment_status":"open","ping_status":"closed","template":"","meta":{"_acf_changed":false,"inline_featured_image":false},"kolor":[1200],"rodzaj-ubrania":[1082,1083],"ubranie":[1089],"product_brand":[],"product_cat":[1081,1080,1058,1079],"product_tag":[],"class_list":{"0":"post-395684","1":"product","2":"type-product","3":"status-publish","4":"has-post-thumbnail","6":"kolor-browns-sk","7":"rodzaj-ubrania-kroviny","8":"rodzaj-ubrania-lekarske-bluzky","9":"ubranie-damska-lekarska-bluzka-scrubs-basic","10":"product_cat-kroviny","11":"product_cat-lekarske-bluzky","12":"product_cat-pre-nu","13":"product_cat-zakladna-kolekcia","15":"first","16":"instock","17":"taxable","18":"shipping-taxable","19":"purchasable","20":"product-type-variable"},"acf":[],"_links":{"self":[{"href":"https:\/\/medandbeauty.com\/sk\/wp-json\/wp\/v2\/product\/395684","targetHints":{"allow":["GET"]}}],"collection":[{"href":"https:\/\/medandbeauty.com\/sk\/wp-json\/wp\/v2\/product"}],"about":[{"href":"https:\/\/medandbeauty.com\/sk\/wp-json\/wp\/v2\/types\/product"}],"replies":[{"embeddable":true,"href":"https:\/\/medandbeauty.com\/sk\/wp-json\/wp\/v2\/comments?post=395684"}],"wp:featuredmedia":[{"embeddable":true,"href":"https:\/\/medandbeauty.com\/sk\/wp-json\/wp\/v2\/media\/402028"}],"wp:attachment":[{"href":"https:\/\/medandbeauty.com\/sk\/wp-json\/wp\/v2\/media?parent=395684"}],"wp:term":[{"taxonomy":"kolor","embeddable":true,"href":"https:\/\/medandbeauty.com\/sk\/wp-json\/wp\/v2\/kolor?post=395684"},{"taxonomy":"rodzaj-ubrania","embeddable":true,"href":"https:\/\/medandbeauty.com\/sk\/wp-json\/wp\/v2\/rodzaj-ubrania?post=395684"},{"taxonomy":"ubranie","embeddable":true,"href":"https:\/\/medandbeauty.com\/sk\/wp-json\/wp\/v2\/ubranie?post=395684"},{"taxonomy":"product_brand","embeddable":true,"href":"https:\/\/medandbeauty.com\/sk\/wp-json\/wp\/v2\/product_brand?post=395684"},{"taxonomy":"product_cat","embeddable":true,"href":"https:\/\/medandbeauty.com\/sk\/wp-json\/wp\/v2\/product_cat?post=395684"},{"taxonomy":"product_tag","embeddable":true,"href":"https:\/\/medandbeauty.com\/sk\/wp-json\/wp\/v2\/product_tag?post=395684"}],"curies":[{"name":"wp","href":"https:\/\/api.w.org\/{rel}","templated":true}]}}