{"id":396100,"date":"2024-01-06T00:03:20","date_gmt":"2024-01-06T00:03:20","guid":{"rendered":"https:\/\/medandbeauty.com\/product\/lekarske-saty-so-zipsom-premium-white\/"},"modified":"2025-12-23T11:55:54","modified_gmt":"2025-12-23T10:55:54","slug":"lekarske-saty-so-zipsom-premium-white","status":"publish","type":"product","link":"https:\/\/medandbeauty.com\/sk\/product\/lekarske-saty-so-zipsom-premium-white\/","title":{"rendered":"Lek\u00e1rske \u0161aty so zipsom Premium WHITE"},"content":{"rendered":"<p style=\"font-weight: 400;\">Sp\u00e1ja sa v\u00e1m pr\u00e1ca v <strong>zdravotn\u00edctve<\/strong> alebo <strong>kozmetickom<\/strong> <strong>priemysle<\/strong> len s oby\u010dajn\u00fdmi bielymi <strong>lek\u00e1rskymi pl\u00e1\u0161\u0165ami<\/strong>?<\/p>\n<p style=\"font-weight: 400;\">S na\u0161imi <strong>lek\u00e1rskymi \u0161atami so zipsom<\/strong> <strong>z<a href=\"https:\/\/medandbeauty.com\/sk\/shop\/pre-nu\/kolekcia-premium\/\" target=\"_blank\" rel=\"noopener\"> pr\u00e9miovej kolekcie<\/a><\/strong> rozb\u00edjame formy!<\/p>\n<p style=\"font-weight: 400;\">Profesion\u00e1lny a elegantn\u00fd vzh\u013ead pri pr\u00e1ci zvy\u0161uje d\u00f4veru pacientov a klientov a zlep\u0161uje pohodu ka\u017ed\u00e9ho, kto nos\u00ed pohodln\u00e9 a estetick\u00e9 <strong>zdravotn\u00edcke oble\u010denie. <\/strong> <\/p>\n<p style=\"font-weight: 400;\"><strong>Biele lek\u00e1rske \u0161aty so zipsom<\/strong> z <a href=\"https:\/\/medandbeauty.com\/sk\/shop\/pre-nu\/kolekcia-premium\/\" target=\"_blank\" rel=\"noopener\"><strong>kolekcie Premium<\/strong><\/a> boli u\u0161it\u00e9 z 80 % z vysokokvalitnej bavlny v kombin\u00e1cii s nylonom a lycrou.<\/p>\n<p style=\"font-weight: 400;\">V\u010faka tejto kombin\u00e1cii vl\u00e1kien je tkanina priedu\u0161n\u00e1, m\u00e4kk\u00e1 a kr\u00e1sne sed\u00ed na postave.<\/p>\n<p style=\"font-weight: 400;\">Nemus\u00edte sa stara\u0165 o \u010dasovo n\u00e1ro\u010dn\u00e9 zap\u00ednanie. V\u010faka dlh\u00e9mu zipsu si \u0161aty \u013eahko a r\u00fdchlo oble\u010diete a vyzle\u010diete. <\/p>\n<p style=\"font-weight: 400;\">Dobre vieme, ak\u00e9 d\u00f4le\u017eit\u00e9 je ma\u0165 drobn\u00e9 pracovn\u00e9 potreby po ruke, a preto sme <strong>biele lek\u00e1rske \u0161aty na zips<\/strong> vybavili a\u017e \u0161tyrmi praktick\u00fdmi vreckami &#8211; dvoma na hrudi a dvoma na bokoch.<\/p>\n<p style=\"font-weight: 400;\">7\/8 ruk\u00e1vy v buffovej farbe s\u00fa zakon\u010den\u00e9 man\u017eetou na gomb\u00edk, ktor\u00e1 perfektne sed\u00ed a zabra\u0148uje vyhr\u0148ovaniu ruk\u00e1vov.<\/p>\n<p style=\"font-weight: 400;\"><strong>Biele lek\u00e1rske \u0161aty na zips<\/strong> maj\u00fa elegantn\u00e9 pre\u0161\u00edvanie (vpredu aj vzadu), v\u010faka ktor\u00e9mu dokonale padn\u00fa na ka\u017ed\u00fd typ \u017eenskej postavy.<\/p>\n<ul>\n<li style=\"font-weight: 400;\">Celkovo 4 praktick\u00e9 vreck\u00e1 &#8211; dve predn\u00e9 vreck\u00e1 na hrudi a dve bo\u010dn\u00e9 vreck\u00e1<\/li>\n<li style=\"font-weight: 400;\"><span style=\"font-family: inherit;\">Klasick\u00fd v\u00fdstrih do V<\/span><\/li>\n<li style=\"font-weight: 400;\"><span style=\"font-family: inherit;\">Elegantn\u00fd, ale le\u017e\u00e9rny strih<\/span><\/li>\n<li style=\"font-weight: 400;\"><span style=\"font-family: inherit;\">Kv\u00f4li vreck\u00e1m na hrudi NIE JE mo\u017en\u00e9 vy\u0161\u00edva\u0165 na lek\u00e1rske \u0161aty so zipsom.<br \/>\n<\/span><\/li>\n<\/ul>\n<p>&nbsp;<\/p>\n<p style=\"font-weight: 400;\"><strong style=\"font-family: inherit;\">\u010eal\u0161ie inform\u00e1cie:<\/strong><\/p>\n<p style=\"font-weight: 400;\">Modelky na fotografi\u00e1ch maj\u00fa na sebe ve\u013ekos\u0165 S a s\u00fa vysok\u00e9 170-174 cm.<\/p>\n<p style=\"font-weight: 400;\">Ak si neviete vybra\u0165 ve\u013ekos\u0165, pozrite si tabu\u013eku ve\u013ekost\u00ed. Ak m\u00e1te \u010fal\u0161ie pochybnosti &#8211; po\u0161lite n\u00e1m svoje miery a my v\u00e1m ju prisp\u00f4sob\u00edme. <\/p>\n<p style=\"font-weight: 400;\">Farby odevov v kolekcii Premium sa nezhoduj\u00fa s farbami odevov v <a href=\"https:\/\/medandbeauty.com\/sk\/shop\/pre-nu\/zakladna-kolekcia\/\" target=\"_blank\" rel=\"noopener\">kolekcii Basic<\/a> &#8211; s\u00fa vyroben\u00e9 z in\u00fdch materi\u00e1lov.<\/p>\n<p style=\"font-weight: 400;\">Odtiene jednotliv\u00fdch odevov na obr\u00e1zkoch sa m\u00f4\u017eu l\u00ed\u0161i\u0165 od skuto\u010dn\u00fdch &#8211; je to sp\u00f4soben\u00e9 r\u00f4znorodos\u0165ou dostupn\u00fdch elektronick\u00fdch zariaden\u00ed a ich individu\u00e1lnym nastaven\u00edm.<\/p>\n","protected":false},"excerpt":{"rendered":"<p>Sp\u00e1ja sa v\u00e1m pr\u00e1ca v zdravotn\u00edctve alebo kozmetickom priemysle len s oby\u010dajn\u00fdmi bielymi lek\u00e1rskymi pl\u00e1\u0161\u0165ami? S na\u0161imi lek\u00e1rskymi \u0161atami so zipsom z pr\u00e9miovej kolekcie rozb\u00edjame formy! Profesion\u00e1lny a elegantn\u00fd vzh\u013ead pri pr\u00e1ci zvy\u0161uje d\u00f4veru pacientov a klientov a zlep\u0161uje pohodu ka\u017ed\u00e9ho, kto nos\u00ed pohodln\u00e9 a estetick\u00e9 zdravotn\u00edcke oble\u010denie. Biele lek\u00e1rske \u0161aty so zipsom z kolekcie [&hellip;]<\/p>\n","protected":false},"featured_media":396106,"comment_status":"open","ping_status":"closed","template":"","meta":{"_acf_changed":false,"inline_featured_image":false},"kolor":[1065],"rodzaj-ubrania":[1177],"ubranie":[1433],"product_brand":[],"product_cat":[1175,1058,1176],"product_tag":[],"class_list":{"0":"post-396100","1":"product","2":"type-product","3":"status-publish","4":"has-post-thumbnail","6":"kolor-biela","7":"rodzaj-ubrania-zdravotnicke-saty-sk","8":"ubranie-premiove-lekarske-saty-so-zipsom","9":"product_cat-kolekcia-premium","10":"product_cat-pre-nu","11":"product_cat-zdravotnicke-saty-sk","13":"first","14":"instock","15":"taxable","16":"shipping-taxable","17":"purchasable","18":"product-type-variable"},"acf":[],"_links":{"self":[{"href":"https:\/\/medandbeauty.com\/sk\/wp-json\/wp\/v2\/product\/396100","targetHints":{"allow":["GET"]}}],"collection":[{"href":"https:\/\/medandbeauty.com\/sk\/wp-json\/wp\/v2\/product"}],"about":[{"href":"https:\/\/medandbeauty.com\/sk\/wp-json\/wp\/v2\/types\/product"}],"replies":[{"embeddable":true,"href":"https:\/\/medandbeauty.com\/sk\/wp-json\/wp\/v2\/comments?post=396100"}],"wp:featuredmedia":[{"embeddable":true,"href":"https:\/\/medandbeauty.com\/sk\/wp-json\/wp\/v2\/media\/396106"}],"wp:attachment":[{"href":"https:\/\/medandbeauty.com\/sk\/wp-json\/wp\/v2\/media?parent=396100"}],"wp:term":[{"taxonomy":"kolor","embeddable":true,"href":"https:\/\/medandbeauty.com\/sk\/wp-json\/wp\/v2\/kolor?post=396100"},{"taxonomy":"rodzaj-ubrania","embeddable":true,"href":"https:\/\/medandbeauty.com\/sk\/wp-json\/wp\/v2\/rodzaj-ubrania?post=396100"},{"taxonomy":"ubranie","embeddable":true,"href":"https:\/\/medandbeauty.com\/sk\/wp-json\/wp\/v2\/ubranie?post=396100"},{"taxonomy":"product_brand","embeddable":true,"href":"https:\/\/medandbeauty.com\/sk\/wp-json\/wp\/v2\/product_brand?post=396100"},{"taxonomy":"product_cat","embeddable":true,"href":"https:\/\/medandbeauty.com\/sk\/wp-json\/wp\/v2\/product_cat?post=396100"},{"taxonomy":"product_tag","embeddable":true,"href":"https:\/\/medandbeauty.com\/sk\/wp-json\/wp\/v2\/product_tag?post=396100"}],"curies":[{"name":"wp","href":"https:\/\/api.w.org\/{rel}","templated":true}]}}