{"id":396153,"date":"2024-01-06T00:07:04","date_gmt":"2024-01-06T00:07:04","guid":{"rendered":"https:\/\/medandbeauty.com\/product\/lekarske-saty-so-zipsom-premium-pale-beig\/"},"modified":"2025-12-23T11:56:18","modified_gmt":"2025-12-23T10:56:18","slug":"lekarske-saty-so-zipsom-premium-pale-beig","status":"publish","type":"product","link":"https:\/\/medandbeauty.com\/sk\/product\/lekarske-saty-so-zipsom-premium-pale-beig\/","title":{"rendered":"Lek\u00e1rske \u0161aty so zipsom Premium PALE BEIG"},"content":{"rendered":"<p style=\"font-weight: 400;\">M\u00e1te dojem, \u017ee pr\u00e1ca v <strong>zdravotn\u00edctve<\/strong> alebo <strong>kozmetickom<\/strong> <strong>priemysle<\/strong> spo\u010d\u00edva len v nosen\u00ed \u0161tandardn\u00fdch bielych <strong>lek\u00e1rskych uniforiem<\/strong>?<\/p>\n<p style=\"font-weight: 400;\">V spolo\u010dnosti <strong>Med &amp; Beauty<\/strong> men\u00edme tento koncept pomocou na\u0161ich <strong>lek\u00e1rskych \u0161iat so zipsom<\/strong> z<a href=\"https:\/\/medandbeauty.com\/sk\/shop\/pre-nu\/kolekcia-premium\/\" target=\"_blank\" rel=\"noopener\"> pr\u00e9miovej kolekcie<\/a>!<\/p>\n<p style=\"font-weight: 400;\">Profesion\u00e1lny vzh\u013ead pri vykon\u00e1van\u00ed pracovn\u00fdch povinnost\u00ed je k\u013e\u00fa\u010dov\u00fdm prvkom pri budovan\u00ed d\u00f4very u pacientov aj klientov. Okrem toho pohodln\u00e9 <strong>zdravotn\u00edcke oble\u010denie<\/strong> zlep\u0161uje pohodu ka\u017edej osoby, ktor\u00e1 ho nos\u00ed! <\/p>\n<p style=\"font-weight: 400;\"><strong>Svetlo b\u00e9\u017eov\u00e9 lek\u00e1rske \u0161aty so zipsom<\/strong> z pr\u00e9miovej l\u00ednie boli vytvoren\u00e9 z 80 % z kvalitnej bavlny v kombin\u00e1cii s nylonom a lycrou. V\u010faka tejto zmesi vl\u00e1kien v tkanine s\u00fa \u0161aty priedu\u0161n\u00e9, m\u00e4kk\u00e9 a pohodln\u00e9 pre v\u0161etky typy post\u00e1v. <\/p>\n<p style=\"font-weight: 400;\">Zabudnite na \u0165a\u017ekop\u00e1dne zap\u00ednanie <strong>lek\u00e1rskeho oble\u010denia<\/strong>! V\u010faka dlh\u00e9mu zipsu v\u0161it\u00e9mu do <strong>b\u00e9\u017eov\u00fdch lek\u00e1rskych \u0161iat so zipsom<\/strong> je prezliekanie pri pr\u00e1ci jednoduch\u0161ie a pr\u00edjemnej\u0161ie.<\/p>\n<p style=\"font-weight: 400;\">O funk\u010dnos\u0165 je postaran\u00e9 &#8211; <strong>svetlo b\u00e9\u017eov\u00e9 lek\u00e1rske \u0161aty Med &amp; Beauty na zips <\/strong>maj\u00fa \u0161tyri praktick\u00e9 vreck\u00e1: dve vpredu a dve po stran\u00e1ch, ide\u00e1lne na ulo\u017eenie nevyhnutn\u00fdch vec\u00ed.<\/p>\n<p style=\"font-weight: 400;\">7\/8 ruk\u00e1vy buffovej farby zakon\u010den\u00e9 man\u017eetou na gomb\u00edk zaru\u010duj\u00fa dokonal\u00e9 prisp\u00f4sobenie a zabra\u0148uj\u00fa zo\u0161myknutiu a vyhrnutiu ruk\u00e1vov.<\/p>\n<p style=\"font-weight: 400;\">Dodato\u010dn\u00e9 \u0161vy (vpredu aj vzadu) dod\u00e1vaj\u00fa <strong>svetlo b\u00e9\u017eov\u00fdm zdravotn\u00fdm \u0161at\u00e1m na zips<\/strong> elegantn\u00fd n\u00e1dych a dokonale zv\u00fdraz\u0148uj\u00fa prednosti ka\u017ed\u00e9ho typu \u017eenskej postavy.<\/p>\n<ul>\n<li style=\"font-weight: 400;\">Celkovo 4 praktick\u00e9 vreck\u00e1 &#8211; dve predn\u00e9 vreck\u00e1 na hrudi a dve bo\u010dn\u00e9 vreck\u00e1<\/li>\n<li style=\"font-weight: 400;\"><span style=\"font-family: inherit;\">Klasick\u00fd v\u00fdstrih do V<\/span><\/li>\n<li style=\"font-weight: 400;\"><span style=\"font-family: inherit;\">Elegantn\u00fd, ale le\u017e\u00e9rny strih<\/span><\/li>\n<li style=\"font-weight: 400;\"><span style=\"font-family: inherit;\">Kv\u00f4li vreck\u00e1m na hrudi NIE JE mo\u017en\u00e9 vy\u0161\u00edva\u0165 na lek\u00e1rske \u0161aty so zipsom.<\/span><\/li>\n<\/ul>\n<p>&nbsp;<\/p>\n<p style=\"font-weight: 400;\"><strong>\u010eal\u0161ie inform\u00e1cie:<\/strong><\/p>\n<p style=\"font-weight: 400;\">Modelky na fotografi\u00e1ch maj\u00fa na sebe ve\u013ekos\u0165 S a s\u00fa vysok\u00e9 170-174 cm.<\/p>\n<p style=\"font-weight: 400;\">Ak si neviete vybra\u0165 ve\u013ekos\u0165, pozrite si tabu\u013eku ve\u013ekost\u00ed. Ak m\u00e1te \u010fal\u0161ie pochybnosti &#8211; po\u0161lite n\u00e1m svoje miery a my v\u00e1m ju prisp\u00f4sob\u00edme. <\/p>\n<p style=\"font-weight: 400;\">Farby odevov v <a href=\"https:\/\/medandbeauty.com\/sk\/shop\/pre-nu\/kolekcia-premium\/\" target=\"_blank\" rel=\"noopener\">kolekcii Premium<\/a> sa nezhoduj\u00fa s farbami odevov v <a href=\"https:\/\/medandbeauty.com\/sk\/shop\/pre-nu\/zakladna-kolekcia\/\" target=\"_blank\" rel=\"noopener\">kolekcii Basic<\/a> &#8211; s\u00fa vyroben\u00e9 z in\u00fdch materi\u00e1lov.<\/p>\n<p style=\"font-weight: 400;\">Odtiene jednotliv\u00fdch odevov na obr\u00e1zkoch sa m\u00f4\u017eu l\u00ed\u0161i\u0165 od skuto\u010dn\u00fdch &#8211; je to sp\u00f4soben\u00e9 r\u00f4znorodos\u0165ou dostupn\u00fdch elektronick\u00fdch zariaden\u00ed a ich individu\u00e1lnym nastaven\u00edm.<\/p>\n","protected":false},"excerpt":{"rendered":"<p>M\u00e1te dojem, \u017ee pr\u00e1ca v zdravotn\u00edctve alebo kozmetickom priemysle spo\u010d\u00edva len v nosen\u00ed \u0161tandardn\u00fdch bielych lek\u00e1rskych uniforiem? V spolo\u010dnosti Med &amp; Beauty men\u00edme tento koncept pomocou na\u0161ich lek\u00e1rskych \u0161iat so zipsom z pr\u00e9miovej kolekcie! Profesion\u00e1lny vzh\u013ead pri vykon\u00e1van\u00ed pracovn\u00fdch povinnost\u00ed je k\u013e\u00fa\u010dov\u00fdm prvkom pri budovan\u00ed d\u00f4very u pacientov aj klientov. Okrem toho pohodln\u00e9 zdravotn\u00edcke oble\u010denie [&hellip;]<\/p>\n","protected":false},"featured_media":396154,"comment_status":"open","ping_status":"closed","template":"","meta":{"_acf_changed":false,"inline_featured_image":false},"kolor":[1057],"rodzaj-ubrania":[1177],"ubranie":[1433],"product_brand":[],"product_cat":[1175,1058,1176],"product_tag":[],"class_list":{"0":"post-396153","1":"product","2":"type-product","3":"status-publish","4":"has-post-thumbnail","6":"kolor-beiges-sk","7":"rodzaj-ubrania-zdravotnicke-saty-sk","8":"ubranie-premiove-lekarske-saty-so-zipsom","9":"product_cat-kolekcia-premium","10":"product_cat-pre-nu","11":"product_cat-zdravotnicke-saty-sk","13":"first","14":"instock","15":"taxable","16":"shipping-taxable","17":"purchasable","18":"product-type-variable"},"acf":[],"_links":{"self":[{"href":"https:\/\/medandbeauty.com\/sk\/wp-json\/wp\/v2\/product\/396153","targetHints":{"allow":["GET"]}}],"collection":[{"href":"https:\/\/medandbeauty.com\/sk\/wp-json\/wp\/v2\/product"}],"about":[{"href":"https:\/\/medandbeauty.com\/sk\/wp-json\/wp\/v2\/types\/product"}],"replies":[{"embeddable":true,"href":"https:\/\/medandbeauty.com\/sk\/wp-json\/wp\/v2\/comments?post=396153"}],"wp:featuredmedia":[{"embeddable":true,"href":"https:\/\/medandbeauty.com\/sk\/wp-json\/wp\/v2\/media\/396154"}],"wp:attachment":[{"href":"https:\/\/medandbeauty.com\/sk\/wp-json\/wp\/v2\/media?parent=396153"}],"wp:term":[{"taxonomy":"kolor","embeddable":true,"href":"https:\/\/medandbeauty.com\/sk\/wp-json\/wp\/v2\/kolor?post=396153"},{"taxonomy":"rodzaj-ubrania","embeddable":true,"href":"https:\/\/medandbeauty.com\/sk\/wp-json\/wp\/v2\/rodzaj-ubrania?post=396153"},{"taxonomy":"ubranie","embeddable":true,"href":"https:\/\/medandbeauty.com\/sk\/wp-json\/wp\/v2\/ubranie?post=396153"},{"taxonomy":"product_brand","embeddable":true,"href":"https:\/\/medandbeauty.com\/sk\/wp-json\/wp\/v2\/product_brand?post=396153"},{"taxonomy":"product_cat","embeddable":true,"href":"https:\/\/medandbeauty.com\/sk\/wp-json\/wp\/v2\/product_cat?post=396153"},{"taxonomy":"product_tag","embeddable":true,"href":"https:\/\/medandbeauty.com\/sk\/wp-json\/wp\/v2\/product_tag?post=396153"}],"curies":[{"name":"wp","href":"https:\/\/api.w.org\/{rel}","templated":true}]}}