{"id":396172,"date":"2024-01-05T23:51:45","date_gmt":"2024-01-05T23:51:45","guid":{"rendered":"https:\/\/medandbeauty.com\/product\/lekarske-viacvrstvove-saty-premium-white\/"},"modified":"2026-04-28T15:23:42","modified_gmt":"2026-04-28T13:23:42","slug":"lekarske-viacvrstvove-saty-premium-white","status":"publish","type":"product","link":"https:\/\/medandbeauty.com\/sk\/product\/lekarske-viacvrstvove-saty-premium-white\/","title":{"rendered":"Lek\u00e1rske viacvrstvov\u00e9 \u0161aty Premium WHITE"},"content":{"rendered":"<p style=\"font-weight: 400;\"><strong>Viacvrstvov\u00e9 lek\u00e1rske \u0161aty Premium v bielej far<\/strong> be s\u00fa najklasickej\u0161ie zo v\u0161etk\u00fdch <strong>lek\u00e1rskych \u0161iat <a href=\"https:\/\/medandbeauty.com\/sk\/shop\/pre-nu\/kolekcia-premium\/\" target=\"_blank\" rel=\"noopener\">Med &amp; Beauty Premium<\/a>.<\/strong><\/p>\n<p style=\"font-weight: 400;\">Zabudnite na nepohodln\u00e9 a neforemn\u00e9 <strong>lek\u00e1rske uniformy<\/strong> &#8211; nastal \u010das na elegantn\u00e9 lek\u00e1rske \u0161aty, ktor\u00e9 zv\u00fdraz\u0148uj\u00fa \u017eensk\u00fa postavu a poskytuj\u00fa maxim\u00e1lne pohodlie.<\/p>\n<p style=\"font-weight: 400;\">Vedeli ste, \u017ee pacienti a klienti \u010doraz viac dbaj\u00fa na to, ako ste pri svojej pr\u00e1ci oble\u010den\u00ed?<\/p>\n<p style=\"font-weight: 400;\">\u00dah\u013eadn\u00fdm a elegantn\u00fdm <strong>lek\u00e1rskym oble\u010den\u00edm<\/strong> nielen zlep\u0161\u00edte svoju pohodu, ale aj zd\u00f4razn\u00edte svoju profesionalitu a z\u00edskate si tak priaze\u0148 pacientov a klientov.<\/p>\n<p style=\"font-weight: 400;\"><strong>Biele viazan\u00e9 lek\u00e1rske \u0161aty z kolekcie Premium<\/strong> s\u00fa u\u0161it\u00e9 z 80 % z vysokokvalitnej bavlny v kombin\u00e1cii s nylonom a lycrou. V\u010faka tejto kombin\u00e1cii vl\u00e1kien je l\u00e1tka m\u00e4kk\u00e1 a priedu\u0161n\u00e1 a &#8211; \u010do je pre <strong>lek\u00e1rske \u0161aty<\/strong> ve\u013emi d\u00f4le\u017eit\u00e9 &#8211; nema\u010dk\u00e1 sa! <\/p>\n<p style=\"font-weight: 400;\">P\u00e1s a modeluj\u00face z\u00e1\u0161evky dokonale tvaruj\u00fa postavu a zd\u00f4raz\u0148uj\u00fa v\u0161etky jej prednosti, zatia\u013e \u010do klasick\u00fd v\u00fdstrih s elegantn\u00fdm golierom pod\u010diarkuje nad\u010dasovos\u0165 tohto modelu.<\/p>\n<p style=\"font-weight: 400;\"><strong>Pr\u00e9miov\u00e9 biele viazan\u00e9 lek\u00e1rske \u0161aty<\/strong> siahaj\u00fa mierne pred kolen\u00e1, tak\u017ee maj\u00fa ide\u00e1lnu d\u013a\u017eku pre maxim\u00e1lne pohodlie pri pr\u00e1ci. Ruk\u00e1vy s d\u013a\u017ekou 7\/8 chr\u00e1nia ramen\u00e1 a neobmedzuj\u00fa pohyb. <\/p>\n<p style=\"font-weight: 400;\">Ak si cen\u00edte pohodlie, minimalizmus a profesion\u00e1lny imid\u017e v pr\u00e1ci, vyberte si <strong>biele pr\u00e9miov\u00e9 viazan\u00e9 lek\u00e1rske \u0161aty<\/strong>.<\/p>\n<ul>\n<li style=\"font-weight: 400;\">Origin\u00e1lny v\u00fdstrih s elegantn\u00fdm golierom<\/li>\n<li style=\"font-weight: 400;\"><span style=\"font-family: inherit;\">Rovn\u00e9 7\/8 ruk\u00e1vy<\/span><\/li>\n<li style=\"font-weight: 400;\"><span style=\"font-family: inherit;\">Klasick\u00fd strih s d\u013a\u017ekou po kolen\u00e1<\/span><\/li>\n<li style=\"font-weight: 400;\"><span style=\"font-family: inherit;\">Vrchn\u00e9 pre\u0161\u00edvanie zv\u00fdraz\u0148uj\u00face siluetu a opasok v p\u00e1se<\/span><\/li>\n<li style=\"font-weight: 400;\"><span style=\"font-family: inherit;\">Mo\u017eno personalizova\u0165 v\u00fd\u0161ivkou<\/span><\/li>\n<\/ul>\n<p>&nbsp;<\/p>\n<p style=\"font-weight: 400;\"><strong>\u010eal\u0161ie inform\u00e1cie:<\/strong><br \/>\nModelky na fotografi\u00e1ch maj\u00fa na sebe ve\u013ekos\u0165 S a s\u00fa vysok\u00e9 170-174 cm.<\/p>\n<p style=\"font-weight: 400;\">Ak si neviete vybra\u0165 ve\u013ekos\u0165, pozrite si tabu\u013eku ve\u013ekost\u00ed. Ak m\u00e1te \u010fal\u0161ie pochybnosti &#8211; po\u0161lite n\u00e1m svoje miery a my v\u00e1m ju prisp\u00f4sob\u00edme. <\/p>\n<p style=\"font-weight: 400;\">Farby odevov v <a href=\"https:\/\/medandbeauty.com\/sk\/shop\/pre-nu\/kolekcia-premium\/\" target=\"_blank\" rel=\"noopener\">kolekcii Premium<\/a> sa nezhoduj\u00fa s farbami odevov v <a href=\"https:\/\/medandbeauty.com\/sk\/shop\/pre-nu\/zakladna-kolekcia\/\" target=\"_blank\" rel=\"noopener\">kolekcii Basic<\/a> &#8211; s\u00fa vyroben\u00e9 z in\u00fdch materi\u00e1lov.<\/p>\n<p style=\"font-weight: 400;\">Odtiene jednotliv\u00fdch odevov na obr\u00e1zkoch sa m\u00f4\u017eu l\u00ed\u0161i\u0165 od skuto\u010dn\u00fdch &#8211; je to sp\u00f4soben\u00e9 r\u00f4znorodos\u0165ou dostupn\u00fdch elektronick\u00fdch zariaden\u00ed a ich individu\u00e1lnym nastaven\u00edm.<\/p>\n","protected":false},"excerpt":{"rendered":"<p>Viacvrstvov\u00e9 lek\u00e1rske \u0161aty Premium v bielej far be s\u00fa najklasickej\u0161ie zo v\u0161etk\u00fdch lek\u00e1rskych \u0161iat Med &amp; Beauty Premium. Zabudnite na nepohodln\u00e9 a neforemn\u00e9 lek\u00e1rske uniformy &#8211; nastal \u010das na elegantn\u00e9 lek\u00e1rske \u0161aty, ktor\u00e9 zv\u00fdraz\u0148uj\u00fa \u017eensk\u00fa postavu a poskytuj\u00fa maxim\u00e1lne pohodlie. Vedeli ste, \u017ee pacienti a klienti \u010doraz viac dbaj\u00fa na to, ako ste pri svojej [&hellip;]<\/p>\n","protected":false},"featured_media":396175,"comment_status":"open","ping_status":"closed","template":"","meta":{"_acf_changed":false,"inline_featured_image":false},"kolor":[1065],"rodzaj-ubrania":[1177],"ubranie":[1356],"product_brand":[],"product_cat":[1175,1058,1176],"product_tag":[],"class_list":{"0":"post-396172","1":"product","2":"type-product","3":"status-publish","4":"has-post-thumbnail","6":"kolor-biela","7":"rodzaj-ubrania-zdravotnicke-saty-sk","8":"ubranie-premiove-viazane-lekarske-saty","9":"product_cat-kolekcia-premium","10":"product_cat-pre-nu","11":"product_cat-zdravotnicke-saty-sk","13":"first","14":"instock","15":"taxable","16":"shipping-taxable","17":"purchasable","18":"product-type-variable"},"acf":[],"_links":{"self":[{"href":"https:\/\/medandbeauty.com\/sk\/wp-json\/wp\/v2\/product\/396172","targetHints":{"allow":["GET"]}}],"collection":[{"href":"https:\/\/medandbeauty.com\/sk\/wp-json\/wp\/v2\/product"}],"about":[{"href":"https:\/\/medandbeauty.com\/sk\/wp-json\/wp\/v2\/types\/product"}],"replies":[{"embeddable":true,"href":"https:\/\/medandbeauty.com\/sk\/wp-json\/wp\/v2\/comments?post=396172"}],"wp:featuredmedia":[{"embeddable":true,"href":"https:\/\/medandbeauty.com\/sk\/wp-json\/wp\/v2\/media\/396175"}],"wp:attachment":[{"href":"https:\/\/medandbeauty.com\/sk\/wp-json\/wp\/v2\/media?parent=396172"}],"wp:term":[{"taxonomy":"kolor","embeddable":true,"href":"https:\/\/medandbeauty.com\/sk\/wp-json\/wp\/v2\/kolor?post=396172"},{"taxonomy":"rodzaj-ubrania","embeddable":true,"href":"https:\/\/medandbeauty.com\/sk\/wp-json\/wp\/v2\/rodzaj-ubrania?post=396172"},{"taxonomy":"ubranie","embeddable":true,"href":"https:\/\/medandbeauty.com\/sk\/wp-json\/wp\/v2\/ubranie?post=396172"},{"taxonomy":"product_brand","embeddable":true,"href":"https:\/\/medandbeauty.com\/sk\/wp-json\/wp\/v2\/product_brand?post=396172"},{"taxonomy":"product_cat","embeddable":true,"href":"https:\/\/medandbeauty.com\/sk\/wp-json\/wp\/v2\/product_cat?post=396172"},{"taxonomy":"product_tag","embeddable":true,"href":"https:\/\/medandbeauty.com\/sk\/wp-json\/wp\/v2\/product_tag?post=396172"}],"curies":[{"name":"wp","href":"https:\/\/api.w.org\/{rel}","templated":true}]}}