{"id":396221,"date":"2024-01-05T22:33:50","date_gmt":"2024-01-05T22:33:50","guid":{"rendered":"https:\/\/medandbeauty.com\/product\/damske-lekarske-nohavice-premium-priliehave-modre\/"},"modified":"2025-12-23T12:12:19","modified_gmt":"2025-12-23T11:12:19","slug":"damske-lekarske-nohavice-premium-priliehave-modre","status":"publish","type":"product","link":"https:\/\/medandbeauty.com\/sk\/product\/damske-lekarske-nohavice-premium-priliehave-modre\/","title":{"rendered":"D\u00e1mske lek\u00e1rske nohavice Premium priliehav\u00e9 MODR\u00c9"},"content":{"rendered":"<h2>Lek\u00e1rske nohavice modr\u00e9 PREMIUM<\/h2>\n<p style=\"font-weight: 400;\">H\u013ead\u00e1te <strong>priliehav\u00e9 lek\u00e1rske nohavice, ktor\u00e9<\/strong> <strong>v\u00e1s bud\u00fa sprev\u00e1dza\u0165 ka\u017ed\u00fd de\u0148 v pr\u00e1ci?<\/strong> D\u00e1mske lek\u00e1rske nohavice v modrej farbe od<strong> <a href=\"https:\/\/medandbeauty.com\/sk\/shop\/pre-nu\/kolekcia-premium\/\" target=\"_blank\" rel=\"noopener\">Kolekcia Premium<\/a><\/strong> s\u00fa pre v\u00e1s ako stvoren\u00e9!<\/p>\n<p style=\"font-weight: 400;\">Ak si pri zdravotn\u00edckom oble\u010den\u00ed cen\u00edte pohodlie a prvotriednu kvalitu materi\u00e1lov &#8211; <strong>pr\u00e9miov\u00e9 modr\u00e9 priliehav\u00e9 zdravotn\u00edcke nohavice<\/strong> <strong>ur\u010dite splnia v\u0161etky va\u0161e o\u010dak\u00e1vania!<\/strong><\/p>\n<h2>D\u00e1mske lek\u00e1rske nohavice modr\u00e9 &#8211; pohodln\u00e9 nosenie<\/h2>\n<p style=\"font-weight: 400;\"><strong>Pr\u00e9miov\u00e9 modr\u00e9 d\u00e1mske zdravotn\u00e9 priliehav\u00e9 nohavice <\/strong>s\u00fa u\u0161it\u00e9 z <strong>priedu\u0161nej a mimoriadne m\u00e4kkej tkaniny,<\/strong> tak\u017ee neobmedzuj\u00fa pohyb a pri nosen\u00ed poskytuj\u00fa \u00fapln\u00fa vo\u013enos\u0165 pohybu. V\u010faka kombin\u00e1cii 80 % vysokokvalitnej bavlny so zmesou lycry a nylonu sa modr\u00e9 d\u00e1mske lek\u00e1rske nohavice dokonale prisp\u00f4sobia ka\u017edej postave a z\u00e1rove\u0148 s\u00fa odoln\u00e9 a priedu\u0161n\u00e9. <\/p>\n<p style=\"font-weight: 400;\">Mierne zv\u00fd\u0161en\u00fd p\u00e1s so \u0161irok\u00fdm elastick\u00fdm p\u00e1som znamen\u00e1, \u017ee d\u00e1mske priliehav\u00e9 nohavice v lek\u00e1rskej modrej farbe neobmedzuj\u00fa pohyb, a preto s\u00fa ve\u013emi pohodln\u00e9 aj pri dlhom nosen\u00ed.<\/p>\n<h2>D\u00e1mske lek\u00e1rske nohavice v modrej farbe &#8211; trendy<\/h2>\n<p style=\"font-weight: 400;\"><a href=\"https:\/\/medandbeauty.com\/sk\/shop\/pre-nu\/zakladna-kolekcia\/lekarske-nohavice\/\">D\u00e1mske lek\u00e1rske nohavice<\/a> v kr\u00e1snej modrej farbe sa hodia k elegantn\u00fdm aj le\u017e\u00e9rnym outfitom a v\u010faka absencii vreciek sa budete v modr\u00fdch lek\u00e1rskych nohaviciach s r\u00farkou c\u00edti\u0165 ako v najpohodlnej\u0161\u00edch leg\u00ednach!<\/p>\n<p style=\"font-weight: 400;\"><strong>Pr\u00e9miov\u00e9 modr\u00e9 d\u00e1mske zdravotn\u00e9 priliehav\u00e9 nohavice <\/strong>maj\u00fa v <strong>p\u00e1se \u0161n\u00farku na stiahnutie<\/strong>, ktor\u00e1 perfektne sed\u00ed.<\/p>\n<p style=\"font-weight: 400;\">Vytvorte si vysn\u00edvan\u00fa s\u00fapravu lek\u00e1rskeho oble\u010denia zladen\u00edm modr\u00fdch priliehav\u00fdch lek\u00e1rskych nohav\u00edc s <a href=\"https:\/\/medandbeauty.com\/sk\/product\/damska-lekarska-bluzka-scrubs-premium-blue\/\" target=\"_blank\" rel=\"noopener\">lek\u00e1rskou bl\u00fazkou<\/a> alebo <a href=\"https:\/\/medandbeauty.com\/sk\/product\/damska-lekarska-obalkova-tunika-premium-blue\/\" target=\"_blank\" rel=\"noopener\">lek\u00e1rskou tunikou<\/a> z rovnak\u00e9ho materi\u00e1lu.<\/p>\n<h2>D\u00e1mske modr\u00e9 lek\u00e1rske nohavice &#8211; vytvorte si jedine\u010dn\u00e9 s\u00fapravy<\/h2>\n<p style=\"font-weight: 400;\">Vo\u013ene kombinujte odtiene a vytv\u00e1rajte jedine\u010dn\u00e9 \u0161t\u00fdly alebo sa rozhodnite pre jednofarebn\u00fd vzh\u013ead. Ak\u00e9 s\u00fa vlastnosti modr\u00fdch d\u00e1mskych lek\u00e1rskych nohav\u00edc? <\/p>\n<ul>\n<li>\u017eiadne vreck\u00e1,<\/li>\n<li>\u0161irok\u00fd, pohodln\u00fd elastick\u00fd p\u00e1s,<\/li>\n<li>\u0161t\u00edhly strih &#8211; z\u00fa\u017een\u00e9 nohy,<\/li>\n<li>pru\u017en\u00e1, elastick\u00e1 tkanina.<\/li>\n<\/ul>\n<p style=\"font-weight: 400;\"><strong>\u010eal\u0161ie inform\u00e1cie:<\/strong> Modelky na fotografi\u00e1ch maj\u00fa oble\u010den\u00e9 modr\u00e9 lek\u00e1rske nohavice ve\u013ekosti S a s\u00fa vysok\u00e9 170-174 cm.<\/p>\n<p style=\"font-weight: 400;\">Ak si neviete <a href=\"https:\/\/medandbeauty.com\/sk\/rodzaj-ubrania\/lekarske-nohavice\/\" target=\"_new\" rel=\"noopener\">vybra\u0165 lek\u00e1rske nohavice<\/a>, pozrite si tabu\u013eku ve\u013ekost\u00ed. Ak m\u00e1te \u010fal\u0161ie pochybnosti &#8211; po\u0161lite n\u00e1m svoje miery a my v\u00e1m ich uprav\u00edme.<\/p>\n<p style=\"font-weight: 400;\">  Farby odevov v <a href=\"https:\/\/medandbeauty.com\/sk\/shop\/pre-nu\/kolekcia-premium\/\" target=\"_blank\" rel=\"noopener\">kolekcii Premium<\/a> sa nezhoduj\u00fa s farbami odevov v <a href=\"https:\/\/medandbeauty.com\/sk\/shop\/pre-nu\/zakladna-kolekcia\/\" target=\"_blank\" rel=\"noopener\">kolekcii Basic<\/a> &#8211; s\u00fa vyroben\u00e9 z in\u00fdch materi\u00e1lov.<\/p>\n<p style=\"font-weight: 400;\">Odtiene jednotliv\u00fdch odevov na obr\u00e1zkoch sa m\u00f4\u017eu l\u00ed\u0161i\u0165 od skuto\u010dn\u00fdch &#8211; je to sp\u00f4soben\u00e9 r\u00f4znorodos\u0165ou dostupn\u00fdch elektronick\u00fdch zariaden\u00ed a ich individu\u00e1lnym nastaven\u00edm.<\/p>\n<p style=\"font-weight: 400;\">Obchod so zdravotn\u00edckym oble\u010den\u00edm Med&amp;Beauty pon\u00faka aj \u010fal\u0161ie <a href=\"https:\/\/medandbeauty.com\/sk\/shop\/pre-nu\/\">d\u00e1mske zdravotn\u00edcke oble\u010denie<\/a> &#8211; nev\u00e1hajte si ho objedna\u0165.<\/p>\n","protected":false},"excerpt":{"rendered":"<p>Lek\u00e1rske nohavice modr\u00e9 PREMIUM H\u013ead\u00e1te priliehav\u00e9 lek\u00e1rske nohavice, ktor\u00e9 v\u00e1s bud\u00fa sprev\u00e1dza\u0165 ka\u017ed\u00fd de\u0148 v pr\u00e1ci? D\u00e1mske lek\u00e1rske nohavice v modrej farbe od Kolekcia Premium s\u00fa pre v\u00e1s ako stvoren\u00e9! Ak si pri zdravotn\u00edckom oble\u010den\u00ed cen\u00edte pohodlie a prvotriednu kvalitu materi\u00e1lov &#8211; pr\u00e9miov\u00e9 modr\u00e9 priliehav\u00e9 zdravotn\u00edcke nohavice ur\u010dite splnia v\u0161etky va\u0161e o\u010dak\u00e1vania! D\u00e1mske lek\u00e1rske nohavice [&hellip;]<\/p>\n","protected":false},"featured_media":396241,"comment_status":"open","ping_status":"closed","template":"","meta":{"_acf_changed":false,"inline_featured_image":false},"kolor":[1136],"rodzaj-ubrania":[1095],"ubranie":[1243],"product_brand":[],"product_cat":[1175,1242,1058],"product_tag":[],"class_list":{"0":"post-396221","1":"product","2":"type-product","3":"status-publish","4":"has-post-thumbnail","6":"kolor-modra","7":"rodzaj-ubrania-lekarske-nohavice","8":"ubranie-premiove-lekarske-nohavice-pre-zeny","9":"product_cat-kolekcia-premium","10":"product_cat-lekarske-nohavice-sk-2","11":"product_cat-pre-nu","13":"first","14":"instock","15":"taxable","16":"shipping-taxable","17":"purchasable","18":"product-type-variable"},"acf":[],"_links":{"self":[{"href":"https:\/\/medandbeauty.com\/sk\/wp-json\/wp\/v2\/product\/396221","targetHints":{"allow":["GET"]}}],"collection":[{"href":"https:\/\/medandbeauty.com\/sk\/wp-json\/wp\/v2\/product"}],"about":[{"href":"https:\/\/medandbeauty.com\/sk\/wp-json\/wp\/v2\/types\/product"}],"replies":[{"embeddable":true,"href":"https:\/\/medandbeauty.com\/sk\/wp-json\/wp\/v2\/comments?post=396221"}],"wp:featuredmedia":[{"embeddable":true,"href":"https:\/\/medandbeauty.com\/sk\/wp-json\/wp\/v2\/media\/396241"}],"wp:attachment":[{"href":"https:\/\/medandbeauty.com\/sk\/wp-json\/wp\/v2\/media?parent=396221"}],"wp:term":[{"taxonomy":"kolor","embeddable":true,"href":"https:\/\/medandbeauty.com\/sk\/wp-json\/wp\/v2\/kolor?post=396221"},{"taxonomy":"rodzaj-ubrania","embeddable":true,"href":"https:\/\/medandbeauty.com\/sk\/wp-json\/wp\/v2\/rodzaj-ubrania?post=396221"},{"taxonomy":"ubranie","embeddable":true,"href":"https:\/\/medandbeauty.com\/sk\/wp-json\/wp\/v2\/ubranie?post=396221"},{"taxonomy":"product_brand","embeddable":true,"href":"https:\/\/medandbeauty.com\/sk\/wp-json\/wp\/v2\/product_brand?post=396221"},{"taxonomy":"product_cat","embeddable":true,"href":"https:\/\/medandbeauty.com\/sk\/wp-json\/wp\/v2\/product_cat?post=396221"},{"taxonomy":"product_tag","embeddable":true,"href":"https:\/\/medandbeauty.com\/sk\/wp-json\/wp\/v2\/product_tag?post=396221"}],"curies":[{"name":"wp","href":"https:\/\/api.w.org\/{rel}","templated":true}]}}