{"id":396383,"date":"2024-01-02T18:11:31","date_gmt":"2024-01-02T18:11:31","guid":{"rendered":"https:\/\/medandbeauty.com\/product\/damske-lekarske-nohavice-jogger-premium-pale-beige\/"},"modified":"2025-12-23T12:06:07","modified_gmt":"2025-12-23T11:06:07","slug":"damske-lekarske-nohavice-jogger-premium-pale-beige","status":"publish","type":"product","link":"https:\/\/medandbeauty.com\/sk\/product\/damske-lekarske-nohavice-jogger-premium-pale-beige\/","title":{"rendered":"D\u00e1mske lek\u00e1rske nohavice jogger premium PALE BEige"},"content":{"rendered":"<p style=\"font-weight: 400;\">H\u013ead\u00e1te dokonal\u00e9 <strong>zdravotn\u00e9 be\u017eeck\u00e9 nohavice<\/strong>, ktor\u00e9 nebudete chcie\u0165 vyzliec\u0165?<\/p>\n<p style=\"font-weight: 400;\">Na z\u00e1klade po\u017eiadaviek na\u0161ich z\u00e1kazn\u00ed\u010dok s\u00fa teraz na\u0161e najpred\u00e1vanej\u0161ie <strong>\u0161atky<\/strong> k dispoz\u00edcii aj v <a href=\"https:\/\/medandbeauty.com\/sk\/shop\/pre-nu\/kolekcia-premium\/\" target=\"_blank\" rel=\"noopener\">pr\u00e9miovej kolekcii<\/a>!<\/p>\n<p style=\"font-weight: 400;\">Ak si cen\u00edte vynikaj\u00facu kvalitu materi\u00e1lov a maxim\u00e1lne pohodlie a m\u00e1te radi \u0161portov\u00fd, ale z\u00e1rove\u0148 profesion\u00e1lny \u0161t\u00fdl &#8211; na\u0161e <strong>pr\u00e9miov\u00e9 lek\u00e1rske tepl\u00e1ky<\/strong> v svetlo b\u00e9\u017eovej farbe mus\u00edte ma\u0165 vo svojom \u0161atn\u00edku.<\/p>\n<p style=\"font-weight: 400;\"><strong>Svetlo b\u00e9\u017eov\u00e9 <a href=\"https:\/\/medandbeauty.com\/sk\/shop\/pre-nu\/kolekcia-premium\/\" target=\"_blank\" rel=\"noopener\">d\u00e1mske lek\u00e1rske nohavice Scrubs Premium<\/a> s\u00fa vyroben\u00e9<\/strong> z materi\u00e1lu m\u00e4kk\u00e9ho na dotyk a ve\u013emi pr\u00edjemn\u00e9ho na dotyk, tak\u017ee zaru\u010duj\u00fa pohodlie pri nosen\u00ed a z\u00e1rove\u0148 zachov\u00e1vaj\u00fa pln\u00fd rozsah pohybu. V\u010faka 80 % prvotriednej bavlny v kombin\u00e1cii s lycrou a nylonom tkanina dokonale vyhovuje \u017eenskej postave a je odoln\u00e1 a priedu\u0161n\u00e1.<\/p>\n<p style=\"font-weight: 400;\">Mierne zv\u00fd\u0161en\u00fd p\u00e1s a \u0161irok\u00fd a elastick\u00fd p\u00e1s zaru\u010duj\u00fa 100 % pohodlie. Zdravotn\u00e9 be\u017eeck\u00e9 nohavice Med &amp; Beauty neobmedzuj\u00fa v pohybe ani pri dlhom nosen\u00ed. <\/p>\n<p style=\"font-weight: 400;\">Svetlo b\u00e9\u017eov\u00e9 <strong>lek\u00e1rske tepl\u00e1ky<\/strong> sa bud\u00fa hodi\u0165 ku ka\u017ed\u00e9mu vzh\u013eadu, \u010di u\u017e jednofarebn\u00e9mu alebo viacfarebn\u00e9mu, a v\u010faka \u0161iestim priestrann\u00fdm a praktick\u00fdm vreck\u00e1m budete ma\u0165 v\u0161etky pracovn\u00e9 potreby a n\u00e1radie po ruke.<\/p>\n<p style=\"font-weight: 400;\"><strong>D\u00e1mske zdravotn\u00edcke nohavice <a href=\"https:\/\/medandbeauty.com\/sk\/shop\/pre-nu\/kolekcia-premium\/\" target=\"_blank\" rel=\"noopener\">Scrubs Premium<\/a><\/strong> sme vybavili \u0161n\u00farkami v spodnej \u010dasti nohav\u00edc, aby sa nohavice po\u010das intenz\u00edvnej pr\u00e1ce nevy\u0165ahovali.<\/p>\n<p style=\"font-weight: 400;\">Zostavte si vysn\u00edvan\u00fa s\u00fapravu <strong>lek\u00e1rskeho oble\u010denia<\/strong> tak, \u017ee skombinujete <strong>svetlo b\u00e9\u017eov\u00e9 d\u00e1mske lek\u00e1rske be\u017eeck\u00e9 nohavice<\/strong> s <strong> <a href=\"https:\/\/medandbeauty.com\/sk\/product\/damska-lekarska-bluzka-scrubs-premium-light-beige\/\" target=\"_blank\" rel=\"noopener\">lek\u00e1rskou bl\u00fazkou<\/a><\/strong> z rovnak\u00e9ho materi\u00e1lu.<\/p>\n<p style=\"font-weight: 400;\">Vo\u013ene kombinujte farby a vytv\u00e1rajte jedine\u010dn\u00e9 vzh\u013eady alebo sa rozhodnite pre klasick\u00fd a nad\u010dasov\u00fd jednofarebn\u00fd vzh\u013ead.<\/p>\n<ul>\n<li style=\"font-weight: 400;\">6 praktick\u00fdch a priestrann\u00fdch vreciek &#8211; dve predn\u00e9, dve zadn\u00e9 a dve n\u00e1kladn\u00e9 vreck\u00e1 s \u010fal\u0161ou priehradkou na pero<\/li>\n<li style=\"font-weight: 400;\"><span style=\"font-family: inherit;\">Mierne vysok\u00fd n\u00e1rast s elastick\u00fdm p\u00e1som<\/span><\/li>\n<li style=\"font-weight: 400;\"><span style=\"font-family: inherit;\">Rebrovan\u00e9 nohavice<\/span><\/li>\n<li style=\"font-weight: 400;\"><span style=\"font-family: inherit;\">M\u00e4kk\u00e1 a pohodln\u00e1 tkanina na nosenie<\/span><\/li>\n<\/ul>\n<p style=\"font-weight: 400;\"><strong>\u010eal\u0161ie inform\u00e1cie:<\/strong><br \/>\nModelky na fotografi\u00e1ch maj\u00fa na sebe ve\u013ekos\u0165 S a s\u00fa vysok\u00e9 170-174 cm.<\/p>\n<p style=\"font-weight: 400;\">Ak si neviete vybra\u0165 ve\u013ekos\u0165, pozrite si tabu\u013eku ve\u013ekost\u00ed. Ak m\u00e1te \u010fal\u0161ie pochybnosti &#8211; po\u0161lite n\u00e1m svoje miery a my v\u00e1m ju prisp\u00f4sob\u00edme. <\/p>\n<p style=\"font-weight: 400;\">Farby odevov v <a href=\"https:\/\/medandbeauty.com\/sk\/shop\/pre-nu\/kolekcia-premium\/\" target=\"_blank\" rel=\"noopener\">kolekcii Premium<\/a> sa nezhoduj\u00fa s farbami odevov v <a href=\"https:\/\/medandbeauty.com\/sk\/shop\/pre-nu\/zakladna-kolekcia\/\" target=\"_blank\" rel=\"noopener\">kolekcii Basic<\/a> &#8211; s\u00fa vyroben\u00e9 z in\u00fdch materi\u00e1lov.<\/p>\n<p style=\"font-weight: 400;\">Odtiene jednotliv\u00fdch odevov na obr\u00e1zkoch sa m\u00f4\u017eu l\u00ed\u0161i\u0165 od skuto\u010dn\u00fdch &#8211; je to sp\u00f4soben\u00e9 r\u00f4znorodos\u0165ou dostupn\u00fdch elektronick\u00fdch zariaden\u00ed a ich individu\u00e1lnym nastaven\u00edm.<\/p>\n","protected":false},"excerpt":{"rendered":"<p>H\u013ead\u00e1te dokonal\u00e9 zdravotn\u00e9 be\u017eeck\u00e9 nohavice, ktor\u00e9 nebudete chcie\u0165 vyzliec\u0165? Na z\u00e1klade po\u017eiadaviek na\u0161ich z\u00e1kazn\u00ed\u010dok s\u00fa teraz na\u0161e najpred\u00e1vanej\u0161ie \u0161atky k dispoz\u00edcii aj v pr\u00e9miovej kolekcii! Ak si cen\u00edte vynikaj\u00facu kvalitu materi\u00e1lov a maxim\u00e1lne pohodlie a m\u00e1te radi \u0161portov\u00fd, ale z\u00e1rove\u0148 profesion\u00e1lny \u0161t\u00fdl &#8211; na\u0161e pr\u00e9miov\u00e9 lek\u00e1rske tepl\u00e1ky v svetlo b\u00e9\u017eovej farbe mus\u00edte ma\u0165 vo svojom [&hellip;]<\/p>\n","protected":false},"featured_media":396404,"comment_status":"open","ping_status":"closed","template":"","meta":{"_acf_changed":false,"inline_featured_image":false},"kolor":[1057],"rodzaj-ubrania":[1082,1095],"ubranie":[1448],"product_brand":[],"product_cat":[1175,1371,1242,1058],"product_tag":[],"class_list":{"0":"post-396383","1":"product","2":"type-product","3":"status-publish","4":"has-post-thumbnail","6":"kolor-beiges-sk","7":"rodzaj-ubrania-kroviny","8":"rodzaj-ubrania-lekarske-nohavice","9":"ubranie-damske-lekarske-nohavice-jogger-scrubs-premium","10":"product_cat-kolekcia-premium","11":"product_cat-kroviny-sk-2","12":"product_cat-lekarske-nohavice-sk-2","13":"product_cat-pre-nu","15":"first","16":"instock","17":"taxable","18":"shipping-taxable","19":"purchasable","20":"product-type-variable"},"acf":[],"_links":{"self":[{"href":"https:\/\/medandbeauty.com\/sk\/wp-json\/wp\/v2\/product\/396383","targetHints":{"allow":["GET"]}}],"collection":[{"href":"https:\/\/medandbeauty.com\/sk\/wp-json\/wp\/v2\/product"}],"about":[{"href":"https:\/\/medandbeauty.com\/sk\/wp-json\/wp\/v2\/types\/product"}],"replies":[{"embeddable":true,"href":"https:\/\/medandbeauty.com\/sk\/wp-json\/wp\/v2\/comments?post=396383"}],"wp:featuredmedia":[{"embeddable":true,"href":"https:\/\/medandbeauty.com\/sk\/wp-json\/wp\/v2\/media\/396404"}],"wp:attachment":[{"href":"https:\/\/medandbeauty.com\/sk\/wp-json\/wp\/v2\/media?parent=396383"}],"wp:term":[{"taxonomy":"kolor","embeddable":true,"href":"https:\/\/medandbeauty.com\/sk\/wp-json\/wp\/v2\/kolor?post=396383"},{"taxonomy":"rodzaj-ubrania","embeddable":true,"href":"https:\/\/medandbeauty.com\/sk\/wp-json\/wp\/v2\/rodzaj-ubrania?post=396383"},{"taxonomy":"ubranie","embeddable":true,"href":"https:\/\/medandbeauty.com\/sk\/wp-json\/wp\/v2\/ubranie?post=396383"},{"taxonomy":"product_brand","embeddable":true,"href":"https:\/\/medandbeauty.com\/sk\/wp-json\/wp\/v2\/product_brand?post=396383"},{"taxonomy":"product_cat","embeddable":true,"href":"https:\/\/medandbeauty.com\/sk\/wp-json\/wp\/v2\/product_cat?post=396383"},{"taxonomy":"product_tag","embeddable":true,"href":"https:\/\/medandbeauty.com\/sk\/wp-json\/wp\/v2\/product_tag?post=396383"}],"curies":[{"name":"wp","href":"https:\/\/api.w.org\/{rel}","templated":true}]}}