{"id":396488,"date":"2024-01-02T17:53:45","date_gmt":"2024-01-02T17:53:45","guid":{"rendered":"https:\/\/medandbeauty.com\/product\/damske-lekarske-nohavice-jogger-premium-black\/"},"modified":"2025-12-23T12:06:07","modified_gmt":"2025-12-23T11:06:07","slug":"damske-lekarske-nohavice-jogger-premium-black","status":"publish","type":"product","link":"https:\/\/medandbeauty.com\/sk\/product\/damske-lekarske-nohavice-jogger-premium-black\/","title":{"rendered":"D\u00e1mske lek\u00e1rske nohavice jogger premium BLACK"},"content":{"rendered":"<p>&nbsp;<\/p>\n<h2>\u010cierne lek\u00e1rske nohavice &#8211; pr\u00e9miov\u00e9 materi\u00e1ly<\/h2>\n<p>H\u013ead\u00e1te najpohodlnej\u0161ie <strong>d\u00e1mske zdravotn\u00e9 be\u017eeck\u00e9 nohavice \u010diernej farby<\/strong>, ktor\u00e9 nebudete chcie\u0165 vyzliec\u0165?<\/p>\n<p>Na z\u00e1klade po\u017eiadaviek na\u0161ich z\u00e1kazn\u00ed\u010dok s\u00fa teraz na\u0161e najpred\u00e1vanej\u0161ie <strong>\u0161atky<\/strong> k dispoz\u00edcii aj v pr\u00e9miovej kolekcii!<\/p>\n<p>Ak pri zdravotn\u00edckom oble\u010den\u00ed h\u013ead\u00e1te pohodlie pri nosen\u00ed a pr\u00e9miov\u00fa kvalitu materi\u00e1lov, na\u0161e <strong>pr\u00e9miov\u00e9<\/strong> <strong>\u010dierne<\/strong> <strong>zdravotn\u00edcke tepl\u00e1ky<\/strong> v\u00e1s ur\u010dite oslovia!<\/p>\n<p><strong>\u010cierne lek\u00e1rske nohavice joggers z <a href=\"https:\/\/medandbeauty.com\/sk\/shop\/pre-nu\/kolekcia-premium\/\" target=\"_blank\" rel=\"noopener\">pr\u00e9miovej kolekcie<\/a><\/strong> s\u00fa u\u0161it\u00e9 <strong>z<\/strong> m\u00e4kkej a priedu\u0161nej tkaniny, tak\u017ee neobmedzuj\u00fa v pohybe a poskytuj\u00fa pln\u00fd komfort pri nosen\u00ed. <strong>V\u010faka 80 % vysokokvalitnej bavlny so zmesou lycry a nylonu tkanina dokonale padne<\/strong> ka\u017ed\u00e9mu typu \u017eenskej postavy a z\u00e1rove\u0148 je odoln\u00e1 a priedu\u0161n\u00e1.<\/p>\n<p>Mierne zv\u00fd\u0161en\u00fd p\u00e1s so \u0161irok\u00fdm elastick\u00fdm p\u00e1som znamen\u00e1, \u017ee \u010dierne lek\u00e1rske nohavice neobmedzuj\u00fa v pohybe, a preto s\u00fa ve\u013emi pohodln\u00e9 aj pri dlhom nosen\u00ed.<\/p>\n<p>Klasick\u00e1 \u010dierna farba lek\u00e1rskych be\u017eeck\u00fdch nohav\u00edc sa hod\u00ed ku ka\u017ed\u00e9mu oble\u010deniu a v\u010faka \u0161iestim praktick\u00fdm a priestrann\u00fdm vreck\u00e1m budete ma\u0165 v\u0161etky drobn\u00e9 n\u00e1stroje a pr\u00edslu\u0161enstvo potrebn\u00e9 na pr\u00e1cu v\u017edy po ruke.<\/p>\n<p><strong>D\u00e1mske lek\u00e1rske tepl\u00e1ky Scrubs Premium v \u010diernej farbe maj\u00fa v spodnej \u010dasti nohav\u00edc rebrovan\u00e9 man\u017eety<\/strong>, ktor\u00e9 zabezpe\u010duj\u00fa, aby sa nohavice po\u010das pou\u017e\u00edvania nevyhrnuli.<\/p>\n<h2>D\u00e1mske lek\u00e1rske nohavice \u010dierne<\/h2>\n<p>Vytvorte si vysn\u00edvan\u00fa sadu lek\u00e1rskeho oble\u010denia zladen\u00edm \u010diernych d\u00e1mskych lek\u00e1rskych nohav\u00edc jogger s <a href=\"https:\/\/medandbeauty.com\/produkt\/bluzka-medyczna-damska-scrubs-premium-czarna\/\" target=\"_blank\" rel=\"noopener\">lek\u00e1rskou bl\u00fazkou<\/a> z rovnak\u00e9ho materi\u00e1lu.<\/p>\n<p>Vo\u013ene kombinujte odtiene a vytv\u00e1rajte jedine\u010dn\u00e9 \u0161t\u00fdly alebo sa rozhodnite pre jednofarebn\u00fd, klasick\u00fd \u010dierny vzh\u013ead. \u010co charakterizuje na\u0161e lek\u00e1rske \u010dierne nohavice? <\/p>\n<ul>\n<li>\u0160es\u0165 praktick\u00fdch a priestrann\u00fdch vreciek &#8211; dve predn\u00e9 vreck\u00e1, dve zadn\u00e9 vreck\u00e1 a dve n\u00e1kladn\u00e9 vreck\u00e1 s \u010fal\u0161ou priehradkou na pero,<\/li>\n<li>Mierne zv\u00fd\u0161en\u00fd p\u00e1s s elastick\u00fdm p\u00e1som,<\/li>\n<li>rebr\u00e1 v spodnej \u010dasti n\u00f4h.<\/li>\n<li>m\u00e4kk\u00e1 a pohodln\u00e1 tkanina na nosenie.<\/li>\n<\/ul>\n<p><strong>\u010eal\u0161ie inform\u00e1cie:<\/strong> Modelky na fotografi\u00e1ch maj\u00fa oble\u010den\u00e9 d\u00e1mske lek\u00e1rske nohavice \u010diernej farby vo ve\u013ekosti S a s\u00fa vysok\u00e9 170-174 cm.<\/p>\n<h2>D\u00e1mske zdravotn\u00e9 be\u017eeck\u00e9 nohavice \u010dierne &#8211; ve\u013ekosti<\/h2>\n<p>Ak si neviete vybra\u0165 ve\u013ekos\u0165, pozrite si tabu\u013eku ve\u013ekost\u00ed. Ak ste st\u00e1le na pochyb\u00e1ch &#8211; po\u0161lite n\u00e1m svoje miery a my <strong>v\u00e1m prisp\u00f4sob\u00edme ve\u013ekos\u0165 \u010diernych d\u00e1mskych lek\u00e1rskych nohav\u00edc presne na mieru.<\/strong> <\/p>\n<p>Farby odevov v <a href=\"https:\/\/medandbeauty.com\/sk\/shop\/pre-nu\/kolekcia-premium\/\" target=\"_blank\" rel=\"noopener\">kolekcii Premium<\/a> sa nezhoduj\u00fa s farbami odevov v <a href=\"https:\/\/medandbeauty.com\/sk\/shop\/pre-nu\/zakladna-kolekcia\/\" target=\"_blank\" rel=\"noopener\">kolekcii Basic<\/a> &#8211; s\u00fa vyroben\u00e9 z in\u00fdch materi\u00e1lov.<\/p>\n<p>Obchod so zdravotn\u00edckym oble\u010den\u00edm Med&amp;Beauty pon\u00faka:<\/p>\n<ul>\n<li><a href=\"https:\/\/medandbeauty.com\/sk\/shop\/pre-nu\/\" target=\"_new\" rel=\"noopener\">d\u00e1mske zdravotn\u00edcke oble\u010denie<\/a>,<\/li>\n<li><a href=\"https:\/\/medandbeauty.com\/sk\/rodzaj-ubrania\/lekarske-nohavice\/\" target=\"_new\" rel=\"noopener\">lek\u00e1rske nohavice<\/a>,<\/li>\n<li><a href=\"https:\/\/medandbeauty.com\/sk\/shop\/pre-nu\/zakladna-kolekcia\/lekarske-nohavice\/\" target=\"_new\" rel=\"noopener\">d\u00e1mske lek\u00e1rske nohavice<\/a>,<\/li>\n<li><a href=\"https:\/\/medandbeauty.com\/sk\/shop\/pre-nu\/kolekcia-premium\/lekarske-nohavice-sk-2\/\" target=\"_new\" rel=\"noopener\">d\u00e1mske lek\u00e1rske bavlnen\u00e9 nohavice<\/a>.<\/li>\n<\/ul>\n<p>Odtiene jednotliv\u00fdch odevov na obr\u00e1zkoch sa m\u00f4\u017eu l\u00ed\u0161i\u0165 od skuto\u010dn\u00fdch &#8211; je to sp\u00f4soben\u00e9 r\u00f4znorodos\u0165ou dostupn\u00fdch elektronick\u00fdch zariaden\u00ed a ich individu\u00e1lnym nastaven\u00edm.<\/p>\n","protected":false},"excerpt":{"rendered":"<p>&nbsp; \u010cierne lek\u00e1rske nohavice &#8211; pr\u00e9miov\u00e9 materi\u00e1ly H\u013ead\u00e1te najpohodlnej\u0161ie d\u00e1mske zdravotn\u00e9 be\u017eeck\u00e9 nohavice \u010diernej farby, ktor\u00e9 nebudete chcie\u0165 vyzliec\u0165? Na z\u00e1klade po\u017eiadaviek na\u0161ich z\u00e1kazn\u00ed\u010dok s\u00fa teraz na\u0161e najpred\u00e1vanej\u0161ie \u0161atky k dispoz\u00edcii aj v pr\u00e9miovej kolekcii! Ak pri zdravotn\u00edckom oble\u010den\u00ed h\u013ead\u00e1te pohodlie pri nosen\u00ed a pr\u00e9miov\u00fa kvalitu materi\u00e1lov, na\u0161e pr\u00e9miov\u00e9 \u010dierne zdravotn\u00edcke tepl\u00e1ky v\u00e1s ur\u010dite oslovia! [&hellip;]<\/p>\n","protected":false},"featured_media":396525,"comment_status":"open","ping_status":"closed","template":"","meta":{"_acf_changed":false,"inline_featured_image":false},"kolor":[1168],"rodzaj-ubrania":[1082,1095],"ubranie":[1448],"product_brand":[],"product_cat":[1175,1371,1242,1058],"product_tag":[],"class_list":{"0":"post-396488","1":"product","2":"type-product","3":"status-publish","4":"has-post-thumbnail","6":"kolor-czernie-sk","7":"rodzaj-ubrania-kroviny","8":"rodzaj-ubrania-lekarske-nohavice","9":"ubranie-damske-lekarske-nohavice-jogger-scrubs-premium","10":"product_cat-kolekcia-premium","11":"product_cat-kroviny-sk-2","12":"product_cat-lekarske-nohavice-sk-2","13":"product_cat-pre-nu","15":"first","16":"instock","17":"taxable","18":"shipping-taxable","19":"purchasable","20":"product-type-variable"},"acf":[],"_links":{"self":[{"href":"https:\/\/medandbeauty.com\/sk\/wp-json\/wp\/v2\/product\/396488","targetHints":{"allow":["GET"]}}],"collection":[{"href":"https:\/\/medandbeauty.com\/sk\/wp-json\/wp\/v2\/product"}],"about":[{"href":"https:\/\/medandbeauty.com\/sk\/wp-json\/wp\/v2\/types\/product"}],"replies":[{"embeddable":true,"href":"https:\/\/medandbeauty.com\/sk\/wp-json\/wp\/v2\/comments?post=396488"}],"wp:featuredmedia":[{"embeddable":true,"href":"https:\/\/medandbeauty.com\/sk\/wp-json\/wp\/v2\/media\/396525"}],"wp:attachment":[{"href":"https:\/\/medandbeauty.com\/sk\/wp-json\/wp\/v2\/media?parent=396488"}],"wp:term":[{"taxonomy":"kolor","embeddable":true,"href":"https:\/\/medandbeauty.com\/sk\/wp-json\/wp\/v2\/kolor?post=396488"},{"taxonomy":"rodzaj-ubrania","embeddable":true,"href":"https:\/\/medandbeauty.com\/sk\/wp-json\/wp\/v2\/rodzaj-ubrania?post=396488"},{"taxonomy":"ubranie","embeddable":true,"href":"https:\/\/medandbeauty.com\/sk\/wp-json\/wp\/v2\/ubranie?post=396488"},{"taxonomy":"product_brand","embeddable":true,"href":"https:\/\/medandbeauty.com\/sk\/wp-json\/wp\/v2\/product_brand?post=396488"},{"taxonomy":"product_cat","embeddable":true,"href":"https:\/\/medandbeauty.com\/sk\/wp-json\/wp\/v2\/product_cat?post=396488"},{"taxonomy":"product_tag","embeddable":true,"href":"https:\/\/medandbeauty.com\/sk\/wp-json\/wp\/v2\/product_tag?post=396488"}],"curies":[{"name":"wp","href":"https:\/\/api.w.org\/{rel}","templated":true}]}}