{"id":396495,"date":"2024-01-02T16:19:31","date_gmt":"2024-01-02T16:19:31","guid":{"rendered":"https:\/\/medandbeauty.com\/product\/damska-lekarska-bluzka-scrubs-premium-light-beige\/"},"modified":"2025-12-23T12:05:15","modified_gmt":"2025-12-23T11:05:15","slug":"damska-lekarska-bluzka-scrubs-premium-light-beige","status":"publish","type":"product","link":"https:\/\/medandbeauty.com\/sk\/product\/damska-lekarska-bluzka-scrubs-premium-light-beige\/","title":{"rendered":"D\u00e1mska lek\u00e1rska bl\u00fazka scrubs premium light beige"},"content":{"rendered":"<p style=\"font-weight: 400;\"><strong>Klasick\u00e9 \u010distiace prostriedky,<\/strong> ktor\u00e9 si ob\u013e\u00fabili tis\u00edce na\u0161ich z\u00e1kazn\u00edkov, s\u00fa teraz k dispoz\u00edcii v pr\u00e9miovej verzii!<\/p>\n<p style=\"font-weight: 400;\">Ak tr\u00e1vite v pr\u00e1ci dlh\u00e9 hodiny, potrebujete<strong> zdravotn\u00edcky odev, <\/strong>ktor\u00fd poskytuje maxim\u00e1lne pohodlie. <strong>D\u00e1mska lek\u00e1rska bl\u00fazka Scrubs Premium<\/strong> vo<strong> svetlej b\u00e9\u017eovej <\/strong>farbe bola u\u0161it\u00e1 z 80 % prvotriednej bavlny s jemn\u00fdm pr\u00edmesou lycry a nylonu.<\/p>\n<p style=\"font-weight: 400;\">V\u010faka tejto kombin\u00e1cii vl\u00e1kien v materi\u00e1li je tkanina m\u00e4kk\u00e1, odoln\u00e1, prisp\u00f4sob\u00ed sa ka\u017ed\u00e9mu tvaru tela, neobmedzuje pohyb a, \u010do je pre <strong>zdravotn\u00edcke odevy<\/strong> mimoriadne d\u00f4le\u017eit\u00e9, je priedu\u0161n\u00e1.<\/p>\n<p style=\"font-weight: 400;\"><strong>Svetlo b\u00e9\u017eov\u00e1 d\u00e1mska bl\u00fazka Medical Scrubs Premium<\/strong> je ide\u00e1lnym z\u00e1kladom pre v\u0161estrann\u00fd a pohodln\u00fd \u0161atn\u00edk <strong>zdravotn\u00edckeho oble\u010denia<\/strong>.<\/p>\n<p style=\"font-weight: 400;\">Je vybaven\u00e1 dvoma praktick\u00fdmi a priestrann\u00fdmi vreckami, ktor\u00e9 v\u00e1m umo\u017enia vzia\u0165 si so sebou v\u0161etko drobn\u00e9 pr\u00edslu\u0161enstvo a n\u00e1radie, ktor\u00e9 pri pr\u00e1ci potrebujete.<\/p>\n<p style=\"font-weight: 400;\">Klasick\u00fd v\u00e9\u010dkov\u00fd v\u00fdstrih opticky predl\u017euje postavu, \u00fazky strih zv\u00fdraz\u0148uje v\u0161etky prednosti ka\u017edej \u017eenskej postavy a d\u013a\u017eka ruk\u00e1vov (ktor\u00e9 siahaj\u00fa takmer po lake\u0165) poskytuje ochranu ramien a z\u00e1rove\u0148 neobmedzuje v pohybe.<\/p>\n<p style=\"font-weight: 400;\">Kombinujte <strong>d\u00e1mske lek\u00e1rske odevy pr\u00e9miovej bl\u00fazky v svetlo b\u00e9\u017eovej farbe<\/strong> s <a href=\"https:\/\/medandbeauty.com\/produkt\/spodnie-medyczne-damskie-joggery-scrubs-premium-jasny-bez\/\" target=\"_blank\" rel=\"noopener\"><strong>lek\u00e1rskymi be\u017eeck\u00fdmi nohavicami<\/strong><\/a>, <a href=\"https:\/\/medandbeauty.com\/produkt\/spodnie-medyczne-damskie-przylegajace-premium-jasny-bez\/\" target=\"_blank\" rel=\"noopener\"><strong>lek\u00e1rskymi nohavicami<\/strong><\/a> alebo klasick\u00fdmi <a href=\"https:\/\/medandbeauty.com\/produkt\/spodnie-medyczne-damskie-proste-scrubs-premium-jasny-bez\/\" target=\"_blank\" rel=\"noopener\"><strong>rovn\u00fdmi lek\u00e1rskymi nohavicami<\/strong><\/a> v rovnakom odtieni alebo si vyberte ak\u00fako\u013evek in\u00fa farbu z mnoh\u00fdch farieb dostupn\u00fdch v kolekcii <a href=\"https:\/\/medandbeauty.com\/sk\/shop\/pre-nu\/kolekcia-premium\/\" target=\"_blank\" rel=\"noopener\"><strong>Med &amp; Beauty Premium<\/strong><\/a>.<\/p>\n<p style=\"font-weight: 400;\">Doprajte si maxim\u00e1lne pohodlie a profesion\u00e1lny vzh\u013ead pri pr\u00e1ci s<a href=\"https:\/\/medandbeauty.com\/sk\/shop\/pre-nu\/kolekcia-premium\/\" target=\"_blank\" rel=\"noopener\"><strong> lek\u00e1rske odevy<\/strong> <strong>Med &amp; Beauty Premium<\/strong><\/a>.<\/p>\n<ul>\n<li style=\"font-weight: 400;\">Dve priestrann\u00e9 predn\u00e9 vreck\u00e1<\/li>\n<li style=\"font-weight: 400;\"><span style=\"font-family: inherit;\">M\u00e4kk\u00e1 a priedu\u0161n\u00e1 tkanina<\/span><\/li>\n<li style=\"font-weight: 400;\"><span style=\"font-family: inherit;\">\u00dazky strih, nad\u010dasov\u00fd strih<\/span><\/li>\n<li style=\"font-weight: 400;\"><span style=\"font-family: inherit;\">Mo\u017eno personalizova\u0165 v\u00fd\u0161ivkou<\/span><\/li>\n<\/ul>\n<p style=\"font-weight: 400;\"><strong>\u010eal\u0161ie inform\u00e1cie:<\/strong><br \/>\nModelky na fotografi\u00e1ch maj\u00fa na sebe ve\u013ekos\u0165 S a s\u00fa vysok\u00e9 170-174 cm.<\/p>\n<p style=\"font-weight: 400;\">Ak si neviete vybra\u0165 ve\u013ekos\u0165, pozrite si tabu\u013eku ve\u013ekost\u00ed. Ak m\u00e1te \u010fal\u0161ie pochybnosti &#8211; po\u0161lite n\u00e1m svoje miery a my v\u00e1m ju prisp\u00f4sob\u00edme. <\/p>\n<p style=\"font-weight: 400;\">Farby odevov v kolekcii Premium sa nezhoduj\u00fa s farbami odevov v<a href=\"https:\/\/medandbeauty.com\/sk\/shop\/pre-nu\/zakladna-kolekcia\/\" target=\"_blank\" rel=\"noopener\"> kolekcii Basic<\/a> &#8211; s\u00fa vyroben\u00e9 z in\u00fdch materi\u00e1lov.<\/p>\n<p style=\"font-weight: 400;\">Odtiene jednotliv\u00fdch odevov na obr\u00e1zkoch sa m\u00f4\u017eu l\u00ed\u0161i\u0165 od skuto\u010dn\u00fdch &#8211; je to sp\u00f4soben\u00e9 r\u00f4znorodos\u0165ou dostupn\u00fdch elektronick\u00fdch zariaden\u00ed a ich individu\u00e1lnym nastaven\u00edm.<\/p>\n","protected":false},"excerpt":{"rendered":"<p>Klasick\u00e9 \u010distiace prostriedky, ktor\u00e9 si ob\u013e\u00fabili tis\u00edce na\u0161ich z\u00e1kazn\u00edkov, s\u00fa teraz k dispoz\u00edcii v pr\u00e9miovej verzii! Ak tr\u00e1vite v pr\u00e1ci dlh\u00e9 hodiny, potrebujete zdravotn\u00edcky odev, ktor\u00fd poskytuje maxim\u00e1lne pohodlie. D\u00e1mska lek\u00e1rska bl\u00fazka Scrubs Premium vo svetlej b\u00e9\u017eovej farbe bola u\u0161it\u00e1 z 80 % prvotriednej bavlny s jemn\u00fdm pr\u00edmesou lycry a nylonu. V\u010faka tejto kombin\u00e1cii vl\u00e1kien [&hellip;]<\/p>\n","protected":false},"featured_media":396556,"comment_status":"open","ping_status":"closed","template":"","meta":{"_acf_changed":false,"inline_featured_image":false},"kolor":[1057],"rodzaj-ubrania":[1082,1083],"ubranie":[1453],"product_brand":[],"product_cat":[1175,1371,1452,1058],"product_tag":[],"class_list":{"0":"post-396495","1":"product","2":"type-product","3":"status-publish","4":"has-post-thumbnail","6":"kolor-beiges-sk","7":"rodzaj-ubrania-kroviny","8":"rodzaj-ubrania-lekarske-bluzky","9":"ubranie-damske-lekarske-bluzky-scrubs-premium","10":"product_cat-kolekcia-premium","11":"product_cat-kroviny-sk-2","12":"product_cat-lekarske-bluzky-sk-4","13":"product_cat-pre-nu","15":"first","16":"instock","17":"taxable","18":"shipping-taxable","19":"purchasable","20":"product-type-variable"},"acf":[],"_links":{"self":[{"href":"https:\/\/medandbeauty.com\/sk\/wp-json\/wp\/v2\/product\/396495","targetHints":{"allow":["GET"]}}],"collection":[{"href":"https:\/\/medandbeauty.com\/sk\/wp-json\/wp\/v2\/product"}],"about":[{"href":"https:\/\/medandbeauty.com\/sk\/wp-json\/wp\/v2\/types\/product"}],"replies":[{"embeddable":true,"href":"https:\/\/medandbeauty.com\/sk\/wp-json\/wp\/v2\/comments?post=396495"}],"wp:featuredmedia":[{"embeddable":true,"href":"https:\/\/medandbeauty.com\/sk\/wp-json\/wp\/v2\/media\/396556"}],"wp:attachment":[{"href":"https:\/\/medandbeauty.com\/sk\/wp-json\/wp\/v2\/media?parent=396495"}],"wp:term":[{"taxonomy":"kolor","embeddable":true,"href":"https:\/\/medandbeauty.com\/sk\/wp-json\/wp\/v2\/kolor?post=396495"},{"taxonomy":"rodzaj-ubrania","embeddable":true,"href":"https:\/\/medandbeauty.com\/sk\/wp-json\/wp\/v2\/rodzaj-ubrania?post=396495"},{"taxonomy":"ubranie","embeddable":true,"href":"https:\/\/medandbeauty.com\/sk\/wp-json\/wp\/v2\/ubranie?post=396495"},{"taxonomy":"product_brand","embeddable":true,"href":"https:\/\/medandbeauty.com\/sk\/wp-json\/wp\/v2\/product_brand?post=396495"},{"taxonomy":"product_cat","embeddable":true,"href":"https:\/\/medandbeauty.com\/sk\/wp-json\/wp\/v2\/product_cat?post=396495"},{"taxonomy":"product_tag","embeddable":true,"href":"https:\/\/medandbeauty.com\/sk\/wp-json\/wp\/v2\/product_tag?post=396495"}],"curies":[{"name":"wp","href":"https:\/\/api.w.org\/{rel}","templated":true}]}}