{"id":396531,"date":"2024-01-02T15:52:50","date_gmt":"2024-01-02T15:52:50","guid":{"rendered":"https:\/\/medandbeauty.com\/product\/damska-lekarska-bluzka-scrubs-premium-black\/"},"modified":"2025-12-23T12:05:14","modified_gmt":"2025-12-23T11:05:14","slug":"damska-lekarska-bluzka-scrubs-premium-black","status":"publish","type":"product","link":"https:\/\/medandbeauty.com\/sk\/product\/damska-lekarska-bluzka-scrubs-premium-black\/","title":{"rendered":"D\u00e1mska lek\u00e1rska bl\u00fazka scrubs premium BLACK"},"content":{"rendered":"<p>&nbsp;<\/p>\n<h2>Zdravotn\u00edcka mikina \u010dierna &#8211; pracovn\u00fd odev<\/h2>\n<p>Klasick\u00e9 <strong>\u0161atky,<\/strong> <strong>ktor\u00e9 si z\u00edskavaj\u00fa srdcia na\u0161ich z\u00e1kazn\u00ed\u010dok<\/strong>, s\u00fa teraz k dispoz\u00edcii v pr\u00e9miovej verzii!<\/p>\n<p>Dlh\u00e9 pracovn\u00e9 hodiny si vy\u017eaduj\u00fa zdravotn\u00edcke odevy, ktor\u00e9 poskytuj\u00fa \u010do najv\u00e4\u010d\u0161ie pohodlie. Pr\u00e9miov\u00e1 d\u00e1mska lek\u00e1rska bl\u00fazka Scrubs v \u010diernej farbe je vyroben\u00e1 z 80 % z kvalitnej bavlny s jemn\u00fdm pr\u00edmesou lycry a nylonu. <\/p>\n<p>V\u010faka tejto kombin\u00e1cii vl\u00e1kien v tkanine je <strong>lek\u00e1rska \u010dierna mikina<\/strong> <strong>odoln\u00e1, m\u00e4kk\u00e1, perfektne padne,<\/strong> neobmedzuje a hlavne je priedu\u0161n\u00e1.<\/p>\n<p><strong>\u010cierna d\u00e1mska lek\u00e1rska bl\u00fazka Scrubs Premium<\/strong> predstavuje vynikaj\u00faci z\u00e1klad pre pohodln\u00fd a v\u0161estrann\u00fd lek\u00e1rsky uniformn\u00fd \u0161atn\u00edk.<\/p>\n<p>Dve priestrann\u00e9 a praktick\u00e9 vreck\u00e1 na prednej strane \u010diernej lek\u00e1rskej mikiny v\u00e1m umo\u017enia ma\u0165 pri pr\u00e1ci v\u0161etky potrebn\u00e9 veci po ruke.<\/p>\n<p>Tradi\u010dn\u00fd v\u00e9\u010dkov\u00fd v\u00fdstrih d\u00e1mskej \u010diernej lek\u00e1rskej mikiny opticky predl\u017euje siluetu, priliehav\u00fd strih zd\u00f4raz\u0148uje v\u0161etky prednosti \u017eenskej postavy a d\u013a\u017eka ruk\u00e1vov (siahaj\u00faca takmer po lake\u0165) poskytuje ochranu ramien a z\u00e1rove\u0148 neobmedzuje vo\u013enos\u0165 pohybu.<\/p>\n<h2>\u010cierna lek\u00e1rska mikina &#8211; m\u00f3dna a pohodln\u00e1<\/h2>\n<p>Kombinujte \u010diernu d\u00e1msku lek\u00e1rsku bl\u00fazku Premium s <a href=\"https:\/\/medandbeauty.com\/produkt\/spodnie-medyczne-damskie-joggery-scrubs-premium-czarne\/\" target=\"_blank\" rel=\"noopener\"><strong>lek\u00e1rskymi be\u017eeck\u00fdmi nohavicami<\/strong><\/a>, <a href=\"https:\/\/medandbeauty.com\/produkt\/spodnie-medyczne-damskie-przylegajace-premium-czarne\/\" target=\"_blank\" rel=\"noopener\"><strong>lek\u00e1rskymi nohavicami<\/strong> <\/a>alebo klasick\u00fdmi <a href=\"https:\/\/medandbeauty.com\/produkt\/spodnie-medyczne-damskie-proste-scrubs-premium-czarne\/\" target=\"_blank\" rel=\"noopener\"><strong>rovn\u00fdmi lek\u00e1rskymi nohavicami<\/strong> <\/a>v rovnakej farbe alebo si vyberte in\u00fd odtie\u0148 z mnoh\u00fdch dostupn\u00fdch v na\u0161ej ponuke.<\/p>\n<p><strong>Dosiahnite \u00fapln\u00e9 pohodlie a profesion\u00e1lny vzh\u013ead na pracovisku so zdravotn\u00edckymi pl\u00e1\u0161\u0165ami z<\/strong> radu <a href=\"https:\/\/medandbeauty.com\/sk\/shop\/pre-nu\/kolekcia-premium\/\" target=\"_blank\" rel=\"noopener\"><strong>Med &amp; Beauty Premium<\/strong><\/a>. D\u00e1mska lek\u00e1rska mikina \u010diernej farby sa vyzna\u010duje:<\/p>\n<ul>\n<li>dve priestrann\u00e9 predn\u00e9 vreck\u00e1,<\/li>\n<li>m\u00e4kk\u00e1 a priedu\u0161n\u00e1 tkanina,<\/li>\n<li>so \u0161t\u00edhlym, nad\u010dasov\u00fdm strihom,<\/li>\n<li>je mo\u017en\u00e1 personaliz\u00e1cia vo forme v\u00fd\u0161ivky.<\/li>\n<\/ul>\n<p><strong>\u010eal\u0161ie inform\u00e1cie:<\/strong> Modelky na fotografi\u00e1ch maj\u00fa na sebe \u010diernu d\u00e1msku lek\u00e1rsku mikinu ve\u013ekosti S a s\u00fa vysok\u00e9 170-174 cm.<\/p>\n<p>Ak si neviete vybra\u0165 ve\u013ekos\u0165, pozrite si tabu\u013eku ve\u013ekost\u00ed. Ak st\u00e1le pochybujete &#8211; po\u0161lite n\u00e1m svoje miery a my v\u00e1m u\u0161ijeme \u010diernu lek\u00e1rsku mikinu presne na mieru. <\/p>\n<h2>Lek\u00e1rska bl\u00fazka \u010dierna pre \u017eeny<\/h2>\n<p>Farby odevov v <a href=\"https:\/\/medandbeauty.com\/sk\/shop\/pre-nu\/kolekcia-premium\/\" target=\"_blank\" rel=\"noopener\">kolekcii Premium<\/a> sa nezhoduj\u00fa s farbami odevov v <a href=\"https:\/\/medandbeauty.com\/sk\/shop\/pre-nu\/zakladna-kolekcia\/\" target=\"_blank\" rel=\"noopener\">kolekcii Basic<\/a> &#8211; s\u00fa vyroben\u00e9 z in\u00fdch materi\u00e1lov.<\/p>\n<p><a href=\"https:\/\/medandbeauty.com\/sk\/\">Obchod so zdravotn\u00edckym oble\u010den\u00edm<\/a> Med&amp;Beauty odpor\u00fa\u010da:<\/p>\n<ul>\n<li><a href=\"https:\/\/medandbeauty.com\/sk\/shop\/pre-nu\/\" target=\"_new\" rel=\"noopener\">d\u00e1mske zdravotn\u00edcke oble\u010denie<\/a>,<\/li>\n<li><a href=\"https:\/\/medandbeauty.com\/sk\/rodzaj-ubrania\/lekarske-bluzky\/\" target=\"_new\" rel=\"noopener\">lek\u00e1rske bl\u00fazky<\/a>,<\/li>\n<li><a href=\"https:\/\/medandbeauty.com\/sk\/shop\/pre-nu\/zakladna-kolekcia\/lekarske-bluzky\/\" target=\"_new\" rel=\"noopener\">d\u00e1mske lek\u00e1rske bl\u00fazky<\/a>,<\/li>\n<li><a href=\"https:\/\/medandbeauty.com\/sk\/shop\/pre-nu\/kolekcia-premium\/lekarske-bluzky-sk-4\/\" target=\"_new\" rel=\"noopener\">d\u00e1mske lek\u00e1rske bavlnen\u00e9 bl\u00fazky.<\/a><\/li>\n<\/ul>\n<p>Odpor\u00fa\u010dame v\u00e1m zad\u00e1va\u0165 objedn\u00e1vky.<\/p>\n<p>Odtiene jednotliv\u00fdch odevov na obr\u00e1zkoch sa m\u00f4\u017eu l\u00ed\u0161i\u0165 od skuto\u010dn\u00fdch &#8211; je to sp\u00f4soben\u00e9 r\u00f4znorodos\u0165ou dostupn\u00fdch elektronick\u00fdch zariaden\u00ed a ich individu\u00e1lnym nastaven\u00edm.<\/p>\n","protected":false},"excerpt":{"rendered":"<p>&nbsp; Zdravotn\u00edcka mikina \u010dierna &#8211; pracovn\u00fd odev Klasick\u00e9 \u0161atky, ktor\u00e9 si z\u00edskavaj\u00fa srdcia na\u0161ich z\u00e1kazn\u00ed\u010dok, s\u00fa teraz k dispoz\u00edcii v pr\u00e9miovej verzii! Dlh\u00e9 pracovn\u00e9 hodiny si vy\u017eaduj\u00fa zdravotn\u00edcke odevy, ktor\u00e9 poskytuj\u00fa \u010do najv\u00e4\u010d\u0161ie pohodlie. Pr\u00e9miov\u00e1 d\u00e1mska lek\u00e1rska bl\u00fazka Scrubs v \u010diernej farbe je vyroben\u00e1 z 80 % z kvalitnej bavlny s jemn\u00fdm pr\u00edmesou lycry a [&hellip;]<\/p>\n","protected":false},"featured_media":396610,"comment_status":"open","ping_status":"closed","template":"","meta":{"_acf_changed":false,"inline_featured_image":false},"kolor":[1168],"rodzaj-ubrania":[1082,1083],"ubranie":[1453],"product_brand":[],"product_cat":[1175,1371,1452,1058],"product_tag":[],"class_list":{"0":"post-396531","1":"product","2":"type-product","3":"status-publish","4":"has-post-thumbnail","6":"kolor-czernie-sk","7":"rodzaj-ubrania-kroviny","8":"rodzaj-ubrania-lekarske-bluzky","9":"ubranie-damske-lekarske-bluzky-scrubs-premium","10":"product_cat-kolekcia-premium","11":"product_cat-kroviny-sk-2","12":"product_cat-lekarske-bluzky-sk-4","13":"product_cat-pre-nu","15":"first","16":"instock","17":"taxable","18":"shipping-taxable","19":"purchasable","20":"product-type-variable"},"acf":[],"_links":{"self":[{"href":"https:\/\/medandbeauty.com\/sk\/wp-json\/wp\/v2\/product\/396531","targetHints":{"allow":["GET"]}}],"collection":[{"href":"https:\/\/medandbeauty.com\/sk\/wp-json\/wp\/v2\/product"}],"about":[{"href":"https:\/\/medandbeauty.com\/sk\/wp-json\/wp\/v2\/types\/product"}],"replies":[{"embeddable":true,"href":"https:\/\/medandbeauty.com\/sk\/wp-json\/wp\/v2\/comments?post=396531"}],"wp:featuredmedia":[{"embeddable":true,"href":"https:\/\/medandbeauty.com\/sk\/wp-json\/wp\/v2\/media\/396610"}],"wp:attachment":[{"href":"https:\/\/medandbeauty.com\/sk\/wp-json\/wp\/v2\/media?parent=396531"}],"wp:term":[{"taxonomy":"kolor","embeddable":true,"href":"https:\/\/medandbeauty.com\/sk\/wp-json\/wp\/v2\/kolor?post=396531"},{"taxonomy":"rodzaj-ubrania","embeddable":true,"href":"https:\/\/medandbeauty.com\/sk\/wp-json\/wp\/v2\/rodzaj-ubrania?post=396531"},{"taxonomy":"ubranie","embeddable":true,"href":"https:\/\/medandbeauty.com\/sk\/wp-json\/wp\/v2\/ubranie?post=396531"},{"taxonomy":"product_brand","embeddable":true,"href":"https:\/\/medandbeauty.com\/sk\/wp-json\/wp\/v2\/product_brand?post=396531"},{"taxonomy":"product_cat","embeddable":true,"href":"https:\/\/medandbeauty.com\/sk\/wp-json\/wp\/v2\/product_cat?post=396531"},{"taxonomy":"product_tag","embeddable":true,"href":"https:\/\/medandbeauty.com\/sk\/wp-json\/wp\/v2\/product_tag?post=396531"}],"curies":[{"name":"wp","href":"https:\/\/api.w.org\/{rel}","templated":true}]}}