{"id":396536,"date":"2024-01-02T15:43:12","date_gmt":"2024-01-02T15:43:12","guid":{"rendered":"https:\/\/medandbeauty.com\/product\/damska-lekarska-bluzka-scrubs-premium-blue\/"},"modified":"2025-12-23T12:04:14","modified_gmt":"2025-12-23T11:04:14","slug":"damska-lekarska-bluzka-scrubs-premium-blue","status":"publish","type":"product","link":"https:\/\/medandbeauty.com\/sk\/product\/damska-lekarska-bluzka-scrubs-premium-blue\/","title":{"rendered":"D\u00e1mska lek\u00e1rska bl\u00fazka scrubs premium BLUE"},"content":{"rendered":"<p style=\"font-weight: 400;\"><strong>Klasick\u00e9 \u0161atky,<\/strong> ktor\u00e9 si z\u00edskali srdcia tis\u00edcov na\u0161ich z\u00e1kazn\u00edkov, teraz aj v <a href=\"https:\/\/medandbeauty.com\/sk\/shop\/pre-nu\/kolekcia-premium\/\" target=\"_blank\" rel=\"noopener\">pr\u00e9miovej kolekcii<\/a>!<\/p>\n<p style=\"font-weight: 400;\">Dlh\u00e9 hodiny v pr\u00e1ci si vy\u017eaduj\u00fa \u010do najpohodlnej\u0161ie <strong>zdravotn\u00edcke oble\u010denie<\/strong>. <strong>Modr\u00e1 d\u00e1mska lek\u00e1rska bl\u00fazka Scrubs Premium<\/strong> bola u\u0161it\u00e1 z 80 % prvotriednej bavlny a \u010falej obohaten\u00e1 o jemn\u00fa zmes lycry a nylonu.<\/p>\n<p style=\"font-weight: 400;\">V\u010faka tejto zmesi vl\u00e1kien v tkanine je materi\u00e1l m\u00e4kk\u00fd, odoln\u00fd, dokonale sa prisp\u00f4sob\u00ed postave, neobmedzuje pohyb a hlavne je priedu\u0161n\u00fd.<\/p>\n<p style=\"font-weight: 400;\"><strong>Modr\u00e1 d\u00e1mska lek\u00e1rska bl\u00fazka<a href=\"https:\/\/medandbeauty.com\/sk\/shop\/pre-nu\/kolekcia-premium\/\" target=\"_blank\" rel=\"noopener\">Scrubs Premium<\/a><\/strong> predstavuje dokonal\u00fd z\u00e1klad pre pohodln\u00fd a v\u0161estrann\u00fd lek\u00e1rsky uniformn\u00fd \u0161atn\u00edk.<\/p>\n<p style=\"font-weight: 400;\">Dve ve\u013ek\u00e9 praktick\u00e9 vreck\u00e1 na prednej strane v\u00e1m umo\u017enia ma\u0165 pri pr\u00e1ci v\u0161etky potrebn\u00e9 veci po ruke.<\/p>\n<p style=\"font-weight: 400;\">Klasick\u00fd v\u00e9\u010dkov\u00fd v\u00fdstrih opticky predl\u017euje siluetu, \u00fazky strih zv\u00fdraz\u0148uje v\u0161etky \u017eensk\u00e9 prednosti a d\u013a\u017eka ruk\u00e1vov (siahaj\u00faca takmer po lake\u0165) zaru\u010duje ochranu ramien bez toho, aby obmedzovala pohyb.<\/p>\n<p style=\"font-weight: 400;\"><strong>D\u00e1msku modr\u00fa lek\u00e1rsku bl\u00fazku Scrubs Premium<\/strong> skombinujte s <a href=\"https:\/\/medandbeauty.com\/sk\/product\/damske-lekarske-nohavice-jogger-premium-white\/\" target=\"_blank\" rel=\"noopener\"><strong>lek\u00e1rskymi be\u017eeck\u00fdmi nohavicami<\/strong><\/a>, <a href=\"https:\/\/medandbeauty.com\/sk\/product\/damske-lekarske-nohavice-premium-fit-white\/\" target=\"_blank\" rel=\"noopener\"><strong>lek\u00e1rskymi nohavicami<\/strong> <\/a>alebo klasick\u00fdmi <a href=\"https:\/\/medandbeauty.com\/sk\/product\/damske-lekarske-nohavice-proste-scrubs-premium-white\/\" target=\"_blank\" rel=\"noopener\"><strong>rovn\u00fdmi lek\u00e1rskymi nohavicami<\/strong> <\/a>v rovnakom odtieni alebo si vyberte in\u00fa farbu z mnoh\u00fdch farieb v na\u0161ej ponuke.<\/p>\n<p style=\"font-weight: 400;\">Zabezpe\u010dte si dokonal\u00e9 pohodlie a profesion\u00e1lny vzh\u013ead na pracovisku s l\u00edniou <strong>zdravotn\u00edckeho oble\u010denia<\/strong> <a href=\"https:\/\/medandbeauty.com\/sk\/shop\/pre-nu\/kolekcia-premium\/\" target=\"_blank\" rel=\"noopener\"><strong>Med &amp; Beauty Premium<\/strong><\/a>.<strong><br \/>\n<\/strong><\/p>\n<ul>\n<li style=\"font-weight: 400;\">Dve priestrann\u00e9 predn\u00e9 vreck\u00e1<\/li>\n<li style=\"font-weight: 400;\"><span style=\"font-family: inherit;\">M\u00e4kk\u00e1 a priedu\u0161n\u00e1 tkanina<\/span><\/li>\n<li style=\"font-weight: 400;\"><span style=\"font-family: inherit;\">\u00dazky strih, nad\u010dasov\u00fd strih<\/span><\/li>\n<li style=\"font-weight: 400;\"><span style=\"font-family: inherit;\">Mo\u017eno personalizova\u0165 v\u00fd\u0161ivkou<\/span><\/li>\n<\/ul>\n<p style=\"font-weight: 400;\"><strong>\u010eal\u0161ie inform\u00e1cie:<\/strong><br \/>\nModelky na fotografi\u00e1ch maj\u00fa na sebe ve\u013ekos\u0165 S a s\u00fa vysok\u00e9 170-174 cm.<\/p>\n<p style=\"font-weight: 400;\">Ak si neviete vybra\u0165 ve\u013ekos\u0165, pozrite si tabu\u013eku ve\u013ekost\u00ed. Ak m\u00e1te \u010fal\u0161ie pochybnosti &#8211; po\u0161lite n\u00e1m svoje miery a my v\u00e1m ju prisp\u00f4sob\u00edme. <\/p>\n<p style=\"font-weight: 400;\">Farby odevov v<a href=\"https:\/\/medandbeauty.com\/sk\/shop\/pre-nu\/kolekcia-premium\/\" target=\"_blank\" rel=\"noopener\"> kolekcii Premium<\/a> sa nezhoduj\u00fa s farbami odevov v <a href=\"https:\/\/medandbeauty.com\/sk\/shop\/pre-nu\/zakladna-kolekcia\/\" target=\"_blank\" rel=\"noopener\">kolekcii Basic<\/a> &#8211; s\u00fa vyroben\u00e9 z in\u00fdch materi\u00e1lov.<\/p>\n<p style=\"font-weight: 400;\">Odtiene jednotliv\u00fdch odevov na obr\u00e1zkoch sa m\u00f4\u017eu l\u00ed\u0161i\u0165 od skuto\u010dn\u00fdch &#8211; je to sp\u00f4soben\u00e9 r\u00f4znorodos\u0165ou dostupn\u00fdch elektronick\u00fdch zariaden\u00ed a ich individu\u00e1lnym nastaven\u00edm.<\/p>\n","protected":false},"excerpt":{"rendered":"<p>Klasick\u00e9 \u0161atky, ktor\u00e9 si z\u00edskali srdcia tis\u00edcov na\u0161ich z\u00e1kazn\u00edkov, teraz aj v pr\u00e9miovej kolekcii! Dlh\u00e9 hodiny v pr\u00e1ci si vy\u017eaduj\u00fa \u010do najpohodlnej\u0161ie zdravotn\u00edcke oble\u010denie. Modr\u00e1 d\u00e1mska lek\u00e1rska bl\u00fazka Scrubs Premium bola u\u0161it\u00e1 z 80 % prvotriednej bavlny a \u010falej obohaten\u00e1 o jemn\u00fa zmes lycry a nylonu. V\u010faka tejto zmesi vl\u00e1kien v tkanine je materi\u00e1l m\u00e4kk\u00fd, [&hellip;]<\/p>\n","protected":false},"featured_media":396619,"comment_status":"open","ping_status":"closed","template":"","meta":{"_acf_changed":false,"inline_featured_image":false},"kolor":[1136],"rodzaj-ubrania":[1082,1083],"ubranie":[1453],"product_brand":[],"product_cat":[1175,1371,1452,1058],"product_tag":[],"class_list":{"0":"post-396536","1":"product","2":"type-product","3":"status-publish","4":"has-post-thumbnail","6":"kolor-modra","7":"rodzaj-ubrania-kroviny","8":"rodzaj-ubrania-lekarske-bluzky","9":"ubranie-damske-lekarske-bluzky-scrubs-premium","10":"product_cat-kolekcia-premium","11":"product_cat-kroviny-sk-2","12":"product_cat-lekarske-bluzky-sk-4","13":"product_cat-pre-nu","15":"first","16":"instock","17":"taxable","18":"shipping-taxable","19":"purchasable","20":"product-type-variable"},"acf":[],"_links":{"self":[{"href":"https:\/\/medandbeauty.com\/sk\/wp-json\/wp\/v2\/product\/396536","targetHints":{"allow":["GET"]}}],"collection":[{"href":"https:\/\/medandbeauty.com\/sk\/wp-json\/wp\/v2\/product"}],"about":[{"href":"https:\/\/medandbeauty.com\/sk\/wp-json\/wp\/v2\/types\/product"}],"replies":[{"embeddable":true,"href":"https:\/\/medandbeauty.com\/sk\/wp-json\/wp\/v2\/comments?post=396536"}],"wp:featuredmedia":[{"embeddable":true,"href":"https:\/\/medandbeauty.com\/sk\/wp-json\/wp\/v2\/media\/396619"}],"wp:attachment":[{"href":"https:\/\/medandbeauty.com\/sk\/wp-json\/wp\/v2\/media?parent=396536"}],"wp:term":[{"taxonomy":"kolor","embeddable":true,"href":"https:\/\/medandbeauty.com\/sk\/wp-json\/wp\/v2\/kolor?post=396536"},{"taxonomy":"rodzaj-ubrania","embeddable":true,"href":"https:\/\/medandbeauty.com\/sk\/wp-json\/wp\/v2\/rodzaj-ubrania?post=396536"},{"taxonomy":"ubranie","embeddable":true,"href":"https:\/\/medandbeauty.com\/sk\/wp-json\/wp\/v2\/ubranie?post=396536"},{"taxonomy":"product_brand","embeddable":true,"href":"https:\/\/medandbeauty.com\/sk\/wp-json\/wp\/v2\/product_brand?post=396536"},{"taxonomy":"product_cat","embeddable":true,"href":"https:\/\/medandbeauty.com\/sk\/wp-json\/wp\/v2\/product_cat?post=396536"},{"taxonomy":"product_tag","embeddable":true,"href":"https:\/\/medandbeauty.com\/sk\/wp-json\/wp\/v2\/product_tag?post=396536"}],"curies":[{"name":"wp","href":"https:\/\/api.w.org\/{rel}","templated":true}]}}