{"id":396650,"date":"2024-01-02T15:41:44","date_gmt":"2024-01-02T15:41:44","guid":{"rendered":"https:\/\/medandbeauty.com\/product\/damska-lekarska-bluzka-scrubs-premium-white\/"},"modified":"2025-12-23T12:03:53","modified_gmt":"2025-12-23T11:03:53","slug":"damska-lekarska-bluzka-scrubs-premium-white","status":"publish","type":"product","link":"https:\/\/medandbeauty.com\/sk\/product\/damska-lekarska-bluzka-scrubs-premium-white\/","title":{"rendered":"D\u00e1mska lek\u00e1rska bl\u00fazka scrubs premium WHITE"},"content":{"rendered":"<h2>Lek\u00e1rska mikina biela scrubs premium<\/h2>\n<p>Klasick\u00e9 \u010distiace prostriedky, ktor\u00e9 si ob\u013e\u00fabili tis\u00edce na\u0161ich z\u00e1kazn\u00edkov, s\u00fa teraz k dispoz\u00edcii v pr\u00e9miovej verzii!<\/p>\n<p>Dlh\u00e9 a intenz\u00edvne hodiny v pr\u00e1ci si vy\u017eaduj\u00fa <strong>\u010do najpohodlnej\u0161ie zdravotn\u00edcke oble\u010denie<\/strong>. <strong>Biela d\u00e1mska lek\u00e1rska bl\u00fazka Scrubs Premium<\/strong> bola u\u0161it\u00e1 a\u017e z 80 % z bavlny s jemn\u00fdm pr\u00edmesou lycry a nylonu.<\/p>\n<p>V\u010faka tejto kombin\u00e1cii vl\u00e1kien v tkanine je biela lek\u00e1rska mikina m\u00e4kk\u00e1, odoln\u00e1, perfektne padne, neobmedzuje a hlavne je priedu\u0161n\u00e1.<\/p>\n<p><strong>Biela d\u00e1mska lek\u00e1rska bl\u00fazka Scrubs Premium<\/strong> je dokonal\u00fdm z\u00e1kladom pre najpohodlnej\u0161\u00ed a najv\u0161estrannej\u0161\u00ed lek\u00e1rsky \u0161atn\u00edk.<\/p>\n<p>V\u010faka dvom priestrann\u00fdm a praktick\u00fdm predn\u00fdm vreck\u00e1m si budete m\u00f4c\u0165 vzia\u0165 v\u0161etky veci, ktor\u00e9 chcete ma\u0165 v\u017edy po ruke.<\/p>\n<p>Biela d\u00e1mska lek\u00e1rska bl\u00fazka m\u00e1 klasick\u00fd v\u00e9\u010dkov\u00fd v\u00fdstrih, ktor\u00fd opticky predl\u017euje postavu, \u00fazky strih, ktor\u00fd zv\u00fdraz\u0148uje \u017eensk\u00fa postavu, a ruk\u00e1vy takmer po lakte, ktor\u00e9 chr\u00e1nia ramen\u00e1 pri pr\u00e1ci a neobmedzuj\u00fa vo\u013enos\u0165 pohybu.<\/p>\n<h2>Biela lek\u00e1rska mikina &#8211; pohodlie a kvalita<\/h2>\n<p>Zodpoved\u00e1 <strong>bielym d\u00e1mskym lek\u00e1rskym odevom pr\u00e9miovej bl\u00fazke<\/strong> <a href=\"https:\/\/medandbeauty.com\/produkt\/spodnie-medyczne-damskie-joggery-scrubs-premium-biale\/\" target=\"_blank\" rel=\"noopener\"><strong>lek\u00e1rske d\u017eogery<\/strong><\/a>, <a href=\"https:\/\/medandbeauty.com\/produkt\/spodnie-medyczne-damskie-proste-scrubs-premium-biale\/\" target=\"_blank\" rel=\"noopener\"><strong>rovn\u00e9 lek\u00e1rske nohavice<\/strong><\/a> alebo <a href=\"https:\/\/medandbeauty.com\/produkt\/spodnie-medyczne-damskie-przylegajace-premium-biale\/\" target=\"_blank\" rel=\"noopener\"><strong>priliehav\u00e9 lek\u00e1rske nohavice<\/strong><\/a> v rovnakej farbe alebo \u013eubovo\u013ene kombinujte odtiene z na\u0161ej ponuky.<\/p>\n<p>Zabezpe\u010dte si \u00fapln\u00e9 pohodlie a profesion\u00e1lny vzh\u013ead pri pr\u00e1ci so zdravotn\u00edckym oble\u010den\u00edm od <a href=\"https:\/\/medandbeauty.com\/sk\/shop\/pre-nu\/kolekcia-premium\/\" target=\"_blank\" rel=\"noopener\"><strong>Med &amp; Beauty Premium Collection<\/strong><\/a>. \u010c\u00edm vynik\u00e1 na\u0161a lek\u00e1rska biela mikina?<\/p>\n<ul>\n<li>dve priestrann\u00e9 predn\u00e9 vreck\u00e1,<\/li>\n<li>m\u00e4kk\u00e1 a priedu\u0161n\u00e1 tkanina,<\/li>\n<li>\u00dazky strih, nad\u010dasov\u00fd strih,<\/li>\n<li>je mo\u017en\u00e1 personaliz\u00e1cia vo forme v\u00fd\u0161ivky.<\/li>\n<\/ul>\n<p><strong>\u010eal\u0161ie inform\u00e1cie:<\/strong> Modelky na fotografi\u00e1ch maj\u00fa na sebe d\u00e1msku lek\u00e1rsku bielu mikinu vo ve\u013ekosti S a s\u00fa vysok\u00e9 170-174 cm.<\/p>\n<p>Ak si neviete vybra\u0165 ve\u013ekos\u0165, pozrite si tabu\u013eku ve\u013ekost\u00ed. Ak m\u00e1te \u010fal\u0161ie pochybnosti &#8211; po\u0161lite n\u00e1m svoje miery a my v\u00e1m ju prisp\u00f4sob\u00edme. <\/p>\n<p>Farby odevov v <a href=\"https:\/\/medandbeauty.com\/sk\/shop\/pre-nu\/kolekcia-premium\/\" target=\"_blank\" rel=\"noopener\">kolekcii Premium<\/a> sa nezhoduj\u00fa s farbami odevov v <a href=\"https:\/\/medandbeauty.com\/sk\/shop\/pre-nu\/zakladna-kolekcia\/\" target=\"_blank\" rel=\"noopener\">kolekcii Basic<\/a> &#8211; s\u00fa vyroben\u00e9 z in\u00fdch materi\u00e1lov.<\/p>\n<p>Obchod so zdravotn\u00edckym oble\u010den\u00edm pon\u00faka:<\/p>\n<ul>\n<li><a href=\"https:\/\/medandbeauty.com\/sk\/shop\/pre-nu\/\" target=\"_new\" rel=\"noopener\">d\u00e1mske zdravotn\u00edcke oble\u010denie<\/a>,<\/li>\n<li><a href=\"https:\/\/medandbeauty.com\/sk\/rodzaj-ubrania\/lekarske-bluzky\/\" target=\"_new\" rel=\"noopener\">lek\u00e1rske bl\u00fazky<\/a>,<\/li>\n<li><a href=\"https:\/\/medandbeauty.com\/sk\/shop\/pre-nu\/zakladna-kolekcia\/lekarske-bluzky\/\" target=\"_new\" rel=\"noopener\">d\u00e1mske lek\u00e1rske bl\u00fazky<\/a>,<\/li>\n<li><a href=\"https:\/\/medandbeauty.com\/sk\/shop\/pre-nu\/kolekcia-premium\/lekarske-bluzky-sk-4\/\" target=\"_new\" rel=\"noopener\">d\u00e1mske lek\u00e1rske bavlnen\u00e9 bl\u00fazky.<\/a><\/li>\n<\/ul>\n<p>Odpor\u00fa\u010dame v\u00e1m, aby ste si objednali d\u00e1msku lek\u00e1rsku bielu mikinu a \u010fal\u0161ie lek\u00e1rske oble\u010denie.<\/p>\n<p>Odtiene jednotliv\u00fdch odevov na obr\u00e1zkoch sa m\u00f4\u017eu l\u00ed\u0161i\u0165 od skuto\u010dn\u00fdch &#8211; je to sp\u00f4soben\u00e9 r\u00f4znorodos\u0165ou dostupn\u00fdch elektronick\u00fdch zariaden\u00ed a ich individu\u00e1lnym nastaven\u00edm.<\/p>\n","protected":false},"excerpt":{"rendered":"<p>Lek\u00e1rska mikina biela scrubs premium Klasick\u00e9 \u010distiace prostriedky, ktor\u00e9 si ob\u013e\u00fabili tis\u00edce na\u0161ich z\u00e1kazn\u00edkov, s\u00fa teraz k dispoz\u00edcii v pr\u00e9miovej verzii! Dlh\u00e9 a intenz\u00edvne hodiny v pr\u00e1ci si vy\u017eaduj\u00fa \u010do najpohodlnej\u0161ie zdravotn\u00edcke oble\u010denie. Biela d\u00e1mska lek\u00e1rska bl\u00fazka Scrubs Premium bola u\u0161it\u00e1 a\u017e z 80 % z bavlny s jemn\u00fdm pr\u00edmesou lycry a nylonu. V\u010faka tejto [&hellip;]<\/p>\n","protected":false},"featured_media":396679,"comment_status":"open","ping_status":"closed","template":"","meta":{"_acf_changed":false,"inline_featured_image":false},"kolor":[1065],"rodzaj-ubrania":[1082,1083],"ubranie":[1453],"product_brand":[],"product_cat":[1175,1371,1452,1058],"product_tag":[],"class_list":{"0":"post-396650","1":"product","2":"type-product","3":"status-publish","4":"has-post-thumbnail","6":"kolor-biela","7":"rodzaj-ubrania-kroviny","8":"rodzaj-ubrania-lekarske-bluzky","9":"ubranie-damske-lekarske-bluzky-scrubs-premium","10":"product_cat-kolekcia-premium","11":"product_cat-kroviny-sk-2","12":"product_cat-lekarske-bluzky-sk-4","13":"product_cat-pre-nu","15":"first","16":"instock","17":"taxable","18":"shipping-taxable","19":"purchasable","20":"product-type-variable"},"acf":[],"_links":{"self":[{"href":"https:\/\/medandbeauty.com\/sk\/wp-json\/wp\/v2\/product\/396650","targetHints":{"allow":["GET"]}}],"collection":[{"href":"https:\/\/medandbeauty.com\/sk\/wp-json\/wp\/v2\/product"}],"about":[{"href":"https:\/\/medandbeauty.com\/sk\/wp-json\/wp\/v2\/types\/product"}],"replies":[{"embeddable":true,"href":"https:\/\/medandbeauty.com\/sk\/wp-json\/wp\/v2\/comments?post=396650"}],"wp:featuredmedia":[{"embeddable":true,"href":"https:\/\/medandbeauty.com\/sk\/wp-json\/wp\/v2\/media\/396679"}],"wp:attachment":[{"href":"https:\/\/medandbeauty.com\/sk\/wp-json\/wp\/v2\/media?parent=396650"}],"wp:term":[{"taxonomy":"kolor","embeddable":true,"href":"https:\/\/medandbeauty.com\/sk\/wp-json\/wp\/v2\/kolor?post=396650"},{"taxonomy":"rodzaj-ubrania","embeddable":true,"href":"https:\/\/medandbeauty.com\/sk\/wp-json\/wp\/v2\/rodzaj-ubrania?post=396650"},{"taxonomy":"ubranie","embeddable":true,"href":"https:\/\/medandbeauty.com\/sk\/wp-json\/wp\/v2\/ubranie?post=396650"},{"taxonomy":"product_brand","embeddable":true,"href":"https:\/\/medandbeauty.com\/sk\/wp-json\/wp\/v2\/product_brand?post=396650"},{"taxonomy":"product_cat","embeddable":true,"href":"https:\/\/medandbeauty.com\/sk\/wp-json\/wp\/v2\/product_cat?post=396650"},{"taxonomy":"product_tag","embeddable":true,"href":"https:\/\/medandbeauty.com\/sk\/wp-json\/wp\/v2\/product_tag?post=396650"}],"curies":[{"name":"wp","href":"https:\/\/api.w.org\/{rel}","templated":true}]}}