{"id":396663,"date":"2024-01-02T14:43:56","date_gmt":"2024-01-02T14:43:56","guid":{"rendered":"https:\/\/medandbeauty.com\/product\/damsky-lekarsky-plast-s-premiovym-vystrihom-cierny\/"},"modified":"2025-12-23T12:03:29","modified_gmt":"2025-12-23T11:03:29","slug":"damsky-lekarsky-plast-s-premiovym-vystrihom-cierny","status":"publish","type":"product","link":"https:\/\/medandbeauty.com\/sk\/product\/damsky-lekarsky-plast-s-premiovym-vystrihom-cierny\/","title":{"rendered":"D\u00e1msky lek\u00e1rsky pl\u00e1\u0161\u0165 s pr\u00e9miov\u00fdm v\u00fdstrihom \u010cIERNY"},"content":{"rendered":"<p style=\"font-weight: 400;\"><strong>\u010cierna lek\u00e1rska z\u00e1stera s pr\u00e9miov\u00fdm v\u00fdstrihom<\/strong> je ide\u00e1lnou vo\u013ebou pre \u017eeny pracuj\u00face v kozmetickom a lek\u00e1rskom priemysle, ktor\u00e9 uprednost\u0148uj\u00fa klasick\u00fd \u0161t\u00fdl a rafinovan\u00fa eleganciu.<\/p>\n<p style=\"font-weight: 400;\"><strong>\u010cierna lek\u00e1rska z\u00e1stera s v\u00fdstrihom z <a href=\"https:\/\/medandbeauty.com\/sk\/shop\/pre-nu\/kolekcia-premium\/\" target=\"_blank\" rel=\"noopener\">kolekcie Premium<\/a><\/strong> je u\u0161it\u00e1 z vysokokvalitnej zmesi bavlny, nylonu a lycry, tak\u017ee poskytuje nielen pohodlie, ale aj dokonal\u00e9 prisp\u00f4sobenie r\u00f4znym siluet\u00e1m a komfort po\u010das cel\u00e9ho pracovn\u00e9ho d\u0148a.<\/p>\n<p style=\"font-weight: 400;\">Vreck\u00e1 tohto modelu s\u00fa praktick\u00e9 a priestrann\u00e9, tak\u017ee si do nich m\u00f4\u017eete odlo\u017ei\u0165 z\u00e1kladn\u00e9 veci, ktor\u00e9 chcete ma\u0165 v\u017edy po ruke.<\/p>\n<p style=\"font-weight: 400;\">D\u00f4le\u017eit\u00fdm rozli\u0161ovac\u00edm znakom <strong>\u010diernej lek\u00e1rskej z\u00e1stery<\/strong> <strong>Med &amp; Beauty<\/strong> <strong>s v\u00fdstrihom<\/strong> je pohodln\u00e9 zap\u00ednanie na patentky, ktor\u00e9 umo\u017e\u0148uje r\u00fdchle obliekanie a vyzliekanie z\u00e1stery.<\/p>\n<p style=\"font-weight: 400;\">Klasick\u00fd lichobe\u017en\u00edkov\u00fd v\u00fdstrih dod\u00e1va nad\u010dasov\u00fd \u0161arm aj modern\u00fd n\u00e1dych a d\u013a\u017eka z\u00e1stery bola presne zvolen\u00e1 tak, aby kr\u00e1sne ladila s ka\u017edou postavou.<\/p>\n<p style=\"font-weight: 400;\">V spolo\u010dnosti <strong>Med &amp; Beauty<\/strong> db\u00e1me nielen na pohodlie nosite\u013ea, ale aj na estetiku a profesion\u00e1lny vzh\u013ead. P\u00e1sov\u00fd strih <strong>\u010diernej lek\u00e1rskej z\u00e1stery s v\u00fdstrihom<\/strong> zd\u00f4raz\u0148uje v\u0161etky prednosti \u017eenskej postavy. <\/p>\n<p style=\"font-weight: 400;\">Dobre sa sp\u00e1ja s <a href=\"https:\/\/medandbeauty.com\/sklep?s=przylegaj%C4%85ce\" target=\"_blank\" rel=\"noopener\"><strong>lek\u00e1rske nohavice<\/strong><\/a>z rovnak\u00e9ho materi\u00e1lu. M\u00f4\u017eete si vybra\u0165 <a href=\"https:\/\/medandbeauty.com\/sk\/shop\/pre-nu\/kolekcia-premium\/?rodzaj-ubrania=spodnie-medyczne\" target=\"_blank\" rel=\"noopener\"><strong>lek\u00e1rske nohavice<\/strong><\/a> v \u010diernej farbe alebo v \u013eubovo\u013enom odtieni z pr\u00e9miov\u00fdch farieb dostupn\u00fdch v kolekcii.<\/p>\n<ul>\n<li style=\"font-weight: 400;\">Elegantn\u00fd lichobe\u017en\u00edkov\u00fd v\u00fdstrih<\/li>\n<li style=\"font-weight: 400;\"><span style=\"font-family: inherit;\">Pohodln\u00e9 zap\u00ednanie na cvo\u010dky<\/span><\/li>\n<li style=\"font-weight: 400;\"><span style=\"font-family: inherit;\">Klasick\u00fd strih s \u00fazkym strihom pre lichotiv\u00fa siluetu<\/span><\/li>\n<li style=\"font-weight: 400;\"><span style=\"font-family: inherit;\">Dve priestrann\u00e9 predn\u00e9 vreck\u00e1 s n\u00e1\u0161ivkami<\/span><\/li>\n<li style=\"font-weight: 400;\"><span style=\"font-family: inherit;\">Mo\u017eno personalizova\u0165 v\u00fd\u0161ivkou<\/span><\/li>\n<\/ul>\n<p style=\"font-weight: 400;\"><strong>\u010eal\u0161ie inform\u00e1cie:<\/strong><br \/>\nModelky na fotografi\u00e1ch maj\u00fa na sebe ve\u013ekos\u0165 S a s\u00fa vysok\u00e9 170-174 cm.<\/p>\n<p style=\"font-weight: 400;\">Ak si neviete vybra\u0165 ve\u013ekos\u0165, pozrite si tabu\u013eku ve\u013ekost\u00ed. Ak m\u00e1te \u010fal\u0161ie pochybnosti &#8211; po\u0161lite n\u00e1m svoje miery a my v\u00e1m ju prisp\u00f4sob\u00edme. <\/p>\n<p style=\"font-weight: 400;\">Farby odevov v kolekcii Premium sa nezhoduj\u00fa s farbami odevov v<a href=\"https:\/\/medandbeauty.com\/sk\/shop\/pre-nu\/zakladna-kolekcia\/\" target=\"_blank\" rel=\"noopener\"> kolekcii Basic<\/a> &#8211; s\u00fa vyroben\u00e9 z in\u00fdch materi\u00e1lov.<\/p>\n<p style=\"font-weight: 400;\">Odtiene jednotliv\u00fdch odevov na obr\u00e1zkoch sa m\u00f4\u017eu l\u00ed\u0161i\u0165 od skuto\u010dn\u00fdch &#8211; je to sp\u00f4soben\u00e9 r\u00f4znorodos\u0165ou dostupn\u00fdch elektronick\u00fdch zariaden\u00ed a ich individu\u00e1lnym nastaven\u00edm.<\/p>\n","protected":false},"excerpt":{"rendered":"<p>\u010cierna lek\u00e1rska z\u00e1stera s pr\u00e9miov\u00fdm v\u00fdstrihom je ide\u00e1lnou vo\u013ebou pre \u017eeny pracuj\u00face v kozmetickom a lek\u00e1rskom priemysle, ktor\u00e9 uprednost\u0148uj\u00fa klasick\u00fd \u0161t\u00fdl a rafinovan\u00fa eleganciu. \u010cierna lek\u00e1rska z\u00e1stera s v\u00fdstrihom z kolekcie Premium je u\u0161it\u00e1 z vysokokvalitnej zmesi bavlny, nylonu a lycry, tak\u017ee poskytuje nielen pohodlie, ale aj dokonal\u00e9 prisp\u00f4sobenie r\u00f4znym siluet\u00e1m a komfort po\u010das cel\u00e9ho [&hellip;]<\/p>\n","protected":false},"featured_media":396699,"comment_status":"open","ping_status":"closed","template":"","meta":{"_acf_changed":false,"inline_featured_image":false},"kolor":[1168],"rodzaj-ubrania":[1315],"ubranie":[1456],"product_brand":[],"product_cat":[1175,1314,1058],"product_tag":[],"class_list":{"0":"post-396663","1":"product","2":"type-product","3":"status-publish","4":"has-post-thumbnail","6":"kolor-czernie-sk","7":"rodzaj-ubrania-lekarske-plaste","8":"ubranie-premiovy-lekarsky-plast-pre-zeny-s-vystrihom","9":"product_cat-kolekcia-premium","10":"product_cat-lekarske-plaste","11":"product_cat-pre-nu","13":"first","14":"instock","15":"taxable","16":"shipping-taxable","17":"purchasable","18":"product-type-variable"},"acf":[],"_links":{"self":[{"href":"https:\/\/medandbeauty.com\/sk\/wp-json\/wp\/v2\/product\/396663","targetHints":{"allow":["GET"]}}],"collection":[{"href":"https:\/\/medandbeauty.com\/sk\/wp-json\/wp\/v2\/product"}],"about":[{"href":"https:\/\/medandbeauty.com\/sk\/wp-json\/wp\/v2\/types\/product"}],"replies":[{"embeddable":true,"href":"https:\/\/medandbeauty.com\/sk\/wp-json\/wp\/v2\/comments?post=396663"}],"wp:featuredmedia":[{"embeddable":true,"href":"https:\/\/medandbeauty.com\/sk\/wp-json\/wp\/v2\/media\/396699"}],"wp:attachment":[{"href":"https:\/\/medandbeauty.com\/sk\/wp-json\/wp\/v2\/media?parent=396663"}],"wp:term":[{"taxonomy":"kolor","embeddable":true,"href":"https:\/\/medandbeauty.com\/sk\/wp-json\/wp\/v2\/kolor?post=396663"},{"taxonomy":"rodzaj-ubrania","embeddable":true,"href":"https:\/\/medandbeauty.com\/sk\/wp-json\/wp\/v2\/rodzaj-ubrania?post=396663"},{"taxonomy":"ubranie","embeddable":true,"href":"https:\/\/medandbeauty.com\/sk\/wp-json\/wp\/v2\/ubranie?post=396663"},{"taxonomy":"product_brand","embeddable":true,"href":"https:\/\/medandbeauty.com\/sk\/wp-json\/wp\/v2\/product_brand?post=396663"},{"taxonomy":"product_cat","embeddable":true,"href":"https:\/\/medandbeauty.com\/sk\/wp-json\/wp\/v2\/product_cat?post=396663"},{"taxonomy":"product_tag","embeddable":true,"href":"https:\/\/medandbeauty.com\/sk\/wp-json\/wp\/v2\/product_tag?post=396663"}],"curies":[{"name":"wp","href":"https:\/\/api.w.org\/{rel}","templated":true}]}}