{"id":396728,"date":"2024-01-02T15:08:11","date_gmt":"2024-01-02T15:08:11","guid":{"rendered":"https:\/\/medandbeauty.com\/product\/damsky-klasicky-lekarsky-plast-premium-white\/"},"modified":"2025-12-23T12:03:29","modified_gmt":"2025-12-23T11:03:29","slug":"damsky-klasicky-lekarsky-plast-premium-white","status":"publish","type":"product","link":"https:\/\/medandbeauty.com\/sk\/product\/damsky-klasicky-lekarsky-plast-premium-white\/","title":{"rendered":"D\u00e1msky klasick\u00fd lek\u00e1rsky pl\u00e1\u0161\u0165 Premium WHITE"},"content":{"rendered":"<p style=\"font-weight: 400;\">Ak h\u013ead\u00e1te <strong>klasick\u00fa d\u00e1msku lek\u00e1rsku z\u00e1steru na<\/strong> \u0161peci\u00e1lne \u00falohy &#8211; ste na spr\u00e1vnom mieste!<\/p>\n<p style=\"font-weight: 400;\"><strong>Klasick\u00e1 d\u00e1mska lek\u00e1rska z\u00e1stera<\/strong> z <a href=\"https:\/\/medandbeauty.com\/sk\/shop\/pre-nu\/kolekcia-premium\/\" target=\"_blank\" rel=\"noopener\">kolekcie Premium<\/a> je model, ktor\u00fd si ob\u013e\u00fabili tis\u00edce na\u0161ich z\u00e1kazn\u00edkov pracuj\u00facich v <strong>lek\u00e1rskom<\/strong> a <strong>kozmetickom<\/strong> <strong>priemysle<\/strong>.<\/p>\n<p style=\"font-weight: 400;\"><strong>Lek\u00e1rska z\u00e1stera<\/strong> bola u\u0161it\u00e1 z najkvalitnej\u0161ej pr\u00e9miovej bavlny so zmesou lyrika a nylonu. V\u010faka tejto kombin\u00e1cii vl\u00e1kien v materi\u00e1li je pr\u00e1ca v na\u0161ej <strong>lek\u00e1rskej z\u00e1stere<\/strong> mimoriadne pohodln\u00e1. <\/p>\n<p style=\"font-weight: 400;\">V\u010faka elasticite materi\u00e1lu poskytuje klasick\u00e1 <strong>lek\u00e1rska z\u00e1stera Med &amp; Beauty<\/strong> pln\u00fd rozsah pohybu, aj ke\u010f je zapnut\u00e1.<\/p>\n<p style=\"font-weight: 400;\"><strong>Klasick\u00e1 d\u00e1mska zdravotn\u00edcka z\u00e1stera Premium<\/strong> sa zap\u00edna na patentky (patentky), v\u010faka \u010domu sa \u013eahko zap\u00edna a rozop\u00edna v ka\u017edej situ\u00e1cii.<\/p>\n<p style=\"font-weight: 400;\">Dve ve\u013ek\u00e9 priestrann\u00e9 vreck\u00e1 pojm\u00fa v\u0161etky drobnosti, ktor\u00e9 potrebujete do pr\u00e1ce, a dlh\u00e9 ruk\u00e1vy ochr\u00e1nia va\u0161e ruky a predlaktia.<\/p>\n<p style=\"font-weight: 400;\">Jednoduch\u00fd tvar <strong>z\u00e1stery<\/strong> a golier v podobe jemn\u00e9ho stoja\u010dika zd\u00f4raz\u0148uj\u00fa klasiku tohto modelu a ka\u017ed\u00e1 \u017eena v na\u0161ej klasickej <strong>lek\u00e1rskej z\u00e1stere<\/strong> vyzer\u00e1 ve\u013emi profesion\u00e1lne.<\/p>\n<p style=\"font-weight: 400;\">Kombinujte <strong>klasick\u00fd d\u00e1msky lek\u00e1rsky pl\u00e1\u0161\u0165 s niektor\u00fdm<\/strong> z <a href=\"https:\/\/medandbeauty.com\/sk\/shop\/pre-nu\/zakladna-kolekcia\/\" target=\"_blank\" rel=\"noopener\"><strong>.<\/strong><\/a> alebo <a href=\"https:\/\/medandbeauty.com\/sk\/shop\/pre-nu\/kolekcia-premium\/?rodzaj-ubrania=sukienki-medyczne\" target=\"_blank\" rel=\"noopener\"><strong>lek\u00e1rskymi pl\u00e1\u0161\u0165ami<\/strong><\/a> z kolekcie <a href=\"https:\/\/medandbeauty.com\/sk\/shop\/pre-nu\/kolekcia-premium\/\" target=\"_blank\" rel=\"noopener\"><strong>Med &amp; Beauty Premium<\/strong><\/a> alebo <a href=\"https:\/\/medandbeauty.com\/sk\/shop\/pre-nu\/zakladna-kolekcia\/\" target=\"_blank\" rel=\"noopener\"><strong>Basic<\/strong><\/a>. V na\u0161om sortimente n\u00e1jdete viac ako tucet farieb, ktor\u00e9 bud\u00fa dokonale ladi\u0165 so z\u00e1sterou.<\/p>\n<ul>\n<li style=\"font-weight: 400;\">Dve ve\u013ek\u00e9, priestrann\u00e9 a praktick\u00e9 vreck\u00e1<\/li>\n<li style=\"font-weight: 400;\"><span style=\"font-family: inherit;\">Upev\u0148uje sa pomocou pohodln\u00fdch lisovac\u00edch \u010dapov<\/span><\/li>\n<li style=\"font-weight: 400;\"><span style=\"font-family: inherit;\">Klasick\u00fd strih so stojat\u00fdm golierom<\/span><\/li>\n<li style=\"font-weight: 400;\"><span style=\"font-family: inherit;\">Mo\u017eno personalizova\u0165 v\u00fd\u0161ivkou<\/span><\/li>\n<\/ul>\n<p style=\"font-weight: 400;\"><strong>\u010eal\u0161ie inform\u00e1cie:<\/strong><br \/>\nModelky na fotografi\u00e1ch maj\u00fa na sebe ve\u013ekos\u0165 S a s\u00fa vysok\u00e9 170-174 cm.<\/p>\n<p style=\"font-weight: 400;\">Ak si neviete vybra\u0165 ve\u013ekos\u0165, pozrite si tabu\u013eku ve\u013ekost\u00ed. Ak m\u00e1te \u010fal\u0161ie pochybnosti &#8211; po\u0161lite n\u00e1m svoje miery a my v\u00e1m ju prisp\u00f4sob\u00edme. <\/p>\n<p style=\"font-weight: 400;\">Farby odevov v kolekcii Premium sa nezhoduj\u00fa s farbami odevov v <a href=\"https:\/\/medandbeauty.com\/sk\/shop\/pre-nu\/zakladna-kolekcia\/\" target=\"_blank\" rel=\"noopener\">kolekcii Basic<\/a> &#8211; s\u00fa vyroben\u00e9 z in\u00fdch materi\u00e1lov.<\/p>\n<p style=\"font-weight: 400;\">Odtiene jednotliv\u00fdch odevov na obr\u00e1zkoch sa m\u00f4\u017eu l\u00ed\u0161i\u0165 od skuto\u010dn\u00fdch &#8211; je to sp\u00f4soben\u00e9 r\u00f4znorodos\u0165ou dostupn\u00fdch elektronick\u00fdch zariaden\u00ed a ich individu\u00e1lnym nastaven\u00edm.<\/p>\n","protected":false},"excerpt":{"rendered":"<p>Ak h\u013ead\u00e1te klasick\u00fa d\u00e1msku lek\u00e1rsku z\u00e1steru na \u0161peci\u00e1lne \u00falohy &#8211; ste na spr\u00e1vnom mieste! Klasick\u00e1 d\u00e1mska lek\u00e1rska z\u00e1stera z kolekcie Premium je model, ktor\u00fd si ob\u013e\u00fabili tis\u00edce na\u0161ich z\u00e1kazn\u00edkov pracuj\u00facich v lek\u00e1rskom a kozmetickom priemysle. Lek\u00e1rska z\u00e1stera bola u\u0161it\u00e1 z najkvalitnej\u0161ej pr\u00e9miovej bavlny so zmesou lyrika a nylonu. V\u010faka tejto kombin\u00e1cii vl\u00e1kien v materi\u00e1li je [&hellip;]<\/p>\n","protected":false},"featured_media":396729,"comment_status":"open","ping_status":"closed","template":"","meta":{"_acf_changed":false,"inline_featured_image":false},"kolor":[],"rodzaj-ubrania":[1315],"ubranie":[1457],"product_brand":[],"product_cat":[1218,1175,1314,1058],"product_tag":[],"class_list":{"0":"post-396728","1":"product","2":"type-product","3":"status-publish","4":"has-post-thumbnail","6":"rodzaj-ubrania-lekarske-plaste","7":"ubranie-klasicky-damsky-lekarsky-plast-premium-sk","8":"product_cat-bestsellery","9":"product_cat-kolekcia-premium","10":"product_cat-lekarske-plaste","11":"product_cat-pre-nu","13":"first","14":"instock","15":"taxable","16":"shipping-taxable","17":"purchasable","18":"product-type-variable"},"acf":[],"_links":{"self":[{"href":"https:\/\/medandbeauty.com\/sk\/wp-json\/wp\/v2\/product\/396728","targetHints":{"allow":["GET"]}}],"collection":[{"href":"https:\/\/medandbeauty.com\/sk\/wp-json\/wp\/v2\/product"}],"about":[{"href":"https:\/\/medandbeauty.com\/sk\/wp-json\/wp\/v2\/types\/product"}],"replies":[{"embeddable":true,"href":"https:\/\/medandbeauty.com\/sk\/wp-json\/wp\/v2\/comments?post=396728"}],"wp:featuredmedia":[{"embeddable":true,"href":"https:\/\/medandbeauty.com\/sk\/wp-json\/wp\/v2\/media\/396729"}],"wp:attachment":[{"href":"https:\/\/medandbeauty.com\/sk\/wp-json\/wp\/v2\/media?parent=396728"}],"wp:term":[{"taxonomy":"kolor","embeddable":true,"href":"https:\/\/medandbeauty.com\/sk\/wp-json\/wp\/v2\/kolor?post=396728"},{"taxonomy":"rodzaj-ubrania","embeddable":true,"href":"https:\/\/medandbeauty.com\/sk\/wp-json\/wp\/v2\/rodzaj-ubrania?post=396728"},{"taxonomy":"ubranie","embeddable":true,"href":"https:\/\/medandbeauty.com\/sk\/wp-json\/wp\/v2\/ubranie?post=396728"},{"taxonomy":"product_brand","embeddable":true,"href":"https:\/\/medandbeauty.com\/sk\/wp-json\/wp\/v2\/product_brand?post=396728"},{"taxonomy":"product_cat","embeddable":true,"href":"https:\/\/medandbeauty.com\/sk\/wp-json\/wp\/v2\/product_cat?post=396728"},{"taxonomy":"product_tag","embeddable":true,"href":"https:\/\/medandbeauty.com\/sk\/wp-json\/wp\/v2\/product_tag?post=396728"}],"curies":[{"name":"wp","href":"https:\/\/api.w.org\/{rel}","templated":true}]}}