{"id":396798,"date":"2024-01-05T19:39:49","date_gmt":"2024-01-05T19:39:49","guid":{"rendered":"https:\/\/medandbeauty.com\/product\/damske-lekarske-nohavice-proste-scrubs-premium-blue\/"},"modified":"2025-12-23T12:06:58","modified_gmt":"2025-12-23T11:06:58","slug":"damske-lekarske-nohavice-proste-scrubs-premium-blue","status":"publish","type":"product","link":"https:\/\/medandbeauty.com\/sk\/product\/damske-lekarske-nohavice-proste-scrubs-premium-blue\/","title":{"rendered":"D\u00e1mske lek\u00e1rske nohavice PROSTE scrubs premium BLUE"},"content":{"rendered":"<p style=\"font-weight: 400;\">Tento pohodln\u00fd a nad\u010dasov\u00fd model ocenia v\u0161etci milovn\u00edci klasiky a elegancie!<\/p>\n<p style=\"font-weight: 400;\">Chcete si udr\u017ea\u0165 dokonal\u00fd vzh\u013ead a c\u00edti\u0165 sa pri pr\u00e1ci senza\u010dne?<\/p>\n<p style=\"font-weight: 400;\"><strong>Lek\u00e1rske rovn\u00e9 nohavice z kolekcie Med &amp; Beauty Premium<\/strong> v modrej farbe s\u00fa ide\u00e1lnou vo\u013ebou pre \u017eeny, ktor\u00e9 si cenia profesionalitu a pohodlie po\u010das dlh\u00fdch hod\u00edn v pr\u00e1ci.<\/p>\n<p style=\"font-weight: 400;\"><strong>D\u00e1mske rovn\u00e9 lek\u00e1rske nohavice Scrubs Premium v modrej far<\/strong> be s\u00fa u\u0161it\u00e9 z pr\u00edjemn\u00e9ho, m\u00e4kk\u00e9ho materi\u00e1lu, tak\u017ee poskytuj\u00fa vo\u013enos\u0165 pohybu a pohodlie.<\/p>\n<p style=\"font-weight: 400;\">V\u010faka kombin\u00e1cii 80 % vysokokvalitnej bavlny s lycrou a nylonom tkanina perfektne sed\u00ed, je priedu\u0161n\u00e1 a odoln\u00e1.<\/p>\n<p style=\"font-weight: 400;\"><strong>D\u00e1mske rovn\u00e9 lek\u00e1rske nohavice z <a href=\"https:\/\/medandbeauty.com\/sk\/shop\/pre-nu\/kolekcia-premium\/\" target=\"_blank\" rel=\"noopener\">kolekcie Premium<\/a><\/strong> s\u00fa vybaven\u00e9 \u0161tyrmi funk\u010dn\u00fdmi vreckami (dve vzadu a dve vpredu), do ktor\u00fdch sa zmestia v\u0161etky potrebn\u00e9 doplnky na ka\u017edodenn\u00fa pr\u00e1cu.<\/p>\n<p style=\"font-weight: 400;\">Mierne z\u00fa\u017een\u00fd strih a vysok\u00fd p\u00e1s nohav\u00edc zv\u00fdraznia prednosti ka\u017edej postavy, zatia\u013e \u010do elastick\u00fd p\u00e1s poskytuje pln\u00e9 pohodlie a vo\u013enos\u0165 pohybu.<\/p>\n<p style=\"font-weight: 400;\"><strong>Modr\u00e9 rovn\u00e9 lek\u00e1rske nohavice Premium Scrubs<\/strong> sp\u00e1rujte s <a href=\"https:\/\/medandbeauty.com\/produkt\/bluzka-medyczna-damska-scrubs-premium-blekitna\/\" target=\"_blank\" rel=\"noopener\"><strong>lek\u00e1rskou bl\u00fazkou<\/strong> <\/a>v rovnakej farbe alebo ich zla\u010fte s in\u00fdm odtie\u0148om z na\u0161ej ponuky<a href=\"https:\/\/medandbeauty.com\/sk\/shop\/pre-nu\/kolekcia-premium\/\" target=\"_blank\" rel=\"noopener\"><strong> kolekcie scrubs Premium<\/strong><\/a> a vytvorte si jedine\u010dn\u00fa s\u00fapravu!<\/p>\n<ul>\n<li style=\"font-weight: 400;\">Celkovo 4 priestrann\u00e9 vreck\u00e1 &#8211; dve predn\u00e9 a dve zadn\u00e9<\/li>\n<li style=\"font-weight: 400;\"><span style=\"font-family: inherit;\">Rovn\u00e9, mierne z\u00fa\u017een\u00e9 nohy<\/span><\/li>\n<li style=\"font-weight: 400;\"><span style=\"font-family: inherit;\">Vysok\u00fd n\u00e1rast so \u0161irok\u00fdm elastick\u00fdm p\u00e1som<\/span><\/li>\n<li style=\"font-weight: 400;\"><span style=\"font-family: inherit;\">Elegantn\u00e9 a jemn\u00e9 rozparky na noh\u00e1ch<\/span><\/li>\n<\/ul>\n<p>&nbsp;<\/p>\n<p style=\"font-weight: 400;\"><strong>\u010eal\u0161ie inform\u00e1cie:<\/strong><br \/>\nModelky na fotografi\u00e1ch maj\u00fa na sebe ve\u013ekos\u0165 S a s\u00fa vysok\u00e9 170-174 cm.<\/p>\n<p style=\"font-weight: 400;\">Ak si neviete vybra\u0165 ve\u013ekos\u0165, pozrite si tabu\u013eku ve\u013ekost\u00ed. Ak m\u00e1te \u010fal\u0161ie pochybnosti &#8211; po\u0161lite n\u00e1m svoje miery a my v\u00e1m ju prisp\u00f4sob\u00edme. <\/p>\n<p style=\"font-weight: 400;\">Farby odevov v <a href=\"https:\/\/medandbeauty.com\/sk\/shop\/pre-nu\/kolekcia-premium\/\" target=\"_blank\" rel=\"noopener\">kolekcii Premium<\/a> sa nezhoduj\u00fa s farbami odevov v <a href=\"https:\/\/medandbeauty.com\/sk\/shop\/pre-nu\/zakladna-kolekcia\/\" target=\"_blank\" rel=\"noopener\">kolekcii Basic<\/a> &#8211; s\u00fa vyroben\u00e9 z in\u00fdch materi\u00e1lov.<\/p>\n<p style=\"font-weight: 400;\">Odtiene jednotliv\u00fdch odevov na obr\u00e1zkoch sa m\u00f4\u017eu l\u00ed\u0161i\u0165 od skuto\u010dn\u00fdch &#8211; je to sp\u00f4soben\u00e9 r\u00f4znorodos\u0165ou dostupn\u00fdch elektronick\u00fdch zariaden\u00ed a ich individu\u00e1lnym nastaven\u00edm.<\/p>\n","protected":false},"excerpt":{"rendered":"<p>Tento pohodln\u00fd a nad\u010dasov\u00fd model ocenia v\u0161etci milovn\u00edci klasiky a elegancie! Chcete si udr\u017ea\u0165 dokonal\u00fd vzh\u013ead a c\u00edti\u0165 sa pri pr\u00e1ci senza\u010dne? Lek\u00e1rske rovn\u00e9 nohavice z kolekcie Med &amp; Beauty Premium v modrej farbe s\u00fa ide\u00e1lnou vo\u013ebou pre \u017eeny, ktor\u00e9 si cenia profesionalitu a pohodlie po\u010das dlh\u00fdch hod\u00edn v pr\u00e1ci. D\u00e1mske rovn\u00e9 lek\u00e1rske nohavice Scrubs [&hellip;]<\/p>\n","protected":false},"featured_media":396799,"comment_status":"open","ping_status":"closed","template":"","meta":{"_acf_changed":false,"inline_featured_image":false},"kolor":[1136],"rodzaj-ubrania":[1082,1095],"ubranie":[1372],"product_brand":[],"product_cat":[1175,1371,1242,1058],"product_tag":[],"class_list":{"0":"post-396798","1":"product","2":"type-product","3":"status-publish","4":"has-post-thumbnail","6":"kolor-modra","7":"rodzaj-ubrania-kroviny","8":"rodzaj-ubrania-lekarske-nohavice","9":"ubranie-damske-lekarske-rovne-nohavice-scrubs-premium","10":"product_cat-kolekcia-premium","11":"product_cat-kroviny-sk-2","12":"product_cat-lekarske-nohavice-sk-2","13":"product_cat-pre-nu","15":"first","16":"instock","17":"taxable","18":"shipping-taxable","19":"purchasable","20":"product-type-variable"},"acf":[],"_links":{"self":[{"href":"https:\/\/medandbeauty.com\/sk\/wp-json\/wp\/v2\/product\/396798","targetHints":{"allow":["GET"]}}],"collection":[{"href":"https:\/\/medandbeauty.com\/sk\/wp-json\/wp\/v2\/product"}],"about":[{"href":"https:\/\/medandbeauty.com\/sk\/wp-json\/wp\/v2\/types\/product"}],"replies":[{"embeddable":true,"href":"https:\/\/medandbeauty.com\/sk\/wp-json\/wp\/v2\/comments?post=396798"}],"wp:featuredmedia":[{"embeddable":true,"href":"https:\/\/medandbeauty.com\/sk\/wp-json\/wp\/v2\/media\/396799"}],"wp:attachment":[{"href":"https:\/\/medandbeauty.com\/sk\/wp-json\/wp\/v2\/media?parent=396798"}],"wp:term":[{"taxonomy":"kolor","embeddable":true,"href":"https:\/\/medandbeauty.com\/sk\/wp-json\/wp\/v2\/kolor?post=396798"},{"taxonomy":"rodzaj-ubrania","embeddable":true,"href":"https:\/\/medandbeauty.com\/sk\/wp-json\/wp\/v2\/rodzaj-ubrania?post=396798"},{"taxonomy":"ubranie","embeddable":true,"href":"https:\/\/medandbeauty.com\/sk\/wp-json\/wp\/v2\/ubranie?post=396798"},{"taxonomy":"product_brand","embeddable":true,"href":"https:\/\/medandbeauty.com\/sk\/wp-json\/wp\/v2\/product_brand?post=396798"},{"taxonomy":"product_cat","embeddable":true,"href":"https:\/\/medandbeauty.com\/sk\/wp-json\/wp\/v2\/product_cat?post=396798"},{"taxonomy":"product_tag","embeddable":true,"href":"https:\/\/medandbeauty.com\/sk\/wp-json\/wp\/v2\/product_tag?post=396798"}],"curies":[{"name":"wp","href":"https:\/\/api.w.org\/{rel}","templated":true}]}}