{"id":431478,"date":"2025-05-26T11:54:57","date_gmt":"2025-05-26T09:54:57","guid":{"rendered":"https:\/\/medandbeauty.com\/product\/damske-lekarske-nohavice-malwa-premium\/"},"modified":"2025-12-23T11:16:33","modified_gmt":"2025-12-23T10:16:33","slug":"damske-lekarske-nohavice-malwa-premium","status":"publish","type":"product","link":"https:\/\/medandbeauty.com\/sk\/product\/damske-lekarske-nohavice-malwa-premium\/","title":{"rendered":"D\u00e1mske lek\u00e1rske nohavice Malwa Premium"},"content":{"rendered":"<p>Potrebujete pohodln\u00e9 lek\u00e1rske nohavice, ktor\u00e9 v\u00e1m zabezpe\u010dia \u010do najv\u00e4\u010d\u0161ie pohodlie po\u010das dlh\u00fdch hod\u00edn v pr\u00e1ci?<\/p>\n<p>Vyberte si <strong>priliehav\u00e9 d\u00e1mske lek\u00e1rske nohavice z <a href=\"https:\/\/medandbeauty.com\/sk\/shop\/pre-nu\/kolekcia-premium\/\" target=\"_blank\" rel=\"noopener\">kolekcie Premium<\/a><\/strong> &#8211; s\u00fa pre v\u00e1s ako stvoren\u00e9!<\/p>\n<p>Ak si pri v\u00fdbere zdravotn\u00edckeho oble\u010denia cen\u00edte pohodlie pri nosen\u00ed a prvotriednu kvalitu materi\u00e1lov &#8211;<strong> prvotriedne padn\u00face zdravotn\u00edcke nohavice<\/strong> <strong>z materi\u00e1lu mallow <\/strong>ur\u010dite splnia v\u0161etky va\u0161e o\u010dak\u00e1vania!<\/p>\n<p><strong>D\u00e1mske lek\u00e1rske priliehav\u00e9 nohavice Malwa Premium <\/strong>s\u00fa u\u0161it\u00e9 z m\u00e4kkej a priedu\u0161nej tkaniny, tak\u017ee neobmedzuj\u00fa pohyb a poskytuj\u00fa \u00fapln\u00fa vo\u013enos\u0165 pohybu. V\u010faka kombin\u00e1cii 80 % vysokokvalitnej bavlny so zmesou lycry a nylonu tkanina dokonale padne ka\u017edej postave a z\u00e1rove\u0148 je odoln\u00e1 a priedu\u0161n\u00e1. <\/p>\n<p>Mierne zv\u00fd\u0161en\u00fd p\u00e1s so \u0161irok\u00fdm elastick\u00fdm p\u00e1som znamen\u00e1, \u017ee skr\u00e1ten\u00e9 nohavice neobmedzuj\u00fa pohyb, a preto s\u00fa ve\u013emi pohodln\u00e9 aj pri dlhom nosen\u00ed.<\/p>\n<p>Slezov\u00e1 farba <strong>priliehav\u00fdch lek\u00e1rskych nohav\u00edc<\/strong> sa hod\u00ed k elegantn\u00fdm aj le\u017e\u00e9rnym outfitom a v\u010faka absencii vreciek sa budete c\u00edti\u0165 ako v t\u00fdch najpohodlnej\u0161\u00edch leg\u00ednach!<\/p>\n<p><strong>D\u00e1mske pr\u00e9miov\u00e9 zdravotn\u00e9 priliehav\u00e9 nohavice v sl\u00e9zovej farbe <\/strong>s\u00fa vybaven\u00e9 p\u00e1som so \u0161n\u00farkou na stiahnutie, aby perfektne sedeli.<\/p>\n<p>Vytvorte si vysn\u00edvan\u00fa s\u00fapravu <strong>lek\u00e1rskeho oble\u010denia<\/strong> zladen\u00edm<strong>lek\u00e1rskej tuniky <\/strong>z rovnak\u00e9ho materi\u00e1lu s <strong>priliehaj\u00facimi lek\u00e1rskymi nohavicami vo farbe slez <\/strong>.<\/p>\n<p>Vo\u013ene kombinujte odtiene a vytvorte jedine\u010dn\u00fd vzh\u013ead alebo sa rozhodnite pre jednofarebn\u00fd vzh\u013ead.<\/p>\n<ul>\n<li>\u017diadne vreck\u00e1<\/li>\n<li><span style=\"font-family: inherit;\">\u0160irok\u00fd, pohodln\u00fd elastick\u00fd p\u00e1s<\/span><\/li>\n<li><span style=\"font-family: inherit;\">\u0160t\u00edhly strih &#8211; z\u00fa\u017een\u00e9 nohy<\/span><\/li>\n<li><span style=\"font-family: inherit;\">Pru\u017en\u00e1, elastick\u00e1 tkanina<\/span><\/li>\n<\/ul>\n<p>&nbsp;<\/p>\n<p><strong>\u010eal\u0161ie inform\u00e1cie:<\/strong><br \/>\nModelky na fotografi\u00e1ch maj\u00fa na sebe ve\u013ekos\u0165 S a s\u00fa vysok\u00e9 170-174 cm.<\/p>\n<p>Ak si neviete vybra\u0165 ve\u013ekos\u0165, pozrite si tabu\u013eku ve\u013ekost\u00ed. Ak m\u00e1te \u010fal\u0161ie pochybnosti &#8211; po\u0161lite n\u00e1m svoje miery a my v\u00e1m ju prisp\u00f4sob\u00edme. <\/p>\n<p>Farby odevov v <a href=\"https:\/\/medandbeauty.com\/sk\/shop\/pre-nu\/kolekcia-premium\/\" target=\"_blank\" rel=\"noopener\">kolekcii Premium<\/a> sa nezhoduj\u00fa s farbami odevov v <a href=\"https:\/\/medandbeauty.com\/sk\/shop\/pre-nu\/zakladna-kolekcia\/\" target=\"_blank\" rel=\"noopener\">kolekcii Basic<\/a> &#8211; s\u00fa vyroben\u00e9 z in\u00fdch materi\u00e1lov.<\/p>\n<p>Odtiene jednotliv\u00fdch odevov na obr\u00e1zkoch sa m\u00f4\u017eu l\u00ed\u0161i\u0165 od skuto\u010dn\u00fdch &#8211; je to sp\u00f4soben\u00e9 r\u00f4znorodos\u0165ou dostupn\u00fdch elektronick\u00fdch zariaden\u00ed a ich individu\u00e1lnym nastaven\u00edm.<\/p>\n","protected":false},"excerpt":{"rendered":"<p>Potrebujete pohodln\u00e9 lek\u00e1rske nohavice, ktor\u00e9 v\u00e1m zabezpe\u010dia \u010do najv\u00e4\u010d\u0161ie pohodlie po\u010das dlh\u00fdch hod\u00edn v pr\u00e1ci? Vyberte si priliehav\u00e9 d\u00e1mske lek\u00e1rske nohavice z kolekcie Premium &#8211; s\u00fa pre v\u00e1s ako stvoren\u00e9! Ak si pri v\u00fdbere zdravotn\u00edckeho oble\u010denia cen\u00edte pohodlie pri nosen\u00ed a prvotriednu kvalitu materi\u00e1lov &#8211; prvotriedne padn\u00face zdravotn\u00edcke nohavice z materi\u00e1lu mallow ur\u010dite splnia v\u0161etky [&hellip;]<\/p>\n","protected":false},"featured_media":428552,"comment_status":"open","ping_status":"closed","template":"","meta":{"_acf_changed":false,"inline_featured_image":false},"kolor":[1062],"rodzaj-ubrania":[1095],"ubranie":[1243],"product_brand":[],"product_cat":[1175,1242,1058],"product_tag":[],"class_list":{"0":"post-431478","1":"product","2":"type-product","3":"status-publish","4":"has-post-thumbnail","6":"kolor-ruze-sk","7":"rodzaj-ubrania-lekarske-nohavice","8":"ubranie-premiove-lekarske-nohavice-pre-zeny","9":"product_cat-kolekcia-premium","10":"product_cat-lekarske-nohavice-sk-2","11":"product_cat-pre-nu","13":"first","14":"instock","15":"taxable","16":"shipping-taxable","17":"purchasable","18":"product-type-variable"},"acf":[],"_links":{"self":[{"href":"https:\/\/medandbeauty.com\/sk\/wp-json\/wp\/v2\/product\/431478","targetHints":{"allow":["GET"]}}],"collection":[{"href":"https:\/\/medandbeauty.com\/sk\/wp-json\/wp\/v2\/product"}],"about":[{"href":"https:\/\/medandbeauty.com\/sk\/wp-json\/wp\/v2\/types\/product"}],"replies":[{"embeddable":true,"href":"https:\/\/medandbeauty.com\/sk\/wp-json\/wp\/v2\/comments?post=431478"}],"wp:featuredmedia":[{"embeddable":true,"href":"https:\/\/medandbeauty.com\/sk\/wp-json\/wp\/v2\/media\/428552"}],"wp:attachment":[{"href":"https:\/\/medandbeauty.com\/sk\/wp-json\/wp\/v2\/media?parent=431478"}],"wp:term":[{"taxonomy":"kolor","embeddable":true,"href":"https:\/\/medandbeauty.com\/sk\/wp-json\/wp\/v2\/kolor?post=431478"},{"taxonomy":"rodzaj-ubrania","embeddable":true,"href":"https:\/\/medandbeauty.com\/sk\/wp-json\/wp\/v2\/rodzaj-ubrania?post=431478"},{"taxonomy":"ubranie","embeddable":true,"href":"https:\/\/medandbeauty.com\/sk\/wp-json\/wp\/v2\/ubranie?post=431478"},{"taxonomy":"product_brand","embeddable":true,"href":"https:\/\/medandbeauty.com\/sk\/wp-json\/wp\/v2\/product_brand?post=431478"},{"taxonomy":"product_cat","embeddable":true,"href":"https:\/\/medandbeauty.com\/sk\/wp-json\/wp\/v2\/product_cat?post=431478"},{"taxonomy":"product_tag","embeddable":true,"href":"https:\/\/medandbeauty.com\/sk\/wp-json\/wp\/v2\/product_tag?post=431478"}],"curies":[{"name":"wp","href":"https:\/\/api.w.org\/{rel}","templated":true}]}}