{"id":431617,"date":"2025-07-28T15:54:13","date_gmt":"2025-07-28T13:54:13","guid":{"rendered":"https:\/\/medandbeauty.com\/?post_type=product&#038;p=431617"},"modified":"2025-11-18T11:37:57","modified_gmt":"2025-11-18T10:37:57","slug":"lekarske-zabky-soolite-latte","status":"publish","type":"product","link":"https:\/\/medandbeauty.com\/sk\/product\/lekarske-zabky-soolite-latte\/","title":{"rendered":"Zdravotn\u00e9 \u017eabky SooLite LATTE"},"content":{"rendered":"<div class=\"p-rich_text_section\">\n<div class=\"p-rich_text_section\">Zozn\u00e1mte sa s na\u0161ou inovat\u00edvnou novinkou: <strong>zdravotn\u00fdmi \u017eabkami SooLite!- pohodlie, kvalita<\/strong>a modern\u00fd dizajn.<\/div>\n<div class=\"p-rich_text_section\"><strong>Zdravotn\u00edcke \u017eabky SooLite! sp\u00e1jaj\u00fa<\/strong> funk\u010dnos\u0165, pohodlie a estetiku.<\/div>\n<div class=\"p-rich_text_section\">S\u00fa vyroben\u00e9 z \u013eahkej a pru\u017enej peny EVA, poskytuj\u00fa v\u00fdnimo\u010dn\u00e9 pohodlie a ich ergonomick\u00fd dizajn podporuje prirodzen\u00e9 postavenie chodidla.<\/div>\n<div><\/div>\n<div>Zaru\u010dene bud\u00fa va\u0161imi ob\u013e\u00faben\u00fdmi \u0161\u013eapkami do pr\u00e1ce!<\/div>\n<div>Ultra\u013eahk\u00e9, neuverite\u013ene pohodln\u00e9, v n\u00e1dhern\u00fdch farb\u00e1ch, ktor\u00e9 ladia s va\u0161imi ob\u013e\u00faben\u00fdmi \u0161atkami!<\/div>\n<div><\/div>\n<div class=\"p-rich_text_section\"><strong>K\u013e\u00fa\u010dov\u00e9 vlastnosti zdravotn\u00fdch \u017eabiek SooLite!<\/strong><\/div>\n<ul class=\"p-rich_text_list p-rich_text_list__bullet p-rich_text_list--nested\" data-stringify-type=\"unordered-list\" data-list-tree=\"true\" data-indent=\"0\" data-border=\"0\">\n<li data-stringify-indent=\"0\" data-stringify-border=\"0\">\u013dahk\u00e1 a odoln\u00e1 kon\u0161trukcia &#8211; zdravotn\u00e9 \u017eabky SooLite! vyroben\u00e9 z vysokokvalitnej peny EVA, odoln\u00e9 vo\u010di po\u0161kodeniu a \u013eahko sa \u010distia.<\/li>\n<li data-stringify-indent=\"0\" data-stringify-border=\"0\">Nastavite\u013en\u00e9 remienky &#8211; remienky s prackami a decentn\u00fdm logom M&amp;B umo\u017e\u0148uj\u00fa prisp\u00f4sobenie tvaru chodidla a v\u00fd\u0161ke n\u00e1rtu.<\/li>\n<li data-stringify-indent=\"0\" data-stringify-border=\"0\">Pokro\u010dil\u00e9 odpru\u017eenie &#8211; vyv\u00fd\u0161en\u00e1 podr\u00e1\u017eka \u00fa\u010dinne zni\u017euje n\u00e1razy a zvy\u0161uje pohodlie pri ch\u00f4dzi.<\/li>\n<li data-stringify-indent=\"0\" data-stringify-border=\"0\">Ergonomick\u00e1 stielka &#8211; Anatomicky tvarovan\u00e1 stielka podporuje chodidlo a minimalizuje \u00fanavu aj pri dlhodobom pou\u017e\u00edvan\u00ed.<\/li>\n<li data-stringify-indent=\"0\" data-stringify-border=\"0\">Po\u013esk\u00e1 v\u00fdroba &#8211; lek\u00e1rske \u017eabky SooLite! sa vyr\u00e1baj\u00fa v Po\u013esku, \u010do zaru\u010duje vysok\u00fa kvalitu spracovania a pozornos\u0165 venovan\u00fa detailom.<\/li>\n<li data-stringify-indent=\"0\" data-stringify-border=\"0\">Modern\u00fd dizajn &#8211; Logo M&amp;B na popruhoch a na zadnej chlopni dod\u00e1va modelu jedine\u010dn\u00fd, profesion\u00e1lny dojem.<\/li>\n<\/ul>\n<div class=\"p-rich_text_section\">V\u010faka kombin\u00e1cii pohodlia, odolnosti a \u0161t\u00fdlov\u00e9ho dizajnu s\u00fa lek\u00e1rske \u0161\u013eapky SooLite! ide\u00e1lnou vo\u013ebou na ka\u017edodenn\u00e9 nosenie aj do n\u00e1ro\u010dn\u00e9ho pracovn\u00e9ho prostredia.<b data-stringify-type=\"bold\"><\/b><\/div>\n<div><\/div>\n<div>Farby zobrazen\u00e9 na fotografi\u00e1ch sa m\u00f4\u017eu mierne l\u00ed\u0161i\u0165 od skuto\u010dn\u00fdch farieb. Je to sp\u00f4soben\u00e9 r\u00f4znorodos\u0165ou dostupn\u00fdch elektronick\u00fdch zariaden\u00ed a ich individu\u00e1lnym nastaven\u00edm. <\/div>\n<\/div>\n","protected":false},"excerpt":{"rendered":"<p>Zozn\u00e1mte sa s na\u0161ou inovat\u00edvnou novinkou: zdravotn\u00fdmi \u017eabkami SooLite!- pohodlie, kvalitaa modern\u00fd dizajn. Zdravotn\u00edcke \u017eabky SooLite! sp\u00e1jaj\u00fa funk\u010dnos\u0165, pohodlie a estetiku. S\u00fa vyroben\u00e9 z \u013eahkej a pru\u017enej peny EVA, poskytuj\u00fa v\u00fdnimo\u010dn\u00e9 pohodlie a ich ergonomick\u00fd dizajn podporuje prirodzen\u00e9 postavenie chodidla. Zaru\u010dene bud\u00fa va\u0161imi ob\u013e\u00faben\u00fdmi \u0161\u013eapkami do pr\u00e1ce! Ultra\u013eahk\u00e9, neuverite\u013ene pohodln\u00e9, v n\u00e1dhern\u00fdch farb\u00e1ch, ktor\u00e9 ladia [&hellip;]<\/p>\n","protected":false},"featured_media":499430,"comment_status":"open","ping_status":"closed","template":"","meta":{"_acf_changed":false,"inline_featured_image":false},"kolor":[],"rodzaj-ubrania":[],"ubranie":[1550],"product_brand":[],"product_cat":[2075,1058],"product_tag":[],"class_list":{"0":"post-431617","1":"product","2":"type-product","3":"status-publish","4":"has-post-thumbnail","6":"ubranie-zdravotnicke-zabky-soolite","7":"product_cat-obuv","8":"product_cat-pre-nu","10":"first","11":"outofstock","12":"taxable","13":"shipping-taxable","14":"purchasable","15":"product-type-variable"},"acf":[],"_links":{"self":[{"href":"https:\/\/medandbeauty.com\/sk\/wp-json\/wp\/v2\/product\/431617","targetHints":{"allow":["GET"]}}],"collection":[{"href":"https:\/\/medandbeauty.com\/sk\/wp-json\/wp\/v2\/product"}],"about":[{"href":"https:\/\/medandbeauty.com\/sk\/wp-json\/wp\/v2\/types\/product"}],"replies":[{"embeddable":true,"href":"https:\/\/medandbeauty.com\/sk\/wp-json\/wp\/v2\/comments?post=431617"}],"wp:featuredmedia":[{"embeddable":true,"href":"https:\/\/medandbeauty.com\/sk\/wp-json\/wp\/v2\/media\/499430"}],"wp:attachment":[{"href":"https:\/\/medandbeauty.com\/sk\/wp-json\/wp\/v2\/media?parent=431617"}],"wp:term":[{"taxonomy":"kolor","embeddable":true,"href":"https:\/\/medandbeauty.com\/sk\/wp-json\/wp\/v2\/kolor?post=431617"},{"taxonomy":"rodzaj-ubrania","embeddable":true,"href":"https:\/\/medandbeauty.com\/sk\/wp-json\/wp\/v2\/rodzaj-ubrania?post=431617"},{"taxonomy":"ubranie","embeddable":true,"href":"https:\/\/medandbeauty.com\/sk\/wp-json\/wp\/v2\/ubranie?post=431617"},{"taxonomy":"product_brand","embeddable":true,"href":"https:\/\/medandbeauty.com\/sk\/wp-json\/wp\/v2\/product_brand?post=431617"},{"taxonomy":"product_cat","embeddable":true,"href":"https:\/\/medandbeauty.com\/sk\/wp-json\/wp\/v2\/product_cat?post=431617"},{"taxonomy":"product_tag","embeddable":true,"href":"https:\/\/medandbeauty.com\/sk\/wp-json\/wp\/v2\/product_tag?post=431617"}],"curies":[{"name":"wp","href":"https:\/\/api.w.org\/{rel}","templated":true}]}}