{"id":432192,"date":"2025-05-29T13:25:34","date_gmt":"2025-05-29T11:25:34","guid":{"rendered":"https:\/\/medandbeauty.com\/?post_type=product&#038;p=432192"},"modified":"2026-01-22T15:06:53","modified_gmt":"2026-01-22T14:06:53","slug":"damske-lekarske-bluzky-basic-one-pocket-pink-kiss","status":"publish","type":"product","link":"https:\/\/medandbeauty.com\/sk\/product\/damske-lekarske-bluzky-basic-one-pocket-pink-kiss\/","title":{"rendered":"D\u00e1mske lek\u00e1rske bl\u00fazky Basic One Pocket PINK KISS"},"content":{"rendered":"<p>Klasick\u00e9 a spo\u013eahliv\u00e9 <a href=\"https:\/\/medandbeauty.com\/sk\/shop\/pre-nu\/zakladna-kolekcia\/?rodzaj-ubrania=bluzki-medyczne\" target=\"_blank\" rel=\"noopener\"><strong>lek\u00e1rske bl\u00fazky z kolekcie Med &amp; Beauty Basic<\/strong><\/a> teraz k dispoz\u00edcii vo verzii One Pocket!<\/p>\n<p>Pri dlh\u00fdch a intenz\u00edvnych hodin\u00e1ch str\u00e1ven\u00fdch v pr\u00e1ci potrebujete zdravotn\u00edcky odev, ktor\u00fd poskytuje maxim\u00e1lne pohodlie. <strong>D\u00e1mska lek\u00e1rska bl\u00fazka Scrubs Basic One Pocket vo farbe Pink Kiss <span style=\"font-weight: 400;\">bola<\/span><\/strong>vyroben\u00e1 z najkvalitnej\u0161ej tkaniny.<\/p>\n<p>V\u010faka kombin\u00e1cii polyesteru, visk\u00f3zy a lycry je materi\u00e1l ve\u013emi odoln\u00fd, m\u00e4kk\u00fd, pr\u00edjemn\u00fd na dotyk, prisp\u00f4sob\u00ed sa ka\u017ed\u00e9mu typu \u017eenskej postavy, neobmedzuje v pohybe a, \u010do je pre <strong>zdravotn\u00edcke odevy<\/strong> mimoriadne d\u00f4le\u017eit\u00e9, je tie\u017e priedu\u0161n\u00fd a priedu\u0161n\u00fd.<\/p>\n<p><strong>D\u00e1mska lek\u00e1rska bl\u00fazka Scrubs Basic One Pocket Pink Kiss<\/strong> je dokonal\u00fdm z\u00e1kladom pre spo\u013eahliv\u00fd a nad\u010dasov\u00fd \u0161atn\u00edk lek\u00e1rskeho oble\u010denia.<\/p>\n<p>V\u010faka jedn\u00e9mu n\u00e1prsn\u00e9mu vrecku m\u00f4\u017eete tri\u010dko vo\u013ene zastr\u010di\u0165 do lek\u00e1rskych nohav\u00edc a vytvori\u0165 tak \u0161portov\u00fd a modern\u00fd vzh\u013ead.<\/p>\n<p>Klasick\u00fd v\u00e9\u010dkov\u00fd v\u00fdstrih opticky predl\u017euje siluetu, z\u00fa\u017een\u00fd p\u00e1s zv\u00fdraz\u0148uje prednosti postavy a d\u013a\u017eka ruk\u00e1vov (siahaj\u00faca takmer po lake\u0165) poskytuje ochranu ramien bez toho, aby obmedzovala pohyb.<\/p>\n<p><strong>Zdravotn\u00edcka bl\u00fazka Scrubs Basic One Pocket Pink Kiss vyzer\u00e1 <\/strong>skvele s na\u0161imi klasick\u00fdmi<strong>proste<\/strong><strong>lek\u00e1rskymi nohavicami<\/strong><strong>alebo<\/strong> <strong>\u0161irok\u00fdmi<\/strong><strong> lek\u00e1rskymi nohavicami <\/strong><strong>v<\/strong> rovnakej farbe.<\/p>\n<p><strong>Zdravotn\u00edcku bl\u00fazku One pocket Pink Kiss <\/strong>m\u00f4\u017eete kombinova\u0165 aj s ak\u00fdmko\u013evek in\u00fdm odtie\u0148om dostupn\u00fdm v kolekcii. <a href=\"https:\/\/medandbeauty.com\/sk\/shop\/pre-nu\/zakladna-kolekcia\/\" target=\"_blank\" rel=\"noopener\"><strong>Med &amp; Beauty Basic<\/strong><\/a>.<\/p>\n<p>Zabezpe\u010dte si maxim\u00e1lne pohodlie a profesion\u00e1lny vzh\u013ead pri pr\u00e1ci so<strong> zdravotn\u00edckymi \u0161atkami<\/strong> <a href=\"https:\/\/medandbeauty.com\/sk\/shop\/pre-nu\/zakladna-kolekcia\/\" target=\"_blank\" rel=\"noopener\"><strong>Med &amp; Beauty Basic<\/strong><\/a>.<\/p>\n<ul>\n<li>Jedno praktick\u00e9 n\u00e1prsn\u00e9 vrecko<\/li>\n<li><span style=\"font-family: inherit;\">Profilovan\u00fd p\u00e1s<\/span><\/li>\n<li><span style=\"font-family: inherit;\">Klasick\u00fd v\u00fdstrih do V<\/span><\/li>\n<li><span style=\"font-family: inherit;\">Pohodln\u00fd, kr\u00e1tky ruk\u00e1v<\/span><\/li>\n<\/ul>\n<p>&nbsp;<\/p>\n<p><strong>\u010eal\u0161ie inform\u00e1cie:<\/strong><br \/>\nModelky na fotografi\u00e1ch maj\u00fa na sebe ve\u013ekos\u0165 S a s\u00fa vysok\u00e9 170-174 cm.<\/p>\n<p>Ak si neviete vybra\u0165 ve\u013ekos\u0165, pozrite si tabu\u013eku ve\u013ekost\u00ed. Ak m\u00e1te \u010fal\u0161ie pochybnosti &#8211; po\u0161lite n\u00e1m svoje miery a my v\u00e1m ju prisp\u00f4sob\u00edme. <\/p>\n<p>Farby odevov v <a href=\"https:\/\/medandbeauty.com\/sk\/shop\/pre-nu\/zakladna-kolekcia\/\" target=\"_blank\" rel=\"noopener\">kolekcii Basic<\/a> sa nezhoduj\u00fa s farbami odevov v<a href=\"https:\/\/medandbeauty.com\/sk\/shop\/pre-nu\/kolekcia-premium\/\" target=\"_blank\" rel=\"noopener\"> kolekcii Premium<\/a> &#8211; s\u00fa vyroben\u00e9 z r\u00f4znych materi\u00e1lov.<\/p>\n<p>Odtiene jednotliv\u00fdch odevov na obr\u00e1zkoch sa m\u00f4\u017eu l\u00ed\u0161i\u0165 od skuto\u010dn\u00fdch &#8211; je to sp\u00f4soben\u00e9 r\u00f4znorodos\u0165ou dostupn\u00fdch elektronick\u00fdch zariaden\u00ed a ich individu\u00e1lnym nastaven\u00edm.<\/p>\n","protected":false},"excerpt":{"rendered":"<p>Klasick\u00e9 a spo\u013eahliv\u00e9 lek\u00e1rske bl\u00fazky z kolekcie Med &amp; Beauty Basic teraz k dispoz\u00edcii vo verzii One Pocket! Pri dlh\u00fdch a intenz\u00edvnych hodin\u00e1ch str\u00e1ven\u00fdch v pr\u00e1ci potrebujete zdravotn\u00edcky odev, ktor\u00fd poskytuje maxim\u00e1lne pohodlie. D\u00e1mska lek\u00e1rska bl\u00fazka Scrubs Basic One Pocket vo farbe Pink Kiss bolavyroben\u00e1 z najkvalitnej\u0161ej tkaniny. V\u010faka kombin\u00e1cii polyesteru, visk\u00f3zy a lycry je [&hellip;]<\/p>\n","protected":false},"featured_media":435711,"comment_status":"open","ping_status":"closed","template":"","meta":{"_acf_changed":false,"inline_featured_image":false},"kolor":[1062],"rodzaj-ubrania":[1082,1083],"ubranie":[1084],"product_brand":[],"product_cat":[1081,1080,1059,1058,1079],"product_tag":[],"class_list":{"0":"post-432192","1":"product","2":"type-product","3":"status-publish","4":"has-post-thumbnail","6":"kolor-ruze-sk","7":"rodzaj-ubrania-kroviny","8":"rodzaj-ubrania-lekarske-bluzky","9":"ubranie-damska-lekarska-bluzka-scrubs-basic-jedno-vrecko","10":"product_cat-kroviny","11":"product_cat-lekarske-bluzky","12":"product_cat-novinky","13":"product_cat-pre-nu","14":"product_cat-zakladna-kolekcia","16":"first","17":"instock","18":"taxable","19":"shipping-taxable","20":"purchasable","21":"product-type-variable"},"acf":[],"_links":{"self":[{"href":"https:\/\/medandbeauty.com\/sk\/wp-json\/wp\/v2\/product\/432192","targetHints":{"allow":["GET"]}}],"collection":[{"href":"https:\/\/medandbeauty.com\/sk\/wp-json\/wp\/v2\/product"}],"about":[{"href":"https:\/\/medandbeauty.com\/sk\/wp-json\/wp\/v2\/types\/product"}],"replies":[{"embeddable":true,"href":"https:\/\/medandbeauty.com\/sk\/wp-json\/wp\/v2\/comments?post=432192"}],"wp:featuredmedia":[{"embeddable":true,"href":"https:\/\/medandbeauty.com\/sk\/wp-json\/wp\/v2\/media\/435711"}],"wp:attachment":[{"href":"https:\/\/medandbeauty.com\/sk\/wp-json\/wp\/v2\/media?parent=432192"}],"wp:term":[{"taxonomy":"kolor","embeddable":true,"href":"https:\/\/medandbeauty.com\/sk\/wp-json\/wp\/v2\/kolor?post=432192"},{"taxonomy":"rodzaj-ubrania","embeddable":true,"href":"https:\/\/medandbeauty.com\/sk\/wp-json\/wp\/v2\/rodzaj-ubrania?post=432192"},{"taxonomy":"ubranie","embeddable":true,"href":"https:\/\/medandbeauty.com\/sk\/wp-json\/wp\/v2\/ubranie?post=432192"},{"taxonomy":"product_brand","embeddable":true,"href":"https:\/\/medandbeauty.com\/sk\/wp-json\/wp\/v2\/product_brand?post=432192"},{"taxonomy":"product_cat","embeddable":true,"href":"https:\/\/medandbeauty.com\/sk\/wp-json\/wp\/v2\/product_cat?post=432192"},{"taxonomy":"product_tag","embeddable":true,"href":"https:\/\/medandbeauty.com\/sk\/wp-json\/wp\/v2\/product_tag?post=432192"}],"curies":[{"name":"wp","href":"https:\/\/api.w.org\/{rel}","templated":true}]}}