{"id":432794,"date":"2025-05-09T12:26:43","date_gmt":"2025-05-09T10:26:43","guid":{"rendered":"https:\/\/medandbeauty.com\/product\/premiove-lekarske-obalkove-saty-malwa-s-kratkymi-rukavmi\/"},"modified":"2026-03-31T08:26:36","modified_gmt":"2026-03-31T06:26:36","slug":"premiove-lekarske-obalkove-saty-malwa-s-kratkymi-rukavmi","status":"publish","type":"product","link":"https:\/\/medandbeauty.com\/sk\/product\/premiove-lekarske-obalkove-saty-malwa-s-kratkymi-rukavmi\/","title":{"rendered":"Pr\u00e9miov\u00e9 lek\u00e1rske ob\u00e1lkov\u00e9 \u0161aty Malwa s kr\u00e1tkymi ruk\u00e1vmi"},"content":{"rendered":"<p>S na\u0161imi najpred\u00e1vanej\u0161\u00edmi <strong>obalov\u00fdmi \u0161atami<\/strong> men\u00edme imid\u017e zdravotn\u00edckeho a kozmetick\u00e9ho priemyslu!<\/p>\n<p>Zabudnite na klasick\u00e9 <strong>lek\u00e1rske uniformy<\/strong> &#8211; nastal \u010das na elegantn\u00e9 a mimoriadne pohodln\u00e9 <strong>lek\u00e1rske ob\u00e1lkov\u00e9 \u0161aty s kr\u00e1tkymi ruk\u00e1vmi<\/strong>.<\/p>\n<p>Vedeli ste, \u017ee pacienti a klienti \u010doraz viac dbaj\u00fa na to, ako ste pri svojej pr\u00e1ci oble\u010den\u00ed?<\/p>\n<p>Ak budete nosi\u0165 \u00fah\u013eadn\u00e9 <strong>lek\u00e1rske \u0161aty<\/strong>, ktor\u00e9 zd\u00f4raznia va\u0161u profesionalitu, nielen\u017ee si zlep\u0161\u00edte pohodu, ale z\u00edskate aj v o\u010diach pacientov a klientov.<\/p>\n<p><strong><span style=\"font-weight: 400;\"><strong>Zdravotn\u00edcke ob\u00e1lkov\u00e9 \u0161aty s kr\u00e1tkymi ruk\u00e1vmi sl\u00e9zovej farby z<\/strong> <\/span> <\/strong> <a href=\"https:\/\/medandbeauty.com\/sk\/shop\/pre-nu\/kolekcia-premium\/\" target=\"_blank\" rel=\"noopener\">kolekcie Premium boli<\/a> u\u0161it\u00e9 z 80 % vysokokvalitnej bavlny v kombin\u00e1cii s nylonom a lycrou. V\u010faka tejto kombin\u00e1cii vl\u00e1kien je tkanina priedu\u0161n\u00e1, m\u00e4kk\u00e1, kr\u00e1sne sed\u00ed na postave a nema\u010dka sa. <\/p>\n<p>Vo v\u00fdstrihu <strong>lek\u00e1rskych \u0161iat s kr\u00e1tkymi ruk\u00e1vmi v sl\u00e9zovej farbe<\/strong> sme umiestnili skryt\u00e9 zap\u00ednanie, ktor\u00e9 zais\u0165uje v\u00fdstrih a zaru\u010duje \u00fapln\u00fa vo\u013enos\u0165 pohybu aj po\u010das n\u00e1ro\u010dn\u00fdch pracovn\u00fdch hod\u00edn.<\/p>\n<p>Dobre si uvedomujeme, \u017ee je d\u00f4le\u017eit\u00e9 ma\u0165 po ruke drobn\u00e9 pracovn\u00e9 potreby, a preto s\u00fa<strong> lek\u00e1rske ob\u00e1lkov\u00e9 \u0161aty Mallow s kr\u00e1tkymi ruk\u00e1vmi<\/strong> vybaven\u00e9 dvoma priestrann\u00fdmi a praktick\u00fdmi vreckami.<\/p>\n<p>Elegantn\u00e9 z\u00e1\u0161evky v oblasti poprsia a opasok v p\u00e1se sp\u00f4sobuj\u00fa, \u017ee <strong>sl\u00e9zov\u00e9 ob\u00e1lkov\u00e9 lek\u00e1rske \u0161aty s kr\u00e1tkymi ruk\u00e1vmi<\/strong> dokonale padn\u00fa ka\u017ed\u00e9mu typu \u017eenskej postavy.<\/p>\n<ul>\n<li>Dve ve\u013ek\u00e9, priestrann\u00e9 vreck\u00e1<\/li>\n<li><span style=\"font-family: inherit;\">Opasok pre dokonal\u00e9 prisp\u00f4sobenie sa ka\u017edej postave<\/span><\/li>\n<li><span style=\"font-family: inherit;\">D\u013a\u017eka pred kolenom<\/span><\/li>\n<li><span style=\"font-family: inherit;\">Praktick\u00fd gomb\u00edk vo v\u00fdstrihu pre \u00fapln\u00e9 pohodlie<\/span><\/li>\n<li><span style=\"font-family: inherit;\">Mo\u017eno personalizova\u0165 v\u00fd\u0161ivkou<\/span><\/li>\n<\/ul>\n<p><strong>\u010eal\u0161ie inform\u00e1cie:<\/strong><br \/>\nModelky na fotografi\u00e1ch maj\u00fa na sebe ve\u013ekos\u0165 S a s\u00fa vysok\u00e9 170-174 cm.<\/p>\n<p>Ak si neviete vybra\u0165 ve\u013ekos\u0165, pozrite si tabu\u013eku ve\u013ekost\u00ed. Ak m\u00e1te \u010fal\u0161ie pochybnosti &#8211; po\u0161lite n\u00e1m svoje miery a my v\u00e1m ju prisp\u00f4sob\u00edme. <\/p>\n<p>Farby odevov v <a href=\"https:\/\/medandbeauty.com\/sk\/shop\/pre-nu\/kolekcia-premium\/\" target=\"_blank\" rel=\"noopener\">kolekcii Premium<\/a> sa nezhoduj\u00fa s farbami odevov v <a href=\"https:\/\/medandbeauty.com\/sk\/shop\/pre-nu\/zakladna-kolekcia\/\" target=\"_blank\" rel=\"noopener\">kolekcii Basic<\/a> &#8211; s\u00fa vyroben\u00e9 z in\u00fdch materi\u00e1lov.<\/p>\n<p>Odtiene jednotliv\u00fdch odevov na obr\u00e1zkoch sa m\u00f4\u017eu l\u00ed\u0161i\u0165 od skuto\u010dn\u00fdch &#8211; je to sp\u00f4soben\u00e9 r\u00f4znorodos\u0165ou dostupn\u00fdch elektronick\u00fdch zariaden\u00ed a ich individu\u00e1lnym nastaven\u00edm.<\/p>\n","protected":false},"excerpt":{"rendered":"<p>S na\u0161imi najpred\u00e1vanej\u0161\u00edmi obalov\u00fdmi \u0161atami men\u00edme imid\u017e zdravotn\u00edckeho a kozmetick\u00e9ho priemyslu! Zabudnite na klasick\u00e9 lek\u00e1rske uniformy &#8211; nastal \u010das na elegantn\u00e9 a mimoriadne pohodln\u00e9 lek\u00e1rske ob\u00e1lkov\u00e9 \u0161aty s kr\u00e1tkymi ruk\u00e1vmi. Vedeli ste, \u017ee pacienti a klienti \u010doraz viac dbaj\u00fa na to, ako ste pri svojej pr\u00e1ci oble\u010den\u00ed? Ak budete nosi\u0165 \u00fah\u013eadn\u00e9 lek\u00e1rske \u0161aty, ktor\u00e9 zd\u00f4raznia [&hellip;]<\/p>\n","protected":false},"featured_media":417012,"comment_status":"open","ping_status":"closed","template":"","meta":{"_acf_changed":false,"inline_featured_image":false},"kolor":[1062],"rodzaj-ubrania":[1177],"ubranie":[1210],"product_brand":[],"product_cat":[1175,1058,1176],"product_tag":[],"class_list":{"0":"post-432794","1":"product","2":"type-product","3":"status-publish","4":"has-post-thumbnail","6":"kolor-ruze-sk","7":"rodzaj-ubrania-zdravotnicke-saty-sk","8":"ubranie-lekarske-obalkove-saty-s-kratkymi-rukavmi-premium","9":"product_cat-kolekcia-premium","10":"product_cat-pre-nu","11":"product_cat-zdravotnicke-saty-sk","13":"first","14":"instock","15":"taxable","16":"shipping-taxable","17":"purchasable","18":"product-type-variable"},"acf":[],"_links":{"self":[{"href":"https:\/\/medandbeauty.com\/sk\/wp-json\/wp\/v2\/product\/432794","targetHints":{"allow":["GET"]}}],"collection":[{"href":"https:\/\/medandbeauty.com\/sk\/wp-json\/wp\/v2\/product"}],"about":[{"href":"https:\/\/medandbeauty.com\/sk\/wp-json\/wp\/v2\/types\/product"}],"replies":[{"embeddable":true,"href":"https:\/\/medandbeauty.com\/sk\/wp-json\/wp\/v2\/comments?post=432794"}],"wp:featuredmedia":[{"embeddable":true,"href":"https:\/\/medandbeauty.com\/sk\/wp-json\/wp\/v2\/media\/417012"}],"wp:attachment":[{"href":"https:\/\/medandbeauty.com\/sk\/wp-json\/wp\/v2\/media?parent=432794"}],"wp:term":[{"taxonomy":"kolor","embeddable":true,"href":"https:\/\/medandbeauty.com\/sk\/wp-json\/wp\/v2\/kolor?post=432794"},{"taxonomy":"rodzaj-ubrania","embeddable":true,"href":"https:\/\/medandbeauty.com\/sk\/wp-json\/wp\/v2\/rodzaj-ubrania?post=432794"},{"taxonomy":"ubranie","embeddable":true,"href":"https:\/\/medandbeauty.com\/sk\/wp-json\/wp\/v2\/ubranie?post=432794"},{"taxonomy":"product_brand","embeddable":true,"href":"https:\/\/medandbeauty.com\/sk\/wp-json\/wp\/v2\/product_brand?post=432794"},{"taxonomy":"product_cat","embeddable":true,"href":"https:\/\/medandbeauty.com\/sk\/wp-json\/wp\/v2\/product_cat?post=432794"},{"taxonomy":"product_tag","embeddable":true,"href":"https:\/\/medandbeauty.com\/sk\/wp-json\/wp\/v2\/product_tag?post=432794"}],"curies":[{"name":"wp","href":"https:\/\/api.w.org\/{rel}","templated":true}]}}