{"id":433005,"date":"2025-06-06T11:52:26","date_gmt":"2025-06-06T09:52:26","guid":{"rendered":"https:\/\/medandbeauty.com\/?post_type=product&#038;p=433005"},"modified":"2026-03-31T08:26:48","modified_gmt":"2026-03-31T06:26:48","slug":"lekarske-obalkove-saty-s-kratkymi-rukavmi-premium-lilarge","status":"publish","type":"product","link":"https:\/\/medandbeauty.com\/sk\/product\/lekarske-obalkove-saty-s-kratkymi-rukavmi-premium-lilarge\/","title":{"rendered":"Lek\u00e1rske ob\u00e1lkov\u00e9 \u0161aty s kr\u00e1tkymi ruk\u00e1vmi Premium LILARGE"},"content":{"rendered":"<p>S na\u0161imi najpred\u00e1vanej\u0161\u00edmi <strong>obalov\u00fdmi \u0161atami<\/strong> men\u00edme imid\u017e zdravotn\u00edckeho a kozmetick\u00e9ho priemyslu!<\/p>\n<p>Zabudnite na klasick\u00e9 <strong>lek\u00e1rske uniformy<\/strong> &#8211; nastal \u010das na mimoriadne pohodln\u00e9 a elegantn\u00e9 <strong>lek\u00e1rske ob\u00e1lkov\u00e9 \u0161aty s kr\u00e1tkymi ruk\u00e1vmi<\/strong>.<\/p>\n<p>Vedeli ste, \u017ee pacienti a klienti \u010doraz viac dbaj\u00fa na to, ako ste pri svojej pr\u00e1ci oble\u010den\u00ed?<\/p>\n<p>\u00dah\u013eadn\u00fdm <strong>lek\u00e1rskym oble\u010den\u00edm<\/strong>, ktor\u00e9 zd\u00f4raz\u0148uje va\u0161u profesionalitu, si nielen zlep\u0161\u00edte svoju pohodu, ale z\u00edskate aj v o\u010diach pacientov a klientov.<\/p>\n<p><strong>Lek\u00e1rske ob\u00e1lkov\u00e9 \u0161aty s kr\u00e1tkymi ruk\u00e1vmi v lila<\/strong> ru\u017eovej farbe z <a href=\"https:\/\/medandbeauty.com\/sk\/shop\/pre-nu\/kolekcia-premium\/\" target=\"_blank\" rel=\"noopener\">kolekcie Premium<\/a> s\u00fa u\u0161it\u00e9 z 80 % z vysokokvalitnej bavlny v kombin\u00e1cii s nylonom a lycrou. V\u010faka tejto kombin\u00e1cii vl\u00e1kien v tkanine s\u00fa m\u00e4kk\u00e9, priedu\u0161n\u00e9, kr\u00e1sne sedia na postave a nema\u010dkaj\u00fa sa. <\/p>\n<p>Vo v\u00fdstrihu<strong> lila zdravotn\u00fdch \u0161iat s kr\u00e1tkymi ruk\u00e1vmi<\/strong> sme umiestnili skryt\u00e9 zap\u00ednanie, ktor\u00e9 zais\u0165uje v\u00fdstrih a zaru\u010duje \u00fapln\u00fa vo\u013enos\u0165 pohybu aj po\u010das n\u00e1ro\u010dn\u00fdch pracovn\u00fdch hod\u00edn.<\/p>\n<p>Dobre si uvedomujeme, \u017ee je d\u00f4le\u017eit\u00e9 ma\u0165 pracovn\u00e9 potreby a drobnosti po ruke, a preto s\u00fa <strong>tieto lila lek\u00e1rske ob\u00e1lkov\u00e9 \u0161aty s kr\u00e1tkymi ruk\u00e1vmi<\/strong> vybaven\u00e9 dvoma funk\u010dn\u00fdmi vreckami.<\/p>\n<p><strong>Zdravotn\u00edcke ob\u00e1lkov\u00e9 \u0161aty lila farby s kr\u00e1tkymi ruk\u00e1vmi a<\/strong> elegantn\u00fdmi z\u00e1\u0161evkami v oblasti poprsia a opaskom v p\u00e1se perfektne <strong>sedia na<\/strong> ka\u017edom type \u017eenskej postavy.<\/p>\n<ul>\n<li>Dve ve\u013ek\u00e9, priestrann\u00e9 vreck\u00e1<\/li>\n<li><span style=\"font-family: inherit;\">Opasok pre dokonal\u00e9 prisp\u00f4sobenie sa ka\u017edej postave<\/span><\/li>\n<li><span style=\"font-family: inherit;\">D\u013a\u017eka pred kolenom<\/span><\/li>\n<li><span style=\"font-family: inherit;\">Praktick\u00fd gomb\u00edk vo v\u00fdstrihu pre \u00fapln\u00e9 pohodlie<\/span><\/li>\n<li><span style=\"font-family: inherit;\">Mo\u017eno personalizova\u0165 v\u00fd\u0161ivkou<\/span><\/li>\n<\/ul>\n<p><strong>\u010eal\u0161ie inform\u00e1cie:<\/strong><br \/>\nModelky na fotografi\u00e1ch maj\u00fa na sebe ve\u013ekos\u0165 S a s\u00fa vysok\u00e9 170-174 cm.<\/p>\n<p>Ak si neviete vybra\u0165 ve\u013ekos\u0165, pozrite si tabu\u013eku ve\u013ekost\u00ed. Ak m\u00e1te \u010fal\u0161ie pochybnosti &#8211; po\u0161lite n\u00e1m svoje miery a my v\u00e1m ju prisp\u00f4sob\u00edme. <\/p>\n<p>Farby odevov v <a href=\"https:\/\/medandbeauty.com\/sk\/shop\/pre-nu\/kolekcia-premium\/\" target=\"_blank\" rel=\"noopener\">kolekcii Premium<\/a> sa nezhoduj\u00fa s farbami odevov v <a href=\"https:\/\/medandbeauty.com\/sk\/shop\/pre-nu\/zakladna-kolekcia\/\" target=\"_blank\" rel=\"noopener\">kolekcii Basic<\/a> &#8211; s\u00fa vyroben\u00e9 z in\u00fdch materi\u00e1lov.<\/p>\n<p>Odtiene jednotliv\u00fdch odevov na obr\u00e1zkoch sa m\u00f4\u017eu l\u00ed\u0161i\u0165 od skuto\u010dn\u00fdch &#8211; je to sp\u00f4soben\u00e9 r\u00f4znorodos\u0165ou dostupn\u00fdch elektronick\u00fdch zariaden\u00ed a ich individu\u00e1lnym nastaven\u00edm.<\/p>\n","protected":false},"excerpt":{"rendered":"<p>S na\u0161imi najpred\u00e1vanej\u0161\u00edmi obalov\u00fdmi \u0161atami men\u00edme imid\u017e zdravotn\u00edckeho a kozmetick\u00e9ho priemyslu! Zabudnite na klasick\u00e9 lek\u00e1rske uniformy &#8211; nastal \u010das na mimoriadne pohodln\u00e9 a elegantn\u00e9 lek\u00e1rske ob\u00e1lkov\u00e9 \u0161aty s kr\u00e1tkymi ruk\u00e1vmi. Vedeli ste, \u017ee pacienti a klienti \u010doraz viac dbaj\u00fa na to, ako ste pri svojej pr\u00e1ci oble\u010den\u00ed? \u00dah\u013eadn\u00fdm lek\u00e1rskym oble\u010den\u00edm, ktor\u00e9 zd\u00f4raz\u0148uje va\u0161u profesionalitu, si [&hellip;]<\/p>\n","protected":false},"featured_media":389683,"comment_status":"open","ping_status":"closed","template":"","meta":{"_acf_changed":false,"inline_featured_image":false},"kolor":[1062],"rodzaj-ubrania":[1177],"ubranie":[1210],"product_brand":[],"product_cat":[1175,1058,1176],"product_tag":[],"class_list":{"0":"post-433005","1":"product","2":"type-product","3":"status-publish","4":"has-post-thumbnail","6":"kolor-ruze-sk","7":"rodzaj-ubrania-zdravotnicke-saty-sk","8":"ubranie-lekarske-obalkove-saty-s-kratkymi-rukavmi-premium","9":"product_cat-kolekcia-premium","10":"product_cat-pre-nu","11":"product_cat-zdravotnicke-saty-sk","13":"first","14":"instock","15":"taxable","16":"shipping-taxable","17":"purchasable","18":"product-type-variable"},"acf":[],"_links":{"self":[{"href":"https:\/\/medandbeauty.com\/sk\/wp-json\/wp\/v2\/product\/433005","targetHints":{"allow":["GET"]}}],"collection":[{"href":"https:\/\/medandbeauty.com\/sk\/wp-json\/wp\/v2\/product"}],"about":[{"href":"https:\/\/medandbeauty.com\/sk\/wp-json\/wp\/v2\/types\/product"}],"replies":[{"embeddable":true,"href":"https:\/\/medandbeauty.com\/sk\/wp-json\/wp\/v2\/comments?post=433005"}],"wp:featuredmedia":[{"embeddable":true,"href":"https:\/\/medandbeauty.com\/sk\/wp-json\/wp\/v2\/media\/389683"}],"wp:attachment":[{"href":"https:\/\/medandbeauty.com\/sk\/wp-json\/wp\/v2\/media?parent=433005"}],"wp:term":[{"taxonomy":"kolor","embeddable":true,"href":"https:\/\/medandbeauty.com\/sk\/wp-json\/wp\/v2\/kolor?post=433005"},{"taxonomy":"rodzaj-ubrania","embeddable":true,"href":"https:\/\/medandbeauty.com\/sk\/wp-json\/wp\/v2\/rodzaj-ubrania?post=433005"},{"taxonomy":"ubranie","embeddable":true,"href":"https:\/\/medandbeauty.com\/sk\/wp-json\/wp\/v2\/ubranie?post=433005"},{"taxonomy":"product_brand","embeddable":true,"href":"https:\/\/medandbeauty.com\/sk\/wp-json\/wp\/v2\/product_brand?post=433005"},{"taxonomy":"product_cat","embeddable":true,"href":"https:\/\/medandbeauty.com\/sk\/wp-json\/wp\/v2\/product_cat?post=433005"},{"taxonomy":"product_tag","embeddable":true,"href":"https:\/\/medandbeauty.com\/sk\/wp-json\/wp\/v2\/product_tag?post=433005"}],"curies":[{"name":"wp","href":"https:\/\/api.w.org\/{rel}","templated":true}]}}