{"id":589125,"date":"2025-10-14T00:13:10","date_gmt":"2025-10-13T22:13:10","guid":{"rendered":"https:\/\/medandbeauty.com\/product\/damske-lekarske-oblecenie-s-dlhym-rukavom-rubin\/"},"modified":"2025-12-23T11:55:09","modified_gmt":"2025-12-23T10:55:09","slug":"damske-lekarske-oblecenie-s-dlhym-rukavom-rubin","status":"publish","type":"product","link":"https:\/\/medandbeauty.com\/sk\/product\/damske-lekarske-oblecenie-s-dlhym-rukavom-rubin\/","title":{"rendered":"D\u00e1mske lek\u00e1rske oble\u010denie s dlh\u00fdm ruk\u00e1vom RUBIN"},"content":{"rendered":"<p>\u00dapln\u00e1 novinka v na\u0161om sortimente &#8211; mimoriadne pohodln\u00e9, priedu\u0161n\u00e9 a priedu\u0161n\u00e9 <strong>lek\u00e1rske dlh\u00e9 ruk\u00e1vy!<\/strong><\/p>\n<p><span style=\"font-weight: 400;\">Ke\u010f tr\u00e1vite v pr\u00e1ci dlh\u00e9 a intenz\u00edvne hodiny, potrebujete<strong> zdravotn\u00edcky odev, <\/strong>ktor\u00fd poskytuje maxim\u00e1lne pohodlie.  <\/span><\/p>\n<p><span style=\"font-weight: 400;\"><strong>L<\/strong><\/span><b>D\u00e1msky zdravotn\u00fd ruk\u00e1v Ruby bol <\/b>vyroben\u00fd z 92 % visk\u00f3zy najvy\u0161\u0161ej kvality v kombin\u00e1cii s 8 % elastanu.<\/p>\n<p style=\"font-weight: 400;\">V\u010faka tejto zmesi vl\u00e1kien v tkanine je materi\u00e1l ve\u013emi odoln\u00fd, m\u00e4kk\u00fd, pr\u00edjemn\u00fd na dotyk, prisp\u00f4sob\u00ed sa ka\u017ed\u00e9mu typu \u017eenskej postavy, neobmedzuje v pohybe a, \u010do je pre <strong>zdravotn\u00edcke odevy<\/strong> mimoriadne d\u00f4le\u017eit\u00e9, je tie\u017e priedu\u0161n\u00fd a priedu\u0161n\u00fd.<\/p>\n<p style=\"font-weight: 400;\"><strong>D\u00e1msky lek\u00e1rsky dlh\u00fd ruk\u00e1v Ruby je ide\u00e1lnym z\u00e1kladom <\/strong>spo\u013eahliv\u00e9ho a nad\u010dasov\u00e9ho lek\u00e1rskeho <strong>oble\u010denia<\/strong>.<\/p>\n<p style=\"font-weight: 400;\">V\u010faka klasick\u00e9mu okr\u00fahlemu v\u00fdstrihu sa tento dlh\u00fd ruk\u00e1v dokonale kombinuje s <strong>pracovn\u00fdmi \u00fabormi z na\u0161ej kolekcie Basic<\/strong> a je ve\u013emi klasick\u00fdm k\u00faskom<strong> lek\u00e1rskeho \u0161atn\u00edka<\/strong>.<\/p>\n<p style=\"font-weight: 400;\">Dlh\u00e9 ruk\u00e1vy chr\u00e1nia predlaktia a pom\u00e1haj\u00fa udr\u017eiava\u0165 optim\u00e1lnu telesn\u00fa teplotu po\u010das chladnej\u0161\u00edch dn\u00ed.<\/p>\n<p style=\"font-weight: 400;\"><strong>Lek\u00e1rsky dlh\u00fd ruk\u00e1v v rub\u00ednovej farbe <\/strong>skombinujte <strong>s <\/strong>lek\u00e1rskou bl\u00fazkou a lek\u00e1rskymi nohavicami v \u013eubovo\u013enom strihu a odtieni z mnoh\u00fdch dostupn\u00fdch v kolekcii. <a href=\"https:\/\/medandbeauty.com\/sk\/shop\/pre-nu\/zakladna-kolekcia\/\" target=\"_blank\" rel=\"noopener\"><strong>Med &amp; Beauty Basic<\/strong><\/a>.<\/p>\n<p style=\"font-weight: 400;\">Zabezpe\u010dte si maxim\u00e1lne pohodlie a profesion\u00e1lny vzh\u013ead pri pr\u00e1ci so<strong> zdravotn\u00edckymi dlh\u00fdmi ruk\u00e1vmi<\/strong> <a href=\"https:\/\/medandbeauty.com\/sk\/shop\/pre-nu\/zakladna-kolekcia\/\" target=\"_blank\" rel=\"noopener\"><strong>Med &amp; Beauty Basic<\/strong><\/a>.<\/p>\n<p><strong>D\u00e1msky lek\u00e1rsky dlh\u00fd ruk\u00e1v<\/strong> je vyroben\u00fd zo stre\u010dov\u00e9ho materi\u00e1lu &#8211; pri kontrole svojich mier majte na pam\u00e4ti, \u017ee materi\u00e1l sa natiahne pribli\u017ene o 5 cm.<\/p>\n<ul>\n<li style=\"font-weight: 400;\">Vzdu\u0161n\u00fd, priedu\u0161n\u00fd a pru\u017en\u00fd materi\u00e1l<\/li>\n<li>Prisp\u00f4soben\u00fd strih<\/li>\n<li>Dlh\u00e9 ruk\u00e1vy<\/li>\n<li>Klasick\u00fd v\u00fdstrih<\/li>\n<li>Mo\u017eno personalizova\u0165 v\u00fd\u0161ivkou<\/li>\n<\/ul>\n<p style=\"font-weight: 400;\"><strong>\u010eal\u0161ie inform\u00e1cie:<\/strong><br \/>\nModelky na fotografi\u00e1ch maj\u00fa na sebe ve\u013ekos\u0165 S a s\u00fa vysok\u00e9 170-174 cm.<\/p>\n<p style=\"font-weight: 400;\">Ak si neviete vybra\u0165 ve\u013ekos\u0165, pozrite si tabu\u013eku ve\u013ekost\u00ed. Ak m\u00e1te \u010fal\u0161ie pochybnosti &#8211; po\u0161lite n\u00e1m svoje miery a my v\u00e1m ju prisp\u00f4sob\u00edme. <\/p>\n<p style=\"font-weight: 400;\">Farby dlh\u00fdch ruk\u00e1vov sa nezhoduj\u00fa s farbami kolekci\u00ed <a href=\"https:\/\/medandbeauty.com\/sk\/shop\/pre-nu\/zakladna-kolekcia\/\" target=\"_blank\" rel=\"noopener\">Basic<\/a> a <a href=\"https:\/\/medandbeauty.com\/sk\/shop\/pre-nu\/kolekcia-premium\/\" target=\"_blank\" rel=\"noopener\">Premium<\/a> &#8211; s\u00fa vyroben\u00e9 z in\u00fdch materi\u00e1lov.<\/p>\n<p style=\"font-weight: 400;\">Odtiene jednotliv\u00fdch odevov na obr\u00e1zkoch sa m\u00f4\u017eu l\u00ed\u0161i\u0165 od skuto\u010dn\u00fdch &#8211; je to sp\u00f4soben\u00e9 r\u00f4znorodos\u0165ou dostupn\u00fdch elektronick\u00fdch zariaden\u00ed a ich individu\u00e1lnym nastaven\u00edm.<\/p>\n","protected":false},"excerpt":{"rendered":"<p>\u00dapln\u00e1 novinka v na\u0161om sortimente &#8211; mimoriadne pohodln\u00e9, priedu\u0161n\u00e9 a priedu\u0161n\u00e9 lek\u00e1rske dlh\u00e9 ruk\u00e1vy! Ke\u010f tr\u00e1vite v pr\u00e1ci dlh\u00e9 a intenz\u00edvne hodiny, potrebujete zdravotn\u00edcky odev, ktor\u00fd poskytuje maxim\u00e1lne pohodlie. LD\u00e1msky zdravotn\u00fd ruk\u00e1v Ruby bol vyroben\u00fd z 92 % visk\u00f3zy najvy\u0161\u0161ej kvality v kombin\u00e1cii s 8 % elastanu. V\u010faka tejto zmesi vl\u00e1kien v tkanine je materi\u00e1l [&hellip;]<\/p>\n","protected":false},"featured_media":587990,"comment_status":"open","ping_status":"closed","template":"","meta":{"_acf_changed":false,"inline_featured_image":false},"kolor":[1185],"rodzaj-ubrania":[1083],"ubranie":[1163],"product_brand":[],"product_cat":[1155,1058,1079],"product_tag":[],"class_list":{"0":"post-589125","1":"product","2":"type-product","3":"status-publish","4":"has-post-thumbnail","6":"kolor-fialky","7":"rodzaj-ubrania-lekarske-bluzky","8":"ubranie-damsky-zakladny-rukav-s-dlhym-rukavom","9":"product_cat-lekarske-dlhe-rukavy","10":"product_cat-pre-nu","11":"product_cat-zakladna-kolekcia","13":"first","14":"instock","15":"taxable","16":"shipping-taxable","17":"purchasable","18":"product-type-variable"},"acf":[],"_links":{"self":[{"href":"https:\/\/medandbeauty.com\/sk\/wp-json\/wp\/v2\/product\/589125","targetHints":{"allow":["GET"]}}],"collection":[{"href":"https:\/\/medandbeauty.com\/sk\/wp-json\/wp\/v2\/product"}],"about":[{"href":"https:\/\/medandbeauty.com\/sk\/wp-json\/wp\/v2\/types\/product"}],"replies":[{"embeddable":true,"href":"https:\/\/medandbeauty.com\/sk\/wp-json\/wp\/v2\/comments?post=589125"}],"wp:featuredmedia":[{"embeddable":true,"href":"https:\/\/medandbeauty.com\/sk\/wp-json\/wp\/v2\/media\/587990"}],"wp:attachment":[{"href":"https:\/\/medandbeauty.com\/sk\/wp-json\/wp\/v2\/media?parent=589125"}],"wp:term":[{"taxonomy":"kolor","embeddable":true,"href":"https:\/\/medandbeauty.com\/sk\/wp-json\/wp\/v2\/kolor?post=589125"},{"taxonomy":"rodzaj-ubrania","embeddable":true,"href":"https:\/\/medandbeauty.com\/sk\/wp-json\/wp\/v2\/rodzaj-ubrania?post=589125"},{"taxonomy":"ubranie","embeddable":true,"href":"https:\/\/medandbeauty.com\/sk\/wp-json\/wp\/v2\/ubranie?post=589125"},{"taxonomy":"product_brand","embeddable":true,"href":"https:\/\/medandbeauty.com\/sk\/wp-json\/wp\/v2\/product_brand?post=589125"},{"taxonomy":"product_cat","embeddable":true,"href":"https:\/\/medandbeauty.com\/sk\/wp-json\/wp\/v2\/product_cat?post=589125"},{"taxonomy":"product_tag","embeddable":true,"href":"https:\/\/medandbeauty.com\/sk\/wp-json\/wp\/v2\/product_tag?post=589125"}],"curies":[{"name":"wp","href":"https:\/\/api.w.org\/{rel}","templated":true}]}}